{"id":16836,"date":"2024-11-20T16:28:40","date_gmt":"2024-11-20T15:28:40","guid":{"rendered":"https:\/\/plasmet.bochnia.pl\/produkt\/boden-des-steigrohrs\/"},"modified":"2024-11-20T16:28:40","modified_gmt":"2024-11-20T15:28:40","slug":"boden-des-steigrohrs","status":"publish","type":"product","link":"https:\/\/plasmet.bochnia.pl\/de\/produkt\/boden-des-steigrohrs\/","title":{"rendered":"Boden des Steigrohrs"},"content":{"rendered":"<h2>Der Boden des Steigrohrs &#8211; das solide Fundament des Abwassersystems<\/h2>\n<p>Der Boden des Steigrohrs ist ein haltbarer Bestandteil von Kanalisationsanlagen, der die Basis f\u00fcr Sch\u00e4chte bildet. Das Produkt besteht aus haltbarem schwarzem Kunststoff und ist resistent gegen \u00e4u\u00dfere Einfl\u00fcsse wie Feuchtigkeit, Chemikalien und wechselnde Wetterbedingungen. Mit einem Durchmesser von 315 mm ist der Boden mit Rohren in Standardgr\u00f6\u00dfe kompatibel und l\u00e4sst sich daher leicht in einer Vielzahl von Abwassersystemen installieren.  <\/p>\n<h3>Produkt Spezifikationen<\/h3>\n<ul>\n<li>Farbe: Schwarz<\/li>\n<li>Durchmesser: 315 mm<\/li>\n<li>Material: stabiler Kunststoff<\/li>\n<li>Zweck: Basis f\u00fcr aufsteigende Rohre in Sch\u00e4chten<\/li>\n<li>Best\u00e4ndigkeit: gegen Chemikalien und mechanische Besch\u00e4digungen<\/li>\n<\/ul>\n<h3>Anwendung<\/h3>\n<p>Der Boden des Steigrohrs wird f\u00fcr den Bau von Sch\u00e4chten in Sanit\u00e4r- und Regenwassersystemen verwendet. Das Produkt sorgt f\u00fcr die Stabilit\u00e4t der gesamten Struktur und tr\u00e4gt dazu bei, die Dichtheit des Systems zu erhalten, was der Schl\u00fcssel zu seiner Haltbarkeit und Effizienz ist. <\/p>\n<h3>Produktvorteile<\/h3>\n<ul>\n<li>Best\u00e4ndig gegen Feuchtigkeit, Chemikalien und wechselnde Wetterbedingungen<\/li>\n<li>Kompatibel mit Rohren mit einem Durchmesser von 315 mm<\/li>\n<li>Einfache Installation und Anpassung an Abwassersysteme<\/li>\n<li>Strapazierf\u00e4higes Design f\u00fcr eine lange Nutzungsdauer<\/li>\n<li>Universeller Einsatz in Sanit\u00e4r- und Regenwasserkan\u00e4len<\/li>\n<\/ul>\n<p>Der schwarze Steigrohrboden ist eine zuverl\u00e4ssige L\u00f6sung f\u00fcr Kanalisationsprojekte, die die Stabilit\u00e4t, Dichtheit und Haltbarkeit der Installation gew\u00e4hrleistet. Dank seiner einfachen Installation und seiner Widerstandsf\u00e4higkeit gegen\u00fcber Betriebsbedingungen erf\u00fcllt er selbst die Anforderungen der anspruchsvollsten Projekte. <\/p>\n","protected":false},"excerpt":{"rendered":"<p>Schwarz gef\u00e4rbter aufsteigender Rohrboden mit einem Durchmesser von 315 mm. Entwickelt f\u00fcr die Installation von Sch\u00e4chten, die die Stabilit\u00e4t und Dichtheit des Systems gew\u00e4hrleisten. <\/p>\n","protected":false},"featured_media":16837,"template":"","meta":{"_acf_changed":false,"_kad_blocks_custom_css":"","_kad_blocks_head_custom_js":"","_kad_blocks_body_custom_js":"","_kad_blocks_footer_custom_js":"","_kad_post_transparent":"","_kad_post_title":"","_kad_post_layout":"","_kad_post_sidebar_id":"","_kad_post_content_style":"","_kad_post_vertical_padding":"","_kad_post_feature":"","_kad_post_feature_position":"","_kad_post_header":false,"_kad_post_footer":false,"_kad_post_classname":""},"product_brand":[],"product_cat":[1331,1319],"product_tag":[],"class_list":{"0":"post-16836","1":"product","2":"type-product","3":"status-publish","4":"has-post-thumbnail","6":"product_cat-abdeckungen-und-bodenplatten-fur-schachtbauwerke","7":"product_cat-sanitar-und-regenkanalisation","8":"pa_kolor-schwarz","9":"pa_wersja-315-de","11":"first","12":"instock","13":"product-type-variable","14":"entry","15":"content-bg","16":"loop-entry"},"acf":[],"yoast_head":"<!-- This site is optimized with the Yoast SEO plugin v25.1 - https:\/\/yoast.com\/wordpress\/plugins\/seo\/ -->\n<title>Boden des Steigrohrs - Plasmet<\/title>\n<meta name=\"description\" content=\"Boden des Steigrohrs \u2013 producent i hurtownia Plasmet. Oferujemy wysok\u0105 jako\u015b\u0107, szeroki wyb\u00f3r i dobre ceny. Zapraszamy do sprawdzenia oferty!\" \/>\n<meta name=\"robots\" content=\"index, follow, max-snippet:-1, max-image-preview:large, max-video-preview:-1\" \/>\n<link rel=\"canonical\" href=\"https:\/\/plasmet.bochnia.pl\/de\/produkt\/boden-des-steigrohrs\/\" \/>\n<meta property=\"og:locale\" content=\"de_DE\" \/>\n<meta property=\"og:type\" content=\"article\" \/>\n<meta property=\"og:title\" content=\"Boden des Steigrohrs - Plasmet\" \/>\n<meta property=\"og:description\" content=\"Boden des Steigrohrs \u2013 producent i hurtownia Plasmet. Oferujemy wysok\u0105 jako\u015b\u0107, szeroki wyb\u00f3r i dobre ceny. Zapraszamy do sprawdzenia oferty!\" \/>\n<meta property=\"og:url\" content=\"https:\/\/plasmet.bochnia.pl\/de\/produkt\/boden-des-steigrohrs\/\" \/>\n<meta property=\"og:site_name\" content=\"Plasmet\" \/>\n<meta property=\"og:image\" content=\"https:\/\/plasmet.bochnia.pl\/wp-content\/uploads\/2024\/11\/dno-rury-wznoszacej-315-1.jpg\" \/>\n\t<meta property=\"og:image:width\" content=\"800\" \/>\n\t<meta property=\"og:image:height\" content=\"800\" \/>\n\t<meta property=\"og:image:type\" content=\"image\/jpeg\" \/>\n<meta name=\"twitter:card\" content=\"summary_large_image\" \/>\n<meta name=\"twitter:label1\" content=\"Gesch\u00e4tzte Lesezeit\" \/>\n\t<meta name=\"twitter:data1\" content=\"1\u00a0Minute\" \/>\n<script type=\"application\/ld+json\" class=\"yoast-schema-graph\">{\"@context\":\"https:\/\/schema.org\",\"@graph\":[{\"@type\":\"WebPage\",\"@id\":\"https:\/\/plasmet.bochnia.pl\/de\/produkt\/boden-des-steigrohrs\/\",\"url\":\"https:\/\/plasmet.bochnia.pl\/de\/produkt\/boden-des-steigrohrs\/\",\"name\":\"Boden des Steigrohrs - Plasmet\",\"isPartOf\":{\"@id\":\"https:\/\/plasmet.bochnia.pl\/de\/#website\"},\"primaryImageOfPage\":{\"@id\":\"https:\/\/plasmet.bochnia.pl\/de\/produkt\/boden-des-steigrohrs\/#primaryimage\"},\"image\":{\"@id\":\"https:\/\/plasmet.bochnia.pl\/de\/produkt\/boden-des-steigrohrs\/#primaryimage\"},\"thumbnailUrl\":\"https:\/\/plasmet.bochnia.pl\/wp-content\/uploads\/2024\/11\/dno-rury-wznoszacej-315-1.jpg\",\"datePublished\":\"2024-11-20T15:28:40+00:00\",\"description\":\"Boden des Steigrohrs \u2013 producent i hurtownia Plasmet. Oferujemy wysok\u0105 jako\u015b\u0107, szeroki wyb\u00f3r i dobre ceny. Zapraszamy do sprawdzenia oferty!\",\"breadcrumb\":{\"@id\":\"https:\/\/plasmet.bochnia.pl\/de\/produkt\/boden-des-steigrohrs\/#breadcrumb\"},\"inLanguage\":\"de\",\"potentialAction\":[{\"@type\":\"ReadAction\",\"target\":[\"https:\/\/plasmet.bochnia.pl\/de\/produkt\/boden-des-steigrohrs\/\"]}]},{\"@type\":\"ImageObject\",\"inLanguage\":\"de\",\"@id\":\"https:\/\/plasmet.bochnia.pl\/de\/produkt\/boden-des-steigrohrs\/#primaryimage\",\"url\":\"https:\/\/plasmet.bochnia.pl\/wp-content\/uploads\/2024\/11\/dno-rury-wznoszacej-315-1.jpg\",\"contentUrl\":\"https:\/\/plasmet.bochnia.pl\/wp-content\/uploads\/2024\/11\/dno-rury-wznoszacej-315-1.jpg\",\"width\":800,\"height\":800,\"caption\":\"dno-rury-wznoszacej-315-1\"},{\"@type\":\"BreadcrumbList\",\"@id\":\"https:\/\/plasmet.bochnia.pl\/de\/produkt\/boden-des-steigrohrs\/#breadcrumb\",\"itemListElement\":[{\"@type\":\"ListItem\",\"position\":1,\"name\":\"Strona g\u0142\u00f3wna\",\"item\":\"https:\/\/plasmet.bochnia.pl\/de\/\"},{\"@type\":\"ListItem\",\"position\":2,\"name\":\"Shop\",\"item\":\"https:\/\/plasmet.bochnia.pl\/de\/shop\/\"},{\"@type\":\"ListItem\",\"position\":3,\"name\":\"Boden des Steigrohrs\"}]},{\"@type\":\"WebSite\",\"@id\":\"https:\/\/plasmet.bochnia.pl\/de\/#website\",\"url\":\"https:\/\/plasmet.bochnia.pl\/de\/\",\"name\":\"Plasmet\",\"description\":\"Plasmet\",\"alternateName\":\"Plasmet\",\"potentialAction\":[{\"@type\":\"SearchAction\",\"target\":{\"@type\":\"EntryPoint\",\"urlTemplate\":\"https:\/\/plasmet.bochnia.pl\/de\/?s={search_term_string}\"},\"query-input\":{\"@type\":\"PropertyValueSpecification\",\"valueRequired\":true,\"valueName\":\"search_term_string\"}}],\"inLanguage\":\"de\"}]}<\/script>\n<!-- \/ Yoast SEO plugin. -->","yoast_head_json":{"title":"Boden des Steigrohrs - Plasmet","description":"Boden des Steigrohrs \u2013 producent i hurtownia Plasmet. Oferujemy wysok\u0105 jako\u015b\u0107, szeroki wyb\u00f3r i dobre ceny. Zapraszamy do sprawdzenia oferty!","robots":{"index":"index","follow":"follow","max-snippet":"max-snippet:-1","max-image-preview":"max-image-preview:large","max-video-preview":"max-video-preview:-1"},"canonical":"https:\/\/plasmet.bochnia.pl\/de\/produkt\/boden-des-steigrohrs\/","og_locale":"de_DE","og_type":"article","og_title":"Boden des Steigrohrs - Plasmet","og_description":"Boden des Steigrohrs \u2013 producent i hurtownia Plasmet. Oferujemy wysok\u0105 jako\u015b\u0107, szeroki wyb\u00f3r i dobre ceny. Zapraszamy do sprawdzenia oferty!","og_url":"https:\/\/plasmet.bochnia.pl\/de\/produkt\/boden-des-steigrohrs\/","og_site_name":"Plasmet","og_image":[{"width":800,"height":800,"url":"https:\/\/plasmet.bochnia.pl\/wp-content\/uploads\/2024\/11\/dno-rury-wznoszacej-315-1.jpg","type":"image\/jpeg"}],"twitter_card":"summary_large_image","twitter_misc":{"Gesch\u00e4tzte Lesezeit":"1\u00a0Minute"},"schema":{"@context":"https:\/\/schema.org","@graph":[{"@type":"WebPage","@id":"https:\/\/plasmet.bochnia.pl\/de\/produkt\/boden-des-steigrohrs\/","url":"https:\/\/plasmet.bochnia.pl\/de\/produkt\/boden-des-steigrohrs\/","name":"Boden des Steigrohrs - Plasmet","isPartOf":{"@id":"https:\/\/plasmet.bochnia.pl\/de\/#website"},"primaryImageOfPage":{"@id":"https:\/\/plasmet.bochnia.pl\/de\/produkt\/boden-des-steigrohrs\/#primaryimage"},"image":{"@id":"https:\/\/plasmet.bochnia.pl\/de\/produkt\/boden-des-steigrohrs\/#primaryimage"},"thumbnailUrl":"https:\/\/plasmet.bochnia.pl\/wp-content\/uploads\/2024\/11\/dno-rury-wznoszacej-315-1.jpg","datePublished":"2024-11-20T15:28:40+00:00","description":"Boden des Steigrohrs \u2013 producent i hurtownia Plasmet. Oferujemy wysok\u0105 jako\u015b\u0107, szeroki wyb\u00f3r i dobre ceny. Zapraszamy do sprawdzenia oferty!","breadcrumb":{"@id":"https:\/\/plasmet.bochnia.pl\/de\/produkt\/boden-des-steigrohrs\/#breadcrumb"},"inLanguage":"de","potentialAction":[{"@type":"ReadAction","target":["https:\/\/plasmet.bochnia.pl\/de\/produkt\/boden-des-steigrohrs\/"]}]},{"@type":"ImageObject","inLanguage":"de","@id":"https:\/\/plasmet.bochnia.pl\/de\/produkt\/boden-des-steigrohrs\/#primaryimage","url":"https:\/\/plasmet.bochnia.pl\/wp-content\/uploads\/2024\/11\/dno-rury-wznoszacej-315-1.jpg","contentUrl":"https:\/\/plasmet.bochnia.pl\/wp-content\/uploads\/2024\/11\/dno-rury-wznoszacej-315-1.jpg","width":800,"height":800,"caption":"dno-rury-wznoszacej-315-1"},{"@type":"BreadcrumbList","@id":"https:\/\/plasmet.bochnia.pl\/de\/produkt\/boden-des-steigrohrs\/#breadcrumb","itemListElement":[{"@type":"ListItem","position":1,"name":"Strona g\u0142\u00f3wna","item":"https:\/\/plasmet.bochnia.pl\/de\/"},{"@type":"ListItem","position":2,"name":"Shop","item":"https:\/\/plasmet.bochnia.pl\/de\/shop\/"},{"@type":"ListItem","position":3,"name":"Boden des Steigrohrs"}]},{"@type":"WebSite","@id":"https:\/\/plasmet.bochnia.pl\/de\/#website","url":"https:\/\/plasmet.bochnia.pl\/de\/","name":"Plasmet","description":"Plasmet","alternateName":"Plasmet","potentialAction":[{"@type":"SearchAction","target":{"@type":"EntryPoint","urlTemplate":"https:\/\/plasmet.bochnia.pl\/de\/?s={search_term_string}"},"query-input":{"@type":"PropertyValueSpecification","valueRequired":true,"valueName":"search_term_string"}}],"inLanguage":"de"}]}},"taxonomy_info":{"product_cat":[{"value":1331,"label":"Abdeckungen und Bodenplatten f\u00fcr Schachtbauwerke"},{"value":1319,"label":"Sanit\u00e4r- und Regenkanalisation"}],"pa_kolor":[{"value":1375,"label":"Schwarz"}],"pa_wersja":[{"value":1694,"label":"315"}]},"featured_image_src_large":["https:\/\/plasmet.bochnia.pl\/wp-content\/uploads\/2024\/11\/dno-rury-wznoszacej-315-1.jpg",800,800,false],"author_info":[],"comment_info":"","_links":{"self":[{"href":"https:\/\/plasmet.bochnia.pl\/de\/wp-json\/wp\/v2\/product\/16836","targetHints":{"allow":["GET"]}}],"collection":[{"href":"https:\/\/plasmet.bochnia.pl\/de\/wp-json\/wp\/v2\/product"}],"about":[{"href":"https:\/\/plasmet.bochnia.pl\/de\/wp-json\/wp\/v2\/types\/product"}],"wp:featuredmedia":[{"embeddable":true,"href":"https:\/\/plasmet.bochnia.pl\/de\/wp-json\/wp\/v2\/media\/16837"}],"wp:attachment":[{"href":"https:\/\/plasmet.bochnia.pl\/de\/wp-json\/wp\/v2\/media?parent=16836"}],"wp:term":[{"taxonomy":"product_brand","embeddable":true,"href":"https:\/\/plasmet.bochnia.pl\/de\/wp-json\/wp\/v2\/product_brand?post=16836"},{"taxonomy":"product_cat","embeddable":true,"href":"https:\/\/plasmet.bochnia.pl\/de\/wp-json\/wp\/v2\/product_cat?post=16836"},{"taxonomy":"product_tag","embeddable":true,"href":"https:\/\/plasmet.bochnia.pl\/de\/wp-json\/wp\/v2\/product_tag?post=16836"}],"curies":[{"name":"wp","href":"https:\/\/api.w.org\/{rel}","templated":true}]}}