{"id":16798,"date":"2024-11-20T16:28:40","date_gmt":"2024-11-20T15:28:40","guid":{"rendered":"https:\/\/plasmet.bochnia.pl\/produkt\/abdeckung-deckel\/"},"modified":"2024-11-20T16:28:40","modified_gmt":"2024-11-20T15:28:40","slug":"abdeckung-deckel","status":"publish","type":"product","link":"https:\/\/plasmet.bochnia.pl\/de\/produkt\/abdeckung-deckel\/","title":{"rendered":"Abdeckung \/ Deckel"},"content":{"rendered":"<h2>Abdeckung \/ Schachtabdeckung &#8211; Haltbarkeit und Schutz<\/h2>\n<p>Die Schachtabdeckung ist ein zuverl\u00e4ssiger Bestandteil von Abwassersystemen und sorgt daf\u00fcr, dass die Installation wasserdicht und vor den Elementen gesch\u00fctzt ist. Der Deckel ist aus haltbarem schwarzem Kunststoff gefertigt und sowohl mit glatten als auch mit gewellten Rohren kompatibel. Das Produkt ist in einer breiten Palette von Durchmessern von 315 bis 425 mm erh\u00e4ltlich, einfach zu installieren und resistent gegen Feuchtigkeit, Chemikalien und mechanische Besch\u00e4digungen.  <\/p>\n<h3>Produkt Spezifikationen<\/h3>\n<ul>\n<li>Farbe: Schwarz<\/li>\n<li>Versionen:\n<ul>\n<li>315 mm f\u00fcr glatte Rohre<\/li>\n<li>400 mm f\u00fcr glatte Rohre<\/li>\n<li>315 mm f\u00fcr gewelltes Rohr<\/li>\n<li>350 mm pro gewelltem Rohr<\/li>\n<li>400 mm pro gewelltem Rohr<\/li>\n<li>425 mm pro gewelltem Rohr<\/li>\n<\/ul>\n<\/li>\n<li>Material: wetterfester Kunststoff<\/li>\n<li>Zweck: Abdichtung und Schutz von Sch\u00e4chten<\/li>\n<li>Best\u00e4ndigkeit: Gegen Chemikalien, Feuchtigkeit und mechanische Besch\u00e4digung<\/li>\n<\/ul>\n<h3>Anwendung<\/h3>\n<p>Die Abdeckung \/ der Deckel wird in der Kanalisation von Wohn-, Industrie- und Gewerbegeb\u00e4uden verwendet. Das Produkt sch\u00fctzt Sch\u00e4chte effektiv vor Regenwasser, Schmutz und versehentlichem \u00d6ffnen und gew\u00e4hrleistet die Haltbarkeit und Dichtheit der Installation. <\/p>\n<h3>Produktvorteile<\/h3>\n<ul>\n<li>Erh\u00e4ltlich in einer breiten Palette von Durchmessern<\/li>\n<li>Kompatibel mit glatten und gewellten Rohren<\/li>\n<li>Widerstandsf\u00e4hig gegen Wetter, Chemikalien und Besch\u00e4digungen<\/li>\n<li>Einfach zu installieren und langlebig<\/li>\n<li>Universeller Einsatz in Sanit\u00e4r- und Regenwasserkan\u00e4len<\/li>\n<\/ul>\n<p>Die Schachtabdeckung \/ Deckel in Schwarz ist eine dauerhafte und funktionelle L\u00f6sung, die die h\u00f6chsten Anforderungen an den Schutz und die Dichtheit von Kanalisationsanlagen erf\u00fcllt. Dank der gro\u00dfen Auswahl an Versionen kann das Produkt an verschiedene Projekte und Installationsanforderungen angepasst werden. <\/p>\n","protected":false},"excerpt":{"rendered":"<p>Schachtabdeckung in schwarz, grau und gr\u00fcn, erh\u00e4ltlich f\u00fcr glatte und gewellte Rohre mit Durchmessern von 315 bis 425 mm. Bietet Dichtheit und Schutz f\u00fcr Abwassersysteme. <\/p>\n","protected":false},"featured_media":16806,"template":"","meta":{"_acf_changed":false,"_kad_blocks_custom_css":"","_kad_blocks_head_custom_js":"","_kad_blocks_body_custom_js":"","_kad_blocks_footer_custom_js":"","_kad_post_transparent":"","_kad_post_title":"","_kad_post_layout":"","_kad_post_sidebar_id":"","_kad_post_content_style":"","_kad_post_vertical_padding":"","_kad_post_feature":"","_kad_post_feature_position":"","_kad_post_header":false,"_kad_post_footer":false,"_kad_post_classname":""},"product_brand":[],"product_cat":[1331,1319],"product_tag":[],"class_list":{"0":"post-16798","1":"product","2":"type-product","3":"status-publish","4":"has-post-thumbnail","6":"product_cat-abdeckungen-und-bodenplatten-fur-schachtbauwerke","7":"product_cat-sanitar-und-regenkanalisation","8":"pa_kolor-grau","9":"pa_kolor-grun","10":"pa_kolor-schwarz","11":"pa_wersja-315-fur-geripptes-rohr","12":"pa_wersja-315-fur-glattes-rohr","13":"pa_wersja-350-fur-geripptes-rohr","14":"pa_wersja-400-fur-geripptes-rohr","15":"pa_wersja-400-fur-glattes-rohr","16":"pa_wersja-425-fur-geripptes-rohr","18":"first","19":"instock","20":"product-type-variable","21":"entry","22":"content-bg","23":"loop-entry"},"acf":[],"yoast_head":"<!-- This site is optimized with the Yoast SEO plugin v25.1 - https:\/\/yoast.com\/wordpress\/plugins\/seo\/ -->\n<title>Abdeckung \/ Deckel - Plasmet<\/title>\n<meta name=\"description\" content=\"Abdeckung \/ Deckel \u2013 producent i hurtownia Plasmet. Oferujemy wysok\u0105 jako\u015b\u0107, szeroki wyb\u00f3r i dobre ceny. Zapraszamy do sprawdzenia oferty!\" \/>\n<meta name=\"robots\" content=\"index, follow, max-snippet:-1, max-image-preview:large, max-video-preview:-1\" \/>\n<link rel=\"canonical\" href=\"https:\/\/plasmet.bochnia.pl\/de\/produkt\/abdeckung-deckel\/\" \/>\n<meta property=\"og:locale\" content=\"de_DE\" \/>\n<meta property=\"og:type\" content=\"article\" \/>\n<meta property=\"og:title\" content=\"Abdeckung \/ Deckel - Plasmet\" \/>\n<meta property=\"og:description\" content=\"Abdeckung \/ Deckel \u2013 producent i hurtownia Plasmet. Oferujemy wysok\u0105 jako\u015b\u0107, szeroki wyb\u00f3r i dobre ceny. Zapraszamy do sprawdzenia oferty!\" \/>\n<meta property=\"og:url\" content=\"https:\/\/plasmet.bochnia.pl\/de\/produkt\/abdeckung-deckel\/\" \/>\n<meta property=\"og:site_name\" content=\"Plasmet\" \/>\n<meta property=\"og:image\" content=\"https:\/\/plasmet.bochnia.pl\/wp-content\/uploads\/2024\/11\/dekiel-315-na-rure-gladka-2.jpg\" \/>\n\t<meta property=\"og:image:width\" content=\"800\" \/>\n\t<meta property=\"og:image:height\" content=\"800\" \/>\n\t<meta property=\"og:image:type\" content=\"image\/jpeg\" \/>\n<meta name=\"twitter:card\" content=\"summary_large_image\" \/>\n<meta name=\"twitter:label1\" content=\"Gesch\u00e4tzte Lesezeit\" \/>\n\t<meta name=\"twitter:data1\" content=\"1\u00a0Minute\" \/>\n<script type=\"application\/ld+json\" class=\"yoast-schema-graph\">{\"@context\":\"https:\/\/schema.org\",\"@graph\":[{\"@type\":\"WebPage\",\"@id\":\"https:\/\/plasmet.bochnia.pl\/de\/produkt\/abdeckung-deckel\/\",\"url\":\"https:\/\/plasmet.bochnia.pl\/de\/produkt\/abdeckung-deckel\/\",\"name\":\"Abdeckung \/ Deckel - Plasmet\",\"isPartOf\":{\"@id\":\"https:\/\/plasmet.bochnia.pl\/de\/#website\"},\"primaryImageOfPage\":{\"@id\":\"https:\/\/plasmet.bochnia.pl\/de\/produkt\/abdeckung-deckel\/#primaryimage\"},\"image\":{\"@id\":\"https:\/\/plasmet.bochnia.pl\/de\/produkt\/abdeckung-deckel\/#primaryimage\"},\"thumbnailUrl\":\"https:\/\/plasmet.bochnia.pl\/wp-content\/uploads\/2024\/11\/dekiel-315-na-rure-gladka-2.jpg\",\"datePublished\":\"2024-11-20T15:28:40+00:00\",\"description\":\"Abdeckung \/ Deckel \u2013 producent i hurtownia Plasmet. Oferujemy wysok\u0105 jako\u015b\u0107, szeroki wyb\u00f3r i dobre ceny. Zapraszamy do sprawdzenia oferty!\",\"breadcrumb\":{\"@id\":\"https:\/\/plasmet.bochnia.pl\/de\/produkt\/abdeckung-deckel\/#breadcrumb\"},\"inLanguage\":\"de\",\"potentialAction\":[{\"@type\":\"ReadAction\",\"target\":[\"https:\/\/plasmet.bochnia.pl\/de\/produkt\/abdeckung-deckel\/\"]}]},{\"@type\":\"ImageObject\",\"inLanguage\":\"de\",\"@id\":\"https:\/\/plasmet.bochnia.pl\/de\/produkt\/abdeckung-deckel\/#primaryimage\",\"url\":\"https:\/\/plasmet.bochnia.pl\/wp-content\/uploads\/2024\/11\/dekiel-315-na-rure-gladka-2.jpg\",\"contentUrl\":\"https:\/\/plasmet.bochnia.pl\/wp-content\/uploads\/2024\/11\/dekiel-315-na-rure-gladka-2.jpg\",\"width\":800,\"height\":800,\"caption\":\"dekiel-315-na-rure-gladka-2\"},{\"@type\":\"BreadcrumbList\",\"@id\":\"https:\/\/plasmet.bochnia.pl\/de\/produkt\/abdeckung-deckel\/#breadcrumb\",\"itemListElement\":[{\"@type\":\"ListItem\",\"position\":1,\"name\":\"Strona g\u0142\u00f3wna\",\"item\":\"https:\/\/plasmet.bochnia.pl\/de\/\"},{\"@type\":\"ListItem\",\"position\":2,\"name\":\"Shop\",\"item\":\"https:\/\/plasmet.bochnia.pl\/de\/shop\/\"},{\"@type\":\"ListItem\",\"position\":3,\"name\":\"Abdeckung \/ Deckel\"}]},{\"@type\":\"WebSite\",\"@id\":\"https:\/\/plasmet.bochnia.pl\/de\/#website\",\"url\":\"https:\/\/plasmet.bochnia.pl\/de\/\",\"name\":\"Plasmet\",\"description\":\"Plasmet\",\"alternateName\":\"Plasmet\",\"potentialAction\":[{\"@type\":\"SearchAction\",\"target\":{\"@type\":\"EntryPoint\",\"urlTemplate\":\"https:\/\/plasmet.bochnia.pl\/de\/?s={search_term_string}\"},\"query-input\":{\"@type\":\"PropertyValueSpecification\",\"valueRequired\":true,\"valueName\":\"search_term_string\"}}],\"inLanguage\":\"de\"}]}<\/script>\n<!-- \/ Yoast SEO plugin. -->","yoast_head_json":{"title":"Abdeckung \/ Deckel - Plasmet","description":"Abdeckung \/ Deckel \u2013 producent i hurtownia Plasmet. Oferujemy wysok\u0105 jako\u015b\u0107, szeroki wyb\u00f3r i dobre ceny. Zapraszamy do sprawdzenia oferty!","robots":{"index":"index","follow":"follow","max-snippet":"max-snippet:-1","max-image-preview":"max-image-preview:large","max-video-preview":"max-video-preview:-1"},"canonical":"https:\/\/plasmet.bochnia.pl\/de\/produkt\/abdeckung-deckel\/","og_locale":"de_DE","og_type":"article","og_title":"Abdeckung \/ Deckel - Plasmet","og_description":"Abdeckung \/ Deckel \u2013 producent i hurtownia Plasmet. Oferujemy wysok\u0105 jako\u015b\u0107, szeroki wyb\u00f3r i dobre ceny. Zapraszamy do sprawdzenia oferty!","og_url":"https:\/\/plasmet.bochnia.pl\/de\/produkt\/abdeckung-deckel\/","og_site_name":"Plasmet","og_image":[{"width":800,"height":800,"url":"https:\/\/plasmet.bochnia.pl\/wp-content\/uploads\/2024\/11\/dekiel-315-na-rure-gladka-2.jpg","type":"image\/jpeg"}],"twitter_card":"summary_large_image","twitter_misc":{"Gesch\u00e4tzte Lesezeit":"1\u00a0Minute"},"schema":{"@context":"https:\/\/schema.org","@graph":[{"@type":"WebPage","@id":"https:\/\/plasmet.bochnia.pl\/de\/produkt\/abdeckung-deckel\/","url":"https:\/\/plasmet.bochnia.pl\/de\/produkt\/abdeckung-deckel\/","name":"Abdeckung \/ Deckel - Plasmet","isPartOf":{"@id":"https:\/\/plasmet.bochnia.pl\/de\/#website"},"primaryImageOfPage":{"@id":"https:\/\/plasmet.bochnia.pl\/de\/produkt\/abdeckung-deckel\/#primaryimage"},"image":{"@id":"https:\/\/plasmet.bochnia.pl\/de\/produkt\/abdeckung-deckel\/#primaryimage"},"thumbnailUrl":"https:\/\/plasmet.bochnia.pl\/wp-content\/uploads\/2024\/11\/dekiel-315-na-rure-gladka-2.jpg","datePublished":"2024-11-20T15:28:40+00:00","description":"Abdeckung \/ Deckel \u2013 producent i hurtownia Plasmet. Oferujemy wysok\u0105 jako\u015b\u0107, szeroki wyb\u00f3r i dobre ceny. Zapraszamy do sprawdzenia oferty!","breadcrumb":{"@id":"https:\/\/plasmet.bochnia.pl\/de\/produkt\/abdeckung-deckel\/#breadcrumb"},"inLanguage":"de","potentialAction":[{"@type":"ReadAction","target":["https:\/\/plasmet.bochnia.pl\/de\/produkt\/abdeckung-deckel\/"]}]},{"@type":"ImageObject","inLanguage":"de","@id":"https:\/\/plasmet.bochnia.pl\/de\/produkt\/abdeckung-deckel\/#primaryimage","url":"https:\/\/plasmet.bochnia.pl\/wp-content\/uploads\/2024\/11\/dekiel-315-na-rure-gladka-2.jpg","contentUrl":"https:\/\/plasmet.bochnia.pl\/wp-content\/uploads\/2024\/11\/dekiel-315-na-rure-gladka-2.jpg","width":800,"height":800,"caption":"dekiel-315-na-rure-gladka-2"},{"@type":"BreadcrumbList","@id":"https:\/\/plasmet.bochnia.pl\/de\/produkt\/abdeckung-deckel\/#breadcrumb","itemListElement":[{"@type":"ListItem","position":1,"name":"Strona g\u0142\u00f3wna","item":"https:\/\/plasmet.bochnia.pl\/de\/"},{"@type":"ListItem","position":2,"name":"Shop","item":"https:\/\/plasmet.bochnia.pl\/de\/shop\/"},{"@type":"ListItem","position":3,"name":"Abdeckung \/ Deckel"}]},{"@type":"WebSite","@id":"https:\/\/plasmet.bochnia.pl\/de\/#website","url":"https:\/\/plasmet.bochnia.pl\/de\/","name":"Plasmet","description":"Plasmet","alternateName":"Plasmet","potentialAction":[{"@type":"SearchAction","target":{"@type":"EntryPoint","urlTemplate":"https:\/\/plasmet.bochnia.pl\/de\/?s={search_term_string}"},"query-input":{"@type":"PropertyValueSpecification","valueRequired":true,"valueName":"search_term_string"}}],"inLanguage":"de"}]}},"taxonomy_info":{"product_cat":[{"value":1331,"label":"Abdeckungen und Bodenplatten f\u00fcr Schachtbauwerke"},{"value":1319,"label":"Sanit\u00e4r- und Regenkanalisation"}],"pa_kolor":[{"value":1379,"label":"Grau"},{"value":1380,"label":"Gr\u00fcn"},{"value":1375,"label":"Schwarz"}],"pa_wersja":[{"value":1855,"label":"315 f\u00fcr geripptes Rohr"},{"value":1853,"label":"315 f\u00fcr glattes Rohr"},{"value":1857,"label":"350 f\u00fcr geripptes Rohr"},{"value":1861,"label":"400 f\u00fcr geripptes Rohr"},{"value":1859,"label":"400 f\u00fcr glattes Rohr"},{"value":1863,"label":"425 f\u00fcr geripptes Rohr"}]},"featured_image_src_large":["https:\/\/plasmet.bochnia.pl\/wp-content\/uploads\/2024\/11\/dekiel-315-na-rure-gladka-2.jpg",800,800,false],"author_info":[],"comment_info":"","_links":{"self":[{"href":"https:\/\/plasmet.bochnia.pl\/de\/wp-json\/wp\/v2\/product\/16798","targetHints":{"allow":["GET"]}}],"collection":[{"href":"https:\/\/plasmet.bochnia.pl\/de\/wp-json\/wp\/v2\/product"}],"about":[{"href":"https:\/\/plasmet.bochnia.pl\/de\/wp-json\/wp\/v2\/types\/product"}],"wp:featuredmedia":[{"embeddable":true,"href":"https:\/\/plasmet.bochnia.pl\/de\/wp-json\/wp\/v2\/media\/16806"}],"wp:attachment":[{"href":"https:\/\/plasmet.bochnia.pl\/de\/wp-json\/wp\/v2\/media?parent=16798"}],"wp:term":[{"taxonomy":"product_brand","embeddable":true,"href":"https:\/\/plasmet.bochnia.pl\/de\/wp-json\/wp\/v2\/product_brand?post=16798"},{"taxonomy":"product_cat","embeddable":true,"href":"https:\/\/plasmet.bochnia.pl\/de\/wp-json\/wp\/v2\/product_cat?post=16798"},{"taxonomy":"product_tag","embeddable":true,"href":"https:\/\/plasmet.bochnia.pl\/de\/wp-json\/wp\/v2\/product_tag?post=16798"}],"curies":[{"name":"wp","href":"https:\/\/api.w.org\/{rel}","templated":true}]}}