{"id":16797,"date":"2024-11-20T16:28:40","date_gmt":"2024-11-20T15:28:40","guid":{"rendered":"https:\/\/plasmet.bochnia.pl\/produkt\/t-stueck\/"},"modified":"2024-11-20T16:28:40","modified_gmt":"2024-11-20T15:28:40","slug":"t-stueck","status":"publish","type":"product","link":"https:\/\/plasmet.bochnia.pl\/de\/produkt\/t-stueck\/","title":{"rendered":"T-St\u00fcck"},"content":{"rendered":"<h2>Kanalisations-T-St\u00fcck &#8211; Funktionalit\u00e4t und Haltbarkeit<\/h2>\n<p>Das Kanalisations-T-St\u00fcck ist ein wesentlicher Bestandteil von Kanalisationsinstallationen und erm\u00f6glicht es, Rohre in verschiedenen Winkeln abzuzweigen. Das Produkt ist in zwei Farben &#8211; grau und wei\u00df &#8211; und in verschiedenen Abzweigungswinkeln erh\u00e4ltlich, darunter 32\/45\u00b0, 32\/67\u00b0, 32\/90\u00b0 (wei\u00df) und 50\/45\u00b0, 50\/67\u00b0, 50\/90\u00b0 (grau). Das aus hochwertigem Kunststoff gefertigte T-St\u00fcck ist widerstandsf\u00e4hig gegen mechanische Besch\u00e4digungen, Chemikalien und Wasser und somit die ideale Wahl f\u00fcr Sanit\u00e4r- und Regenwasserabflusssysteme.  <\/p>\n<h3>Produkt Spezifikationen<\/h3>\n<ul>\n<li>Farben: Grau, Wei\u00df<\/li>\n<li>Versionen:\n<ul>\n<li>Grau: 50\/45\u00b0, 50\/67\u00b0, 50\/90\u00b0<\/li>\n<li>Wei\u00df: 32\/45\u00b0, 32\/67\u00b0, 32\/90\u00b0<\/li>\n<\/ul>\n<\/li>\n<li>Material: chemikalienbest\u00e4ndiger Kunststoff<\/li>\n<li>Zweck: Sanit\u00e4r- und Regenwasserkanalisation<\/li>\n<li>Widerstandsf\u00e4higkeit: gegen mechanische Besch\u00e4digung und Witterungseinfl\u00fcsse<\/li>\n<\/ul>\n<h3>Anwendung<\/h3>\n<p>Das Kanalisations-T-St\u00fcck wird in privaten, gewerblichen und industriellen Abwassersystemen verwendet. Das Produkt erm\u00f6glicht ein effizientes Management des Abwasser- und Regenwasserflusses und gew\u00e4hrleistet Langlebigkeit und eine einfache Installation. <\/p>\n<h3>Produktvorteile<\/h3>\n<ul>\n<li>Erh\u00e4ltlich in einer breiten Palette von Winkeln und Durchmessern<\/li>\n<li>Best\u00e4ndig gegen Feuchtigkeit, Chemikalien und wechselnde Wetterbedingungen<\/li>\n<li>Dauerhafte und dichte Verbindung in der Anlage<\/li>\n<li>Universeller Einsatz in Sanit\u00e4r- und Regenwasserkan\u00e4len<\/li>\n<li>Einfache Installation dank Pr\u00e4zisionstechnik<\/li>\n<\/ul>\n<p>Das Kanalisations-T-St\u00fcck ist eine zuverl\u00e4ssige und funktionelle Komponente, die eine effiziente Verwaltung des Abwassersystems erm\u00f6glicht. Dank seiner langlebigen Materialien und der gro\u00dfen Auswahl an Versionen erf\u00fcllt das Produkt die Anforderungen verschiedener Projekte. <\/p>\n","protected":false},"excerpt":{"rendered":"<p>Kanalisations-T-St\u00fcck erh\u00e4ltlich in grau und wei\u00df, in 32\/45\u00b0, 32\/67\u00b0, 32\/90\u00b0 und 50\/45\u00b0, 50\/67\u00b0, 50\/90\u00b0. Konzipiert f\u00fcr die Abzweigung von Abwasserkan\u00e4len in Sanit\u00e4r- und Regenwassersystemen. <\/p>\n","protected":false},"featured_media":7310,"template":"","meta":{"_acf_changed":false,"_kad_blocks_custom_css":"","_kad_blocks_head_custom_js":"","_kad_blocks_body_custom_js":"","_kad_blocks_footer_custom_js":"","_kad_post_transparent":"","_kad_post_title":"","_kad_post_layout":"","_kad_post_sidebar_id":"","_kad_post_content_style":"","_kad_post_vertical_padding":"","_kad_post_feature":"","_kad_post_feature_position":"","_kad_post_header":false,"_kad_post_footer":false,"_kad_post_classname":""},"product_brand":[],"product_cat":[1343,1319],"product_tag":[],"class_list":{"0":"post-16797","1":"product","2":"type-product","3":"status-publish","4":"has-post-thumbnail","6":"product_cat-kanal-t-stucke","7":"product_cat-sanitar-und-regenkanalisation","8":"pa_kolor-grau","9":"pa_kolor-weis","10":"pa_wersja-32-45","11":"pa_wersja-32-67","12":"pa_wersja-32-90","13":"pa_wersja-50-45","14":"pa_wersja-50-67","15":"pa_wersja-50-90","17":"first","18":"instock","19":"product-type-variable","20":"entry","21":"content-bg","22":"loop-entry"},"acf":[],"yoast_head":"<!-- This site is optimized with the Yoast SEO plugin v25.1 - https:\/\/yoast.com\/wordpress\/plugins\/seo\/ -->\n<title>T-St\u00fcck - Plasmet<\/title>\n<meta name=\"description\" content=\"T-St\u00fcck \u2013 producent i hurtownia Plasmet. Oferujemy wysok\u0105 jako\u015b\u0107, szeroki wyb\u00f3r i dobre ceny. Zapraszamy do sprawdzenia oferty!\" \/>\n<meta name=\"robots\" content=\"index, follow, max-snippet:-1, max-image-preview:large, max-video-preview:-1\" \/>\n<link rel=\"canonical\" href=\"https:\/\/plasmet.bochnia.pl\/de\/produkt\/t-stueck\/\" \/>\n<meta property=\"og:locale\" content=\"de_DE\" \/>\n<meta property=\"og:type\" content=\"article\" \/>\n<meta property=\"og:title\" content=\"T-St\u00fcck - Plasmet\" \/>\n<meta property=\"og:description\" content=\"T-St\u00fcck \u2013 producent i hurtownia Plasmet. Oferujemy wysok\u0105 jako\u015b\u0107, szeroki wyb\u00f3r i dobre ceny. Zapraszamy do sprawdzenia oferty!\" \/>\n<meta property=\"og:url\" content=\"https:\/\/plasmet.bochnia.pl\/de\/produkt\/t-stueck\/\" \/>\n<meta property=\"og:site_name\" content=\"Plasmet\" \/>\n<meta property=\"og:image\" content=\"https:\/\/plasmet.bochnia.pl\/wp-content\/uploads\/2024\/11\/trojnik-50-45-st-szary.jpg\" \/>\n\t<meta property=\"og:image:width\" content=\"800\" \/>\n\t<meta property=\"og:image:height\" content=\"600\" \/>\n\t<meta property=\"og:image:type\" content=\"image\/jpeg\" \/>\n<meta name=\"twitter:card\" content=\"summary_large_image\" \/>\n<meta name=\"twitter:label1\" content=\"Gesch\u00e4tzte Lesezeit\" \/>\n\t<meta name=\"twitter:data1\" content=\"1\u00a0Minute\" \/>\n<script type=\"application\/ld+json\" class=\"yoast-schema-graph\">{\"@context\":\"https:\/\/schema.org\",\"@graph\":[{\"@type\":\"WebPage\",\"@id\":\"https:\/\/plasmet.bochnia.pl\/de\/produkt\/t-stueck\/\",\"url\":\"https:\/\/plasmet.bochnia.pl\/de\/produkt\/t-stueck\/\",\"name\":\"T-St\u00fcck - Plasmet\",\"isPartOf\":{\"@id\":\"https:\/\/plasmet.bochnia.pl\/de\/#website\"},\"primaryImageOfPage\":{\"@id\":\"https:\/\/plasmet.bochnia.pl\/de\/produkt\/t-stueck\/#primaryimage\"},\"image\":{\"@id\":\"https:\/\/plasmet.bochnia.pl\/de\/produkt\/t-stueck\/#primaryimage\"},\"thumbnailUrl\":\"https:\/\/plasmet.bochnia.pl\/wp-content\/uploads\/2024\/11\/trojnik-50-45-st-szary.jpg\",\"datePublished\":\"2024-11-20T15:28:40+00:00\",\"description\":\"T-St\u00fcck \u2013 producent i hurtownia Plasmet. Oferujemy wysok\u0105 jako\u015b\u0107, szeroki wyb\u00f3r i dobre ceny. Zapraszamy do sprawdzenia oferty!\",\"breadcrumb\":{\"@id\":\"https:\/\/plasmet.bochnia.pl\/de\/produkt\/t-stueck\/#breadcrumb\"},\"inLanguage\":\"de\",\"potentialAction\":[{\"@type\":\"ReadAction\",\"target\":[\"https:\/\/plasmet.bochnia.pl\/de\/produkt\/t-stueck\/\"]}]},{\"@type\":\"ImageObject\",\"inLanguage\":\"de\",\"@id\":\"https:\/\/plasmet.bochnia.pl\/de\/produkt\/t-stueck\/#primaryimage\",\"url\":\"https:\/\/plasmet.bochnia.pl\/wp-content\/uploads\/2024\/11\/trojnik-50-45-st-szary.jpg\",\"contentUrl\":\"https:\/\/plasmet.bochnia.pl\/wp-content\/uploads\/2024\/11\/trojnik-50-45-st-szary.jpg\",\"width\":800,\"height\":600,\"caption\":\"trojnik-50-45-st-szary\"},{\"@type\":\"BreadcrumbList\",\"@id\":\"https:\/\/plasmet.bochnia.pl\/de\/produkt\/t-stueck\/#breadcrumb\",\"itemListElement\":[{\"@type\":\"ListItem\",\"position\":1,\"name\":\"Strona g\u0142\u00f3wna\",\"item\":\"https:\/\/plasmet.bochnia.pl\/de\/\"},{\"@type\":\"ListItem\",\"position\":2,\"name\":\"Shop\",\"item\":\"https:\/\/plasmet.bochnia.pl\/de\/shop\/\"},{\"@type\":\"ListItem\",\"position\":3,\"name\":\"T-St\u00fcck\"}]},{\"@type\":\"WebSite\",\"@id\":\"https:\/\/plasmet.bochnia.pl\/de\/#website\",\"url\":\"https:\/\/plasmet.bochnia.pl\/de\/\",\"name\":\"Plasmet\",\"description\":\"Plasmet\",\"alternateName\":\"Plasmet\",\"potentialAction\":[{\"@type\":\"SearchAction\",\"target\":{\"@type\":\"EntryPoint\",\"urlTemplate\":\"https:\/\/plasmet.bochnia.pl\/de\/?s={search_term_string}\"},\"query-input\":{\"@type\":\"PropertyValueSpecification\",\"valueRequired\":true,\"valueName\":\"search_term_string\"}}],\"inLanguage\":\"de\"}]}<\/script>\n<!-- \/ Yoast SEO plugin. -->","yoast_head_json":{"title":"T-St\u00fcck - Plasmet","description":"T-St\u00fcck \u2013 producent i hurtownia Plasmet. Oferujemy wysok\u0105 jako\u015b\u0107, szeroki wyb\u00f3r i dobre ceny. Zapraszamy do sprawdzenia oferty!","robots":{"index":"index","follow":"follow","max-snippet":"max-snippet:-1","max-image-preview":"max-image-preview:large","max-video-preview":"max-video-preview:-1"},"canonical":"https:\/\/plasmet.bochnia.pl\/de\/produkt\/t-stueck\/","og_locale":"de_DE","og_type":"article","og_title":"T-St\u00fcck - Plasmet","og_description":"T-St\u00fcck \u2013 producent i hurtownia Plasmet. Oferujemy wysok\u0105 jako\u015b\u0107, szeroki wyb\u00f3r i dobre ceny. Zapraszamy do sprawdzenia oferty!","og_url":"https:\/\/plasmet.bochnia.pl\/de\/produkt\/t-stueck\/","og_site_name":"Plasmet","og_image":[{"width":800,"height":600,"url":"https:\/\/plasmet.bochnia.pl\/wp-content\/uploads\/2024\/11\/trojnik-50-45-st-szary.jpg","type":"image\/jpeg"}],"twitter_card":"summary_large_image","twitter_misc":{"Gesch\u00e4tzte Lesezeit":"1\u00a0Minute"},"schema":{"@context":"https:\/\/schema.org","@graph":[{"@type":"WebPage","@id":"https:\/\/plasmet.bochnia.pl\/de\/produkt\/t-stueck\/","url":"https:\/\/plasmet.bochnia.pl\/de\/produkt\/t-stueck\/","name":"T-St\u00fcck - Plasmet","isPartOf":{"@id":"https:\/\/plasmet.bochnia.pl\/de\/#website"},"primaryImageOfPage":{"@id":"https:\/\/plasmet.bochnia.pl\/de\/produkt\/t-stueck\/#primaryimage"},"image":{"@id":"https:\/\/plasmet.bochnia.pl\/de\/produkt\/t-stueck\/#primaryimage"},"thumbnailUrl":"https:\/\/plasmet.bochnia.pl\/wp-content\/uploads\/2024\/11\/trojnik-50-45-st-szary.jpg","datePublished":"2024-11-20T15:28:40+00:00","description":"T-St\u00fcck \u2013 producent i hurtownia Plasmet. Oferujemy wysok\u0105 jako\u015b\u0107, szeroki wyb\u00f3r i dobre ceny. Zapraszamy do sprawdzenia oferty!","breadcrumb":{"@id":"https:\/\/plasmet.bochnia.pl\/de\/produkt\/t-stueck\/#breadcrumb"},"inLanguage":"de","potentialAction":[{"@type":"ReadAction","target":["https:\/\/plasmet.bochnia.pl\/de\/produkt\/t-stueck\/"]}]},{"@type":"ImageObject","inLanguage":"de","@id":"https:\/\/plasmet.bochnia.pl\/de\/produkt\/t-stueck\/#primaryimage","url":"https:\/\/plasmet.bochnia.pl\/wp-content\/uploads\/2024\/11\/trojnik-50-45-st-szary.jpg","contentUrl":"https:\/\/plasmet.bochnia.pl\/wp-content\/uploads\/2024\/11\/trojnik-50-45-st-szary.jpg","width":800,"height":600,"caption":"trojnik-50-45-st-szary"},{"@type":"BreadcrumbList","@id":"https:\/\/plasmet.bochnia.pl\/de\/produkt\/t-stueck\/#breadcrumb","itemListElement":[{"@type":"ListItem","position":1,"name":"Strona g\u0142\u00f3wna","item":"https:\/\/plasmet.bochnia.pl\/de\/"},{"@type":"ListItem","position":2,"name":"Shop","item":"https:\/\/plasmet.bochnia.pl\/de\/shop\/"},{"@type":"ListItem","position":3,"name":"T-St\u00fcck"}]},{"@type":"WebSite","@id":"https:\/\/plasmet.bochnia.pl\/de\/#website","url":"https:\/\/plasmet.bochnia.pl\/de\/","name":"Plasmet","description":"Plasmet","alternateName":"Plasmet","potentialAction":[{"@type":"SearchAction","target":{"@type":"EntryPoint","urlTemplate":"https:\/\/plasmet.bochnia.pl\/de\/?s={search_term_string}"},"query-input":{"@type":"PropertyValueSpecification","valueRequired":true,"valueName":"search_term_string"}}],"inLanguage":"de"}]}},"taxonomy_info":{"product_cat":[{"value":1343,"label":"Kanal-T-St\u00fccke"},{"value":1319,"label":"Sanit\u00e4r- und Regenkanalisation"}],"pa_kolor":[{"value":1379,"label":"Grau"},{"value":1372,"label":"Wei\u00df"}],"pa_wersja":[{"value":1809,"label":"32\/45\u00b0"},{"value":1811,"label":"32\/67\u00b0"},{"value":1813,"label":"32\/90\u00b0"},{"value":1825,"label":"50\/45\u00b0"},{"value":1827,"label":"50\/67\u00b0"},{"value":1829,"label":"50\/90\u00b0"}]},"featured_image_src_large":["https:\/\/plasmet.bochnia.pl\/wp-content\/uploads\/2024\/11\/trojnik-50-45-st-szary.jpg",800,600,false],"author_info":[],"comment_info":"","_links":{"self":[{"href":"https:\/\/plasmet.bochnia.pl\/de\/wp-json\/wp\/v2\/product\/16797","targetHints":{"allow":["GET"]}}],"collection":[{"href":"https:\/\/plasmet.bochnia.pl\/de\/wp-json\/wp\/v2\/product"}],"about":[{"href":"https:\/\/plasmet.bochnia.pl\/de\/wp-json\/wp\/v2\/types\/product"}],"wp:featuredmedia":[{"embeddable":true,"href":"https:\/\/plasmet.bochnia.pl\/de\/wp-json\/wp\/v2\/media\/7310"}],"wp:attachment":[{"href":"https:\/\/plasmet.bochnia.pl\/de\/wp-json\/wp\/v2\/media?parent=16797"}],"wp:term":[{"taxonomy":"product_brand","embeddable":true,"href":"https:\/\/plasmet.bochnia.pl\/de\/wp-json\/wp\/v2\/product_brand?post=16797"},{"taxonomy":"product_cat","embeddable":true,"href":"https:\/\/plasmet.bochnia.pl\/de\/wp-json\/wp\/v2\/product_cat?post=16797"},{"taxonomy":"product_tag","embeddable":true,"href":"https:\/\/plasmet.bochnia.pl\/de\/wp-json\/wp\/v2\/product_tag?post=16797"}],"curies":[{"name":"wp","href":"https:\/\/api.w.org\/{rel}","templated":true}]}}