{"id":16736,"date":"2024-10-19T22:39:36","date_gmt":"2024-10-19T20:39:36","guid":{"rendered":"https:\/\/plasmet.bochnia.pl\/produkt\/stopfen-fuer-abwasserrohre-2\/"},"modified":"2024-10-19T22:39:36","modified_gmt":"2024-10-19T20:39:36","slug":"stopfen-fuer-abwasserrohre-2","status":"publish","type":"product","link":"https:\/\/plasmet.bochnia.pl\/de\/produkt\/stopfen-fuer-abwasserrohre-2\/","title":{"rendered":"Stopfen f\u00fcr Abwasserrohre"},"content":{"rendered":"<h2>Kanalisationsrohrstopfen &#8211; Zuverl\u00e4ssigkeit und Dichtheit in Abwassersystemen<\/h2>\n<p>Der Kanalisationsst\u00f6psel ist eine Schl\u00fcsselkomponente in Abwassersystemen, die daf\u00fcr sorgt, dass der Abfluss des Abwassers effektiv abgesperrt wird. Der aus hochwertigen Materialien gefertigte Stopfen ist resistent gegen Feuchtigkeit und mechanische Besch\u00e4digungen und gew\u00e4hrleistet eine lange Lebensdauer bei professionellen Installationen. Dieses Produkt ist besonders f\u00fcr Installationsunternehmen zu empfehlen, die mit der Installation von Abwassersystemen mit hohen Anforderungen betraut sind.  <\/p>\n<h3>Anwendung und Spezifikation<\/h3>\n<p>Der Stopfen f\u00fcr Abwasserrohre ist ideal f\u00fcr eine Vielzahl von Abwassersystemen und gew\u00e4hrleistet eine vollst\u00e4ndige Abdichtung und Widerstandsf\u00e4higkeit gegen die Elemente. Der St\u00f6psel ist in verschiedenen Gr\u00f6\u00dfen erh\u00e4ltlich und kann leicht an den meisten Abwasserrohren angebracht werden. <\/p>\n<h3>Produktvorteile<\/h3>\n<ul>\n<li>Hohe Widerstandsf\u00e4higkeit gegen Druck und mechanische Besch\u00e4digung<\/li>\n<li>Ideal f\u00fcr den Einsatz in professionellen Abwassersystemen<\/li>\n<li>Einfache Installation und anpassbar an verschiedene Rohrgr\u00f6\u00dfen<\/li>\n<li>Produkt in gro\u00dfen Mengen verf\u00fcgbar, schnelle Auftragsabwicklung<\/li>\n<\/ul>\n<p>Wenn Sie sich f\u00fcr unseren Kanalisationsstopfen entscheiden, erhalten Sie ein Produkt, das einen langlebigen und zuverl\u00e4ssigen Betrieb in Ihren Anlagen gew\u00e4hrleistet.<\/p>\n","protected":false},"excerpt":{"rendered":"<p>Der Kanalrohrstopfen aus robusten Materialien sorgt f\u00fcr eine zuverl\u00e4ssige Abdichtung und Haltbarkeit in professionellen Abwassersystemen. Erh\u00e4ltlich in verschiedenen Gr\u00f6\u00dfen. <\/p>\n","protected":false},"featured_media":16740,"template":"","meta":{"_acf_changed":false,"_kad_blocks_custom_css":"","_kad_blocks_head_custom_js":"","_kad_blocks_body_custom_js":"","_kad_blocks_footer_custom_js":"","_kad_post_transparent":"","_kad_post_title":"","_kad_post_layout":"","_kad_post_sidebar_id":"","_kad_post_content_style":"","_kad_post_vertical_padding":"","_kad_post_feature":"","_kad_post_feature_position":"","_kad_post_header":false,"_kad_post_footer":false,"_kad_post_classname":""},"product_brand":[],"product_cat":[1323,1319],"product_tag":[],"class_list":{"0":"post-16736","1":"product","2":"type-product","3":"status-publish","4":"has-post-thumbnail","6":"product_cat-kanalstopfen-und-rohrverschlusse","7":"product_cat-sanitar-und-regenkanalisation","8":"pa_kolor-orange-de","9":"pa_wersja-110-de","10":"pa_wersja-160-de","11":"pa_wersja-160-langer-muffe","12":"pa_wersja-200-de","13":"pa_wersja-250-de","14":"pa_wersja-315-de","15":"pa_wersja-400-de","17":"first","18":"instock","19":"product-type-variable","20":"entry","21":"content-bg","22":"loop-entry"},"acf":[],"yoast_head":"<!-- This site is optimized with the Yoast SEO plugin v25.1 - https:\/\/yoast.com\/wordpress\/plugins\/seo\/ -->\n<title>Stopfen f\u00fcr Abwasserrohre - Plasmet<\/title>\n<meta name=\"description\" content=\"Stopfen f\u00fcr Abwasserrohre \u2013 producent i hurtownia Plasmet. Oferujemy wysok\u0105 jako\u015b\u0107, szeroki wyb\u00f3r i dobre ceny. Zapraszamy do sprawdzenia oferty!\" \/>\n<meta name=\"robots\" content=\"index, follow, max-snippet:-1, max-image-preview:large, max-video-preview:-1\" \/>\n<link rel=\"canonical\" href=\"https:\/\/plasmet.bochnia.pl\/de\/produkt\/stopfen-fuer-abwasserrohre-2\/\" \/>\n<meta property=\"og:locale\" content=\"de_DE\" \/>\n<meta property=\"og:type\" content=\"article\" \/>\n<meta property=\"og:title\" content=\"Stopfen f\u00fcr Abwasserrohre - Plasmet\" \/>\n<meta property=\"og:description\" content=\"Stopfen f\u00fcr Abwasserrohre \u2013 producent i hurtownia Plasmet. Oferujemy wysok\u0105 jako\u015b\u0107, szeroki wyb\u00f3r i dobre ceny. Zapraszamy do sprawdzenia oferty!\" \/>\n<meta property=\"og:url\" content=\"https:\/\/plasmet.bochnia.pl\/de\/produkt\/stopfen-fuer-abwasserrohre-2\/\" \/>\n<meta property=\"og:site_name\" content=\"Plasmet\" \/>\n<meta property=\"og:image\" content=\"https:\/\/plasmet.bochnia.pl\/wp-content\/uploads\/2024\/10\/korek-do-rury-kanalizacyjnej-160-pomaranczowy-1.jpg\" \/>\n\t<meta property=\"og:image:width\" content=\"800\" \/>\n\t<meta property=\"og:image:height\" content=\"800\" \/>\n\t<meta property=\"og:image:type\" content=\"image\/jpeg\" \/>\n<meta name=\"twitter:card\" content=\"summary_large_image\" \/>\n<meta name=\"twitter:label1\" content=\"Gesch\u00e4tzte Lesezeit\" \/>\n\t<meta name=\"twitter:data1\" content=\"1\u00a0Minute\" \/>\n<script type=\"application\/ld+json\" class=\"yoast-schema-graph\">{\"@context\":\"https:\/\/schema.org\",\"@graph\":[{\"@type\":\"WebPage\",\"@id\":\"https:\/\/plasmet.bochnia.pl\/de\/produkt\/stopfen-fuer-abwasserrohre-2\/\",\"url\":\"https:\/\/plasmet.bochnia.pl\/de\/produkt\/stopfen-fuer-abwasserrohre-2\/\",\"name\":\"Stopfen f\u00fcr Abwasserrohre - Plasmet\",\"isPartOf\":{\"@id\":\"https:\/\/plasmet.bochnia.pl\/de\/#website\"},\"primaryImageOfPage\":{\"@id\":\"https:\/\/plasmet.bochnia.pl\/de\/produkt\/stopfen-fuer-abwasserrohre-2\/#primaryimage\"},\"image\":{\"@id\":\"https:\/\/plasmet.bochnia.pl\/de\/produkt\/stopfen-fuer-abwasserrohre-2\/#primaryimage\"},\"thumbnailUrl\":\"https:\/\/plasmet.bochnia.pl\/wp-content\/uploads\/2024\/10\/korek-do-rury-kanalizacyjnej-160-pomaranczowy-1.jpg\",\"datePublished\":\"2024-10-19T20:39:36+00:00\",\"description\":\"Stopfen f\u00fcr Abwasserrohre \u2013 producent i hurtownia Plasmet. Oferujemy wysok\u0105 jako\u015b\u0107, szeroki wyb\u00f3r i dobre ceny. Zapraszamy do sprawdzenia oferty!\",\"breadcrumb\":{\"@id\":\"https:\/\/plasmet.bochnia.pl\/de\/produkt\/stopfen-fuer-abwasserrohre-2\/#breadcrumb\"},\"inLanguage\":\"de\",\"potentialAction\":[{\"@type\":\"ReadAction\",\"target\":[\"https:\/\/plasmet.bochnia.pl\/de\/produkt\/stopfen-fuer-abwasserrohre-2\/\"]}]},{\"@type\":\"ImageObject\",\"inLanguage\":\"de\",\"@id\":\"https:\/\/plasmet.bochnia.pl\/de\/produkt\/stopfen-fuer-abwasserrohre-2\/#primaryimage\",\"url\":\"https:\/\/plasmet.bochnia.pl\/wp-content\/uploads\/2024\/10\/korek-do-rury-kanalizacyjnej-160-pomaranczowy-1.jpg\",\"contentUrl\":\"https:\/\/plasmet.bochnia.pl\/wp-content\/uploads\/2024\/10\/korek-do-rury-kanalizacyjnej-160-pomaranczowy-1.jpg\",\"width\":800,\"height\":800,\"caption\":\"korek-do-rury-kanalizacyjnej-160-pomaranczowy-1\"},{\"@type\":\"BreadcrumbList\",\"@id\":\"https:\/\/plasmet.bochnia.pl\/de\/produkt\/stopfen-fuer-abwasserrohre-2\/#breadcrumb\",\"itemListElement\":[{\"@type\":\"ListItem\",\"position\":1,\"name\":\"Strona g\u0142\u00f3wna\",\"item\":\"https:\/\/plasmet.bochnia.pl\/de\/\"},{\"@type\":\"ListItem\",\"position\":2,\"name\":\"Shop\",\"item\":\"https:\/\/plasmet.bochnia.pl\/de\/shop\/\"},{\"@type\":\"ListItem\",\"position\":3,\"name\":\"Stopfen f\u00fcr Abwasserrohre\"}]},{\"@type\":\"WebSite\",\"@id\":\"https:\/\/plasmet.bochnia.pl\/de\/#website\",\"url\":\"https:\/\/plasmet.bochnia.pl\/de\/\",\"name\":\"Plasmet\",\"description\":\"Plasmet\",\"alternateName\":\"Plasmet\",\"potentialAction\":[{\"@type\":\"SearchAction\",\"target\":{\"@type\":\"EntryPoint\",\"urlTemplate\":\"https:\/\/plasmet.bochnia.pl\/de\/?s={search_term_string}\"},\"query-input\":{\"@type\":\"PropertyValueSpecification\",\"valueRequired\":true,\"valueName\":\"search_term_string\"}}],\"inLanguage\":\"de\"}]}<\/script>\n<!-- \/ Yoast SEO plugin. -->","yoast_head_json":{"title":"Stopfen f\u00fcr Abwasserrohre - Plasmet","description":"Stopfen f\u00fcr Abwasserrohre \u2013 producent i hurtownia Plasmet. Oferujemy wysok\u0105 jako\u015b\u0107, szeroki wyb\u00f3r i dobre ceny. Zapraszamy do sprawdzenia oferty!","robots":{"index":"index","follow":"follow","max-snippet":"max-snippet:-1","max-image-preview":"max-image-preview:large","max-video-preview":"max-video-preview:-1"},"canonical":"https:\/\/plasmet.bochnia.pl\/de\/produkt\/stopfen-fuer-abwasserrohre-2\/","og_locale":"de_DE","og_type":"article","og_title":"Stopfen f\u00fcr Abwasserrohre - Plasmet","og_description":"Stopfen f\u00fcr Abwasserrohre \u2013 producent i hurtownia Plasmet. Oferujemy wysok\u0105 jako\u015b\u0107, szeroki wyb\u00f3r i dobre ceny. Zapraszamy do sprawdzenia oferty!","og_url":"https:\/\/plasmet.bochnia.pl\/de\/produkt\/stopfen-fuer-abwasserrohre-2\/","og_site_name":"Plasmet","og_image":[{"width":800,"height":800,"url":"https:\/\/plasmet.bochnia.pl\/wp-content\/uploads\/2024\/10\/korek-do-rury-kanalizacyjnej-160-pomaranczowy-1.jpg","type":"image\/jpeg"}],"twitter_card":"summary_large_image","twitter_misc":{"Gesch\u00e4tzte Lesezeit":"1\u00a0Minute"},"schema":{"@context":"https:\/\/schema.org","@graph":[{"@type":"WebPage","@id":"https:\/\/plasmet.bochnia.pl\/de\/produkt\/stopfen-fuer-abwasserrohre-2\/","url":"https:\/\/plasmet.bochnia.pl\/de\/produkt\/stopfen-fuer-abwasserrohre-2\/","name":"Stopfen f\u00fcr Abwasserrohre - Plasmet","isPartOf":{"@id":"https:\/\/plasmet.bochnia.pl\/de\/#website"},"primaryImageOfPage":{"@id":"https:\/\/plasmet.bochnia.pl\/de\/produkt\/stopfen-fuer-abwasserrohre-2\/#primaryimage"},"image":{"@id":"https:\/\/plasmet.bochnia.pl\/de\/produkt\/stopfen-fuer-abwasserrohre-2\/#primaryimage"},"thumbnailUrl":"https:\/\/plasmet.bochnia.pl\/wp-content\/uploads\/2024\/10\/korek-do-rury-kanalizacyjnej-160-pomaranczowy-1.jpg","datePublished":"2024-10-19T20:39:36+00:00","description":"Stopfen f\u00fcr Abwasserrohre \u2013 producent i hurtownia Plasmet. Oferujemy wysok\u0105 jako\u015b\u0107, szeroki wyb\u00f3r i dobre ceny. Zapraszamy do sprawdzenia oferty!","breadcrumb":{"@id":"https:\/\/plasmet.bochnia.pl\/de\/produkt\/stopfen-fuer-abwasserrohre-2\/#breadcrumb"},"inLanguage":"de","potentialAction":[{"@type":"ReadAction","target":["https:\/\/plasmet.bochnia.pl\/de\/produkt\/stopfen-fuer-abwasserrohre-2\/"]}]},{"@type":"ImageObject","inLanguage":"de","@id":"https:\/\/plasmet.bochnia.pl\/de\/produkt\/stopfen-fuer-abwasserrohre-2\/#primaryimage","url":"https:\/\/plasmet.bochnia.pl\/wp-content\/uploads\/2024\/10\/korek-do-rury-kanalizacyjnej-160-pomaranczowy-1.jpg","contentUrl":"https:\/\/plasmet.bochnia.pl\/wp-content\/uploads\/2024\/10\/korek-do-rury-kanalizacyjnej-160-pomaranczowy-1.jpg","width":800,"height":800,"caption":"korek-do-rury-kanalizacyjnej-160-pomaranczowy-1"},{"@type":"BreadcrumbList","@id":"https:\/\/plasmet.bochnia.pl\/de\/produkt\/stopfen-fuer-abwasserrohre-2\/#breadcrumb","itemListElement":[{"@type":"ListItem","position":1,"name":"Strona g\u0142\u00f3wna","item":"https:\/\/plasmet.bochnia.pl\/de\/"},{"@type":"ListItem","position":2,"name":"Shop","item":"https:\/\/plasmet.bochnia.pl\/de\/shop\/"},{"@type":"ListItem","position":3,"name":"Stopfen f\u00fcr Abwasserrohre"}]},{"@type":"WebSite","@id":"https:\/\/plasmet.bochnia.pl\/de\/#website","url":"https:\/\/plasmet.bochnia.pl\/de\/","name":"Plasmet","description":"Plasmet","alternateName":"Plasmet","potentialAction":[{"@type":"SearchAction","target":{"@type":"EntryPoint","urlTemplate":"https:\/\/plasmet.bochnia.pl\/de\/?s={search_term_string}"},"query-input":{"@type":"PropertyValueSpecification","valueRequired":true,"valueName":"search_term_string"}}],"inLanguage":"de"}]}},"taxonomy_info":{"product_cat":[{"value":1323,"label":"Kanalstopfen und Rohrverschl\u00fcsse"},{"value":1319,"label":"Sanit\u00e4r- und Regenkanalisation"}],"pa_kolor":[{"value":1378,"label":"Orange"}],"pa_wersja":[{"value":1640,"label":"110"},{"value":1666,"label":"160"},{"value":1849,"label":"160 langer Muffe"},{"value":1676,"label":"200"},{"value":1686,"label":"250"},{"value":1694,"label":"315"},{"value":1704,"label":"400"}]},"featured_image_src_large":["https:\/\/plasmet.bochnia.pl\/wp-content\/uploads\/2024\/10\/korek-do-rury-kanalizacyjnej-160-pomaranczowy-1.jpg",800,800,false],"author_info":[],"comment_info":"","_links":{"self":[{"href":"https:\/\/plasmet.bochnia.pl\/de\/wp-json\/wp\/v2\/product\/16736","targetHints":{"allow":["GET"]}}],"collection":[{"href":"https:\/\/plasmet.bochnia.pl\/de\/wp-json\/wp\/v2\/product"}],"about":[{"href":"https:\/\/plasmet.bochnia.pl\/de\/wp-json\/wp\/v2\/types\/product"}],"wp:featuredmedia":[{"embeddable":true,"href":"https:\/\/plasmet.bochnia.pl\/de\/wp-json\/wp\/v2\/media\/16740"}],"wp:attachment":[{"href":"https:\/\/plasmet.bochnia.pl\/de\/wp-json\/wp\/v2\/media?parent=16736"}],"wp:term":[{"taxonomy":"product_brand","embeddable":true,"href":"https:\/\/plasmet.bochnia.pl\/de\/wp-json\/wp\/v2\/product_brand?post=16736"},{"taxonomy":"product_cat","embeddable":true,"href":"https:\/\/plasmet.bochnia.pl\/de\/wp-json\/wp\/v2\/product_cat?post=16736"},{"taxonomy":"product_tag","embeddable":true,"href":"https:\/\/plasmet.bochnia.pl\/de\/wp-json\/wp\/v2\/product_tag?post=16736"}],"curies":[{"name":"wp","href":"https:\/\/api.w.org\/{rel}","templated":true}]}}