{"id":16545,"date":"2024-11-20T16:30:09","date_gmt":"2024-11-20T15:30:09","guid":{"rendered":"https:\/\/plasmet.bochnia.pl\/produkt\/kappe\/"},"modified":"2024-11-20T16:30:09","modified_gmt":"2024-11-20T15:30:09","slug":"kappe","status":"publish","type":"product","link":"https:\/\/plasmet.bochnia.pl\/de\/produkt\/kappe\/","title":{"rendered":"Kappe"},"content":{"rendered":"<h2>Abwasserrohrstopfen &#8211; dauerhafter Verschluss<\/h2>\n<p>Der Kanalisationsstopfen ist ein unverzichtbarer Bestandteil von Abwassersystemen, um die Rohrenden vor Verunreinigungen zu sch\u00fctzen. Der Stopfen aus strapazierf\u00e4higem Kunststoff in Orange ist resistent gegen Feuchtigkeit, Chemikalien und wechselnde Wetterbedingungen. Erh\u00e4ltlich in einer Vielzahl von Durchmessern, von 110 mm bis 315 mm, um einer Vielzahl von Installationen gerecht zu werden.  <\/p>\n<h3>Produkt Spezifikationen<\/h3>\n<ul>\n<li>Farbe: orange<\/li>\n<li>Durchmesser:\n<ul>\n<li>110 mm<\/li>\n<li>160 mm<\/li>\n<li>200 mm<\/li>\n<li>250 mm<\/li>\n<li>315 mm<\/li>\n<\/ul>\n<\/li>\n<li>Material: stabiler Kunststoff<\/li>\n<li>Zweck: Abdichtung von Rohrenden in Abwassersystemen<\/li>\n<li>Best\u00e4ndigkeit: gegen Feuchtigkeit, Chemikalien und wechselnde Witterungsbedingungen<\/li>\n<\/ul>\n<h3>Anwendung<\/h3>\n<p>Der Kanalisationsrohrstopfen wird in externen Entw\u00e4sserungssystemen verwendet, sowohl in Sanit\u00e4r- als auch in Regenwasserinstallationen. Das Produkt ist ideal f\u00fcr den Rohrabschluss und sch\u00fctzt die Installation vor unerw\u00fcnschtem Schmutz. Wird auf das blanke Ende des Rohrs montiert.  <\/p>\n<h3>Produktvorteile<\/h3>\n<ul>\n<li>Gro\u00dfe Auswahl an Durchmessern f\u00fcr unterschiedliche Installationsanforderungen<\/li>\n<li>Widerstandsf\u00e4hig gegen Feuchtigkeit, Chemikalien und Witterungseinfl\u00fcsse<\/li>\n<li>Langlebige Konstruktion<\/li>\n<li>Einfache Installation dank Pr\u00e4zisionstechnik<\/li>\n<li>Universeller Einsatz in externen Entw\u00e4sserungssystemen<\/li>\n<\/ul>\n<p>Der orangefarbene Kanalisationsrohrstopfen ist ein zuverl\u00e4ssiges Produkt, das die Haltbarkeit der Installation gew\u00e4hrleistet. Dank seiner verschiedenen Gr\u00f6\u00dfen wird er selbst den Anforderungen der anspruchsvollsten Projekte gerecht. <\/p>\n","protected":false},"excerpt":{"rendered":"<p>Kanalisationsrohr-Endkappe in Orange, erh\u00e4ltlich in Durchmessern von 110 mm bis 315 mm. Zum dauerhaften Verschlie\u00dfen von Rohrenden in Abwassersystemen. <\/p>\n","protected":false},"featured_media":16559,"template":"","meta":{"_acf_changed":false,"_kad_blocks_custom_css":"","_kad_blocks_head_custom_js":"","_kad_blocks_body_custom_js":"","_kad_blocks_footer_custom_js":"","_kad_post_transparent":"","_kad_post_title":"","_kad_post_layout":"","_kad_post_sidebar_id":"","_kad_post_content_style":"","_kad_post_vertical_padding":"","_kad_post_feature":"","_kad_post_feature_position":"","_kad_post_header":false,"_kad_post_footer":false,"_kad_post_classname":""},"product_brand":[],"product_cat":[1323,1319],"product_tag":[],"class_list":{"0":"post-16545","1":"product","2":"type-product","3":"status-publish","4":"has-post-thumbnail","6":"product_cat-kanalstopfen-und-rohrverschlusse","7":"product_cat-sanitar-und-regenkanalisation","8":"pa_kolor-orange-de","9":"pa_wersja-110-de","10":"pa_wersja-160-de","11":"pa_wersja-200-de","12":"pa_wersja-250-de","13":"pa_wersja-315-de","15":"first","16":"instock","17":"product-type-variable","18":"entry","19":"content-bg","20":"loop-entry"},"acf":[],"yoast_head":"<!-- This site is optimized with the Yoast SEO plugin v25.1 - https:\/\/yoast.com\/wordpress\/plugins\/seo\/ -->\n<title>Kappe - Plasmet<\/title>\n<meta name=\"description\" content=\"Kappe \u2013 producent i hurtownia Plasmet. Oferujemy wysok\u0105 jako\u015b\u0107, szeroki wyb\u00f3r i dobre ceny. Zapraszamy do sprawdzenia oferty!\" \/>\n<meta name=\"robots\" content=\"index, follow, max-snippet:-1, max-image-preview:large, max-video-preview:-1\" \/>\n<link rel=\"canonical\" href=\"https:\/\/plasmet.bochnia.pl\/de\/produkt\/kappe\/\" \/>\n<meta property=\"og:locale\" content=\"de_DE\" \/>\n<meta property=\"og:type\" content=\"article\" \/>\n<meta property=\"og:title\" content=\"Kappe - Plasmet\" \/>\n<meta property=\"og:description\" content=\"Kappe \u2013 producent i hurtownia Plasmet. Oferujemy wysok\u0105 jako\u015b\u0107, szeroki wyb\u00f3r i dobre ceny. Zapraszamy do sprawdzenia oferty!\" \/>\n<meta property=\"og:url\" content=\"https:\/\/plasmet.bochnia.pl\/de\/produkt\/kappe\/\" \/>\n<meta property=\"og:site_name\" content=\"Plasmet\" \/>\n<meta property=\"og:image\" content=\"https:\/\/plasmet.bochnia.pl\/wp-content\/uploads\/2024\/11\/zaslepka-250-pomaranczowa-1.jpg\" \/>\n\t<meta property=\"og:image:width\" content=\"800\" \/>\n\t<meta property=\"og:image:height\" content=\"800\" \/>\n\t<meta property=\"og:image:type\" content=\"image\/jpeg\" \/>\n<meta name=\"twitter:card\" content=\"summary_large_image\" \/>\n<meta name=\"twitter:label1\" content=\"Gesch\u00e4tzte Lesezeit\" \/>\n\t<meta name=\"twitter:data1\" content=\"1\u00a0Minute\" \/>\n<script type=\"application\/ld+json\" class=\"yoast-schema-graph\">{\"@context\":\"https:\/\/schema.org\",\"@graph\":[{\"@type\":\"WebPage\",\"@id\":\"https:\/\/plasmet.bochnia.pl\/de\/produkt\/kappe\/\",\"url\":\"https:\/\/plasmet.bochnia.pl\/de\/produkt\/kappe\/\",\"name\":\"Kappe - Plasmet\",\"isPartOf\":{\"@id\":\"https:\/\/plasmet.bochnia.pl\/de\/#website\"},\"primaryImageOfPage\":{\"@id\":\"https:\/\/plasmet.bochnia.pl\/de\/produkt\/kappe\/#primaryimage\"},\"image\":{\"@id\":\"https:\/\/plasmet.bochnia.pl\/de\/produkt\/kappe\/#primaryimage\"},\"thumbnailUrl\":\"https:\/\/plasmet.bochnia.pl\/wp-content\/uploads\/2024\/11\/zaslepka-250-pomaranczowa-1.jpg\",\"datePublished\":\"2024-11-20T15:30:09+00:00\",\"description\":\"Kappe \u2013 producent i hurtownia Plasmet. Oferujemy wysok\u0105 jako\u015b\u0107, szeroki wyb\u00f3r i dobre ceny. Zapraszamy do sprawdzenia oferty!\",\"breadcrumb\":{\"@id\":\"https:\/\/plasmet.bochnia.pl\/de\/produkt\/kappe\/#breadcrumb\"},\"inLanguage\":\"de\",\"potentialAction\":[{\"@type\":\"ReadAction\",\"target\":[\"https:\/\/plasmet.bochnia.pl\/de\/produkt\/kappe\/\"]}]},{\"@type\":\"ImageObject\",\"inLanguage\":\"de\",\"@id\":\"https:\/\/plasmet.bochnia.pl\/de\/produkt\/kappe\/#primaryimage\",\"url\":\"https:\/\/plasmet.bochnia.pl\/wp-content\/uploads\/2024\/11\/zaslepka-250-pomaranczowa-1.jpg\",\"contentUrl\":\"https:\/\/plasmet.bochnia.pl\/wp-content\/uploads\/2024\/11\/zaslepka-250-pomaranczowa-1.jpg\",\"width\":800,\"height\":800,\"caption\":\"zaslepka-250-pomaranczowa-1\"},{\"@type\":\"BreadcrumbList\",\"@id\":\"https:\/\/plasmet.bochnia.pl\/de\/produkt\/kappe\/#breadcrumb\",\"itemListElement\":[{\"@type\":\"ListItem\",\"position\":1,\"name\":\"Strona g\u0142\u00f3wna\",\"item\":\"https:\/\/plasmet.bochnia.pl\/de\/\"},{\"@type\":\"ListItem\",\"position\":2,\"name\":\"Shop\",\"item\":\"https:\/\/plasmet.bochnia.pl\/de\/shop\/\"},{\"@type\":\"ListItem\",\"position\":3,\"name\":\"Kappe\"}]},{\"@type\":\"WebSite\",\"@id\":\"https:\/\/plasmet.bochnia.pl\/de\/#website\",\"url\":\"https:\/\/plasmet.bochnia.pl\/de\/\",\"name\":\"Plasmet\",\"description\":\"Plasmet\",\"alternateName\":\"Plasmet\",\"potentialAction\":[{\"@type\":\"SearchAction\",\"target\":{\"@type\":\"EntryPoint\",\"urlTemplate\":\"https:\/\/plasmet.bochnia.pl\/de\/?s={search_term_string}\"},\"query-input\":{\"@type\":\"PropertyValueSpecification\",\"valueRequired\":true,\"valueName\":\"search_term_string\"}}],\"inLanguage\":\"de\"}]}<\/script>\n<!-- \/ Yoast SEO plugin. -->","yoast_head_json":{"title":"Kappe - Plasmet","description":"Kappe \u2013 producent i hurtownia Plasmet. Oferujemy wysok\u0105 jako\u015b\u0107, szeroki wyb\u00f3r i dobre ceny. Zapraszamy do sprawdzenia oferty!","robots":{"index":"index","follow":"follow","max-snippet":"max-snippet:-1","max-image-preview":"max-image-preview:large","max-video-preview":"max-video-preview:-1"},"canonical":"https:\/\/plasmet.bochnia.pl\/de\/produkt\/kappe\/","og_locale":"de_DE","og_type":"article","og_title":"Kappe - Plasmet","og_description":"Kappe \u2013 producent i hurtownia Plasmet. Oferujemy wysok\u0105 jako\u015b\u0107, szeroki wyb\u00f3r i dobre ceny. Zapraszamy do sprawdzenia oferty!","og_url":"https:\/\/plasmet.bochnia.pl\/de\/produkt\/kappe\/","og_site_name":"Plasmet","og_image":[{"width":800,"height":800,"url":"https:\/\/plasmet.bochnia.pl\/wp-content\/uploads\/2024\/11\/zaslepka-250-pomaranczowa-1.jpg","type":"image\/jpeg"}],"twitter_card":"summary_large_image","twitter_misc":{"Gesch\u00e4tzte Lesezeit":"1\u00a0Minute"},"schema":{"@context":"https:\/\/schema.org","@graph":[{"@type":"WebPage","@id":"https:\/\/plasmet.bochnia.pl\/de\/produkt\/kappe\/","url":"https:\/\/plasmet.bochnia.pl\/de\/produkt\/kappe\/","name":"Kappe - Plasmet","isPartOf":{"@id":"https:\/\/plasmet.bochnia.pl\/de\/#website"},"primaryImageOfPage":{"@id":"https:\/\/plasmet.bochnia.pl\/de\/produkt\/kappe\/#primaryimage"},"image":{"@id":"https:\/\/plasmet.bochnia.pl\/de\/produkt\/kappe\/#primaryimage"},"thumbnailUrl":"https:\/\/plasmet.bochnia.pl\/wp-content\/uploads\/2024\/11\/zaslepka-250-pomaranczowa-1.jpg","datePublished":"2024-11-20T15:30:09+00:00","description":"Kappe \u2013 producent i hurtownia Plasmet. Oferujemy wysok\u0105 jako\u015b\u0107, szeroki wyb\u00f3r i dobre ceny. Zapraszamy do sprawdzenia oferty!","breadcrumb":{"@id":"https:\/\/plasmet.bochnia.pl\/de\/produkt\/kappe\/#breadcrumb"},"inLanguage":"de","potentialAction":[{"@type":"ReadAction","target":["https:\/\/plasmet.bochnia.pl\/de\/produkt\/kappe\/"]}]},{"@type":"ImageObject","inLanguage":"de","@id":"https:\/\/plasmet.bochnia.pl\/de\/produkt\/kappe\/#primaryimage","url":"https:\/\/plasmet.bochnia.pl\/wp-content\/uploads\/2024\/11\/zaslepka-250-pomaranczowa-1.jpg","contentUrl":"https:\/\/plasmet.bochnia.pl\/wp-content\/uploads\/2024\/11\/zaslepka-250-pomaranczowa-1.jpg","width":800,"height":800,"caption":"zaslepka-250-pomaranczowa-1"},{"@type":"BreadcrumbList","@id":"https:\/\/plasmet.bochnia.pl\/de\/produkt\/kappe\/#breadcrumb","itemListElement":[{"@type":"ListItem","position":1,"name":"Strona g\u0142\u00f3wna","item":"https:\/\/plasmet.bochnia.pl\/de\/"},{"@type":"ListItem","position":2,"name":"Shop","item":"https:\/\/plasmet.bochnia.pl\/de\/shop\/"},{"@type":"ListItem","position":3,"name":"Kappe"}]},{"@type":"WebSite","@id":"https:\/\/plasmet.bochnia.pl\/de\/#website","url":"https:\/\/plasmet.bochnia.pl\/de\/","name":"Plasmet","description":"Plasmet","alternateName":"Plasmet","potentialAction":[{"@type":"SearchAction","target":{"@type":"EntryPoint","urlTemplate":"https:\/\/plasmet.bochnia.pl\/de\/?s={search_term_string}"},"query-input":{"@type":"PropertyValueSpecification","valueRequired":true,"valueName":"search_term_string"}}],"inLanguage":"de"}]}},"taxonomy_info":{"product_cat":[{"value":1323,"label":"Kanalstopfen und Rohrverschl\u00fcsse"},{"value":1319,"label":"Sanit\u00e4r- und Regenkanalisation"}],"pa_kolor":[{"value":1378,"label":"Orange"}],"pa_wersja":[{"value":1640,"label":"110"},{"value":1666,"label":"160"},{"value":1676,"label":"200"},{"value":1686,"label":"250"},{"value":1694,"label":"315"}]},"featured_image_src_large":["https:\/\/plasmet.bochnia.pl\/wp-content\/uploads\/2024\/11\/zaslepka-250-pomaranczowa-1.jpg",800,800,false],"author_info":[],"comment_info":"","_links":{"self":[{"href":"https:\/\/plasmet.bochnia.pl\/de\/wp-json\/wp\/v2\/product\/16545","targetHints":{"allow":["GET"]}}],"collection":[{"href":"https:\/\/plasmet.bochnia.pl\/de\/wp-json\/wp\/v2\/product"}],"about":[{"href":"https:\/\/plasmet.bochnia.pl\/de\/wp-json\/wp\/v2\/types\/product"}],"wp:featuredmedia":[{"embeddable":true,"href":"https:\/\/plasmet.bochnia.pl\/de\/wp-json\/wp\/v2\/media\/16559"}],"wp:attachment":[{"href":"https:\/\/plasmet.bochnia.pl\/de\/wp-json\/wp\/v2\/media?parent=16545"}],"wp:term":[{"taxonomy":"product_brand","embeddable":true,"href":"https:\/\/plasmet.bochnia.pl\/de\/wp-json\/wp\/v2\/product_brand?post=16545"},{"taxonomy":"product_cat","embeddable":true,"href":"https:\/\/plasmet.bochnia.pl\/de\/wp-json\/wp\/v2\/product_cat?post=16545"},{"taxonomy":"product_tag","embeddable":true,"href":"https:\/\/plasmet.bochnia.pl\/de\/wp-json\/wp\/v2\/product_tag?post=16545"}],"curies":[{"name":"wp","href":"https:\/\/api.w.org\/{rel}","templated":true}]}}