{"id":16485,"date":"2024-11-20T16:30:23","date_gmt":"2024-11-20T15:30:23","guid":{"rendered":"https:\/\/plasmet.bochnia.pl\/produkt\/einlagige-sturmklappe\/"},"modified":"2024-11-20T16:30:23","modified_gmt":"2024-11-20T15:30:23","slug":"einlagige-sturmklappe","status":"publish","type":"product","link":"https:\/\/plasmet.bochnia.pl\/de\/produkt\/einlagige-sturmklappe\/","title":{"rendered":"Einlagige Sturmklappe"},"content":{"rendered":"<h2>Einklappen-Sturmtor &#8211; zuverl\u00e4ssiger Schutz f\u00fcr Abwassersysteme<\/h2>\n<p>Der Ein-Klappen-Regenschieber ist eine Schl\u00fcsselkomponente von Abwassersystemen, die den R\u00fcckstau von Abwasser und Regenwasser in das System verhindert. Das Produkt ist aus strapazierf\u00e4higem Kunststoff gefertigt und bietet Langlebigkeit, Dichtheit und Best\u00e4ndigkeit gegen Chemikalien und Feuchtigkeit. Der Absperrschieber ist in einer breiten Palette von Durchmessern von 50 mm bis 315 mm erh\u00e4ltlich und passt damit in eine Vielzahl von Abwassersystemkonfigurationen.  <\/p>\n<h3>Produkt Spezifikationen<\/h3>\n<ul>\n<li>Typ: Einzel-Runde<\/li>\n<li>Durchmesser:\n<ul>\n<li>50 mm<\/li>\n<li>75 mm<\/li>\n<li>110 mm<\/li>\n<li>160 mm<\/li>\n<li>200 mm<\/li>\n<li>250 mm<\/li>\n<li>315 mm<\/li>\n<\/ul>\n<\/li>\n<li>Material: haltbarer Kunststoff<\/li>\n<li>Zweck: Schutz vor R\u00fcckfluss von Abwasser und Regenwasser<\/li>\n<li>Best\u00e4ndigkeit: gegen Feuchtigkeit, Chemikalien und wechselnde Witterungsbedingungen<\/li>\n<\/ul>\n<h3>Anwendung<\/h3>\n<p>Der Ein-Klappen-Regenschieber wird in der Sanit\u00e4r- und Regenwasserkanalisation von Wohn-, Gewerbe- und Industriegeb\u00e4uden eingesetzt. Das Produkt sch\u00fctzt effektiv vor einem Wasserr\u00fcckfluss bei starken Regenf\u00e4llen oder einem Ausfall des Abwassersystems und gew\u00e4hrleistet die Sicherheit von Anlagen und Einrichtungen. <\/p>\n<h3>Produktvorteile<\/h3>\n<ul>\n<li>Gro\u00dfe Auswahl an Durchmessern, von 50 mm bis 315 mm<\/li>\n<li>Best\u00e4ndig gegen Feuchtigkeit, Chemikalien und wechselnde Wetterbedingungen<\/li>\n<li>Strapazierf\u00e4higes Design f\u00fcr eine lange Nutzungsdauer<\/li>\n<li>Einfach zu installieren und an verschiedene Installationen anzupassen<\/li>\n<li>Wirksamer Schutz gegen den R\u00fcckfluss von Abwasser<\/li>\n<\/ul>\n<p>Der einfl\u00fcgelige Sturmschieber ist eine zuverl\u00e4ssige L\u00f6sung, die die Sicherheit von Abwassersystemen erh\u00f6ht. Dank seiner robusten Konstruktion und verschiedenen Abmessungen erf\u00fcllt das Produkt die h\u00f6chsten Anforderungen moderner Anlagen. <\/p>\n","protected":false},"excerpt":{"rendered":"<p>Einzelklappen-Regenschieber, erh\u00e4ltlich in Durchmessern von 50 mm bis 315 mm. Effektiver Schutz gegen den R\u00fcckfluss von Abwasser und Regenwasser in der Kanalisation. <\/p>\n","protected":false},"featured_media":8311,"template":"","meta":{"_acf_changed":false,"_kad_blocks_custom_css":"","_kad_blocks_head_custom_js":"","_kad_blocks_body_custom_js":"","_kad_blocks_footer_custom_js":"","_kad_post_transparent":"","_kad_post_title":"","_kad_post_layout":"","_kad_post_sidebar_id":"","_kad_post_content_style":"","_kad_post_vertical_padding":"","_kad_post_feature":"","_kad_post_feature_position":"","_kad_post_header":false,"_kad_post_footer":false,"_kad_post_classname":""},"product_brand":[],"product_cat":[1345,1319],"product_tag":[],"class_list":{"0":"post-16485","1":"product","2":"type-product","3":"status-publish","4":"has-post-thumbnail","6":"product_cat-ruckstauklappen-und-regenruckstauklappen","7":"product_cat-sanitar-und-regenkanalisation","8":"pa_wersja-110-de","9":"pa_wersja-160-de","10":"pa_wersja-200-de","11":"pa_wersja-250-de","12":"pa_wersja-315-de","13":"pa_wersja-50-de","14":"pa_wersja-75-de","16":"first","17":"instock","18":"product-type-variable","19":"entry","20":"content-bg","21":"loop-entry"},"acf":[],"yoast_head":"<!-- This site is optimized with the Yoast SEO plugin v25.1 - https:\/\/yoast.com\/wordpress\/plugins\/seo\/ -->\n<title>Einlagige Sturmklappe - Plasmet<\/title>\n<meta name=\"description\" content=\"Einlagige Sturmklappe \u2013 producent i hurtownia Plasmet. Oferujemy wysok\u0105 jako\u015b\u0107, szeroki wyb\u00f3r i dobre ceny. Zapraszamy do sprawdzenia oferty!\" \/>\n<meta name=\"robots\" content=\"index, follow, max-snippet:-1, max-image-preview:large, max-video-preview:-1\" \/>\n<link rel=\"canonical\" href=\"https:\/\/plasmet.bochnia.pl\/de\/produkt\/einlagige-sturmklappe\/\" \/>\n<meta property=\"og:locale\" content=\"de_DE\" \/>\n<meta property=\"og:type\" content=\"article\" \/>\n<meta property=\"og:title\" content=\"Einlagige Sturmklappe - Plasmet\" \/>\n<meta property=\"og:description\" content=\"Einlagige Sturmklappe \u2013 producent i hurtownia Plasmet. Oferujemy wysok\u0105 jako\u015b\u0107, szeroki wyb\u00f3r i dobre ceny. Zapraszamy do sprawdzenia oferty!\" \/>\n<meta property=\"og:url\" content=\"https:\/\/plasmet.bochnia.pl\/de\/produkt\/einlagige-sturmklappe\/\" \/>\n<meta property=\"og:site_name\" content=\"Plasmet\" \/>\n<meta property=\"og:image\" content=\"https:\/\/plasmet.bochnia.pl\/wp-content\/uploads\/2024\/11\/zasuwa-burzowa-jednoklapowa-75.jpg\" \/>\n\t<meta property=\"og:image:width\" content=\"800\" \/>\n\t<meta property=\"og:image:height\" content=\"600\" \/>\n\t<meta property=\"og:image:type\" content=\"image\/jpeg\" \/>\n<meta name=\"twitter:card\" content=\"summary_large_image\" \/>\n<meta name=\"twitter:label1\" content=\"Gesch\u00e4tzte Lesezeit\" \/>\n\t<meta name=\"twitter:data1\" content=\"1\u00a0Minute\" \/>\n<script type=\"application\/ld+json\" class=\"yoast-schema-graph\">{\"@context\":\"https:\/\/schema.org\",\"@graph\":[{\"@type\":\"WebPage\",\"@id\":\"https:\/\/plasmet.bochnia.pl\/de\/produkt\/einlagige-sturmklappe\/\",\"url\":\"https:\/\/plasmet.bochnia.pl\/de\/produkt\/einlagige-sturmklappe\/\",\"name\":\"Einlagige Sturmklappe - Plasmet\",\"isPartOf\":{\"@id\":\"https:\/\/plasmet.bochnia.pl\/de\/#website\"},\"primaryImageOfPage\":{\"@id\":\"https:\/\/plasmet.bochnia.pl\/de\/produkt\/einlagige-sturmklappe\/#primaryimage\"},\"image\":{\"@id\":\"https:\/\/plasmet.bochnia.pl\/de\/produkt\/einlagige-sturmklappe\/#primaryimage\"},\"thumbnailUrl\":\"https:\/\/plasmet.bochnia.pl\/wp-content\/uploads\/2024\/11\/zasuwa-burzowa-jednoklapowa-75.jpg\",\"datePublished\":\"2024-11-20T15:30:23+00:00\",\"description\":\"Einlagige Sturmklappe \u2013 producent i hurtownia Plasmet. Oferujemy wysok\u0105 jako\u015b\u0107, szeroki wyb\u00f3r i dobre ceny. Zapraszamy do sprawdzenia oferty!\",\"breadcrumb\":{\"@id\":\"https:\/\/plasmet.bochnia.pl\/de\/produkt\/einlagige-sturmklappe\/#breadcrumb\"},\"inLanguage\":\"de\",\"potentialAction\":[{\"@type\":\"ReadAction\",\"target\":[\"https:\/\/plasmet.bochnia.pl\/de\/produkt\/einlagige-sturmklappe\/\"]}]},{\"@type\":\"ImageObject\",\"inLanguage\":\"de\",\"@id\":\"https:\/\/plasmet.bochnia.pl\/de\/produkt\/einlagige-sturmklappe\/#primaryimage\",\"url\":\"https:\/\/plasmet.bochnia.pl\/wp-content\/uploads\/2024\/11\/zasuwa-burzowa-jednoklapowa-75.jpg\",\"contentUrl\":\"https:\/\/plasmet.bochnia.pl\/wp-content\/uploads\/2024\/11\/zasuwa-burzowa-jednoklapowa-75.jpg\",\"width\":800,\"height\":600,\"caption\":\"zasuwa-burzowa-jednoklapowa-75\"},{\"@type\":\"BreadcrumbList\",\"@id\":\"https:\/\/plasmet.bochnia.pl\/de\/produkt\/einlagige-sturmklappe\/#breadcrumb\",\"itemListElement\":[{\"@type\":\"ListItem\",\"position\":1,\"name\":\"Strona g\u0142\u00f3wna\",\"item\":\"https:\/\/plasmet.bochnia.pl\/de\/\"},{\"@type\":\"ListItem\",\"position\":2,\"name\":\"Shop\",\"item\":\"https:\/\/plasmet.bochnia.pl\/de\/shop\/\"},{\"@type\":\"ListItem\",\"position\":3,\"name\":\"Einlagige Sturmklappe\"}]},{\"@type\":\"WebSite\",\"@id\":\"https:\/\/plasmet.bochnia.pl\/de\/#website\",\"url\":\"https:\/\/plasmet.bochnia.pl\/de\/\",\"name\":\"Plasmet\",\"description\":\"Plasmet\",\"alternateName\":\"Plasmet\",\"potentialAction\":[{\"@type\":\"SearchAction\",\"target\":{\"@type\":\"EntryPoint\",\"urlTemplate\":\"https:\/\/plasmet.bochnia.pl\/de\/?s={search_term_string}\"},\"query-input\":{\"@type\":\"PropertyValueSpecification\",\"valueRequired\":true,\"valueName\":\"search_term_string\"}}],\"inLanguage\":\"de\"}]}<\/script>\n<!-- \/ Yoast SEO plugin. -->","yoast_head_json":{"title":"Einlagige Sturmklappe - Plasmet","description":"Einlagige Sturmklappe \u2013 producent i hurtownia Plasmet. Oferujemy wysok\u0105 jako\u015b\u0107, szeroki wyb\u00f3r i dobre ceny. Zapraszamy do sprawdzenia oferty!","robots":{"index":"index","follow":"follow","max-snippet":"max-snippet:-1","max-image-preview":"max-image-preview:large","max-video-preview":"max-video-preview:-1"},"canonical":"https:\/\/plasmet.bochnia.pl\/de\/produkt\/einlagige-sturmklappe\/","og_locale":"de_DE","og_type":"article","og_title":"Einlagige Sturmklappe - Plasmet","og_description":"Einlagige Sturmklappe \u2013 producent i hurtownia Plasmet. Oferujemy wysok\u0105 jako\u015b\u0107, szeroki wyb\u00f3r i dobre ceny. Zapraszamy do sprawdzenia oferty!","og_url":"https:\/\/plasmet.bochnia.pl\/de\/produkt\/einlagige-sturmklappe\/","og_site_name":"Plasmet","og_image":[{"width":800,"height":600,"url":"https:\/\/plasmet.bochnia.pl\/wp-content\/uploads\/2024\/11\/zasuwa-burzowa-jednoklapowa-75.jpg","type":"image\/jpeg"}],"twitter_card":"summary_large_image","twitter_misc":{"Gesch\u00e4tzte Lesezeit":"1\u00a0Minute"},"schema":{"@context":"https:\/\/schema.org","@graph":[{"@type":"WebPage","@id":"https:\/\/plasmet.bochnia.pl\/de\/produkt\/einlagige-sturmklappe\/","url":"https:\/\/plasmet.bochnia.pl\/de\/produkt\/einlagige-sturmklappe\/","name":"Einlagige Sturmklappe - Plasmet","isPartOf":{"@id":"https:\/\/plasmet.bochnia.pl\/de\/#website"},"primaryImageOfPage":{"@id":"https:\/\/plasmet.bochnia.pl\/de\/produkt\/einlagige-sturmklappe\/#primaryimage"},"image":{"@id":"https:\/\/plasmet.bochnia.pl\/de\/produkt\/einlagige-sturmklappe\/#primaryimage"},"thumbnailUrl":"https:\/\/plasmet.bochnia.pl\/wp-content\/uploads\/2024\/11\/zasuwa-burzowa-jednoklapowa-75.jpg","datePublished":"2024-11-20T15:30:23+00:00","description":"Einlagige Sturmklappe \u2013 producent i hurtownia Plasmet. Oferujemy wysok\u0105 jako\u015b\u0107, szeroki wyb\u00f3r i dobre ceny. Zapraszamy do sprawdzenia oferty!","breadcrumb":{"@id":"https:\/\/plasmet.bochnia.pl\/de\/produkt\/einlagige-sturmklappe\/#breadcrumb"},"inLanguage":"de","potentialAction":[{"@type":"ReadAction","target":["https:\/\/plasmet.bochnia.pl\/de\/produkt\/einlagige-sturmklappe\/"]}]},{"@type":"ImageObject","inLanguage":"de","@id":"https:\/\/plasmet.bochnia.pl\/de\/produkt\/einlagige-sturmklappe\/#primaryimage","url":"https:\/\/plasmet.bochnia.pl\/wp-content\/uploads\/2024\/11\/zasuwa-burzowa-jednoklapowa-75.jpg","contentUrl":"https:\/\/plasmet.bochnia.pl\/wp-content\/uploads\/2024\/11\/zasuwa-burzowa-jednoklapowa-75.jpg","width":800,"height":600,"caption":"zasuwa-burzowa-jednoklapowa-75"},{"@type":"BreadcrumbList","@id":"https:\/\/plasmet.bochnia.pl\/de\/produkt\/einlagige-sturmklappe\/#breadcrumb","itemListElement":[{"@type":"ListItem","position":1,"name":"Strona g\u0142\u00f3wna","item":"https:\/\/plasmet.bochnia.pl\/de\/"},{"@type":"ListItem","position":2,"name":"Shop","item":"https:\/\/plasmet.bochnia.pl\/de\/shop\/"},{"@type":"ListItem","position":3,"name":"Einlagige Sturmklappe"}]},{"@type":"WebSite","@id":"https:\/\/plasmet.bochnia.pl\/de\/#website","url":"https:\/\/plasmet.bochnia.pl\/de\/","name":"Plasmet","description":"Plasmet","alternateName":"Plasmet","potentialAction":[{"@type":"SearchAction","target":{"@type":"EntryPoint","urlTemplate":"https:\/\/plasmet.bochnia.pl\/de\/?s={search_term_string}"},"query-input":{"@type":"PropertyValueSpecification","valueRequired":true,"valueName":"search_term_string"}}],"inLanguage":"de"}]}},"taxonomy_info":{"product_cat":[{"value":1345,"label":"R\u00fcckstauklappen und Regenr\u00fcckstauklappen"},{"value":1319,"label":"Sanit\u00e4r- und Regenkanalisation"}],"pa_wersja":[{"value":1640,"label":"110"},{"value":1666,"label":"160"},{"value":1676,"label":"200"},{"value":1686,"label":"250"},{"value":1694,"label":"315"},{"value":1560,"label":"50"},{"value":1618,"label":"75"}]},"featured_image_src_large":["https:\/\/plasmet.bochnia.pl\/wp-content\/uploads\/2024\/11\/zasuwa-burzowa-jednoklapowa-75.jpg",800,600,false],"author_info":[],"comment_info":"","_links":{"self":[{"href":"https:\/\/plasmet.bochnia.pl\/de\/wp-json\/wp\/v2\/product\/16485","targetHints":{"allow":["GET"]}}],"collection":[{"href":"https:\/\/plasmet.bochnia.pl\/de\/wp-json\/wp\/v2\/product"}],"about":[{"href":"https:\/\/plasmet.bochnia.pl\/de\/wp-json\/wp\/v2\/types\/product"}],"wp:featuredmedia":[{"embeddable":true,"href":"https:\/\/plasmet.bochnia.pl\/de\/wp-json\/wp\/v2\/media\/8311"}],"wp:attachment":[{"href":"https:\/\/plasmet.bochnia.pl\/de\/wp-json\/wp\/v2\/media?parent=16485"}],"wp:term":[{"taxonomy":"product_brand","embeddable":true,"href":"https:\/\/plasmet.bochnia.pl\/de\/wp-json\/wp\/v2\/product_brand?post=16485"},{"taxonomy":"product_cat","embeddable":true,"href":"https:\/\/plasmet.bochnia.pl\/de\/wp-json\/wp\/v2\/product_cat?post=16485"},{"taxonomy":"product_tag","embeddable":true,"href":"https:\/\/plasmet.bochnia.pl\/de\/wp-json\/wp\/v2\/product_tag?post=16485"}],"curies":[{"name":"wp","href":"https:\/\/api.w.org\/{rel}","templated":true}]}}