{"id":16459,"date":"2024-11-20T16:30:09","date_gmt":"2024-11-20T15:30:09","guid":{"rendered":"https:\/\/plasmet.bochnia.pl\/produkt\/beluefter-fuer-die-kanalisation\/"},"modified":"2024-11-20T16:30:09","modified_gmt":"2024-11-20T15:30:09","slug":"beluefter-fuer-die-kanalisation","status":"publish","type":"product","link":"https:\/\/plasmet.bochnia.pl\/de\/produkt\/beluefter-fuer-die-kanalisation\/","title":{"rendered":"Bel\u00fcfter f\u00fcr die Kanalisation"},"content":{"rendered":"<h2>Bel\u00fcfter f\u00fcr die Kanalisation &#8211; Verbesserung der Luftzirkulation<\/h2>\n<p>Der Kanalbel\u00fcfter ist ein wesentlicher Bestandteil der Installation, der f\u00fcr eine ordnungsgem\u00e4\u00dfe Luftzirkulation in Abwassersystemen sorgt und so Unterdruck und den R\u00fcckfluss von unangenehmen Ger\u00fcchen verhindert. Das Produkt besteht aus haltbarem grauem Kunststoff und ist in drei Durchmesservarianten erh\u00e4ltlich: 50 mm, 75 mm und 110 mm, was eine zuverl\u00e4ssige und einfache Installation gew\u00e4hrleistet. <\/p>\n<h3>Produkt Spezifikationen<\/h3>\n<ul>\n<li>Farbe: Grau<\/li>\n<li>Durchmesser:\n<ul>\n<li>50 mm<\/li>\n<li>75 mm<\/li>\n<li>110 mm<\/li>\n<\/ul>\n<\/li>\n<li>Material: stabiler Kunststoff<\/li>\n<li>Zweck: Verbesserung der Luftzirkulation in Abwassersystemen<\/li>\n<li>Best\u00e4ndigkeit: gegen Feuchtigkeit, Chemikalien und wechselnde Witterungsbedingungen<\/li>\n<\/ul>\n<h3>Anwendung<\/h3>\n<p>Der Kanalbel\u00fcfter wird in den Abwassersystemen von Wohn-, Gewerbe- und Industriegeb\u00e4uden eingesetzt. Das Produkt hilft, den richtigen Druck in den Abwasserrohren aufrechtzuerhalten und verhindert so Vakuumprobleme und unangenehme Ger\u00fcche. <\/p>\n<h3>Produktvorteile<\/h3>\n<ul>\n<li>Erh\u00e4ltlich in drei g\u00e4ngigen Durchmessern<\/li>\n<li>Feuchtigkeit und chemische Best\u00e4ndigkeit<\/li>\n<li>Einfache Installation dank pr\u00e4ziser Konstruktion<\/li>\n<li>Wirksame Vorbeugung gegen Unterdruck in Abwassersystemen<\/li>\n<li>Universelle Anwendung in verschiedenen Arten von Installationen<\/li>\n<\/ul>\n<p>Der graue Kanalbel\u00fcfter ist eine zuverl\u00e4ssige L\u00f6sung, um das ordnungsgem\u00e4\u00dfe Funktionieren von Abwassersystemen zu gew\u00e4hrleisten. Dank seiner robusten Bauweise und der verschiedenen Ausf\u00fchrungen wird das Produkt den Anforderungen jeder Installation gerecht. <\/p>\n","protected":false},"excerpt":{"rendered":"<p>Kanalisationsbel\u00fcfter in Grau, erh\u00e4ltlich in den Durchmessern 50 mm, 75 mm und 110 mm. Entwickelt, um eine gute Luftzirkulation in Abwassersystemen zu gew\u00e4hrleisten. <\/p>\n","protected":false},"featured_media":8216,"template":"","meta":{"_acf_changed":false,"_kad_blocks_custom_css":"","_kad_blocks_head_custom_js":"","_kad_blocks_body_custom_js":"","_kad_blocks_footer_custom_js":"","_kad_post_transparent":"","_kad_post_title":"","_kad_post_layout":"","_kad_post_sidebar_id":"","_kad_post_content_style":"","_kad_post_vertical_padding":"","_kad_post_feature":"","_kad_post_feature_position":"","_kad_post_header":false,"_kad_post_footer":false,"_kad_post_classname":""},"product_brand":[],"product_cat":[1327,1319],"product_tag":[],"class_list":{"0":"post-16459","1":"product","2":"type-product","3":"status-publish","4":"has-post-thumbnail","6":"product_cat-lufter-und-entluftungen-fur-abwasser","7":"product_cat-sanitar-und-regenkanalisation","8":"pa_kolor-grau","9":"pa_wersja-110-de","10":"pa_wersja-50-de","11":"pa_wersja-75-de","13":"first","14":"instock","15":"product-type-variable","16":"entry","17":"content-bg","18":"loop-entry"},"acf":[],"yoast_head":"<!-- This site is optimized with the Yoast SEO plugin v25.1 - https:\/\/yoast.com\/wordpress\/plugins\/seo\/ -->\n<title>Bel\u00fcfter f\u00fcr die Kanalisation - Plasmet<\/title>\n<meta name=\"description\" content=\"Bel\u00fcfter f\u00fcr die Kanalisation \u2013 producent i hurtownia Plasmet. Oferujemy wysok\u0105 jako\u015b\u0107, szeroki wyb\u00f3r i dobre ceny. Zapraszamy do sprawdzenia oferty!\" \/>\n<meta name=\"robots\" content=\"index, follow, max-snippet:-1, max-image-preview:large, max-video-preview:-1\" \/>\n<link rel=\"canonical\" href=\"https:\/\/plasmet.bochnia.pl\/de\/produkt\/beluefter-fuer-die-kanalisation\/\" \/>\n<meta property=\"og:locale\" content=\"de_DE\" \/>\n<meta property=\"og:type\" content=\"article\" \/>\n<meta property=\"og:title\" content=\"Bel\u00fcfter f\u00fcr die Kanalisation - Plasmet\" \/>\n<meta property=\"og:description\" content=\"Bel\u00fcfter f\u00fcr die Kanalisation \u2013 producent i hurtownia Plasmet. Oferujemy wysok\u0105 jako\u015b\u0107, szeroki wyb\u00f3r i dobre ceny. Zapraszamy do sprawdzenia oferty!\" \/>\n<meta property=\"og:url\" content=\"https:\/\/plasmet.bochnia.pl\/de\/produkt\/beluefter-fuer-die-kanalisation\/\" \/>\n<meta property=\"og:site_name\" content=\"Plasmet\" \/>\n<meta property=\"og:image\" content=\"https:\/\/plasmet.bochnia.pl\/wp-content\/uploads\/2024\/11\/napowietrzacz-kanalizacyjny-50-1.jpg\" \/>\n\t<meta property=\"og:image:width\" content=\"800\" \/>\n\t<meta property=\"og:image:height\" content=\"800\" \/>\n\t<meta property=\"og:image:type\" content=\"image\/jpeg\" \/>\n<meta name=\"twitter:card\" content=\"summary_large_image\" \/>\n<meta name=\"twitter:label1\" content=\"Gesch\u00e4tzte Lesezeit\" \/>\n\t<meta name=\"twitter:data1\" content=\"1\u00a0Minute\" \/>\n<script type=\"application\/ld+json\" class=\"yoast-schema-graph\">{\"@context\":\"https:\/\/schema.org\",\"@graph\":[{\"@type\":\"WebPage\",\"@id\":\"https:\/\/plasmet.bochnia.pl\/de\/produkt\/beluefter-fuer-die-kanalisation\/\",\"url\":\"https:\/\/plasmet.bochnia.pl\/de\/produkt\/beluefter-fuer-die-kanalisation\/\",\"name\":\"Bel\u00fcfter f\u00fcr die Kanalisation - Plasmet\",\"isPartOf\":{\"@id\":\"https:\/\/plasmet.bochnia.pl\/de\/#website\"},\"primaryImageOfPage\":{\"@id\":\"https:\/\/plasmet.bochnia.pl\/de\/produkt\/beluefter-fuer-die-kanalisation\/#primaryimage\"},\"image\":{\"@id\":\"https:\/\/plasmet.bochnia.pl\/de\/produkt\/beluefter-fuer-die-kanalisation\/#primaryimage\"},\"thumbnailUrl\":\"https:\/\/plasmet.bochnia.pl\/wp-content\/uploads\/2024\/11\/napowietrzacz-kanalizacyjny-50-1.jpg\",\"datePublished\":\"2024-11-20T15:30:09+00:00\",\"description\":\"Bel\u00fcfter f\u00fcr die Kanalisation \u2013 producent i hurtownia Plasmet. Oferujemy wysok\u0105 jako\u015b\u0107, szeroki wyb\u00f3r i dobre ceny. Zapraszamy do sprawdzenia oferty!\",\"breadcrumb\":{\"@id\":\"https:\/\/plasmet.bochnia.pl\/de\/produkt\/beluefter-fuer-die-kanalisation\/#breadcrumb\"},\"inLanguage\":\"de\",\"potentialAction\":[{\"@type\":\"ReadAction\",\"target\":[\"https:\/\/plasmet.bochnia.pl\/de\/produkt\/beluefter-fuer-die-kanalisation\/\"]}]},{\"@type\":\"ImageObject\",\"inLanguage\":\"de\",\"@id\":\"https:\/\/plasmet.bochnia.pl\/de\/produkt\/beluefter-fuer-die-kanalisation\/#primaryimage\",\"url\":\"https:\/\/plasmet.bochnia.pl\/wp-content\/uploads\/2024\/11\/napowietrzacz-kanalizacyjny-50-1.jpg\",\"contentUrl\":\"https:\/\/plasmet.bochnia.pl\/wp-content\/uploads\/2024\/11\/napowietrzacz-kanalizacyjny-50-1.jpg\",\"width\":800,\"height\":800,\"caption\":\"napowietrzacz-kanalizacyjny-50-1\"},{\"@type\":\"BreadcrumbList\",\"@id\":\"https:\/\/plasmet.bochnia.pl\/de\/produkt\/beluefter-fuer-die-kanalisation\/#breadcrumb\",\"itemListElement\":[{\"@type\":\"ListItem\",\"position\":1,\"name\":\"Strona g\u0142\u00f3wna\",\"item\":\"https:\/\/plasmet.bochnia.pl\/de\/\"},{\"@type\":\"ListItem\",\"position\":2,\"name\":\"Shop\",\"item\":\"https:\/\/plasmet.bochnia.pl\/de\/shop\/\"},{\"@type\":\"ListItem\",\"position\":3,\"name\":\"Bel\u00fcfter f\u00fcr die Kanalisation\"}]},{\"@type\":\"WebSite\",\"@id\":\"https:\/\/plasmet.bochnia.pl\/de\/#website\",\"url\":\"https:\/\/plasmet.bochnia.pl\/de\/\",\"name\":\"Plasmet\",\"description\":\"Plasmet\",\"alternateName\":\"Plasmet\",\"potentialAction\":[{\"@type\":\"SearchAction\",\"target\":{\"@type\":\"EntryPoint\",\"urlTemplate\":\"https:\/\/plasmet.bochnia.pl\/de\/?s={search_term_string}\"},\"query-input\":{\"@type\":\"PropertyValueSpecification\",\"valueRequired\":true,\"valueName\":\"search_term_string\"}}],\"inLanguage\":\"de\"}]}<\/script>\n<!-- \/ Yoast SEO plugin. -->","yoast_head_json":{"title":"Bel\u00fcfter f\u00fcr die Kanalisation - Plasmet","description":"Bel\u00fcfter f\u00fcr die Kanalisation \u2013 producent i hurtownia Plasmet. Oferujemy wysok\u0105 jako\u015b\u0107, szeroki wyb\u00f3r i dobre ceny. Zapraszamy do sprawdzenia oferty!","robots":{"index":"index","follow":"follow","max-snippet":"max-snippet:-1","max-image-preview":"max-image-preview:large","max-video-preview":"max-video-preview:-1"},"canonical":"https:\/\/plasmet.bochnia.pl\/de\/produkt\/beluefter-fuer-die-kanalisation\/","og_locale":"de_DE","og_type":"article","og_title":"Bel\u00fcfter f\u00fcr die Kanalisation - Plasmet","og_description":"Bel\u00fcfter f\u00fcr die Kanalisation \u2013 producent i hurtownia Plasmet. Oferujemy wysok\u0105 jako\u015b\u0107, szeroki wyb\u00f3r i dobre ceny. Zapraszamy do sprawdzenia oferty!","og_url":"https:\/\/plasmet.bochnia.pl\/de\/produkt\/beluefter-fuer-die-kanalisation\/","og_site_name":"Plasmet","og_image":[{"width":800,"height":800,"url":"https:\/\/plasmet.bochnia.pl\/wp-content\/uploads\/2024\/11\/napowietrzacz-kanalizacyjny-50-1.jpg","type":"image\/jpeg"}],"twitter_card":"summary_large_image","twitter_misc":{"Gesch\u00e4tzte Lesezeit":"1\u00a0Minute"},"schema":{"@context":"https:\/\/schema.org","@graph":[{"@type":"WebPage","@id":"https:\/\/plasmet.bochnia.pl\/de\/produkt\/beluefter-fuer-die-kanalisation\/","url":"https:\/\/plasmet.bochnia.pl\/de\/produkt\/beluefter-fuer-die-kanalisation\/","name":"Bel\u00fcfter f\u00fcr die Kanalisation - Plasmet","isPartOf":{"@id":"https:\/\/plasmet.bochnia.pl\/de\/#website"},"primaryImageOfPage":{"@id":"https:\/\/plasmet.bochnia.pl\/de\/produkt\/beluefter-fuer-die-kanalisation\/#primaryimage"},"image":{"@id":"https:\/\/plasmet.bochnia.pl\/de\/produkt\/beluefter-fuer-die-kanalisation\/#primaryimage"},"thumbnailUrl":"https:\/\/plasmet.bochnia.pl\/wp-content\/uploads\/2024\/11\/napowietrzacz-kanalizacyjny-50-1.jpg","datePublished":"2024-11-20T15:30:09+00:00","description":"Bel\u00fcfter f\u00fcr die Kanalisation \u2013 producent i hurtownia Plasmet. Oferujemy wysok\u0105 jako\u015b\u0107, szeroki wyb\u00f3r i dobre ceny. Zapraszamy do sprawdzenia oferty!","breadcrumb":{"@id":"https:\/\/plasmet.bochnia.pl\/de\/produkt\/beluefter-fuer-die-kanalisation\/#breadcrumb"},"inLanguage":"de","potentialAction":[{"@type":"ReadAction","target":["https:\/\/plasmet.bochnia.pl\/de\/produkt\/beluefter-fuer-die-kanalisation\/"]}]},{"@type":"ImageObject","inLanguage":"de","@id":"https:\/\/plasmet.bochnia.pl\/de\/produkt\/beluefter-fuer-die-kanalisation\/#primaryimage","url":"https:\/\/plasmet.bochnia.pl\/wp-content\/uploads\/2024\/11\/napowietrzacz-kanalizacyjny-50-1.jpg","contentUrl":"https:\/\/plasmet.bochnia.pl\/wp-content\/uploads\/2024\/11\/napowietrzacz-kanalizacyjny-50-1.jpg","width":800,"height":800,"caption":"napowietrzacz-kanalizacyjny-50-1"},{"@type":"BreadcrumbList","@id":"https:\/\/plasmet.bochnia.pl\/de\/produkt\/beluefter-fuer-die-kanalisation\/#breadcrumb","itemListElement":[{"@type":"ListItem","position":1,"name":"Strona g\u0142\u00f3wna","item":"https:\/\/plasmet.bochnia.pl\/de\/"},{"@type":"ListItem","position":2,"name":"Shop","item":"https:\/\/plasmet.bochnia.pl\/de\/shop\/"},{"@type":"ListItem","position":3,"name":"Bel\u00fcfter f\u00fcr die Kanalisation"}]},{"@type":"WebSite","@id":"https:\/\/plasmet.bochnia.pl\/de\/#website","url":"https:\/\/plasmet.bochnia.pl\/de\/","name":"Plasmet","description":"Plasmet","alternateName":"Plasmet","potentialAction":[{"@type":"SearchAction","target":{"@type":"EntryPoint","urlTemplate":"https:\/\/plasmet.bochnia.pl\/de\/?s={search_term_string}"},"query-input":{"@type":"PropertyValueSpecification","valueRequired":true,"valueName":"search_term_string"}}],"inLanguage":"de"}]}},"taxonomy_info":{"product_cat":[{"value":1327,"label":"L\u00fcfter und Entl\u00fcftungen f\u00fcr Abwasser"},{"value":1319,"label":"Sanit\u00e4r- und Regenkanalisation"}],"pa_kolor":[{"value":1379,"label":"Grau"}],"pa_wersja":[{"value":1640,"label":"110"},{"value":1560,"label":"50"},{"value":1618,"label":"75"}]},"featured_image_src_large":["https:\/\/plasmet.bochnia.pl\/wp-content\/uploads\/2024\/11\/napowietrzacz-kanalizacyjny-50-1.jpg",800,800,false],"author_info":[],"comment_info":"","_links":{"self":[{"href":"https:\/\/plasmet.bochnia.pl\/de\/wp-json\/wp\/v2\/product\/16459","targetHints":{"allow":["GET"]}}],"collection":[{"href":"https:\/\/plasmet.bochnia.pl\/de\/wp-json\/wp\/v2\/product"}],"about":[{"href":"https:\/\/plasmet.bochnia.pl\/de\/wp-json\/wp\/v2\/types\/product"}],"wp:featuredmedia":[{"embeddable":true,"href":"https:\/\/plasmet.bochnia.pl\/de\/wp-json\/wp\/v2\/media\/8216"}],"wp:attachment":[{"href":"https:\/\/plasmet.bochnia.pl\/de\/wp-json\/wp\/v2\/media?parent=16459"}],"wp:term":[{"taxonomy":"product_brand","embeddable":true,"href":"https:\/\/plasmet.bochnia.pl\/de\/wp-json\/wp\/v2\/product_brand?post=16459"},{"taxonomy":"product_cat","embeddable":true,"href":"https:\/\/plasmet.bochnia.pl\/de\/wp-json\/wp\/v2\/product_cat?post=16459"},{"taxonomy":"product_tag","embeddable":true,"href":"https:\/\/plasmet.bochnia.pl\/de\/wp-json\/wp\/v2\/product_tag?post=16459"}],"curies":[{"name":"wp","href":"https:\/\/api.w.org\/{rel}","templated":true}]}}