{"id":16381,"date":"2024-11-20T16:30:38","date_gmt":"2024-11-20T15:30:38","guid":{"rendered":"https:\/\/plasmet.bochnia.pl\/produkt\/unterputz-siphon\/"},"modified":"2024-11-20T16:30:38","modified_gmt":"2024-11-20T15:30:38","slug":"unterputz-siphon","status":"publish","type":"product","link":"https:\/\/plasmet.bochnia.pl\/de\/produkt\/unterputz-siphon\/","title":{"rendered":"Unterputz-Siphon"},"content":{"rendered":"<h2>Der verdeckte Siphon &#8211; eine diskrete und funktionelle L\u00f6sung<\/h2>\n<p>Der Unterputzsiphon ist ein modernes Sanit\u00e4rinstallationselement, das einen \u00e4sthetischen und unsichtbaren Wasserabfluss erm\u00f6glicht. Das Produkt ist in Wei\u00df und Chrom erh\u00e4ltlich und besteht aus langlebigen Materialien, die gegen Feuchtigkeit, Chemikalien und mechanische Besch\u00e4digungen resistent sind. Das verdeckte Design erm\u00f6glicht es, den Siphon in der Wand zu verstecken und sorgt so f\u00fcr ein gepflegtes Erscheinungsbild des Raumes und eine einfache Handhabung.  <\/p>\n<h3>Produkt Spezifikationen<\/h3>\n<ul>\n<li>Veredelungsarten:\n<ul>\n<li>Wei\u00df<\/li>\n<li>Chrom<\/li>\n<\/ul>\n<\/li>\n<li>Material: stabiler Kunststoff<\/li>\n<li>Zweck: Ableitung von Wasser in sanit\u00e4ren Anlagen<\/li>\n<li>Montageart: Unterputzmontage<\/li>\n<li>Best\u00e4ndigkeit: gegen Feuchtigkeit, Chemikalien und mechanische Besch\u00e4digung<\/li>\n<\/ul>\n<h3>Anwendung<\/h3>\n<p>Der verdeckte Siphon wird in Badezimmern, K\u00fcchen und Waschk\u00fcchen eingesetzt, wo \u00c4sthetik und Diskretion wichtig sind. Das Produkt ist ideal f\u00fcr moderne Innenr\u00e4ume, denn es erm\u00f6glicht das Verstecken der Installationskomponenten und sorgt f\u00fcr ein gepflegtes Erscheinungsbild. <\/p>\n<h3>Produktvorteile<\/h3>\n<ul>\n<li>Erh\u00e4ltlich in Wei\u00df und Chrom<\/li>\n<li>Langlebigkeit und Widerstandsf\u00e4higkeit gegen Feuchtigkeit und Chemikalien<\/li>\n<li>Modernes Aussehen dank des fl\u00e4chenb\u00fcndigen Designs<\/li>\n<li>Einfache Installation und Integration in verschiedene Systeme<\/li>\n<li>\u00c4sthetische Innenausstattung<\/li>\n<\/ul>\n<p>Der Unterputzsiphon ist die perfekte L\u00f6sung f\u00fcr alle, die eine \u00e4sthetisch ansprechende und funktionelle L\u00f6sung f\u00fcr moderne Sanit\u00e4rinstallationen suchen. Dank langlebiger Materialien und einer Vielzahl von Farbvarianten erf\u00fcllt das Produkt die h\u00f6chsten Anspr\u00fcche an Nutzen und Optik. <\/p>\n","protected":false},"excerpt":{"rendered":"<p>Verdeckter Siphon, erh\u00e4ltlich in Wei\u00df und Chrom. Entworfen f\u00fcr die \u00e4sthetische und diskrete Entw\u00e4sserung von Sanit\u00e4ranlagen. <\/p>\n","protected":false},"featured_media":16388,"template":"","meta":{"_acf_changed":false,"_kad_blocks_custom_css":"","_kad_blocks_head_custom_js":"","_kad_blocks_body_custom_js":"","_kad_blocks_footer_custom_js":"","_kad_post_transparent":"","_kad_post_title":"","_kad_post_layout":"","_kad_post_sidebar_id":"","_kad_post_content_style":"","_kad_post_vertical_padding":"","_kad_post_feature":"","_kad_post_feature_position":"","_kad_post_header":false,"_kad_post_footer":false,"_kad_post_classname":""},"product_brand":[],"product_cat":[1347,1319],"product_tag":[],"class_list":{"0":"post-16381","1":"product","2":"type-product","3":"status-publish","4":"has-post-thumbnail","6":"product_cat-anschlusse-und-siphons","7":"product_cat-sanitar-und-regenkanalisation","8":"pa_kolor-chrom-de","9":"pa_kolor-weis","11":"first","12":"instock","13":"product-type-variable","14":"entry","15":"content-bg","16":"loop-entry"},"acf":[],"yoast_head":"<!-- This site is optimized with the Yoast SEO plugin v25.1 - https:\/\/yoast.com\/wordpress\/plugins\/seo\/ -->\n<title>Unterputz-Siphon - Plasmet<\/title>\n<meta name=\"description\" content=\"Unterputz-Siphon \u2013 producent i hurtownia Plasmet. Oferujemy wysok\u0105 jako\u015b\u0107, szeroki wyb\u00f3r i dobre ceny. Zapraszamy do sprawdzenia oferty!\" \/>\n<meta name=\"robots\" content=\"index, follow, max-snippet:-1, max-image-preview:large, max-video-preview:-1\" \/>\n<link rel=\"canonical\" href=\"https:\/\/plasmet.bochnia.pl\/de\/produkt\/unterputz-siphon\/\" \/>\n<meta property=\"og:locale\" content=\"de_DE\" \/>\n<meta property=\"og:type\" content=\"article\" \/>\n<meta property=\"og:title\" content=\"Unterputz-Siphon - Plasmet\" \/>\n<meta property=\"og:description\" content=\"Unterputz-Siphon \u2013 producent i hurtownia Plasmet. Oferujemy wysok\u0105 jako\u015b\u0107, szeroki wyb\u00f3r i dobre ceny. Zapraszamy do sprawdzenia oferty!\" \/>\n<meta property=\"og:url\" content=\"https:\/\/plasmet.bochnia.pl\/de\/produkt\/unterputz-siphon\/\" \/>\n<meta property=\"og:site_name\" content=\"Plasmet\" \/>\n<meta property=\"og:image\" content=\"https:\/\/plasmet.bochnia.pl\/wp-content\/uploads\/2024\/11\/syfon-podtynkowy-bialy.jpg\" \/>\n\t<meta property=\"og:image:width\" content=\"800\" \/>\n\t<meta property=\"og:image:height\" content=\"600\" \/>\n\t<meta property=\"og:image:type\" content=\"image\/jpeg\" \/>\n<meta name=\"twitter:card\" content=\"summary_large_image\" \/>\n<meta name=\"twitter:label1\" content=\"Gesch\u00e4tzte Lesezeit\" \/>\n\t<meta name=\"twitter:data1\" content=\"1\u00a0Minute\" \/>\n<script type=\"application\/ld+json\" class=\"yoast-schema-graph\">{\"@context\":\"https:\/\/schema.org\",\"@graph\":[{\"@type\":\"WebPage\",\"@id\":\"https:\/\/plasmet.bochnia.pl\/de\/produkt\/unterputz-siphon\/\",\"url\":\"https:\/\/plasmet.bochnia.pl\/de\/produkt\/unterputz-siphon\/\",\"name\":\"Unterputz-Siphon - Plasmet\",\"isPartOf\":{\"@id\":\"https:\/\/plasmet.bochnia.pl\/de\/#website\"},\"primaryImageOfPage\":{\"@id\":\"https:\/\/plasmet.bochnia.pl\/de\/produkt\/unterputz-siphon\/#primaryimage\"},\"image\":{\"@id\":\"https:\/\/plasmet.bochnia.pl\/de\/produkt\/unterputz-siphon\/#primaryimage\"},\"thumbnailUrl\":\"https:\/\/plasmet.bochnia.pl\/wp-content\/uploads\/2024\/11\/syfon-podtynkowy-bialy.jpg\",\"datePublished\":\"2024-11-20T15:30:38+00:00\",\"description\":\"Unterputz-Siphon \u2013 producent i hurtownia Plasmet. Oferujemy wysok\u0105 jako\u015b\u0107, szeroki wyb\u00f3r i dobre ceny. Zapraszamy do sprawdzenia oferty!\",\"breadcrumb\":{\"@id\":\"https:\/\/plasmet.bochnia.pl\/de\/produkt\/unterputz-siphon\/#breadcrumb\"},\"inLanguage\":\"de\",\"potentialAction\":[{\"@type\":\"ReadAction\",\"target\":[\"https:\/\/plasmet.bochnia.pl\/de\/produkt\/unterputz-siphon\/\"]}]},{\"@type\":\"ImageObject\",\"inLanguage\":\"de\",\"@id\":\"https:\/\/plasmet.bochnia.pl\/de\/produkt\/unterputz-siphon\/#primaryimage\",\"url\":\"https:\/\/plasmet.bochnia.pl\/wp-content\/uploads\/2024\/11\/syfon-podtynkowy-bialy.jpg\",\"contentUrl\":\"https:\/\/plasmet.bochnia.pl\/wp-content\/uploads\/2024\/11\/syfon-podtynkowy-bialy.jpg\",\"width\":800,\"height\":600,\"caption\":\"syfon-podtynkowy-bialy\"},{\"@type\":\"BreadcrumbList\",\"@id\":\"https:\/\/plasmet.bochnia.pl\/de\/produkt\/unterputz-siphon\/#breadcrumb\",\"itemListElement\":[{\"@type\":\"ListItem\",\"position\":1,\"name\":\"Strona g\u0142\u00f3wna\",\"item\":\"https:\/\/plasmet.bochnia.pl\/de\/\"},{\"@type\":\"ListItem\",\"position\":2,\"name\":\"Shop\",\"item\":\"https:\/\/plasmet.bochnia.pl\/de\/shop\/\"},{\"@type\":\"ListItem\",\"position\":3,\"name\":\"Unterputz-Siphon\"}]},{\"@type\":\"WebSite\",\"@id\":\"https:\/\/plasmet.bochnia.pl\/de\/#website\",\"url\":\"https:\/\/plasmet.bochnia.pl\/de\/\",\"name\":\"Plasmet\",\"description\":\"Plasmet\",\"alternateName\":\"Plasmet\",\"potentialAction\":[{\"@type\":\"SearchAction\",\"target\":{\"@type\":\"EntryPoint\",\"urlTemplate\":\"https:\/\/plasmet.bochnia.pl\/de\/?s={search_term_string}\"},\"query-input\":{\"@type\":\"PropertyValueSpecification\",\"valueRequired\":true,\"valueName\":\"search_term_string\"}}],\"inLanguage\":\"de\"}]}<\/script>\n<!-- \/ Yoast SEO plugin. -->","yoast_head_json":{"title":"Unterputz-Siphon - Plasmet","description":"Unterputz-Siphon \u2013 producent i hurtownia Plasmet. Oferujemy wysok\u0105 jako\u015b\u0107, szeroki wyb\u00f3r i dobre ceny. Zapraszamy do sprawdzenia oferty!","robots":{"index":"index","follow":"follow","max-snippet":"max-snippet:-1","max-image-preview":"max-image-preview:large","max-video-preview":"max-video-preview:-1"},"canonical":"https:\/\/plasmet.bochnia.pl\/de\/produkt\/unterputz-siphon\/","og_locale":"de_DE","og_type":"article","og_title":"Unterputz-Siphon - Plasmet","og_description":"Unterputz-Siphon \u2013 producent i hurtownia Plasmet. Oferujemy wysok\u0105 jako\u015b\u0107, szeroki wyb\u00f3r i dobre ceny. Zapraszamy do sprawdzenia oferty!","og_url":"https:\/\/plasmet.bochnia.pl\/de\/produkt\/unterputz-siphon\/","og_site_name":"Plasmet","og_image":[{"width":800,"height":600,"url":"https:\/\/plasmet.bochnia.pl\/wp-content\/uploads\/2024\/11\/syfon-podtynkowy-bialy.jpg","type":"image\/jpeg"}],"twitter_card":"summary_large_image","twitter_misc":{"Gesch\u00e4tzte Lesezeit":"1\u00a0Minute"},"schema":{"@context":"https:\/\/schema.org","@graph":[{"@type":"WebPage","@id":"https:\/\/plasmet.bochnia.pl\/de\/produkt\/unterputz-siphon\/","url":"https:\/\/plasmet.bochnia.pl\/de\/produkt\/unterputz-siphon\/","name":"Unterputz-Siphon - Plasmet","isPartOf":{"@id":"https:\/\/plasmet.bochnia.pl\/de\/#website"},"primaryImageOfPage":{"@id":"https:\/\/plasmet.bochnia.pl\/de\/produkt\/unterputz-siphon\/#primaryimage"},"image":{"@id":"https:\/\/plasmet.bochnia.pl\/de\/produkt\/unterputz-siphon\/#primaryimage"},"thumbnailUrl":"https:\/\/plasmet.bochnia.pl\/wp-content\/uploads\/2024\/11\/syfon-podtynkowy-bialy.jpg","datePublished":"2024-11-20T15:30:38+00:00","description":"Unterputz-Siphon \u2013 producent i hurtownia Plasmet. Oferujemy wysok\u0105 jako\u015b\u0107, szeroki wyb\u00f3r i dobre ceny. Zapraszamy do sprawdzenia oferty!","breadcrumb":{"@id":"https:\/\/plasmet.bochnia.pl\/de\/produkt\/unterputz-siphon\/#breadcrumb"},"inLanguage":"de","potentialAction":[{"@type":"ReadAction","target":["https:\/\/plasmet.bochnia.pl\/de\/produkt\/unterputz-siphon\/"]}]},{"@type":"ImageObject","inLanguage":"de","@id":"https:\/\/plasmet.bochnia.pl\/de\/produkt\/unterputz-siphon\/#primaryimage","url":"https:\/\/plasmet.bochnia.pl\/wp-content\/uploads\/2024\/11\/syfon-podtynkowy-bialy.jpg","contentUrl":"https:\/\/plasmet.bochnia.pl\/wp-content\/uploads\/2024\/11\/syfon-podtynkowy-bialy.jpg","width":800,"height":600,"caption":"syfon-podtynkowy-bialy"},{"@type":"BreadcrumbList","@id":"https:\/\/plasmet.bochnia.pl\/de\/produkt\/unterputz-siphon\/#breadcrumb","itemListElement":[{"@type":"ListItem","position":1,"name":"Strona g\u0142\u00f3wna","item":"https:\/\/plasmet.bochnia.pl\/de\/"},{"@type":"ListItem","position":2,"name":"Shop","item":"https:\/\/plasmet.bochnia.pl\/de\/shop\/"},{"@type":"ListItem","position":3,"name":"Unterputz-Siphon"}]},{"@type":"WebSite","@id":"https:\/\/plasmet.bochnia.pl\/de\/#website","url":"https:\/\/plasmet.bochnia.pl\/de\/","name":"Plasmet","description":"Plasmet","alternateName":"Plasmet","potentialAction":[{"@type":"SearchAction","target":{"@type":"EntryPoint","urlTemplate":"https:\/\/plasmet.bochnia.pl\/de\/?s={search_term_string}"},"query-input":{"@type":"PropertyValueSpecification","valueRequired":true,"valueName":"search_term_string"}}],"inLanguage":"de"}]}},"taxonomy_info":{"product_cat":[{"value":1347,"label":"Anschl\u00fcsse und Siphons"},{"value":1319,"label":"Sanit\u00e4r- und Regenkanalisation"}],"pa_kolor":[{"value":1374,"label":"Chrom"},{"value":1372,"label":"Wei\u00df"}]},"featured_image_src_large":["https:\/\/plasmet.bochnia.pl\/wp-content\/uploads\/2024\/11\/syfon-podtynkowy-bialy.jpg",800,600,false],"author_info":[],"comment_info":"","_links":{"self":[{"href":"https:\/\/plasmet.bochnia.pl\/de\/wp-json\/wp\/v2\/product\/16381","targetHints":{"allow":["GET"]}}],"collection":[{"href":"https:\/\/plasmet.bochnia.pl\/de\/wp-json\/wp\/v2\/product"}],"about":[{"href":"https:\/\/plasmet.bochnia.pl\/de\/wp-json\/wp\/v2\/types\/product"}],"wp:featuredmedia":[{"embeddable":true,"href":"https:\/\/plasmet.bochnia.pl\/de\/wp-json\/wp\/v2\/media\/16388"}],"wp:attachment":[{"href":"https:\/\/plasmet.bochnia.pl\/de\/wp-json\/wp\/v2\/media?parent=16381"}],"wp:term":[{"taxonomy":"product_brand","embeddable":true,"href":"https:\/\/plasmet.bochnia.pl\/de\/wp-json\/wp\/v2\/product_brand?post=16381"},{"taxonomy":"product_cat","embeddable":true,"href":"https:\/\/plasmet.bochnia.pl\/de\/wp-json\/wp\/v2\/product_cat?post=16381"},{"taxonomy":"product_tag","embeddable":true,"href":"https:\/\/plasmet.bochnia.pl\/de\/wp-json\/wp\/v2\/product_tag?post=16381"}],"curies":[{"name":"wp","href":"https:\/\/api.w.org\/{rel}","templated":true}]}}