{"id":16351,"date":"2024-11-20T16:31:14","date_gmt":"2024-11-20T15:31:14","guid":{"rendered":"https:\/\/plasmet.bochnia.pl\/produkt\/kautschuk-reduktion-in-situ\/"},"modified":"2024-11-20T16:31:14","modified_gmt":"2024-11-20T15:31:14","slug":"kautschuk-reduktion-in-situ","status":"publish","type":"product","link":"https:\/\/plasmet.bochnia.pl\/de\/produkt\/kautschuk-reduktion-in-situ\/","title":{"rendered":"Kautschuk-Reduktion in situ"},"content":{"rendered":"<h2>In-situ-Gummireduktion &#8211; Flexibilit\u00e4t und Dichtheit<\/h2>\n<p>Die In-Situ-Gummireduzierung ist ein praktischer Bestandteil von Kanalisationsanlagen. Die Reduktion aus flexiblem und haltbarem Gummi in Schwarz gew\u00e4hrleistet eine einfache Installation und ist resistent gegen Feuchtigkeit, Chemikalien und wechselnde Wetterbedingungen. Erh\u00e4ltlich in drei Varianten: 140\/110, 190\/160 und 235\/200, ideal f\u00fcr eine Vielzahl von Kanalisationskonfigurationen und mehr.  <\/p>\n<h3>Produkt Spezifikationen<\/h3>\n<ul>\n<li>Farbe: Schwarz<\/li>\n<li>Versionen:\n<ul>\n<li>140\/110<\/li>\n<li>190\/160<\/li>\n<li>235\/200<\/li>\n<\/ul>\n<\/li>\n<li>Material: z\u00e4her Gummi<\/li>\n<li>Zweck: luftdichte Verbindung von Rohren<\/li>\n<li>Best\u00e4ndigkeit: gegen Feuchtigkeit, Chemikalien und Witterungseinfl\u00fcsse<\/li>\n<\/ul>\n<h3>Anwendung<\/h3>\n<p>Der In-Situ-Gummi-Reduzierer ist f\u00fcr die Herstellung zus\u00e4tzlicher Verbindungen zwischen glattwandigen und gewellten Rohren gedacht. Sie dichtet die Verbindung zwischen dem Rohr und dem Anschluss in Rohren, Tanks, Abscheidern, Wasser-, Energie- und Kanalsch\u00e4chten ab. <\/p>\n<h3>Produktvorteile<\/h3>\n<ul>\n<li>Flexibles Design f\u00fcr eine einfache Passform<\/li>\n<li>Erh\u00e4ltlich in drei Versionen (140\/110, 190\/160, 235\/200)<\/li>\n<li>Feuchtigkeit und chemische Best\u00e4ndigkeit<\/li>\n<li>Langlebigkeit und Zuverl\u00e4ssigkeit im t\u00e4glichen Gebrauch<\/li>\n<li>Einfache Installation auch unter schwierigen Bedingungen<\/li>\n<\/ul>\n<p>Die In-situ-Gummireduzierung ist eine zuverl\u00e4ssige L\u00f6sung, die Haltbarkeit, Flexibilit\u00e4t und einfache Installation vereint. Dank seiner Vielseitigkeit eignet sich das Produkt f\u00fcr viele Arten von Installationen und erf\u00fcllt die h\u00f6chsten Leckage-Standards. <\/p>\n","protected":false},"excerpt":{"rendered":"<p>In situ Gummireduzierung in schwarz, erh\u00e4ltlich in drei Versionen: 140\/110, 190\/160, 235\/200. Erm\u00f6glicht den Anschluss der blanken Enden von Gussrohren an Kunststoffmuffen &#8211; Polypropylen (PP) oder Polyvinylchlorid (PVC-U). <\/p>\n","protected":false},"featured_media":16353,"template":"","meta":{"_acf_changed":false,"_kad_blocks_custom_css":"","_kad_blocks_head_custom_js":"","_kad_blocks_body_custom_js":"","_kad_blocks_footer_custom_js":"","_kad_post_transparent":"","_kad_post_title":"","_kad_post_layout":"","_kad_post_sidebar_id":"","_kad_post_content_style":"","_kad_post_vertical_padding":"","_kad_post_feature":"","_kad_post_feature_position":"","_kad_post_header":false,"_kad_post_footer":false,"_kad_post_classname":""},"product_brand":[],"product_cat":[1337,1319],"product_tag":[],"class_list":{"0":"post-16351","1":"product","2":"type-product","3":"status-publish","4":"has-post-thumbnail","6":"product_cat-reduzierungen-und-kanalfallen","7":"product_cat-sanitar-und-regenkanalisation","8":"pa_kolor-schwarz","9":"pa_wersja-140-110-de","10":"pa_wersja-190-160-de","11":"pa_wersja-235-200-de","13":"first","14":"instock","15":"product-type-variable","16":"entry","17":"content-bg","18":"loop-entry"},"acf":[],"yoast_head":"<!-- This site is optimized with the Yoast SEO plugin v25.1 - https:\/\/yoast.com\/wordpress\/plugins\/seo\/ -->\n<title>Kautschuk-Reduktion in situ - Plasmet<\/title>\n<meta name=\"description\" content=\"Kautschuk-Reduktion in situ \u2013 producent i hurtownia Plasmet. Oferujemy wysok\u0105 jako\u015b\u0107, szeroki wyb\u00f3r i dobre ceny. Zapraszamy do sprawdzenia oferty!\" \/>\n<meta name=\"robots\" content=\"index, follow, max-snippet:-1, max-image-preview:large, max-video-preview:-1\" \/>\n<link rel=\"canonical\" href=\"https:\/\/plasmet.bochnia.pl\/de\/produkt\/kautschuk-reduktion-in-situ\/\" \/>\n<meta property=\"og:locale\" content=\"de_DE\" \/>\n<meta property=\"og:type\" content=\"article\" \/>\n<meta property=\"og:title\" content=\"Kautschuk-Reduktion in situ - Plasmet\" \/>\n<meta property=\"og:description\" content=\"Kautschuk-Reduktion in situ \u2013 producent i hurtownia Plasmet. Oferujemy wysok\u0105 jako\u015b\u0107, szeroki wyb\u00f3r i dobre ceny. Zapraszamy do sprawdzenia oferty!\" \/>\n<meta property=\"og:url\" content=\"https:\/\/plasmet.bochnia.pl\/de\/produkt\/kautschuk-reduktion-in-situ\/\" \/>\n<meta property=\"og:site_name\" content=\"Plasmet\" \/>\n<meta property=\"og:image\" content=\"https:\/\/plasmet.bochnia.pl\/wp-content\/uploads\/2024\/11\/redukcja-gumowa-in-situ-140-110.jpg\" \/>\n\t<meta property=\"og:image:width\" content=\"800\" \/>\n\t<meta property=\"og:image:height\" content=\"600\" \/>\n\t<meta property=\"og:image:type\" content=\"image\/jpeg\" \/>\n<meta name=\"twitter:card\" content=\"summary_large_image\" \/>\n<meta name=\"twitter:label1\" content=\"Gesch\u00e4tzte Lesezeit\" \/>\n\t<meta name=\"twitter:data1\" content=\"1\u00a0Minute\" \/>\n<script type=\"application\/ld+json\" class=\"yoast-schema-graph\">{\"@context\":\"https:\/\/schema.org\",\"@graph\":[{\"@type\":\"WebPage\",\"@id\":\"https:\/\/plasmet.bochnia.pl\/de\/produkt\/kautschuk-reduktion-in-situ\/\",\"url\":\"https:\/\/plasmet.bochnia.pl\/de\/produkt\/kautschuk-reduktion-in-situ\/\",\"name\":\"Kautschuk-Reduktion in situ - Plasmet\",\"isPartOf\":{\"@id\":\"https:\/\/plasmet.bochnia.pl\/de\/#website\"},\"primaryImageOfPage\":{\"@id\":\"https:\/\/plasmet.bochnia.pl\/de\/produkt\/kautschuk-reduktion-in-situ\/#primaryimage\"},\"image\":{\"@id\":\"https:\/\/plasmet.bochnia.pl\/de\/produkt\/kautschuk-reduktion-in-situ\/#primaryimage\"},\"thumbnailUrl\":\"https:\/\/plasmet.bochnia.pl\/wp-content\/uploads\/2024\/11\/redukcja-gumowa-in-situ-140-110.jpg\",\"datePublished\":\"2024-11-20T15:31:14+00:00\",\"description\":\"Kautschuk-Reduktion in situ \u2013 producent i hurtownia Plasmet. Oferujemy wysok\u0105 jako\u015b\u0107, szeroki wyb\u00f3r i dobre ceny. Zapraszamy do sprawdzenia oferty!\",\"breadcrumb\":{\"@id\":\"https:\/\/plasmet.bochnia.pl\/de\/produkt\/kautschuk-reduktion-in-situ\/#breadcrumb\"},\"inLanguage\":\"de\",\"potentialAction\":[{\"@type\":\"ReadAction\",\"target\":[\"https:\/\/plasmet.bochnia.pl\/de\/produkt\/kautschuk-reduktion-in-situ\/\"]}]},{\"@type\":\"ImageObject\",\"inLanguage\":\"de\",\"@id\":\"https:\/\/plasmet.bochnia.pl\/de\/produkt\/kautschuk-reduktion-in-situ\/#primaryimage\",\"url\":\"https:\/\/plasmet.bochnia.pl\/wp-content\/uploads\/2024\/11\/redukcja-gumowa-in-situ-140-110.jpg\",\"contentUrl\":\"https:\/\/plasmet.bochnia.pl\/wp-content\/uploads\/2024\/11\/redukcja-gumowa-in-situ-140-110.jpg\",\"width\":800,\"height\":600,\"caption\":\"redukcja-gumowa-in-situ-140-110\"},{\"@type\":\"BreadcrumbList\",\"@id\":\"https:\/\/plasmet.bochnia.pl\/de\/produkt\/kautschuk-reduktion-in-situ\/#breadcrumb\",\"itemListElement\":[{\"@type\":\"ListItem\",\"position\":1,\"name\":\"Strona g\u0142\u00f3wna\",\"item\":\"https:\/\/plasmet.bochnia.pl\/de\/\"},{\"@type\":\"ListItem\",\"position\":2,\"name\":\"Shop\",\"item\":\"https:\/\/plasmet.bochnia.pl\/de\/shop\/\"},{\"@type\":\"ListItem\",\"position\":3,\"name\":\"Kautschuk-Reduktion in situ\"}]},{\"@type\":\"WebSite\",\"@id\":\"https:\/\/plasmet.bochnia.pl\/de\/#website\",\"url\":\"https:\/\/plasmet.bochnia.pl\/de\/\",\"name\":\"Plasmet\",\"description\":\"Plasmet\",\"alternateName\":\"Plasmet\",\"potentialAction\":[{\"@type\":\"SearchAction\",\"target\":{\"@type\":\"EntryPoint\",\"urlTemplate\":\"https:\/\/plasmet.bochnia.pl\/de\/?s={search_term_string}\"},\"query-input\":{\"@type\":\"PropertyValueSpecification\",\"valueRequired\":true,\"valueName\":\"search_term_string\"}}],\"inLanguage\":\"de\"}]}<\/script>\n<!-- \/ Yoast SEO plugin. -->","yoast_head_json":{"title":"Kautschuk-Reduktion in situ - Plasmet","description":"Kautschuk-Reduktion in situ \u2013 producent i hurtownia Plasmet. Oferujemy wysok\u0105 jako\u015b\u0107, szeroki wyb\u00f3r i dobre ceny. Zapraszamy do sprawdzenia oferty!","robots":{"index":"index","follow":"follow","max-snippet":"max-snippet:-1","max-image-preview":"max-image-preview:large","max-video-preview":"max-video-preview:-1"},"canonical":"https:\/\/plasmet.bochnia.pl\/de\/produkt\/kautschuk-reduktion-in-situ\/","og_locale":"de_DE","og_type":"article","og_title":"Kautschuk-Reduktion in situ - Plasmet","og_description":"Kautschuk-Reduktion in situ \u2013 producent i hurtownia Plasmet. Oferujemy wysok\u0105 jako\u015b\u0107, szeroki wyb\u00f3r i dobre ceny. Zapraszamy do sprawdzenia oferty!","og_url":"https:\/\/plasmet.bochnia.pl\/de\/produkt\/kautschuk-reduktion-in-situ\/","og_site_name":"Plasmet","og_image":[{"width":800,"height":600,"url":"https:\/\/plasmet.bochnia.pl\/wp-content\/uploads\/2024\/11\/redukcja-gumowa-in-situ-140-110.jpg","type":"image\/jpeg"}],"twitter_card":"summary_large_image","twitter_misc":{"Gesch\u00e4tzte Lesezeit":"1\u00a0Minute"},"schema":{"@context":"https:\/\/schema.org","@graph":[{"@type":"WebPage","@id":"https:\/\/plasmet.bochnia.pl\/de\/produkt\/kautschuk-reduktion-in-situ\/","url":"https:\/\/plasmet.bochnia.pl\/de\/produkt\/kautschuk-reduktion-in-situ\/","name":"Kautschuk-Reduktion in situ - Plasmet","isPartOf":{"@id":"https:\/\/plasmet.bochnia.pl\/de\/#website"},"primaryImageOfPage":{"@id":"https:\/\/plasmet.bochnia.pl\/de\/produkt\/kautschuk-reduktion-in-situ\/#primaryimage"},"image":{"@id":"https:\/\/plasmet.bochnia.pl\/de\/produkt\/kautschuk-reduktion-in-situ\/#primaryimage"},"thumbnailUrl":"https:\/\/plasmet.bochnia.pl\/wp-content\/uploads\/2024\/11\/redukcja-gumowa-in-situ-140-110.jpg","datePublished":"2024-11-20T15:31:14+00:00","description":"Kautschuk-Reduktion in situ \u2013 producent i hurtownia Plasmet. Oferujemy wysok\u0105 jako\u015b\u0107, szeroki wyb\u00f3r i dobre ceny. Zapraszamy do sprawdzenia oferty!","breadcrumb":{"@id":"https:\/\/plasmet.bochnia.pl\/de\/produkt\/kautschuk-reduktion-in-situ\/#breadcrumb"},"inLanguage":"de","potentialAction":[{"@type":"ReadAction","target":["https:\/\/plasmet.bochnia.pl\/de\/produkt\/kautschuk-reduktion-in-situ\/"]}]},{"@type":"ImageObject","inLanguage":"de","@id":"https:\/\/plasmet.bochnia.pl\/de\/produkt\/kautschuk-reduktion-in-situ\/#primaryimage","url":"https:\/\/plasmet.bochnia.pl\/wp-content\/uploads\/2024\/11\/redukcja-gumowa-in-situ-140-110.jpg","contentUrl":"https:\/\/plasmet.bochnia.pl\/wp-content\/uploads\/2024\/11\/redukcja-gumowa-in-situ-140-110.jpg","width":800,"height":600,"caption":"redukcja-gumowa-in-situ-140-110"},{"@type":"BreadcrumbList","@id":"https:\/\/plasmet.bochnia.pl\/de\/produkt\/kautschuk-reduktion-in-situ\/#breadcrumb","itemListElement":[{"@type":"ListItem","position":1,"name":"Strona g\u0142\u00f3wna","item":"https:\/\/plasmet.bochnia.pl\/de\/"},{"@type":"ListItem","position":2,"name":"Shop","item":"https:\/\/plasmet.bochnia.pl\/de\/shop\/"},{"@type":"ListItem","position":3,"name":"Kautschuk-Reduktion in situ"}]},{"@type":"WebSite","@id":"https:\/\/plasmet.bochnia.pl\/de\/#website","url":"https:\/\/plasmet.bochnia.pl\/de\/","name":"Plasmet","description":"Plasmet","alternateName":"Plasmet","potentialAction":[{"@type":"SearchAction","target":{"@type":"EntryPoint","urlTemplate":"https:\/\/plasmet.bochnia.pl\/de\/?s={search_term_string}"},"query-input":{"@type":"PropertyValueSpecification","valueRequired":true,"valueName":"search_term_string"}}],"inLanguage":"de"}]}},"taxonomy_info":{"product_cat":[{"value":1337,"label":"Reduzierungen und Kanalfallen"},{"value":1319,"label":"Sanit\u00e4r- und Regenkanalisation"}],"pa_kolor":[{"value":1375,"label":"Schwarz"}],"pa_wersja":[{"value":1664,"label":"140\/110"},{"value":1674,"label":"190\/160"},{"value":1684,"label":"235\/200"}]},"featured_image_src_large":["https:\/\/plasmet.bochnia.pl\/wp-content\/uploads\/2024\/11\/redukcja-gumowa-in-situ-140-110.jpg",800,600,false],"author_info":[],"comment_info":"","_links":{"self":[{"href":"https:\/\/plasmet.bochnia.pl\/de\/wp-json\/wp\/v2\/product\/16351","targetHints":{"allow":["GET"]}}],"collection":[{"href":"https:\/\/plasmet.bochnia.pl\/de\/wp-json\/wp\/v2\/product"}],"about":[{"href":"https:\/\/plasmet.bochnia.pl\/de\/wp-json\/wp\/v2\/types\/product"}],"wp:featuredmedia":[{"embeddable":true,"href":"https:\/\/plasmet.bochnia.pl\/de\/wp-json\/wp\/v2\/media\/16353"}],"wp:attachment":[{"href":"https:\/\/plasmet.bochnia.pl\/de\/wp-json\/wp\/v2\/media?parent=16351"}],"wp:term":[{"taxonomy":"product_brand","embeddable":true,"href":"https:\/\/plasmet.bochnia.pl\/de\/wp-json\/wp\/v2\/product_brand?post=16351"},{"taxonomy":"product_cat","embeddable":true,"href":"https:\/\/plasmet.bochnia.pl\/de\/wp-json\/wp\/v2\/product_cat?post=16351"},{"taxonomy":"product_tag","embeddable":true,"href":"https:\/\/plasmet.bochnia.pl\/de\/wp-json\/wp\/v2\/product_tag?post=16351"}],"curies":[{"name":"wp","href":"https:\/\/api.w.org\/{rel}","templated":true}]}}