{"id":15432,"date":"2024-11-18T17:43:32","date_gmt":"2024-11-18T16:43:32","guid":{"rendered":"https:\/\/plasmet.bochnia.pl\/produkt\/unterstuetzung-fuer-container\/"},"modified":"2024-11-18T17:43:32","modified_gmt":"2024-11-18T16:43:32","slug":"unterstuetzung-fuer-container","status":"publish","type":"product","link":"https:\/\/plasmet.bochnia.pl\/de\/produkt\/unterstuetzung-fuer-container\/","title":{"rendered":"Unterst\u00fctzung f\u00fcr Container"},"content":{"rendered":"<h2>Containertr\u00e4ger &#8211; Haltbarkeit und Stabilit\u00e4t<\/h2>\n<p>Die bronzefarbene Steckdosenhalterung ist ein robustes Montageelement, das die stabile Befestigung von Steckdosen in Wasser- und Heizungsanlagen erm\u00f6glicht. Dank der Verwendung hochwertiger Materialien zeichnet sich die Halterung durch ihre Belastbarkeit und lange Lebensdauer aus und ist damit eine ideale Wahl sowohl f\u00fcr Wohn- als auch f\u00fcr Industriegeb\u00e4ude. <\/p>\n<h3>Produkt Spezifikationen<\/h3>\n<ul>\n<li>Farbe: braun<\/li>\n<li>Material: Stahl (abgestimmt auf die Produktspezifikation)<\/li>\n<li>Anwendung: Befestigung von Gef\u00e4\u00dfen in Wasser- und Heizungsanlagen<\/li>\n<\/ul>\n<h3>Anwendung<\/h3>\n<p>Die Steckdosenhalterung wird in Heizungs- und Wassersystemen verwendet, bei denen eine stabile Befestigung der Installationskomponenten entscheidend f\u00fcr deren ordnungsgem\u00e4\u00dfe Funktion ist. Das Produkt kann in Wohn-, Gewerbe- und Industriegeb\u00e4uden verwendet werden. <\/p>\n<h3>Produktvorteile<\/h3>\n<ul>\n<li>Stabile Montage von Steckdosen<\/li>\n<li>Widerstandsf\u00e4higkeit gegen Stress und langfristige Nutzung<\/li>\n<li>\u00c4sthetisch ansprechende braune Farbe, die sich gut in die Einrichtung einf\u00fcgt<\/li>\n<li>Einfache Installation, die Installationsprojekte beschleunigt<\/li>\n<\/ul>\n<p>Die Gef\u00e4\u00dfhalterung ist eine zuverl\u00e4ssige und \u00e4sthetisch ansprechende L\u00f6sung, die f\u00fcr Stabilit\u00e4t und Langlebigkeit bei der Installation sorgt. Das Produkt ist in Braun erh\u00e4ltlich und passt perfekt zu einer Vielzahl von Installationsprojekten. <\/p>\n","protected":false},"excerpt":{"rendered":"<p>Braunfarbene Gef\u00e4\u00dfhalterung f\u00fcr stabile Befestigung und Haltbarkeit in Wasser- und Heizungsinstallationen. Hergestellt aus robusten Materialien. 1 Satz. = 2 St\u00fcck.   <\/p>\n","protected":false},"featured_media":15433,"template":"","meta":{"_acf_changed":false,"_kad_blocks_custom_css":"","_kad_blocks_head_custom_js":"","_kad_blocks_body_custom_js":"","_kad_blocks_footer_custom_js":"","_kad_post_transparent":"","_kad_post_title":"","_kad_post_layout":"","_kad_post_sidebar_id":"","_kad_post_content_style":"","_kad_post_vertical_padding":"","_kad_post_feature":"","_kad_post_feature_position":"","_kad_post_header":false,"_kad_post_footer":false,"_kad_post_classname":""},"product_brand":[],"product_cat":[1351,1357],"product_tag":[],"class_list":{"0":"post-15432","1":"product","2":"type-product","3":"status-publish","4":"has-post-thumbnail","6":"product_cat-befestigungen","7":"product_cat-halterungen-und-aufhangungen","8":"pa_kolor-braun","10":"first","11":"instock","12":"product-type-variable","13":"entry","14":"content-bg","15":"loop-entry"},"acf":[],"yoast_head":"<!-- This site is optimized with the Yoast SEO plugin v25.1 - https:\/\/yoast.com\/wordpress\/plugins\/seo\/ -->\n<title>Unterst\u00fctzung f\u00fcr Container - Plasmet<\/title>\n<meta name=\"description\" content=\"Unterst\u00fctzung f\u00fcr Container \u2013 producent i hurtownia Plasmet. Oferujemy wysok\u0105 jako\u015b\u0107, szeroki wyb\u00f3r i dobre ceny. Zapraszamy do sprawdzenia oferty!\" \/>\n<meta name=\"robots\" content=\"index, follow, max-snippet:-1, max-image-preview:large, max-video-preview:-1\" \/>\n<link rel=\"canonical\" href=\"https:\/\/plasmet.bochnia.pl\/de\/produkt\/unterstuetzung-fuer-container\/\" \/>\n<meta property=\"og:locale\" content=\"de_DE\" \/>\n<meta property=\"og:type\" content=\"article\" \/>\n<meta property=\"og:title\" content=\"Unterst\u00fctzung f\u00fcr Container - Plasmet\" \/>\n<meta property=\"og:description\" content=\"Unterst\u00fctzung f\u00fcr Container \u2013 producent i hurtownia Plasmet. Oferujemy wysok\u0105 jako\u015b\u0107, szeroki wyb\u00f3r i dobre ceny. Zapraszamy do sprawdzenia oferty!\" \/>\n<meta property=\"og:url\" content=\"https:\/\/plasmet.bochnia.pl\/de\/produkt\/unterstuetzung-fuer-container\/\" \/>\n<meta property=\"og:site_name\" content=\"Plasmet\" \/>\n<meta property=\"og:image\" content=\"https:\/\/plasmet.bochnia.pl\/wp-content\/uploads\/2024\/11\/wspornik-naczynia-zbiorczego.jpg\" \/>\n\t<meta property=\"og:image:width\" content=\"800\" \/>\n\t<meta property=\"og:image:height\" content=\"600\" \/>\n\t<meta property=\"og:image:type\" content=\"image\/jpeg\" \/>\n<meta name=\"twitter:card\" content=\"summary_large_image\" \/>\n<meta name=\"twitter:label1\" content=\"Gesch\u00e4tzte Lesezeit\" \/>\n\t<meta name=\"twitter:data1\" content=\"1\u00a0Minute\" \/>\n<script type=\"application\/ld+json\" class=\"yoast-schema-graph\">{\"@context\":\"https:\/\/schema.org\",\"@graph\":[{\"@type\":\"WebPage\",\"@id\":\"https:\/\/plasmet.bochnia.pl\/de\/produkt\/unterstuetzung-fuer-container\/\",\"url\":\"https:\/\/plasmet.bochnia.pl\/de\/produkt\/unterstuetzung-fuer-container\/\",\"name\":\"Unterst\u00fctzung f\u00fcr Container - Plasmet\",\"isPartOf\":{\"@id\":\"https:\/\/plasmet.bochnia.pl\/de\/#website\"},\"primaryImageOfPage\":{\"@id\":\"https:\/\/plasmet.bochnia.pl\/de\/produkt\/unterstuetzung-fuer-container\/#primaryimage\"},\"image\":{\"@id\":\"https:\/\/plasmet.bochnia.pl\/de\/produkt\/unterstuetzung-fuer-container\/#primaryimage\"},\"thumbnailUrl\":\"https:\/\/plasmet.bochnia.pl\/wp-content\/uploads\/2024\/11\/wspornik-naczynia-zbiorczego.jpg\",\"datePublished\":\"2024-11-18T16:43:32+00:00\",\"description\":\"Unterst\u00fctzung f\u00fcr Container \u2013 producent i hurtownia Plasmet. Oferujemy wysok\u0105 jako\u015b\u0107, szeroki wyb\u00f3r i dobre ceny. Zapraszamy do sprawdzenia oferty!\",\"breadcrumb\":{\"@id\":\"https:\/\/plasmet.bochnia.pl\/de\/produkt\/unterstuetzung-fuer-container\/#breadcrumb\"},\"inLanguage\":\"de\",\"potentialAction\":[{\"@type\":\"ReadAction\",\"target\":[\"https:\/\/plasmet.bochnia.pl\/de\/produkt\/unterstuetzung-fuer-container\/\"]}]},{\"@type\":\"ImageObject\",\"inLanguage\":\"de\",\"@id\":\"https:\/\/plasmet.bochnia.pl\/de\/produkt\/unterstuetzung-fuer-container\/#primaryimage\",\"url\":\"https:\/\/plasmet.bochnia.pl\/wp-content\/uploads\/2024\/11\/wspornik-naczynia-zbiorczego.jpg\",\"contentUrl\":\"https:\/\/plasmet.bochnia.pl\/wp-content\/uploads\/2024\/11\/wspornik-naczynia-zbiorczego.jpg\",\"width\":800,\"height\":600,\"caption\":\"wspornik-naczynia-zbiorczego\"},{\"@type\":\"BreadcrumbList\",\"@id\":\"https:\/\/plasmet.bochnia.pl\/de\/produkt\/unterstuetzung-fuer-container\/#breadcrumb\",\"itemListElement\":[{\"@type\":\"ListItem\",\"position\":1,\"name\":\"Strona g\u0142\u00f3wna\",\"item\":\"https:\/\/plasmet.bochnia.pl\/de\/\"},{\"@type\":\"ListItem\",\"position\":2,\"name\":\"Shop\",\"item\":\"https:\/\/plasmet.bochnia.pl\/de\/shop\/\"},{\"@type\":\"ListItem\",\"position\":3,\"name\":\"Unterst\u00fctzung f\u00fcr Container\"}]},{\"@type\":\"WebSite\",\"@id\":\"https:\/\/plasmet.bochnia.pl\/de\/#website\",\"url\":\"https:\/\/plasmet.bochnia.pl\/de\/\",\"name\":\"Plasmet\",\"description\":\"Plasmet\",\"alternateName\":\"Plasmet\",\"potentialAction\":[{\"@type\":\"SearchAction\",\"target\":{\"@type\":\"EntryPoint\",\"urlTemplate\":\"https:\/\/plasmet.bochnia.pl\/de\/?s={search_term_string}\"},\"query-input\":{\"@type\":\"PropertyValueSpecification\",\"valueRequired\":true,\"valueName\":\"search_term_string\"}}],\"inLanguage\":\"de\"}]}<\/script>\n<!-- \/ Yoast SEO plugin. -->","yoast_head_json":{"title":"Unterst\u00fctzung f\u00fcr Container - Plasmet","description":"Unterst\u00fctzung f\u00fcr Container \u2013 producent i hurtownia Plasmet. Oferujemy wysok\u0105 jako\u015b\u0107, szeroki wyb\u00f3r i dobre ceny. Zapraszamy do sprawdzenia oferty!","robots":{"index":"index","follow":"follow","max-snippet":"max-snippet:-1","max-image-preview":"max-image-preview:large","max-video-preview":"max-video-preview:-1"},"canonical":"https:\/\/plasmet.bochnia.pl\/de\/produkt\/unterstuetzung-fuer-container\/","og_locale":"de_DE","og_type":"article","og_title":"Unterst\u00fctzung f\u00fcr Container - Plasmet","og_description":"Unterst\u00fctzung f\u00fcr Container \u2013 producent i hurtownia Plasmet. Oferujemy wysok\u0105 jako\u015b\u0107, szeroki wyb\u00f3r i dobre ceny. Zapraszamy do sprawdzenia oferty!","og_url":"https:\/\/plasmet.bochnia.pl\/de\/produkt\/unterstuetzung-fuer-container\/","og_site_name":"Plasmet","og_image":[{"width":800,"height":600,"url":"https:\/\/plasmet.bochnia.pl\/wp-content\/uploads\/2024\/11\/wspornik-naczynia-zbiorczego.jpg","type":"image\/jpeg"}],"twitter_card":"summary_large_image","twitter_misc":{"Gesch\u00e4tzte Lesezeit":"1\u00a0Minute"},"schema":{"@context":"https:\/\/schema.org","@graph":[{"@type":"WebPage","@id":"https:\/\/plasmet.bochnia.pl\/de\/produkt\/unterstuetzung-fuer-container\/","url":"https:\/\/plasmet.bochnia.pl\/de\/produkt\/unterstuetzung-fuer-container\/","name":"Unterst\u00fctzung f\u00fcr Container - Plasmet","isPartOf":{"@id":"https:\/\/plasmet.bochnia.pl\/de\/#website"},"primaryImageOfPage":{"@id":"https:\/\/plasmet.bochnia.pl\/de\/produkt\/unterstuetzung-fuer-container\/#primaryimage"},"image":{"@id":"https:\/\/plasmet.bochnia.pl\/de\/produkt\/unterstuetzung-fuer-container\/#primaryimage"},"thumbnailUrl":"https:\/\/plasmet.bochnia.pl\/wp-content\/uploads\/2024\/11\/wspornik-naczynia-zbiorczego.jpg","datePublished":"2024-11-18T16:43:32+00:00","description":"Unterst\u00fctzung f\u00fcr Container \u2013 producent i hurtownia Plasmet. Oferujemy wysok\u0105 jako\u015b\u0107, szeroki wyb\u00f3r i dobre ceny. Zapraszamy do sprawdzenia oferty!","breadcrumb":{"@id":"https:\/\/plasmet.bochnia.pl\/de\/produkt\/unterstuetzung-fuer-container\/#breadcrumb"},"inLanguage":"de","potentialAction":[{"@type":"ReadAction","target":["https:\/\/plasmet.bochnia.pl\/de\/produkt\/unterstuetzung-fuer-container\/"]}]},{"@type":"ImageObject","inLanguage":"de","@id":"https:\/\/plasmet.bochnia.pl\/de\/produkt\/unterstuetzung-fuer-container\/#primaryimage","url":"https:\/\/plasmet.bochnia.pl\/wp-content\/uploads\/2024\/11\/wspornik-naczynia-zbiorczego.jpg","contentUrl":"https:\/\/plasmet.bochnia.pl\/wp-content\/uploads\/2024\/11\/wspornik-naczynia-zbiorczego.jpg","width":800,"height":600,"caption":"wspornik-naczynia-zbiorczego"},{"@type":"BreadcrumbList","@id":"https:\/\/plasmet.bochnia.pl\/de\/produkt\/unterstuetzung-fuer-container\/#breadcrumb","itemListElement":[{"@type":"ListItem","position":1,"name":"Strona g\u0142\u00f3wna","item":"https:\/\/plasmet.bochnia.pl\/de\/"},{"@type":"ListItem","position":2,"name":"Shop","item":"https:\/\/plasmet.bochnia.pl\/de\/shop\/"},{"@type":"ListItem","position":3,"name":"Unterst\u00fctzung f\u00fcr Container"}]},{"@type":"WebSite","@id":"https:\/\/plasmet.bochnia.pl\/de\/#website","url":"https:\/\/plasmet.bochnia.pl\/de\/","name":"Plasmet","description":"Plasmet","alternateName":"Plasmet","potentialAction":[{"@type":"SearchAction","target":{"@type":"EntryPoint","urlTemplate":"https:\/\/plasmet.bochnia.pl\/de\/?s={search_term_string}"},"query-input":{"@type":"PropertyValueSpecification","valueRequired":true,"valueName":"search_term_string"}}],"inLanguage":"de"}]}},"taxonomy_info":{"product_cat":[{"value":1351,"label":"Befestigungen"},{"value":1357,"label":"Halterungen und Aufh\u00e4ngungen"}],"pa_kolor":[{"value":1373,"label":"Braun"}]},"featured_image_src_large":["https:\/\/plasmet.bochnia.pl\/wp-content\/uploads\/2024\/11\/wspornik-naczynia-zbiorczego.jpg",800,600,false],"author_info":[],"comment_info":"","_links":{"self":[{"href":"https:\/\/plasmet.bochnia.pl\/de\/wp-json\/wp\/v2\/product\/15432","targetHints":{"allow":["GET"]}}],"collection":[{"href":"https:\/\/plasmet.bochnia.pl\/de\/wp-json\/wp\/v2\/product"}],"about":[{"href":"https:\/\/plasmet.bochnia.pl\/de\/wp-json\/wp\/v2\/types\/product"}],"wp:featuredmedia":[{"embeddable":true,"href":"https:\/\/plasmet.bochnia.pl\/de\/wp-json\/wp\/v2\/media\/15433"}],"wp:attachment":[{"href":"https:\/\/plasmet.bochnia.pl\/de\/wp-json\/wp\/v2\/media?parent=15432"}],"wp:term":[{"taxonomy":"product_brand","embeddable":true,"href":"https:\/\/plasmet.bochnia.pl\/de\/wp-json\/wp\/v2\/product_brand?post=15432"},{"taxonomy":"product_cat","embeddable":true,"href":"https:\/\/plasmet.bochnia.pl\/de\/wp-json\/wp\/v2\/product_cat?post=15432"},{"taxonomy":"product_tag","embeddable":true,"href":"https:\/\/plasmet.bochnia.pl\/de\/wp-json\/wp\/v2\/product_tag?post=15432"}],"curies":[{"name":"wp","href":"https:\/\/api.w.org\/{rel}","templated":true}]}}