{"id":15382,"date":"2024-11-18T17:43:32","date_gmt":"2024-11-18T16:43:32","guid":{"rendered":"https:\/\/plasmet.bochnia.pl\/produkt\/befestigung-der-muschel\/"},"modified":"2024-11-18T17:43:32","modified_gmt":"2024-11-18T16:43:32","slug":"befestigung-der-muschel","status":"publish","type":"product","link":"https:\/\/plasmet.bochnia.pl\/de\/produkt\/befestigung-der-muschel\/","title":{"rendered":"Befestigung der Muschel"},"content":{"rendered":"<h2>Schalenmontage &#8211; \u00c4sthetik und Haltbarkeit bei der Installation<\/h2>\n<p>Die 6 x 80 Schalenhalterung ist ein Bauteil, das f\u00fcr die pr\u00e4zise und dauerhafte Installation von Toilettenbecken in Sanit\u00e4ranlagen entwickelt wurde. Er ist in zwei Farboptionen erh\u00e4ltlich &#8211; wei\u00df und chrom &#8211; und erm\u00f6glicht es Ihnen, die \u00c4sthetik Ihrer Badezimmereinrichtung anzupassen und gleichzeitig Stabilit\u00e4t und Funktionalit\u00e4t zu gew\u00e4hrleisten. <\/p>\n<h3>Produkt Spezifikationen<\/h3>\n<ul>\n<li>Version: 6 x 80<\/li>\n<li>Farben: Wei\u00df, Chrom<\/li>\n<li>Material: stabiler Kunststoff\/Stahl<\/li>\n<li>Zweck: Einbau von Toilettensch\u00fcsseln<\/li>\n<\/ul>\n<h3>Anwendung<\/h3>\n<p>Die Schalenhalterung wird f\u00fcr Sanit\u00e4rinstallationen in Wohn-, Gewerbe- und Industriegeb\u00e4uden verwendet. Das Produkt ist f\u00fcr eine stabile und \u00e4sthetisch ansprechende Installation von Schalen auf einer Vielzahl von Montagefl\u00e4chen wie Beton oder Keramikfliesen konzipiert. <\/p>\n<h3>Produktvorteile<\/h3>\n<ul>\n<li>\u00c4sthetisches Finish dank der Farben Wei\u00df und Chrom<\/li>\n<li>Langlebigkeit und Widerstandsf\u00e4higkeit gegen t\u00e4gliche Belastungen<\/li>\n<li>Pr\u00e4zise Installation dank der optimalen Gr\u00f6\u00dfe 6 x 80<\/li>\n<li>Leichte Installation auf verschiedenen Oberfl\u00e4chen<\/li>\n<\/ul>\n<p>Die Muschelhalterung in Wei\u00df und Chrom ist eine funktionelle und langlebige L\u00f6sung, die den Anforderungen professioneller Installateure und Benutzer gerecht wird. Dank seiner hochwertigen Verarbeitung und \u00c4sthetik ist er ideal f\u00fcr moderne Baddesigns. <\/p>\n","protected":false},"excerpt":{"rendered":"<p>Schalenhalterung in der Version 6 x 80, erh\u00e4ltlich in Wei\u00df und Chrom. Sorgt f\u00fcr eine dauerhafte und \u00e4sthetisch ansprechende Installation von Schalen in Sanit\u00e4ranlagen. Hergestellt aus hochwertigen Materialien.  <\/p>\n","protected":false},"featured_media":15384,"template":"","meta":{"_acf_changed":false,"_kad_blocks_custom_css":"","_kad_blocks_head_custom_js":"","_kad_blocks_body_custom_js":"","_kad_blocks_footer_custom_js":"","_kad_post_transparent":"","_kad_post_title":"","_kad_post_layout":"","_kad_post_sidebar_id":"","_kad_post_content_style":"","_kad_post_vertical_padding":"","_kad_post_feature":"","_kad_post_feature_position":"","_kad_post_header":false,"_kad_post_footer":false,"_kad_post_classname":""},"product_brand":[],"product_cat":[1351,1357],"product_tag":[],"class_list":{"0":"post-15382","1":"product","2":"type-product","3":"status-publish","4":"has-post-thumbnail","6":"product_cat-befestigungen","7":"product_cat-halterungen-und-aufhangungen","8":"pa_kolor-chrom-de","9":"pa_kolor-weis","10":"pa_wersja-6-x-80-de","12":"first","13":"instock","14":"product-type-variable","15":"entry","16":"content-bg","17":"loop-entry"},"acf":[],"yoast_head":"<!-- This site is optimized with the Yoast SEO plugin v25.1 - https:\/\/yoast.com\/wordpress\/plugins\/seo\/ -->\n<title>Befestigung der Muschel - Plasmet<\/title>\n<meta name=\"description\" content=\"Befestigung der Muschel \u2013 producent i hurtownia Plasmet. Oferujemy wysok\u0105 jako\u015b\u0107, szeroki wyb\u00f3r i dobre ceny. Zapraszamy do sprawdzenia oferty!\" \/>\n<meta name=\"robots\" content=\"index, follow, max-snippet:-1, max-image-preview:large, max-video-preview:-1\" \/>\n<link rel=\"canonical\" href=\"https:\/\/plasmet.bochnia.pl\/de\/produkt\/befestigung-der-muschel\/\" \/>\n<meta property=\"og:locale\" content=\"de_DE\" \/>\n<meta property=\"og:type\" content=\"article\" \/>\n<meta property=\"og:title\" content=\"Befestigung der Muschel - Plasmet\" \/>\n<meta property=\"og:description\" content=\"Befestigung der Muschel \u2013 producent i hurtownia Plasmet. Oferujemy wysok\u0105 jako\u015b\u0107, szeroki wyb\u00f3r i dobre ceny. Zapraszamy do sprawdzenia oferty!\" \/>\n<meta property=\"og:url\" content=\"https:\/\/plasmet.bochnia.pl\/de\/produkt\/befestigung-der-muschel\/\" \/>\n<meta property=\"og:site_name\" content=\"Plasmet\" \/>\n<meta property=\"og:image\" content=\"https:\/\/plasmet.bochnia.pl\/wp-content\/uploads\/2024\/11\/mocowanie-muszli-6-x-80-bialy.jpg\" \/>\n\t<meta property=\"og:image:width\" content=\"800\" \/>\n\t<meta property=\"og:image:height\" content=\"600\" \/>\n\t<meta property=\"og:image:type\" content=\"image\/jpeg\" \/>\n<meta name=\"twitter:card\" content=\"summary_large_image\" \/>\n<meta name=\"twitter:label1\" content=\"Gesch\u00e4tzte Lesezeit\" \/>\n\t<meta name=\"twitter:data1\" content=\"1\u00a0Minute\" \/>\n<script type=\"application\/ld+json\" class=\"yoast-schema-graph\">{\"@context\":\"https:\/\/schema.org\",\"@graph\":[{\"@type\":\"WebPage\",\"@id\":\"https:\/\/plasmet.bochnia.pl\/de\/produkt\/befestigung-der-muschel\/\",\"url\":\"https:\/\/plasmet.bochnia.pl\/de\/produkt\/befestigung-der-muschel\/\",\"name\":\"Befestigung der Muschel - Plasmet\",\"isPartOf\":{\"@id\":\"https:\/\/plasmet.bochnia.pl\/de\/#website\"},\"primaryImageOfPage\":{\"@id\":\"https:\/\/plasmet.bochnia.pl\/de\/produkt\/befestigung-der-muschel\/#primaryimage\"},\"image\":{\"@id\":\"https:\/\/plasmet.bochnia.pl\/de\/produkt\/befestigung-der-muschel\/#primaryimage\"},\"thumbnailUrl\":\"https:\/\/plasmet.bochnia.pl\/wp-content\/uploads\/2024\/11\/mocowanie-muszli-6-x-80-bialy.jpg\",\"datePublished\":\"2024-11-18T16:43:32+00:00\",\"description\":\"Befestigung der Muschel \u2013 producent i hurtownia Plasmet. Oferujemy wysok\u0105 jako\u015b\u0107, szeroki wyb\u00f3r i dobre ceny. Zapraszamy do sprawdzenia oferty!\",\"breadcrumb\":{\"@id\":\"https:\/\/plasmet.bochnia.pl\/de\/produkt\/befestigung-der-muschel\/#breadcrumb\"},\"inLanguage\":\"de\",\"potentialAction\":[{\"@type\":\"ReadAction\",\"target\":[\"https:\/\/plasmet.bochnia.pl\/de\/produkt\/befestigung-der-muschel\/\"]}]},{\"@type\":\"ImageObject\",\"inLanguage\":\"de\",\"@id\":\"https:\/\/plasmet.bochnia.pl\/de\/produkt\/befestigung-der-muschel\/#primaryimage\",\"url\":\"https:\/\/plasmet.bochnia.pl\/wp-content\/uploads\/2024\/11\/mocowanie-muszli-6-x-80-bialy.jpg\",\"contentUrl\":\"https:\/\/plasmet.bochnia.pl\/wp-content\/uploads\/2024\/11\/mocowanie-muszli-6-x-80-bialy.jpg\",\"width\":800,\"height\":600,\"caption\":\"mocowanie-muszli-6-x-80-bialy\"},{\"@type\":\"BreadcrumbList\",\"@id\":\"https:\/\/plasmet.bochnia.pl\/de\/produkt\/befestigung-der-muschel\/#breadcrumb\",\"itemListElement\":[{\"@type\":\"ListItem\",\"position\":1,\"name\":\"Strona g\u0142\u00f3wna\",\"item\":\"https:\/\/plasmet.bochnia.pl\/de\/\"},{\"@type\":\"ListItem\",\"position\":2,\"name\":\"Shop\",\"item\":\"https:\/\/plasmet.bochnia.pl\/de\/shop\/\"},{\"@type\":\"ListItem\",\"position\":3,\"name\":\"Befestigung der Muschel\"}]},{\"@type\":\"WebSite\",\"@id\":\"https:\/\/plasmet.bochnia.pl\/de\/#website\",\"url\":\"https:\/\/plasmet.bochnia.pl\/de\/\",\"name\":\"Plasmet\",\"description\":\"Plasmet\",\"alternateName\":\"Plasmet\",\"potentialAction\":[{\"@type\":\"SearchAction\",\"target\":{\"@type\":\"EntryPoint\",\"urlTemplate\":\"https:\/\/plasmet.bochnia.pl\/de\/?s={search_term_string}\"},\"query-input\":{\"@type\":\"PropertyValueSpecification\",\"valueRequired\":true,\"valueName\":\"search_term_string\"}}],\"inLanguage\":\"de\"}]}<\/script>\n<!-- \/ Yoast SEO plugin. -->","yoast_head_json":{"title":"Befestigung der Muschel - Plasmet","description":"Befestigung der Muschel \u2013 producent i hurtownia Plasmet. Oferujemy wysok\u0105 jako\u015b\u0107, szeroki wyb\u00f3r i dobre ceny. Zapraszamy do sprawdzenia oferty!","robots":{"index":"index","follow":"follow","max-snippet":"max-snippet:-1","max-image-preview":"max-image-preview:large","max-video-preview":"max-video-preview:-1"},"canonical":"https:\/\/plasmet.bochnia.pl\/de\/produkt\/befestigung-der-muschel\/","og_locale":"de_DE","og_type":"article","og_title":"Befestigung der Muschel - Plasmet","og_description":"Befestigung der Muschel \u2013 producent i hurtownia Plasmet. Oferujemy wysok\u0105 jako\u015b\u0107, szeroki wyb\u00f3r i dobre ceny. Zapraszamy do sprawdzenia oferty!","og_url":"https:\/\/plasmet.bochnia.pl\/de\/produkt\/befestigung-der-muschel\/","og_site_name":"Plasmet","og_image":[{"width":800,"height":600,"url":"https:\/\/plasmet.bochnia.pl\/wp-content\/uploads\/2024\/11\/mocowanie-muszli-6-x-80-bialy.jpg","type":"image\/jpeg"}],"twitter_card":"summary_large_image","twitter_misc":{"Gesch\u00e4tzte Lesezeit":"1\u00a0Minute"},"schema":{"@context":"https:\/\/schema.org","@graph":[{"@type":"WebPage","@id":"https:\/\/plasmet.bochnia.pl\/de\/produkt\/befestigung-der-muschel\/","url":"https:\/\/plasmet.bochnia.pl\/de\/produkt\/befestigung-der-muschel\/","name":"Befestigung der Muschel - Plasmet","isPartOf":{"@id":"https:\/\/plasmet.bochnia.pl\/de\/#website"},"primaryImageOfPage":{"@id":"https:\/\/plasmet.bochnia.pl\/de\/produkt\/befestigung-der-muschel\/#primaryimage"},"image":{"@id":"https:\/\/plasmet.bochnia.pl\/de\/produkt\/befestigung-der-muschel\/#primaryimage"},"thumbnailUrl":"https:\/\/plasmet.bochnia.pl\/wp-content\/uploads\/2024\/11\/mocowanie-muszli-6-x-80-bialy.jpg","datePublished":"2024-11-18T16:43:32+00:00","description":"Befestigung der Muschel \u2013 producent i hurtownia Plasmet. Oferujemy wysok\u0105 jako\u015b\u0107, szeroki wyb\u00f3r i dobre ceny. Zapraszamy do sprawdzenia oferty!","breadcrumb":{"@id":"https:\/\/plasmet.bochnia.pl\/de\/produkt\/befestigung-der-muschel\/#breadcrumb"},"inLanguage":"de","potentialAction":[{"@type":"ReadAction","target":["https:\/\/plasmet.bochnia.pl\/de\/produkt\/befestigung-der-muschel\/"]}]},{"@type":"ImageObject","inLanguage":"de","@id":"https:\/\/plasmet.bochnia.pl\/de\/produkt\/befestigung-der-muschel\/#primaryimage","url":"https:\/\/plasmet.bochnia.pl\/wp-content\/uploads\/2024\/11\/mocowanie-muszli-6-x-80-bialy.jpg","contentUrl":"https:\/\/plasmet.bochnia.pl\/wp-content\/uploads\/2024\/11\/mocowanie-muszli-6-x-80-bialy.jpg","width":800,"height":600,"caption":"mocowanie-muszli-6-x-80-bialy"},{"@type":"BreadcrumbList","@id":"https:\/\/plasmet.bochnia.pl\/de\/produkt\/befestigung-der-muschel\/#breadcrumb","itemListElement":[{"@type":"ListItem","position":1,"name":"Strona g\u0142\u00f3wna","item":"https:\/\/plasmet.bochnia.pl\/de\/"},{"@type":"ListItem","position":2,"name":"Shop","item":"https:\/\/plasmet.bochnia.pl\/de\/shop\/"},{"@type":"ListItem","position":3,"name":"Befestigung der Muschel"}]},{"@type":"WebSite","@id":"https:\/\/plasmet.bochnia.pl\/de\/#website","url":"https:\/\/plasmet.bochnia.pl\/de\/","name":"Plasmet","description":"Plasmet","alternateName":"Plasmet","potentialAction":[{"@type":"SearchAction","target":{"@type":"EntryPoint","urlTemplate":"https:\/\/plasmet.bochnia.pl\/de\/?s={search_term_string}"},"query-input":{"@type":"PropertyValueSpecification","valueRequired":true,"valueName":"search_term_string"}}],"inLanguage":"de"}]}},"taxonomy_info":{"product_cat":[{"value":1351,"label":"Befestigungen"},{"value":1357,"label":"Halterungen und Aufh\u00e4ngungen"}],"pa_kolor":[{"value":1374,"label":"Chrom"},{"value":1372,"label":"Wei\u00df"}],"pa_wersja":[{"value":1422,"label":"6 x 80"}]},"featured_image_src_large":["https:\/\/plasmet.bochnia.pl\/wp-content\/uploads\/2024\/11\/mocowanie-muszli-6-x-80-bialy.jpg",800,600,false],"author_info":[],"comment_info":"","_links":{"self":[{"href":"https:\/\/plasmet.bochnia.pl\/de\/wp-json\/wp\/v2\/product\/15382","targetHints":{"allow":["GET"]}}],"collection":[{"href":"https:\/\/plasmet.bochnia.pl\/de\/wp-json\/wp\/v2\/product"}],"about":[{"href":"https:\/\/plasmet.bochnia.pl\/de\/wp-json\/wp\/v2\/types\/product"}],"wp:featuredmedia":[{"embeddable":true,"href":"https:\/\/plasmet.bochnia.pl\/de\/wp-json\/wp\/v2\/media\/15384"}],"wp:attachment":[{"href":"https:\/\/plasmet.bochnia.pl\/de\/wp-json\/wp\/v2\/media?parent=15382"}],"wp:term":[{"taxonomy":"product_brand","embeddable":true,"href":"https:\/\/plasmet.bochnia.pl\/de\/wp-json\/wp\/v2\/product_brand?post=15382"},{"taxonomy":"product_cat","embeddable":true,"href":"https:\/\/plasmet.bochnia.pl\/de\/wp-json\/wp\/v2\/product_cat?post=15382"},{"taxonomy":"product_tag","embeddable":true,"href":"https:\/\/plasmet.bochnia.pl\/de\/wp-json\/wp\/v2\/product_tag?post=15382"}],"curies":[{"name":"wp","href":"https:\/\/api.w.org\/{rel}","templated":true}]}}