{"id":15371,"date":"2024-11-18T17:43:04","date_gmt":"2024-11-18T16:43:04","guid":{"rendered":"https:\/\/plasmet.bochnia.pl\/produkt\/doppelter-griff-mit-messingeinsatz-mit-doppelgewindeschraube\/"},"modified":"2024-11-18T17:43:04","modified_gmt":"2024-11-18T16:43:04","slug":"doppelter-griff-mit-messingeinsatz-mit-doppelgewindeschraube","status":"publish","type":"product","link":"https:\/\/plasmet.bochnia.pl\/de\/produkt\/doppelter-griff-mit-messingeinsatz-mit-doppelgewindeschraube\/","title":{"rendered":"Doppelter Griff mit Messingeinsatz mit Doppelgewindeschraube"},"content":{"rendered":"<h2>Doppelter Griff mit Messingeinsatz &#8211; Haltbarkeit f\u00fcr anspruchsvolle Installationen<\/h2>\n<p>Die Doppelschelle mit Messingeinsatz ist ein Montageelement, das f\u00fcr die gleichzeitige und dauerhafte Befestigung von zwei Rohren konzipiert ist. Dank der Messingeinlage bietet die Schelle eine hohe Verschlei\u00df- und Belastungsfestigkeit und ist damit die ideale Wahl f\u00fcr Wasser-, Kanal- und Heizungsinstallationen. Die Doppelgewindeschraube erm\u00f6glicht eine schnelle und stabile Befestigung in verschiedenen Materialien wie Beton oder Ziegel.  <\/p>\n<h3>Produkt Spezifikationen<\/h3>\n<ul>\n<li>Material: Kunststoff mit Messingeinsatz<\/li>\n<li>Befestigungselemente: Doppelgewindeschraube<\/li>\n<li>Verf\u00fcgbare Gr\u00f6\u00dfen: 10, 12, 15, 18, 22, 28<\/li>\n<\/ul>\n<h3>Anwendung<\/h3>\n<p>Ein Produkt, das f\u00fcr Installationen entwickelt wurde, die eine pr\u00e4zise und stabile Befestigung von zwei Rohren gleichzeitig erfordern. Ideal f\u00fcr den Einsatz in Wohn-, Industrie- und Gewerbegeb\u00e4uden, insbesondere in Systemen, bei denen Zuverl\u00e4ssigkeit und Haltbarkeit wichtig sind. <\/p>\n<h3>Produktvorteile<\/h3>\n<ul>\n<li>Hohe Haltbarkeit dank Messingeinsatz<\/li>\n<li>Stabile Montage von zwei Rohren gleichzeitig<\/li>\n<li>Verschlei\u00df- und Belastungsfestigkeit<\/li>\n<li>Vielseitiger Einsatz in Wasser-, Kanal- und Heizungsinstallationen<\/li>\n<\/ul>\n<p>Die Doppelhalterung mit Messingeinsatz ist eine zuverl\u00e4ssige L\u00f6sung f\u00fcr Installationen, die Langlebigkeit und Pr\u00e4zision erfordern. Das Produkt ist in einer Vielzahl von Gr\u00f6\u00dfen erh\u00e4ltlich, die eine einfache Anpassung an spezifische Projektanforderungen erm\u00f6glichen. <\/p>\n","protected":false},"excerpt":{"rendered":"<p>Doppelrohrhalter mit Messingeinsatz und Doppelgewindeschraube, der eine dauerhafte und pr\u00e4zise Befestigung von zwei Rohren gleichzeitig erm\u00f6glicht. Erh\u00e4ltlich in verschiedenen Gr\u00f6\u00dfen. <\/p>\n","protected":false},"featured_media":15373,"template":"","meta":{"_acf_changed":false,"_kad_blocks_custom_css":"","_kad_blocks_head_custom_js":"","_kad_blocks_body_custom_js":"","_kad_blocks_footer_custom_js":"","_kad_post_transparent":"","_kad_post_title":"","_kad_post_layout":"","_kad_post_sidebar_id":"","_kad_post_content_style":"","_kad_post_vertical_padding":"","_kad_post_feature":"","_kad_post_feature_position":"","_kad_post_header":false,"_kad_post_footer":false,"_kad_post_classname":""},"product_brand":[],"product_cat":[1351,1357],"product_tag":[],"class_list":{"0":"post-15371","1":"product","2":"type-product","3":"status-publish","4":"has-post-thumbnail","6":"product_cat-befestigungen","7":"product_cat-halterungen-und-aufhangungen","8":"pa_kolor-weis","9":"pa_wersja-10-de","10":"pa_wersja-12-de","11":"pa_wersja-15-de","12":"pa_wersja-18-de","13":"pa_wersja-22-de","14":"pa_wersja-28-de","16":"first","17":"instock","18":"product-type-variable","19":"entry","20":"content-bg","21":"loop-entry"},"acf":[],"yoast_head":"<!-- This site is optimized with the Yoast SEO plugin v25.1 - https:\/\/yoast.com\/wordpress\/plugins\/seo\/ -->\n<title>Doppelter Griff mit Messingeinsatz mit Doppelgewindeschraube - Plasmet<\/title>\n<meta name=\"description\" content=\"Doppelter Griff mit Messingeinsatz mit Doppelgewindeschraube \u2013 producent i hurtownia Plasmet. Oferujemy wysok\u0105 jako\u015b\u0107, szeroki wyb\u00f3r i dobre ceny. Zapraszamy do sprawdzenia oferty!\" \/>\n<meta name=\"robots\" content=\"index, follow, max-snippet:-1, max-image-preview:large, max-video-preview:-1\" \/>\n<link rel=\"canonical\" href=\"https:\/\/plasmet.bochnia.pl\/de\/produkt\/doppelter-griff-mit-messingeinsatz-mit-doppelgewindeschraube\/\" \/>\n<meta property=\"og:locale\" content=\"de_DE\" \/>\n<meta property=\"og:type\" content=\"article\" \/>\n<meta property=\"og:title\" content=\"Doppelter Griff mit Messingeinsatz mit Doppelgewindeschraube - Plasmet\" \/>\n<meta property=\"og:description\" content=\"Doppelter Griff mit Messingeinsatz mit Doppelgewindeschraube \u2013 producent i hurtownia Plasmet. Oferujemy wysok\u0105 jako\u015b\u0107, szeroki wyb\u00f3r i dobre ceny. Zapraszamy do sprawdzenia oferty!\" \/>\n<meta property=\"og:url\" content=\"https:\/\/plasmet.bochnia.pl\/de\/produkt\/doppelter-griff-mit-messingeinsatz-mit-doppelgewindeschraube\/\" \/>\n<meta property=\"og:site_name\" content=\"Plasmet\" \/>\n<meta property=\"og:image\" content=\"https:\/\/plasmet.bochnia.pl\/wp-content\/uploads\/2024\/11\/uchwyt-podwojny-z-wkladka-mosiezna-ze-sruba-dwu-gwint-10-1.jpg\" \/>\n\t<meta property=\"og:image:width\" content=\"800\" \/>\n\t<meta property=\"og:image:height\" content=\"600\" \/>\n\t<meta property=\"og:image:type\" content=\"image\/jpeg\" \/>\n<meta name=\"twitter:card\" content=\"summary_large_image\" \/>\n<meta name=\"twitter:label1\" content=\"Gesch\u00e4tzte Lesezeit\" \/>\n\t<meta name=\"twitter:data1\" content=\"1\u00a0Minute\" \/>\n<script type=\"application\/ld+json\" class=\"yoast-schema-graph\">{\"@context\":\"https:\/\/schema.org\",\"@graph\":[{\"@type\":\"WebPage\",\"@id\":\"https:\/\/plasmet.bochnia.pl\/de\/produkt\/doppelter-griff-mit-messingeinsatz-mit-doppelgewindeschraube\/\",\"url\":\"https:\/\/plasmet.bochnia.pl\/de\/produkt\/doppelter-griff-mit-messingeinsatz-mit-doppelgewindeschraube\/\",\"name\":\"Doppelter Griff mit Messingeinsatz mit Doppelgewindeschraube - Plasmet\",\"isPartOf\":{\"@id\":\"https:\/\/plasmet.bochnia.pl\/de\/#website\"},\"primaryImageOfPage\":{\"@id\":\"https:\/\/plasmet.bochnia.pl\/de\/produkt\/doppelter-griff-mit-messingeinsatz-mit-doppelgewindeschraube\/#primaryimage\"},\"image\":{\"@id\":\"https:\/\/plasmet.bochnia.pl\/de\/produkt\/doppelter-griff-mit-messingeinsatz-mit-doppelgewindeschraube\/#primaryimage\"},\"thumbnailUrl\":\"https:\/\/plasmet.bochnia.pl\/wp-content\/uploads\/2024\/11\/uchwyt-podwojny-z-wkladka-mosiezna-ze-sruba-dwu-gwint-10-1.jpg\",\"datePublished\":\"2024-11-18T16:43:04+00:00\",\"description\":\"Doppelter Griff mit Messingeinsatz mit Doppelgewindeschraube \u2013 producent i hurtownia Plasmet. Oferujemy wysok\u0105 jako\u015b\u0107, szeroki wyb\u00f3r i dobre ceny. Zapraszamy do sprawdzenia oferty!\",\"breadcrumb\":{\"@id\":\"https:\/\/plasmet.bochnia.pl\/de\/produkt\/doppelter-griff-mit-messingeinsatz-mit-doppelgewindeschraube\/#breadcrumb\"},\"inLanguage\":\"de\",\"potentialAction\":[{\"@type\":\"ReadAction\",\"target\":[\"https:\/\/plasmet.bochnia.pl\/de\/produkt\/doppelter-griff-mit-messingeinsatz-mit-doppelgewindeschraube\/\"]}]},{\"@type\":\"ImageObject\",\"inLanguage\":\"de\",\"@id\":\"https:\/\/plasmet.bochnia.pl\/de\/produkt\/doppelter-griff-mit-messingeinsatz-mit-doppelgewindeschraube\/#primaryimage\",\"url\":\"https:\/\/plasmet.bochnia.pl\/wp-content\/uploads\/2024\/11\/uchwyt-podwojny-z-wkladka-mosiezna-ze-sruba-dwu-gwint-10-1.jpg\",\"contentUrl\":\"https:\/\/plasmet.bochnia.pl\/wp-content\/uploads\/2024\/11\/uchwyt-podwojny-z-wkladka-mosiezna-ze-sruba-dwu-gwint-10-1.jpg\",\"width\":800,\"height\":600,\"caption\":\"uchwyt-podwojny-z-wkladka-mosiezna-ze-sruba-dwu-gwint-10\"},{\"@type\":\"BreadcrumbList\",\"@id\":\"https:\/\/plasmet.bochnia.pl\/de\/produkt\/doppelter-griff-mit-messingeinsatz-mit-doppelgewindeschraube\/#breadcrumb\",\"itemListElement\":[{\"@type\":\"ListItem\",\"position\":1,\"name\":\"Strona g\u0142\u00f3wna\",\"item\":\"https:\/\/plasmet.bochnia.pl\/de\/\"},{\"@type\":\"ListItem\",\"position\":2,\"name\":\"Shop\",\"item\":\"https:\/\/plasmet.bochnia.pl\/de\/shop\/\"},{\"@type\":\"ListItem\",\"position\":3,\"name\":\"Doppelter Griff mit Messingeinsatz mit Doppelgewindeschraube\"}]},{\"@type\":\"WebSite\",\"@id\":\"https:\/\/plasmet.bochnia.pl\/de\/#website\",\"url\":\"https:\/\/plasmet.bochnia.pl\/de\/\",\"name\":\"Plasmet\",\"description\":\"Plasmet\",\"alternateName\":\"Plasmet\",\"potentialAction\":[{\"@type\":\"SearchAction\",\"target\":{\"@type\":\"EntryPoint\",\"urlTemplate\":\"https:\/\/plasmet.bochnia.pl\/de\/?s={search_term_string}\"},\"query-input\":{\"@type\":\"PropertyValueSpecification\",\"valueRequired\":true,\"valueName\":\"search_term_string\"}}],\"inLanguage\":\"de\"}]}<\/script>\n<!-- \/ Yoast SEO plugin. -->","yoast_head_json":{"title":"Doppelter Griff mit Messingeinsatz mit Doppelgewindeschraube - Plasmet","description":"Doppelter Griff mit Messingeinsatz mit Doppelgewindeschraube \u2013 producent i hurtownia Plasmet. Oferujemy wysok\u0105 jako\u015b\u0107, szeroki wyb\u00f3r i dobre ceny. Zapraszamy do sprawdzenia oferty!","robots":{"index":"index","follow":"follow","max-snippet":"max-snippet:-1","max-image-preview":"max-image-preview:large","max-video-preview":"max-video-preview:-1"},"canonical":"https:\/\/plasmet.bochnia.pl\/de\/produkt\/doppelter-griff-mit-messingeinsatz-mit-doppelgewindeschraube\/","og_locale":"de_DE","og_type":"article","og_title":"Doppelter Griff mit Messingeinsatz mit Doppelgewindeschraube - Plasmet","og_description":"Doppelter Griff mit Messingeinsatz mit Doppelgewindeschraube \u2013 producent i hurtownia Plasmet. Oferujemy wysok\u0105 jako\u015b\u0107, szeroki wyb\u00f3r i dobre ceny. Zapraszamy do sprawdzenia oferty!","og_url":"https:\/\/plasmet.bochnia.pl\/de\/produkt\/doppelter-griff-mit-messingeinsatz-mit-doppelgewindeschraube\/","og_site_name":"Plasmet","og_image":[{"width":800,"height":600,"url":"https:\/\/plasmet.bochnia.pl\/wp-content\/uploads\/2024\/11\/uchwyt-podwojny-z-wkladka-mosiezna-ze-sruba-dwu-gwint-10-1.jpg","type":"image\/jpeg"}],"twitter_card":"summary_large_image","twitter_misc":{"Gesch\u00e4tzte Lesezeit":"1\u00a0Minute"},"schema":{"@context":"https:\/\/schema.org","@graph":[{"@type":"WebPage","@id":"https:\/\/plasmet.bochnia.pl\/de\/produkt\/doppelter-griff-mit-messingeinsatz-mit-doppelgewindeschraube\/","url":"https:\/\/plasmet.bochnia.pl\/de\/produkt\/doppelter-griff-mit-messingeinsatz-mit-doppelgewindeschraube\/","name":"Doppelter Griff mit Messingeinsatz mit Doppelgewindeschraube - Plasmet","isPartOf":{"@id":"https:\/\/plasmet.bochnia.pl\/de\/#website"},"primaryImageOfPage":{"@id":"https:\/\/plasmet.bochnia.pl\/de\/produkt\/doppelter-griff-mit-messingeinsatz-mit-doppelgewindeschraube\/#primaryimage"},"image":{"@id":"https:\/\/plasmet.bochnia.pl\/de\/produkt\/doppelter-griff-mit-messingeinsatz-mit-doppelgewindeschraube\/#primaryimage"},"thumbnailUrl":"https:\/\/plasmet.bochnia.pl\/wp-content\/uploads\/2024\/11\/uchwyt-podwojny-z-wkladka-mosiezna-ze-sruba-dwu-gwint-10-1.jpg","datePublished":"2024-11-18T16:43:04+00:00","description":"Doppelter Griff mit Messingeinsatz mit Doppelgewindeschraube \u2013 producent i hurtownia Plasmet. Oferujemy wysok\u0105 jako\u015b\u0107, szeroki wyb\u00f3r i dobre ceny. Zapraszamy do sprawdzenia oferty!","breadcrumb":{"@id":"https:\/\/plasmet.bochnia.pl\/de\/produkt\/doppelter-griff-mit-messingeinsatz-mit-doppelgewindeschraube\/#breadcrumb"},"inLanguage":"de","potentialAction":[{"@type":"ReadAction","target":["https:\/\/plasmet.bochnia.pl\/de\/produkt\/doppelter-griff-mit-messingeinsatz-mit-doppelgewindeschraube\/"]}]},{"@type":"ImageObject","inLanguage":"de","@id":"https:\/\/plasmet.bochnia.pl\/de\/produkt\/doppelter-griff-mit-messingeinsatz-mit-doppelgewindeschraube\/#primaryimage","url":"https:\/\/plasmet.bochnia.pl\/wp-content\/uploads\/2024\/11\/uchwyt-podwojny-z-wkladka-mosiezna-ze-sruba-dwu-gwint-10-1.jpg","contentUrl":"https:\/\/plasmet.bochnia.pl\/wp-content\/uploads\/2024\/11\/uchwyt-podwojny-z-wkladka-mosiezna-ze-sruba-dwu-gwint-10-1.jpg","width":800,"height":600,"caption":"uchwyt-podwojny-z-wkladka-mosiezna-ze-sruba-dwu-gwint-10"},{"@type":"BreadcrumbList","@id":"https:\/\/plasmet.bochnia.pl\/de\/produkt\/doppelter-griff-mit-messingeinsatz-mit-doppelgewindeschraube\/#breadcrumb","itemListElement":[{"@type":"ListItem","position":1,"name":"Strona g\u0142\u00f3wna","item":"https:\/\/plasmet.bochnia.pl\/de\/"},{"@type":"ListItem","position":2,"name":"Shop","item":"https:\/\/plasmet.bochnia.pl\/de\/shop\/"},{"@type":"ListItem","position":3,"name":"Doppelter Griff mit Messingeinsatz mit Doppelgewindeschraube"}]},{"@type":"WebSite","@id":"https:\/\/plasmet.bochnia.pl\/de\/#website","url":"https:\/\/plasmet.bochnia.pl\/de\/","name":"Plasmet","description":"Plasmet","alternateName":"Plasmet","potentialAction":[{"@type":"SearchAction","target":{"@type":"EntryPoint","urlTemplate":"https:\/\/plasmet.bochnia.pl\/de\/?s={search_term_string}"},"query-input":{"@type":"PropertyValueSpecification","valueRequired":true,"valueName":"search_term_string"}}],"inLanguage":"de"}]}},"taxonomy_info":{"product_cat":[{"value":1351,"label":"Befestigungen"},{"value":1357,"label":"Halterungen und Aufh\u00e4ngungen"}],"pa_kolor":[{"value":1372,"label":"Wei\u00df"}],"pa_wersja":[{"value":1448,"label":"10"},{"value":1456,"label":"12"},{"value":1467,"label":"15"},{"value":1476,"label":"18"},{"value":1482,"label":"22"},{"value":1486,"label":"28"}]},"featured_image_src_large":["https:\/\/plasmet.bochnia.pl\/wp-content\/uploads\/2024\/11\/uchwyt-podwojny-z-wkladka-mosiezna-ze-sruba-dwu-gwint-10-1.jpg",800,600,false],"author_info":[],"comment_info":"","_links":{"self":[{"href":"https:\/\/plasmet.bochnia.pl\/de\/wp-json\/wp\/v2\/product\/15371","targetHints":{"allow":["GET"]}}],"collection":[{"href":"https:\/\/plasmet.bochnia.pl\/de\/wp-json\/wp\/v2\/product"}],"about":[{"href":"https:\/\/plasmet.bochnia.pl\/de\/wp-json\/wp\/v2\/types\/product"}],"wp:featuredmedia":[{"embeddable":true,"href":"https:\/\/plasmet.bochnia.pl\/de\/wp-json\/wp\/v2\/media\/15373"}],"wp:attachment":[{"href":"https:\/\/plasmet.bochnia.pl\/de\/wp-json\/wp\/v2\/media?parent=15371"}],"wp:term":[{"taxonomy":"product_brand","embeddable":true,"href":"https:\/\/plasmet.bochnia.pl\/de\/wp-json\/wp\/v2\/product_brand?post=15371"},{"taxonomy":"product_cat","embeddable":true,"href":"https:\/\/plasmet.bochnia.pl\/de\/wp-json\/wp\/v2\/product_cat?post=15371"},{"taxonomy":"product_tag","embeddable":true,"href":"https:\/\/plasmet.bochnia.pl\/de\/wp-json\/wp\/v2\/product_tag?post=15371"}],"curies":[{"name":"wp","href":"https:\/\/api.w.org\/{rel}","templated":true}]}}