{"id":15266,"date":"2024-11-18T17:43:52","date_gmt":"2024-11-18T16:43:52","guid":{"rendered":"https:\/\/plasmet.bochnia.pl\/produkt\/styropor-klammer\/"},"modified":"2024-11-18T17:43:52","modified_gmt":"2024-11-18T16:43:52","slug":"styropor-klammer","status":"publish","type":"product","link":"https:\/\/plasmet.bochnia.pl\/de\/produkt\/styropor-klammer\/","title":{"rendered":"Styropor-Klammer"},"content":{"rendered":"<h2>Polystyrol-Schaumstoffklammer &#8211; die universelle Installationsl\u00f6sung<\/h2>\n<p>Die graue Polystyrolschelle ist eine praktische und vielseitige Installationsl\u00f6sung f\u00fcr die schnelle und stabile Befestigung von Rohren in einer Vielzahl von Installationssystemen. Erh\u00e4ltlich in zwei Versionen &#8211; lang und kurz &#8211; kann die Schelle an unterschiedliche Installationsanforderungen und -bedingungen angepasst werden. Die Schelle besteht aus robustem Kunststoff und zeichnet sich durch ihre Feuchtigkeits- und Temperaturbest\u00e4ndigkeit aus.  <\/p>\n<h3>Produkt Spezifikationen<\/h3>\n<ul>\n<li>Farbe: grau,<\/li>\n<li>Versionen: lang, kurz<\/li>\n<li>Material: stabiler Kunststoff<\/li>\n<li>Zweck: Befestigung von Rohren in Heizungsanlagen.<\/li>\n<\/ul>\n<h3>Anwendung<\/h3>\n<p>Die Schelle wird in Wohn-, Gesch\u00e4fts- und Industriegeb\u00e4uden verwendet. Sie ist ideal f\u00fcr Heizungsinstallationen und erm\u00f6glicht eine schnelle und sichere Installation von Rohren an W\u00e4nden oder anderen Oberfl\u00e4chen. <\/p>\n<h3>Produktvorteile<\/h3>\n<ul>\n<li>Einfache und schnelle Installation, Beschleunigung von Projekten<\/li>\n<li>Erh\u00e4ltlich in zwei Versionen f\u00fcr einen flexiblen Einsatz<\/li>\n<li>Widerstandsf\u00e4hig gegen Feuchtigkeit und wechselnde Temperaturbedingungen<\/li>\n<li>\u00c4sthetische graue Farbe, passend zu modernen Installationen<\/li>\n<\/ul>\n<p>Der graue Clip in langer oder kurzer Ausf\u00fchrung ist eine praktische Befestigungsl\u00f6sung, die Haltbarkeit, Funktionalit\u00e4t und \u00c4sthetik vereint. Das Produkt erf\u00fcllt die Anforderungen professioneller Installationen und bietet Zuverl\u00e4ssigkeit unter allen Bedingungen. <\/p>\n","protected":false},"excerpt":{"rendered":"<p>Wei\u00dfe Befestigungsschelle, erh\u00e4ltlich in langer und kurzer Ausf\u00fchrung. Entwickelt f\u00fcr die Befestigung von Rohren in Wasser-, Heizungs- und Abwassersystemen. Aus strapazierf\u00e4higem Material hergestellt, gew\u00e4hrleistet es eine schnelle und stabile Installation.  <\/p>\n","protected":false},"featured_media":15275,"template":"","meta":{"_acf_changed":false,"_kad_blocks_custom_css":"","_kad_blocks_head_custom_js":"","_kad_blocks_body_custom_js":"","_kad_blocks_footer_custom_js":"","_kad_post_transparent":"","_kad_post_title":"","_kad_post_layout":"","_kad_post_sidebar_id":"","_kad_post_content_style":"","_kad_post_vertical_padding":"","_kad_post_feature":"","_kad_post_feature_position":"","_kad_post_header":false,"_kad_post_footer":false,"_kad_post_classname":""},"product_brand":[],"product_cat":[1351,1355],"product_tag":[],"class_list":{"0":"post-15266","1":"product","2":"type-product","3":"status-publish","4":"has-post-thumbnail","6":"product_cat-befestigungen","7":"product_cat-schellen-und-bander","8":"pa_kolor-grau","9":"pa_wersja-kurz","10":"pa_wersja-lang","12":"first","13":"instock","14":"product-type-variable","15":"entry","16":"content-bg","17":"loop-entry"},"acf":[],"yoast_head":"<!-- This site is optimized with the Yoast SEO plugin v25.1 - https:\/\/yoast.com\/wordpress\/plugins\/seo\/ -->\n<title>Styropor-Klammer - Plasmet<\/title>\n<meta name=\"description\" content=\"Styropor-Klammer \u2013 producent i hurtownia Plasmet. Oferujemy wysok\u0105 jako\u015b\u0107, szeroki wyb\u00f3r i dobre ceny. Zapraszamy do sprawdzenia oferty!\" \/>\n<meta name=\"robots\" content=\"index, follow, max-snippet:-1, max-image-preview:large, max-video-preview:-1\" \/>\n<link rel=\"canonical\" href=\"https:\/\/plasmet.bochnia.pl\/de\/produkt\/styropor-klammer\/\" \/>\n<meta property=\"og:locale\" content=\"de_DE\" \/>\n<meta property=\"og:type\" content=\"article\" \/>\n<meta property=\"og:title\" content=\"Styropor-Klammer - Plasmet\" \/>\n<meta property=\"og:description\" content=\"Styropor-Klammer \u2013 producent i hurtownia Plasmet. Oferujemy wysok\u0105 jako\u015b\u0107, szeroki wyb\u00f3r i dobre ceny. Zapraszamy do sprawdzenia oferty!\" \/>\n<meta property=\"og:url\" content=\"https:\/\/plasmet.bochnia.pl\/de\/produkt\/styropor-klammer\/\" \/>\n<meta property=\"og:site_name\" content=\"Plasmet\" \/>\n<meta property=\"og:image\" content=\"https:\/\/plasmet.bochnia.pl\/wp-content\/uploads\/2024\/11\/klips-dlugi.jpg\" \/>\n\t<meta property=\"og:image:width\" content=\"800\" \/>\n\t<meta property=\"og:image:height\" content=\"600\" \/>\n\t<meta property=\"og:image:type\" content=\"image\/jpeg\" \/>\n<meta name=\"twitter:card\" content=\"summary_large_image\" \/>\n<meta name=\"twitter:label1\" content=\"Gesch\u00e4tzte Lesezeit\" \/>\n\t<meta name=\"twitter:data1\" content=\"1\u00a0Minute\" \/>\n<script type=\"application\/ld+json\" class=\"yoast-schema-graph\">{\"@context\":\"https:\/\/schema.org\",\"@graph\":[{\"@type\":\"WebPage\",\"@id\":\"https:\/\/plasmet.bochnia.pl\/de\/produkt\/styropor-klammer\/\",\"url\":\"https:\/\/plasmet.bochnia.pl\/de\/produkt\/styropor-klammer\/\",\"name\":\"Styropor-Klammer - Plasmet\",\"isPartOf\":{\"@id\":\"https:\/\/plasmet.bochnia.pl\/de\/#website\"},\"primaryImageOfPage\":{\"@id\":\"https:\/\/plasmet.bochnia.pl\/de\/produkt\/styropor-klammer\/#primaryimage\"},\"image\":{\"@id\":\"https:\/\/plasmet.bochnia.pl\/de\/produkt\/styropor-klammer\/#primaryimage\"},\"thumbnailUrl\":\"https:\/\/plasmet.bochnia.pl\/wp-content\/uploads\/2024\/11\/klips-dlugi.jpg\",\"datePublished\":\"2024-11-18T16:43:52+00:00\",\"description\":\"Styropor-Klammer \u2013 producent i hurtownia Plasmet. Oferujemy wysok\u0105 jako\u015b\u0107, szeroki wyb\u00f3r i dobre ceny. Zapraszamy do sprawdzenia oferty!\",\"breadcrumb\":{\"@id\":\"https:\/\/plasmet.bochnia.pl\/de\/produkt\/styropor-klammer\/#breadcrumb\"},\"inLanguage\":\"de\",\"potentialAction\":[{\"@type\":\"ReadAction\",\"target\":[\"https:\/\/plasmet.bochnia.pl\/de\/produkt\/styropor-klammer\/\"]}]},{\"@type\":\"ImageObject\",\"inLanguage\":\"de\",\"@id\":\"https:\/\/plasmet.bochnia.pl\/de\/produkt\/styropor-klammer\/#primaryimage\",\"url\":\"https:\/\/plasmet.bochnia.pl\/wp-content\/uploads\/2024\/11\/klips-dlugi.jpg\",\"contentUrl\":\"https:\/\/plasmet.bochnia.pl\/wp-content\/uploads\/2024\/11\/klips-dlugi.jpg\",\"width\":800,\"height\":600,\"caption\":\"klips-dlugi\"},{\"@type\":\"BreadcrumbList\",\"@id\":\"https:\/\/plasmet.bochnia.pl\/de\/produkt\/styropor-klammer\/#breadcrumb\",\"itemListElement\":[{\"@type\":\"ListItem\",\"position\":1,\"name\":\"Strona g\u0142\u00f3wna\",\"item\":\"https:\/\/plasmet.bochnia.pl\/de\/\"},{\"@type\":\"ListItem\",\"position\":2,\"name\":\"Shop\",\"item\":\"https:\/\/plasmet.bochnia.pl\/de\/shop\/\"},{\"@type\":\"ListItem\",\"position\":3,\"name\":\"Styropor-Klammer\"}]},{\"@type\":\"WebSite\",\"@id\":\"https:\/\/plasmet.bochnia.pl\/de\/#website\",\"url\":\"https:\/\/plasmet.bochnia.pl\/de\/\",\"name\":\"Plasmet\",\"description\":\"Plasmet\",\"alternateName\":\"Plasmet\",\"potentialAction\":[{\"@type\":\"SearchAction\",\"target\":{\"@type\":\"EntryPoint\",\"urlTemplate\":\"https:\/\/plasmet.bochnia.pl\/de\/?s={search_term_string}\"},\"query-input\":{\"@type\":\"PropertyValueSpecification\",\"valueRequired\":true,\"valueName\":\"search_term_string\"}}],\"inLanguage\":\"de\"}]}<\/script>\n<!-- \/ Yoast SEO plugin. -->","yoast_head_json":{"title":"Styropor-Klammer - Plasmet","description":"Styropor-Klammer \u2013 producent i hurtownia Plasmet. Oferujemy wysok\u0105 jako\u015b\u0107, szeroki wyb\u00f3r i dobre ceny. Zapraszamy do sprawdzenia oferty!","robots":{"index":"index","follow":"follow","max-snippet":"max-snippet:-1","max-image-preview":"max-image-preview:large","max-video-preview":"max-video-preview:-1"},"canonical":"https:\/\/plasmet.bochnia.pl\/de\/produkt\/styropor-klammer\/","og_locale":"de_DE","og_type":"article","og_title":"Styropor-Klammer - Plasmet","og_description":"Styropor-Klammer \u2013 producent i hurtownia Plasmet. Oferujemy wysok\u0105 jako\u015b\u0107, szeroki wyb\u00f3r i dobre ceny. Zapraszamy do sprawdzenia oferty!","og_url":"https:\/\/plasmet.bochnia.pl\/de\/produkt\/styropor-klammer\/","og_site_name":"Plasmet","og_image":[{"width":800,"height":600,"url":"https:\/\/plasmet.bochnia.pl\/wp-content\/uploads\/2024\/11\/klips-dlugi.jpg","type":"image\/jpeg"}],"twitter_card":"summary_large_image","twitter_misc":{"Gesch\u00e4tzte Lesezeit":"1\u00a0Minute"},"schema":{"@context":"https:\/\/schema.org","@graph":[{"@type":"WebPage","@id":"https:\/\/plasmet.bochnia.pl\/de\/produkt\/styropor-klammer\/","url":"https:\/\/plasmet.bochnia.pl\/de\/produkt\/styropor-klammer\/","name":"Styropor-Klammer - Plasmet","isPartOf":{"@id":"https:\/\/plasmet.bochnia.pl\/de\/#website"},"primaryImageOfPage":{"@id":"https:\/\/plasmet.bochnia.pl\/de\/produkt\/styropor-klammer\/#primaryimage"},"image":{"@id":"https:\/\/plasmet.bochnia.pl\/de\/produkt\/styropor-klammer\/#primaryimage"},"thumbnailUrl":"https:\/\/plasmet.bochnia.pl\/wp-content\/uploads\/2024\/11\/klips-dlugi.jpg","datePublished":"2024-11-18T16:43:52+00:00","description":"Styropor-Klammer \u2013 producent i hurtownia Plasmet. Oferujemy wysok\u0105 jako\u015b\u0107, szeroki wyb\u00f3r i dobre ceny. Zapraszamy do sprawdzenia oferty!","breadcrumb":{"@id":"https:\/\/plasmet.bochnia.pl\/de\/produkt\/styropor-klammer\/#breadcrumb"},"inLanguage":"de","potentialAction":[{"@type":"ReadAction","target":["https:\/\/plasmet.bochnia.pl\/de\/produkt\/styropor-klammer\/"]}]},{"@type":"ImageObject","inLanguage":"de","@id":"https:\/\/plasmet.bochnia.pl\/de\/produkt\/styropor-klammer\/#primaryimage","url":"https:\/\/plasmet.bochnia.pl\/wp-content\/uploads\/2024\/11\/klips-dlugi.jpg","contentUrl":"https:\/\/plasmet.bochnia.pl\/wp-content\/uploads\/2024\/11\/klips-dlugi.jpg","width":800,"height":600,"caption":"klips-dlugi"},{"@type":"BreadcrumbList","@id":"https:\/\/plasmet.bochnia.pl\/de\/produkt\/styropor-klammer\/#breadcrumb","itemListElement":[{"@type":"ListItem","position":1,"name":"Strona g\u0142\u00f3wna","item":"https:\/\/plasmet.bochnia.pl\/de\/"},{"@type":"ListItem","position":2,"name":"Shop","item":"https:\/\/plasmet.bochnia.pl\/de\/shop\/"},{"@type":"ListItem","position":3,"name":"Styropor-Klammer"}]},{"@type":"WebSite","@id":"https:\/\/plasmet.bochnia.pl\/de\/#website","url":"https:\/\/plasmet.bochnia.pl\/de\/","name":"Plasmet","description":"Plasmet","alternateName":"Plasmet","potentialAction":[{"@type":"SearchAction","target":{"@type":"EntryPoint","urlTemplate":"https:\/\/plasmet.bochnia.pl\/de\/?s={search_term_string}"},"query-input":{"@type":"PropertyValueSpecification","valueRequired":true,"valueName":"search_term_string"}}],"inLanguage":"de"}]}},"taxonomy_info":{"product_cat":[{"value":1351,"label":"Befestigungen"},{"value":1355,"label":"Schellen und B\u00e4nder"}],"pa_kolor":[{"value":1379,"label":"Grau"}],"pa_wersja":[{"value":1803,"label":"kurz"},{"value":1804,"label":"lang"}]},"featured_image_src_large":["https:\/\/plasmet.bochnia.pl\/wp-content\/uploads\/2024\/11\/klips-dlugi.jpg",800,600,false],"author_info":[],"comment_info":"","_links":{"self":[{"href":"https:\/\/plasmet.bochnia.pl\/de\/wp-json\/wp\/v2\/product\/15266","targetHints":{"allow":["GET"]}}],"collection":[{"href":"https:\/\/plasmet.bochnia.pl\/de\/wp-json\/wp\/v2\/product"}],"about":[{"href":"https:\/\/plasmet.bochnia.pl\/de\/wp-json\/wp\/v2\/types\/product"}],"wp:featuredmedia":[{"embeddable":true,"href":"https:\/\/plasmet.bochnia.pl\/de\/wp-json\/wp\/v2\/media\/15275"}],"wp:attachment":[{"href":"https:\/\/plasmet.bochnia.pl\/de\/wp-json\/wp\/v2\/media?parent=15266"}],"wp:term":[{"taxonomy":"product_brand","embeddable":true,"href":"https:\/\/plasmet.bochnia.pl\/de\/wp-json\/wp\/v2\/product_brand?post=15266"},{"taxonomy":"product_cat","embeddable":true,"href":"https:\/\/plasmet.bochnia.pl\/de\/wp-json\/wp\/v2\/product_cat?post=15266"},{"taxonomy":"product_tag","embeddable":true,"href":"https:\/\/plasmet.bochnia.pl\/de\/wp-json\/wp\/v2\/product_tag?post=15266"}],"curies":[{"name":"wp","href":"https:\/\/api.w.org\/{rel}","templated":true}]}}