{"id":15227,"date":"2024-11-18T17:43:32","date_gmt":"2024-11-18T16:43:32","guid":{"rendered":"https:\/\/plasmet.bochnia.pl\/produkt\/schraubensatz-fuer-die-befestigung-der-compact\/"},"modified":"2024-11-18T17:43:32","modified_gmt":"2024-11-18T16:43:32","slug":"schraubensatz-fuer-die-befestigung-der-compact","status":"publish","type":"product","link":"https:\/\/plasmet.bochnia.pl\/de\/produkt\/schraubensatz-fuer-die-befestigung-der-compact\/","title":{"rendered":"Schraubensatz f\u00fcr die Befestigung der Compact"},"content":{"rendered":"<h2>Schraubensatz f\u00fcr die Befestigung der Compact<\/h2>\n<p><strong>Das universelle<\/strong> Keramik-Sp\u00fclkasten-Befestigungsschrauben-Set wird verwendet, um <strong>eine stabile Verbindung mit dem Toilettenbecken<\/strong> herzustellen. Geeignet f\u00fcr alle Arten von kompakten WC-Tanks. <\/p>\n<h3>Anwendung<\/h3>\n<p>Das WC-Tank-Befestigungsschraubenset ist ein Set, das nur die hochwertigsten Verbindungselemente enth\u00e4lt, mit denen Sie den WC-Tank sicher und stabil an der Toilettensch\u00fcssel befestigen k\u00f6nnen. Das Set besteht aus Materialien, die resistent gegen Belastungen, mechanische Besch\u00e4digungen und die negativen Auswirkungen von Feuchtigkeit und Korrosion sind, die in Toiletten und B\u00e4dern leicht auftreten k\u00f6nnen. <\/p>\n<h3>Zusammensetzung des Sets<\/h3>\n<p>Das Set besteht aus zwei Metallschrauben mit konischer Dichtung, drei Stahlunterlegscheiben, zwei Muttern und Gummidichtungen. Dank ihrer Konstruktion sind die Komponenten sehr widerstandsf\u00e4hig gegen mechanische Besch\u00e4digungen sowie gegen Feuchtigkeit und S\u00e4uren. <\/p>\n","protected":false},"excerpt":{"rendered":"<p>Schraubensatz zur Befestigung des Kompakttanks.<\/p>\n","protected":false},"featured_media":15231,"template":"","meta":{"_acf_changed":false,"_kad_blocks_custom_css":"","_kad_blocks_head_custom_js":"","_kad_blocks_body_custom_js":"","_kad_blocks_footer_custom_js":"","_kad_post_transparent":"","_kad_post_title":"","_kad_post_layout":"","_kad_post_sidebar_id":"","_kad_post_content_style":"","_kad_post_vertical_padding":"","_kad_post_feature":"","_kad_post_feature_position":"","_kad_post_header":false,"_kad_post_footer":false,"_kad_post_classname":""},"product_brand":[],"product_cat":[1351,1353],"product_tag":[],"class_list":{"0":"post-15227","1":"product","2":"type-product","3":"status-publish","4":"has-post-thumbnail","6":"product_cat-befestigungen","7":"product_cat-haken-schrauben-und-bolzen","8":"pa_kolor-schwarz","10":"first","11":"instock","12":"product-type-variable","13":"entry","14":"content-bg","15":"loop-entry"},"acf":[],"yoast_head":"<!-- This site is optimized with the Yoast SEO plugin v25.1 - https:\/\/yoast.com\/wordpress\/plugins\/seo\/ -->\n<title>Schraubensatz f\u00fcr die Befestigung der Compact - Plasmet<\/title>\n<meta name=\"description\" content=\"Schraubensatz f\u00fcr die Befestigung der Compact \u2013 producent i hurtownia Plasmet. Oferujemy wysok\u0105 jako\u015b\u0107, szeroki wyb\u00f3r i dobre ceny. Zapraszamy do sprawdzenia oferty!\" \/>\n<meta name=\"robots\" content=\"index, follow, max-snippet:-1, max-image-preview:large, max-video-preview:-1\" \/>\n<link rel=\"canonical\" href=\"https:\/\/plasmet.bochnia.pl\/de\/produkt\/schraubensatz-fuer-die-befestigung-der-compact\/\" \/>\n<meta property=\"og:locale\" content=\"de_DE\" \/>\n<meta property=\"og:type\" content=\"article\" \/>\n<meta property=\"og:title\" content=\"Schraubensatz f\u00fcr die Befestigung der Compact - Plasmet\" \/>\n<meta property=\"og:description\" content=\"Schraubensatz f\u00fcr die Befestigung der Compact \u2013 producent i hurtownia Plasmet. Oferujemy wysok\u0105 jako\u015b\u0107, szeroki wyb\u00f3r i dobre ceny. Zapraszamy do sprawdzenia oferty!\" \/>\n<meta property=\"og:url\" content=\"https:\/\/plasmet.bochnia.pl\/de\/produkt\/schraubensatz-fuer-die-befestigung-der-compact\/\" \/>\n<meta property=\"og:site_name\" content=\"Plasmet\" \/>\n<meta property=\"og:image\" content=\"https:\/\/plasmet.bochnia.pl\/wp-content\/uploads\/2024\/11\/zestaw-srub-do-mocowania-kompaktu.webp\" \/>\n\t<meta property=\"og:image:width\" content=\"779\" \/>\n\t<meta property=\"og:image:height\" content=\"779\" \/>\n\t<meta property=\"og:image:type\" content=\"image\/webp\" \/>\n<meta name=\"twitter:card\" content=\"summary_large_image\" \/>\n<meta name=\"twitter:label1\" content=\"Gesch\u00e4tzte Lesezeit\" \/>\n\t<meta name=\"twitter:data1\" content=\"1\u00a0Minute\" \/>\n<script type=\"application\/ld+json\" class=\"yoast-schema-graph\">{\"@context\":\"https:\/\/schema.org\",\"@graph\":[{\"@type\":\"WebPage\",\"@id\":\"https:\/\/plasmet.bochnia.pl\/de\/produkt\/schraubensatz-fuer-die-befestigung-der-compact\/\",\"url\":\"https:\/\/plasmet.bochnia.pl\/de\/produkt\/schraubensatz-fuer-die-befestigung-der-compact\/\",\"name\":\"Schraubensatz f\u00fcr die Befestigung der Compact - Plasmet\",\"isPartOf\":{\"@id\":\"https:\/\/plasmet.bochnia.pl\/de\/#website\"},\"primaryImageOfPage\":{\"@id\":\"https:\/\/plasmet.bochnia.pl\/de\/produkt\/schraubensatz-fuer-die-befestigung-der-compact\/#primaryimage\"},\"image\":{\"@id\":\"https:\/\/plasmet.bochnia.pl\/de\/produkt\/schraubensatz-fuer-die-befestigung-der-compact\/#primaryimage\"},\"thumbnailUrl\":\"https:\/\/plasmet.bochnia.pl\/wp-content\/uploads\/2024\/11\/zestaw-srub-do-mocowania-kompaktu.webp\",\"datePublished\":\"2024-11-18T16:43:32+00:00\",\"description\":\"Schraubensatz f\u00fcr die Befestigung der Compact \u2013 producent i hurtownia Plasmet. Oferujemy wysok\u0105 jako\u015b\u0107, szeroki wyb\u00f3r i dobre ceny. Zapraszamy do sprawdzenia oferty!\",\"breadcrumb\":{\"@id\":\"https:\/\/plasmet.bochnia.pl\/de\/produkt\/schraubensatz-fuer-die-befestigung-der-compact\/#breadcrumb\"},\"inLanguage\":\"de\",\"potentialAction\":[{\"@type\":\"ReadAction\",\"target\":[\"https:\/\/plasmet.bochnia.pl\/de\/produkt\/schraubensatz-fuer-die-befestigung-der-compact\/\"]}]},{\"@type\":\"ImageObject\",\"inLanguage\":\"de\",\"@id\":\"https:\/\/plasmet.bochnia.pl\/de\/produkt\/schraubensatz-fuer-die-befestigung-der-compact\/#primaryimage\",\"url\":\"https:\/\/plasmet.bochnia.pl\/wp-content\/uploads\/2024\/11\/zestaw-srub-do-mocowania-kompaktu.webp\",\"contentUrl\":\"https:\/\/plasmet.bochnia.pl\/wp-content\/uploads\/2024\/11\/zestaw-srub-do-mocowania-kompaktu.webp\",\"width\":779,\"height\":779},{\"@type\":\"BreadcrumbList\",\"@id\":\"https:\/\/plasmet.bochnia.pl\/de\/produkt\/schraubensatz-fuer-die-befestigung-der-compact\/#breadcrumb\",\"itemListElement\":[{\"@type\":\"ListItem\",\"position\":1,\"name\":\"Strona g\u0142\u00f3wna\",\"item\":\"https:\/\/plasmet.bochnia.pl\/de\/\"},{\"@type\":\"ListItem\",\"position\":2,\"name\":\"Shop\",\"item\":\"https:\/\/plasmet.bochnia.pl\/de\/shop\/\"},{\"@type\":\"ListItem\",\"position\":3,\"name\":\"Schraubensatz f\u00fcr die Befestigung der Compact\"}]},{\"@type\":\"WebSite\",\"@id\":\"https:\/\/plasmet.bochnia.pl\/de\/#website\",\"url\":\"https:\/\/plasmet.bochnia.pl\/de\/\",\"name\":\"Plasmet\",\"description\":\"Plasmet\",\"alternateName\":\"Plasmet\",\"potentialAction\":[{\"@type\":\"SearchAction\",\"target\":{\"@type\":\"EntryPoint\",\"urlTemplate\":\"https:\/\/plasmet.bochnia.pl\/de\/?s={search_term_string}\"},\"query-input\":{\"@type\":\"PropertyValueSpecification\",\"valueRequired\":true,\"valueName\":\"search_term_string\"}}],\"inLanguage\":\"de\"}]}<\/script>\n<!-- \/ Yoast SEO plugin. -->","yoast_head_json":{"title":"Schraubensatz f\u00fcr die Befestigung der Compact - Plasmet","description":"Schraubensatz f\u00fcr die Befestigung der Compact \u2013 producent i hurtownia Plasmet. Oferujemy wysok\u0105 jako\u015b\u0107, szeroki wyb\u00f3r i dobre ceny. Zapraszamy do sprawdzenia oferty!","robots":{"index":"index","follow":"follow","max-snippet":"max-snippet:-1","max-image-preview":"max-image-preview:large","max-video-preview":"max-video-preview:-1"},"canonical":"https:\/\/plasmet.bochnia.pl\/de\/produkt\/schraubensatz-fuer-die-befestigung-der-compact\/","og_locale":"de_DE","og_type":"article","og_title":"Schraubensatz f\u00fcr die Befestigung der Compact - Plasmet","og_description":"Schraubensatz f\u00fcr die Befestigung der Compact \u2013 producent i hurtownia Plasmet. Oferujemy wysok\u0105 jako\u015b\u0107, szeroki wyb\u00f3r i dobre ceny. Zapraszamy do sprawdzenia oferty!","og_url":"https:\/\/plasmet.bochnia.pl\/de\/produkt\/schraubensatz-fuer-die-befestigung-der-compact\/","og_site_name":"Plasmet","og_image":[{"width":779,"height":779,"url":"https:\/\/plasmet.bochnia.pl\/wp-content\/uploads\/2024\/11\/zestaw-srub-do-mocowania-kompaktu.webp","type":"image\/webp"}],"twitter_card":"summary_large_image","twitter_misc":{"Gesch\u00e4tzte Lesezeit":"1\u00a0Minute"},"schema":{"@context":"https:\/\/schema.org","@graph":[{"@type":"WebPage","@id":"https:\/\/plasmet.bochnia.pl\/de\/produkt\/schraubensatz-fuer-die-befestigung-der-compact\/","url":"https:\/\/plasmet.bochnia.pl\/de\/produkt\/schraubensatz-fuer-die-befestigung-der-compact\/","name":"Schraubensatz f\u00fcr die Befestigung der Compact - Plasmet","isPartOf":{"@id":"https:\/\/plasmet.bochnia.pl\/de\/#website"},"primaryImageOfPage":{"@id":"https:\/\/plasmet.bochnia.pl\/de\/produkt\/schraubensatz-fuer-die-befestigung-der-compact\/#primaryimage"},"image":{"@id":"https:\/\/plasmet.bochnia.pl\/de\/produkt\/schraubensatz-fuer-die-befestigung-der-compact\/#primaryimage"},"thumbnailUrl":"https:\/\/plasmet.bochnia.pl\/wp-content\/uploads\/2024\/11\/zestaw-srub-do-mocowania-kompaktu.webp","datePublished":"2024-11-18T16:43:32+00:00","description":"Schraubensatz f\u00fcr die Befestigung der Compact \u2013 producent i hurtownia Plasmet. Oferujemy wysok\u0105 jako\u015b\u0107, szeroki wyb\u00f3r i dobre ceny. Zapraszamy do sprawdzenia oferty!","breadcrumb":{"@id":"https:\/\/plasmet.bochnia.pl\/de\/produkt\/schraubensatz-fuer-die-befestigung-der-compact\/#breadcrumb"},"inLanguage":"de","potentialAction":[{"@type":"ReadAction","target":["https:\/\/plasmet.bochnia.pl\/de\/produkt\/schraubensatz-fuer-die-befestigung-der-compact\/"]}]},{"@type":"ImageObject","inLanguage":"de","@id":"https:\/\/plasmet.bochnia.pl\/de\/produkt\/schraubensatz-fuer-die-befestigung-der-compact\/#primaryimage","url":"https:\/\/plasmet.bochnia.pl\/wp-content\/uploads\/2024\/11\/zestaw-srub-do-mocowania-kompaktu.webp","contentUrl":"https:\/\/plasmet.bochnia.pl\/wp-content\/uploads\/2024\/11\/zestaw-srub-do-mocowania-kompaktu.webp","width":779,"height":779},{"@type":"BreadcrumbList","@id":"https:\/\/plasmet.bochnia.pl\/de\/produkt\/schraubensatz-fuer-die-befestigung-der-compact\/#breadcrumb","itemListElement":[{"@type":"ListItem","position":1,"name":"Strona g\u0142\u00f3wna","item":"https:\/\/plasmet.bochnia.pl\/de\/"},{"@type":"ListItem","position":2,"name":"Shop","item":"https:\/\/plasmet.bochnia.pl\/de\/shop\/"},{"@type":"ListItem","position":3,"name":"Schraubensatz f\u00fcr die Befestigung der Compact"}]},{"@type":"WebSite","@id":"https:\/\/plasmet.bochnia.pl\/de\/#website","url":"https:\/\/plasmet.bochnia.pl\/de\/","name":"Plasmet","description":"Plasmet","alternateName":"Plasmet","potentialAction":[{"@type":"SearchAction","target":{"@type":"EntryPoint","urlTemplate":"https:\/\/plasmet.bochnia.pl\/de\/?s={search_term_string}"},"query-input":{"@type":"PropertyValueSpecification","valueRequired":true,"valueName":"search_term_string"}}],"inLanguage":"de"}]}},"taxonomy_info":{"product_cat":[{"value":1351,"label":"Befestigungen"},{"value":1353,"label":"Haken, Schrauben und Bolzen"}],"pa_kolor":[{"value":1375,"label":"Schwarz"}]},"featured_image_src_large":["https:\/\/plasmet.bochnia.pl\/wp-content\/uploads\/2024\/11\/zestaw-srub-do-mocowania-kompaktu.webp",779,779,false],"author_info":[],"comment_info":"","_links":{"self":[{"href":"https:\/\/plasmet.bochnia.pl\/de\/wp-json\/wp\/v2\/product\/15227","targetHints":{"allow":["GET"]}}],"collection":[{"href":"https:\/\/plasmet.bochnia.pl\/de\/wp-json\/wp\/v2\/product"}],"about":[{"href":"https:\/\/plasmet.bochnia.pl\/de\/wp-json\/wp\/v2\/types\/product"}],"wp:featuredmedia":[{"embeddable":true,"href":"https:\/\/plasmet.bochnia.pl\/de\/wp-json\/wp\/v2\/media\/15231"}],"wp:attachment":[{"href":"https:\/\/plasmet.bochnia.pl\/de\/wp-json\/wp\/v2\/media?parent=15227"}],"wp:term":[{"taxonomy":"product_brand","embeddable":true,"href":"https:\/\/plasmet.bochnia.pl\/de\/wp-json\/wp\/v2\/product_brand?post=15227"},{"taxonomy":"product_cat","embeddable":true,"href":"https:\/\/plasmet.bochnia.pl\/de\/wp-json\/wp\/v2\/product_cat?post=15227"},{"taxonomy":"product_tag","embeddable":true,"href":"https:\/\/plasmet.bochnia.pl\/de\/wp-json\/wp\/v2\/product_tag?post=15227"}],"curies":[{"name":"wp","href":"https:\/\/api.w.org\/{rel}","templated":true}]}}