{"id":15196,"date":"2024-11-18T17:43:32","date_gmt":"2024-11-18T16:43:32","guid":{"rendered":"https:\/\/plasmet.bochnia.pl\/produkt\/befestigung-des-beckens\/"},"modified":"2024-11-18T17:43:32","modified_gmt":"2024-11-18T16:43:32","slug":"befestigung-des-beckens","status":"publish","type":"product","link":"https:\/\/plasmet.bochnia.pl\/de\/produkt\/befestigung-des-beckens\/","title":{"rendered":"Befestigung des Beckens"},"content":{"rendered":"<h2>Waschtischmontage &#8211; Pr\u00e4zision und Haltbarkeit<\/h2>\n<p>Die Waschbeckenhalterung ist ein robuster Bausatz f\u00fcr die stabile und dauerhafte Installation von Waschbecken in Badezimmern. Dank der verschiedenen Gr\u00f6\u00dfenausf\u00fchrungen ist das Produkt vielseitig und f\u00fcr verschiedene Arten von Waschbecken geeignet, was eine sichere und einfache Installation gew\u00e4hrleistet. <\/p>\n<h3>Produkt Spezifikationen<\/h3>\n<ul>\n<li>Versionen: 8 x 100, 8 x 120, 8 x 140, 10 x 100, 10 x 120, 10 x 140<\/li>\n<li>Material: stabiler Kunststoff und Stahl<\/li>\n<li>Zweck: Einbau von Waschbecken in Badezimmern<\/li>\n<\/ul>\n<h3>Anwendung<\/h3>\n<p>Das Produkt wird f\u00fcr Badezimmerinstallationen in Wohn-, Gesch\u00e4fts- und Industriegeb\u00e4uden verwendet. Die Befestigung ist ideal f\u00fcr die Montage von Waschbecken auf einer Vielzahl von Oberfl\u00e4chen wie Beton, Ziegel oder Keramikfliesen. <\/p>\n<h3>Produktvorteile<\/h3>\n<ul>\n<li>Langlebige Konstruktion f\u00fcr den t\u00e4glichen Gebrauch<\/li>\n<li>Verschiedene Versionen f\u00fcr verschiedene Arten von Waschbecken<\/li>\n<li>Einfache Installation auf verschiedenen Oberfl\u00e4chen<\/li>\n<li>Optimale Wahl f\u00fcr Installateure und Endverbraucher<\/li>\n<\/ul>\n<p>Die Waschbeckenhalterung ist eine zuverl\u00e4ssige L\u00f6sung f\u00fcr die stabile und \u00e4sthetisch ansprechende Installation von Waschbecken. Dank seiner verschiedenen Gr\u00f6\u00dfen erf\u00fcllt das Produkt die Anforderungen sowohl von professionellen Installateuren als auch von Privatanwendern und gew\u00e4hrleistet Langlebigkeit und Komfort. <\/p>\n","protected":false},"excerpt":{"rendered":"<p>Waschbeckenhalterung erh\u00e4ltlich in 8 x 100, 8 x 120, 8 x 140, 10 x 100, 10 x 120, 10 x 140. Sorgt f\u00fcr eine stabile und dauerhafte Installation von Waschbecken in Badezimmern. Hergestellt aus hochwertigen Materialien.  <\/p>\n","protected":false},"featured_media":15200,"template":"","meta":{"_acf_changed":false,"_kad_blocks_custom_css":"","_kad_blocks_head_custom_js":"","_kad_blocks_body_custom_js":"","_kad_blocks_footer_custom_js":"","_kad_post_transparent":"","_kad_post_title":"","_kad_post_layout":"","_kad_post_sidebar_id":"","_kad_post_content_style":"","_kad_post_vertical_padding":"","_kad_post_feature":"","_kad_post_feature_position":"","_kad_post_header":false,"_kad_post_footer":false,"_kad_post_classname":""},"product_brand":[],"product_cat":[1351,1357],"product_tag":[],"class_list":{"0":"post-15196","1":"product","2":"type-product","3":"status-publish","4":"has-post-thumbnail","6":"product_cat-befestigungen","7":"product_cat-halterungen-und-aufhangungen","8":"pa_wersja-10-x-100-de","9":"pa_wersja-10-x-120-de","10":"pa_wersja-10-x-140-de","11":"pa_wersja-8-x-100-de","12":"pa_wersja-8-x-120-de","13":"pa_wersja-8-x-140-de","15":"first","16":"instock","17":"product-type-variable","18":"entry","19":"content-bg","20":"loop-entry"},"acf":[],"yoast_head":"<!-- This site is optimized with the Yoast SEO plugin v25.1 - https:\/\/yoast.com\/wordpress\/plugins\/seo\/ -->\n<title>Befestigung des Beckens - Plasmet<\/title>\n<meta name=\"description\" content=\"Befestigung des Beckens \u2013 producent i hurtownia Plasmet. Oferujemy wysok\u0105 jako\u015b\u0107, szeroki wyb\u00f3r i dobre ceny. Zapraszamy do sprawdzenia oferty!\" \/>\n<meta name=\"robots\" content=\"index, follow, max-snippet:-1, max-image-preview:large, max-video-preview:-1\" \/>\n<link rel=\"canonical\" href=\"https:\/\/plasmet.bochnia.pl\/de\/produkt\/befestigung-des-beckens\/\" \/>\n<meta property=\"og:locale\" content=\"de_DE\" \/>\n<meta property=\"og:type\" content=\"article\" \/>\n<meta property=\"og:title\" content=\"Befestigung des Beckens - Plasmet\" \/>\n<meta property=\"og:description\" content=\"Befestigung des Beckens \u2013 producent i hurtownia Plasmet. Oferujemy wysok\u0105 jako\u015b\u0107, szeroki wyb\u00f3r i dobre ceny. Zapraszamy do sprawdzenia oferty!\" \/>\n<meta property=\"og:url\" content=\"https:\/\/plasmet.bochnia.pl\/de\/produkt\/befestigung-des-beckens\/\" \/>\n<meta property=\"og:site_name\" content=\"Plasmet\" \/>\n<meta property=\"og:image\" content=\"https:\/\/plasmet.bochnia.pl\/wp-content\/uploads\/2024\/11\/mocowanie-umywalki-8-x-100.jpg\" \/>\n\t<meta property=\"og:image:width\" content=\"800\" \/>\n\t<meta property=\"og:image:height\" content=\"600\" \/>\n\t<meta property=\"og:image:type\" content=\"image\/jpeg\" \/>\n<meta name=\"twitter:card\" content=\"summary_large_image\" \/>\n<meta name=\"twitter:label1\" content=\"Gesch\u00e4tzte Lesezeit\" \/>\n\t<meta name=\"twitter:data1\" content=\"1\u00a0Minute\" \/>\n<script type=\"application\/ld+json\" class=\"yoast-schema-graph\">{\"@context\":\"https:\/\/schema.org\",\"@graph\":[{\"@type\":\"WebPage\",\"@id\":\"https:\/\/plasmet.bochnia.pl\/de\/produkt\/befestigung-des-beckens\/\",\"url\":\"https:\/\/plasmet.bochnia.pl\/de\/produkt\/befestigung-des-beckens\/\",\"name\":\"Befestigung des Beckens - Plasmet\",\"isPartOf\":{\"@id\":\"https:\/\/plasmet.bochnia.pl\/de\/#website\"},\"primaryImageOfPage\":{\"@id\":\"https:\/\/plasmet.bochnia.pl\/de\/produkt\/befestigung-des-beckens\/#primaryimage\"},\"image\":{\"@id\":\"https:\/\/plasmet.bochnia.pl\/de\/produkt\/befestigung-des-beckens\/#primaryimage\"},\"thumbnailUrl\":\"https:\/\/plasmet.bochnia.pl\/wp-content\/uploads\/2024\/11\/mocowanie-umywalki-8-x-100.jpg\",\"datePublished\":\"2024-11-18T16:43:32+00:00\",\"description\":\"Befestigung des Beckens \u2013 producent i hurtownia Plasmet. Oferujemy wysok\u0105 jako\u015b\u0107, szeroki wyb\u00f3r i dobre ceny. Zapraszamy do sprawdzenia oferty!\",\"breadcrumb\":{\"@id\":\"https:\/\/plasmet.bochnia.pl\/de\/produkt\/befestigung-des-beckens\/#breadcrumb\"},\"inLanguage\":\"de\",\"potentialAction\":[{\"@type\":\"ReadAction\",\"target\":[\"https:\/\/plasmet.bochnia.pl\/de\/produkt\/befestigung-des-beckens\/\"]}]},{\"@type\":\"ImageObject\",\"inLanguage\":\"de\",\"@id\":\"https:\/\/plasmet.bochnia.pl\/de\/produkt\/befestigung-des-beckens\/#primaryimage\",\"url\":\"https:\/\/plasmet.bochnia.pl\/wp-content\/uploads\/2024\/11\/mocowanie-umywalki-8-x-100.jpg\",\"contentUrl\":\"https:\/\/plasmet.bochnia.pl\/wp-content\/uploads\/2024\/11\/mocowanie-umywalki-8-x-100.jpg\",\"width\":800,\"height\":600,\"caption\":\"mocowanie-umywalki-8-x-100\"},{\"@type\":\"BreadcrumbList\",\"@id\":\"https:\/\/plasmet.bochnia.pl\/de\/produkt\/befestigung-des-beckens\/#breadcrumb\",\"itemListElement\":[{\"@type\":\"ListItem\",\"position\":1,\"name\":\"Strona g\u0142\u00f3wna\",\"item\":\"https:\/\/plasmet.bochnia.pl\/de\/\"},{\"@type\":\"ListItem\",\"position\":2,\"name\":\"Shop\",\"item\":\"https:\/\/plasmet.bochnia.pl\/de\/shop\/\"},{\"@type\":\"ListItem\",\"position\":3,\"name\":\"Befestigung des Beckens\"}]},{\"@type\":\"WebSite\",\"@id\":\"https:\/\/plasmet.bochnia.pl\/de\/#website\",\"url\":\"https:\/\/plasmet.bochnia.pl\/de\/\",\"name\":\"Plasmet\",\"description\":\"Plasmet\",\"alternateName\":\"Plasmet\",\"potentialAction\":[{\"@type\":\"SearchAction\",\"target\":{\"@type\":\"EntryPoint\",\"urlTemplate\":\"https:\/\/plasmet.bochnia.pl\/de\/?s={search_term_string}\"},\"query-input\":{\"@type\":\"PropertyValueSpecification\",\"valueRequired\":true,\"valueName\":\"search_term_string\"}}],\"inLanguage\":\"de\"}]}<\/script>\n<!-- \/ Yoast SEO plugin. -->","yoast_head_json":{"title":"Befestigung des Beckens - Plasmet","description":"Befestigung des Beckens \u2013 producent i hurtownia Plasmet. Oferujemy wysok\u0105 jako\u015b\u0107, szeroki wyb\u00f3r i dobre ceny. Zapraszamy do sprawdzenia oferty!","robots":{"index":"index","follow":"follow","max-snippet":"max-snippet:-1","max-image-preview":"max-image-preview:large","max-video-preview":"max-video-preview:-1"},"canonical":"https:\/\/plasmet.bochnia.pl\/de\/produkt\/befestigung-des-beckens\/","og_locale":"de_DE","og_type":"article","og_title":"Befestigung des Beckens - Plasmet","og_description":"Befestigung des Beckens \u2013 producent i hurtownia Plasmet. Oferujemy wysok\u0105 jako\u015b\u0107, szeroki wyb\u00f3r i dobre ceny. Zapraszamy do sprawdzenia oferty!","og_url":"https:\/\/plasmet.bochnia.pl\/de\/produkt\/befestigung-des-beckens\/","og_site_name":"Plasmet","og_image":[{"width":800,"height":600,"url":"https:\/\/plasmet.bochnia.pl\/wp-content\/uploads\/2024\/11\/mocowanie-umywalki-8-x-100.jpg","type":"image\/jpeg"}],"twitter_card":"summary_large_image","twitter_misc":{"Gesch\u00e4tzte Lesezeit":"1\u00a0Minute"},"schema":{"@context":"https:\/\/schema.org","@graph":[{"@type":"WebPage","@id":"https:\/\/plasmet.bochnia.pl\/de\/produkt\/befestigung-des-beckens\/","url":"https:\/\/plasmet.bochnia.pl\/de\/produkt\/befestigung-des-beckens\/","name":"Befestigung des Beckens - Plasmet","isPartOf":{"@id":"https:\/\/plasmet.bochnia.pl\/de\/#website"},"primaryImageOfPage":{"@id":"https:\/\/plasmet.bochnia.pl\/de\/produkt\/befestigung-des-beckens\/#primaryimage"},"image":{"@id":"https:\/\/plasmet.bochnia.pl\/de\/produkt\/befestigung-des-beckens\/#primaryimage"},"thumbnailUrl":"https:\/\/plasmet.bochnia.pl\/wp-content\/uploads\/2024\/11\/mocowanie-umywalki-8-x-100.jpg","datePublished":"2024-11-18T16:43:32+00:00","description":"Befestigung des Beckens \u2013 producent i hurtownia Plasmet. Oferujemy wysok\u0105 jako\u015b\u0107, szeroki wyb\u00f3r i dobre ceny. Zapraszamy do sprawdzenia oferty!","breadcrumb":{"@id":"https:\/\/plasmet.bochnia.pl\/de\/produkt\/befestigung-des-beckens\/#breadcrumb"},"inLanguage":"de","potentialAction":[{"@type":"ReadAction","target":["https:\/\/plasmet.bochnia.pl\/de\/produkt\/befestigung-des-beckens\/"]}]},{"@type":"ImageObject","inLanguage":"de","@id":"https:\/\/plasmet.bochnia.pl\/de\/produkt\/befestigung-des-beckens\/#primaryimage","url":"https:\/\/plasmet.bochnia.pl\/wp-content\/uploads\/2024\/11\/mocowanie-umywalki-8-x-100.jpg","contentUrl":"https:\/\/plasmet.bochnia.pl\/wp-content\/uploads\/2024\/11\/mocowanie-umywalki-8-x-100.jpg","width":800,"height":600,"caption":"mocowanie-umywalki-8-x-100"},{"@type":"BreadcrumbList","@id":"https:\/\/plasmet.bochnia.pl\/de\/produkt\/befestigung-des-beckens\/#breadcrumb","itemListElement":[{"@type":"ListItem","position":1,"name":"Strona g\u0142\u00f3wna","item":"https:\/\/plasmet.bochnia.pl\/de\/"},{"@type":"ListItem","position":2,"name":"Shop","item":"https:\/\/plasmet.bochnia.pl\/de\/shop\/"},{"@type":"ListItem","position":3,"name":"Befestigung des Beckens"}]},{"@type":"WebSite","@id":"https:\/\/plasmet.bochnia.pl\/de\/#website","url":"https:\/\/plasmet.bochnia.pl\/de\/","name":"Plasmet","description":"Plasmet","alternateName":"Plasmet","potentialAction":[{"@type":"SearchAction","target":{"@type":"EntryPoint","urlTemplate":"https:\/\/plasmet.bochnia.pl\/de\/?s={search_term_string}"},"query-input":{"@type":"PropertyValueSpecification","valueRequired":true,"valueName":"search_term_string"}}],"inLanguage":"de"}]}},"taxonomy_info":{"product_cat":[{"value":1351,"label":"Befestigungen"},{"value":1357,"label":"Halterungen und Aufh\u00e4ngungen"}],"pa_wersja":[{"value":1442,"label":"10 x 100"},{"value":1444,"label":"10 x 120"},{"value":1446,"label":"10 x 140"},{"value":1434,"label":"8 x 100"},{"value":1436,"label":"8 x 120"},{"value":1438,"label":"8 x 140"}]},"featured_image_src_large":["https:\/\/plasmet.bochnia.pl\/wp-content\/uploads\/2024\/11\/mocowanie-umywalki-8-x-100.jpg",800,600,false],"author_info":[],"comment_info":"","_links":{"self":[{"href":"https:\/\/plasmet.bochnia.pl\/de\/wp-json\/wp\/v2\/product\/15196","targetHints":{"allow":["GET"]}}],"collection":[{"href":"https:\/\/plasmet.bochnia.pl\/de\/wp-json\/wp\/v2\/product"}],"about":[{"href":"https:\/\/plasmet.bochnia.pl\/de\/wp-json\/wp\/v2\/types\/product"}],"wp:featuredmedia":[{"embeddable":true,"href":"https:\/\/plasmet.bochnia.pl\/de\/wp-json\/wp\/v2\/media\/15200"}],"wp:attachment":[{"href":"https:\/\/plasmet.bochnia.pl\/de\/wp-json\/wp\/v2\/media?parent=15196"}],"wp:term":[{"taxonomy":"product_brand","embeddable":true,"href":"https:\/\/plasmet.bochnia.pl\/de\/wp-json\/wp\/v2\/product_brand?post=15196"},{"taxonomy":"product_cat","embeddable":true,"href":"https:\/\/plasmet.bochnia.pl\/de\/wp-json\/wp\/v2\/product_cat?post=15196"},{"taxonomy":"product_tag","embeddable":true,"href":"https:\/\/plasmet.bochnia.pl\/de\/wp-json\/wp\/v2\/product_tag?post=15196"}],"curies":[{"name":"wp","href":"https:\/\/api.w.org\/{rel}","templated":true}]}}