{"id":15135,"date":"2024-11-18T17:42:40","date_gmt":"2024-11-18T16:42:40","guid":{"rendered":"https:\/\/plasmet.bochnia.pl\/produkt\/verzinkter-metallgriff-mit-gummidichtung-fuer-rohre-mit-schraube-und-duebel\/"},"modified":"2024-11-18T17:42:40","modified_gmt":"2024-11-18T16:42:40","slug":"verzinkter-metallgriff-mit-gummidichtung-fuer-rohre-mit-schraube-und-duebel","status":"publish","type":"product","link":"https:\/\/plasmet.bochnia.pl\/de\/produkt\/verzinkter-metallgriff-mit-gummidichtung-fuer-rohre-mit-schraube-und-duebel\/","title":{"rendered":"Verzinkter Metallgriff mit Gummidichtung f\u00fcr Rohre mit Schraube und D\u00fcbel"},"content":{"rendered":"<h2>Verzinkter Metallb\u00fcgel mit Gummidichtung &#8211; Rohrschutz und dauerhafte Befestigung<\/h2>\n<p>Der Metallrohrhalter mit verzinkter Beschichtung und Gummidichtung ist eine ausgezeichnete Wahl f\u00fcr Installationen, die einen zus\u00e4tzlichen Schutz der Rohre erfordern. Die Gummidichtung d\u00e4mpft Vibrationen und reduziert Ger\u00e4usche, w\u00e4hrend sie die Rohre vor mechanischen Besch\u00e4digungen sch\u00fctzt. Dank der verzinkten Beschichtung ist der Halter korrosionsbest\u00e4ndig und kann sowohl f\u00fcr Innen- als auch f\u00fcr Au\u00dfeninstallationen verwendet werden.  <\/p>\n<h3>Produkt Spezifikationen<\/h3>\n<ul>\n<li>Material: verzinkter Stahl<\/li>\n<li>Dichtung: vibrationsd\u00e4mpfender Gummi<\/li>\n<li>Befestigungselemente: Schraube und D\u00fcbel<\/li>\n<li>Verf\u00fcgbare Gr\u00f6\u00dfen: 3\/8&#8243;, 1\/2&#8243;, 3\/4&#8243;, 1&#8243;, 5\/4&#8243;, 6\/4&#8243;, 2&#8243;, 2 1\/2&#8243;, 3&#8243;, 4&#8243;, 6&#8243;, 8&#8243;<\/li>\n<\/ul>\n<h3>Anwendung<\/h3>\n<p>Die Halterung ist ideal f\u00fcr Wasser-, Kanal- und Heizungsinstallationen, insbesondere dort, wo der Schutz der Rohre vor Vibrationen und L\u00e4rm wichtig ist. Empfohlen f\u00fcr die Installation in Wohn-, Gesch\u00e4fts- und Industriegeb\u00e4uden. <\/p>\n<h3>Produktvorteile<\/h3>\n<ul>\n<li>Vibrationsd\u00e4mpfung und Ger\u00e4uschreduzierung mit Gummidichtung<\/li>\n<li>Korrosionsbest\u00e4ndigkeit durch verzinkte Beschichtung<\/li>\n<li>Gro\u00dfe Auswahl an Gr\u00f6\u00dfen f\u00fcr unterschiedliche Rohrdurchmesser<\/li>\n<li>Komplettset f\u00fcr einfache Installation<\/li>\n<\/ul>\n<p>Wenn Sie sich f\u00fcr eine verzinkte Metallhalterung mit einer Gummidichtung entscheiden, erhalten Sie ein langlebiges und funktionelles Montageelement, das den Anforderungen einer Installation unter anspruchsvollen Bedingungen gerecht wird.<\/p>\n","protected":false},"excerpt":{"rendered":"<p>Verzinkter Rohrhalter mit Gummidichtung zum Schutz der Rohre vor mechanischer Besch\u00e4digung und zur Vibrationsd\u00e4mpfung. Komplettes Set mit Schraube und D\u00fcbel f\u00fcr eine einfache Installation. Erh\u00e4ltlich in verschiedenen Gr\u00f6\u00dfen.  <\/p>\n","protected":false},"featured_media":6159,"template":"","meta":{"_acf_changed":false,"_kad_blocks_custom_css":"","_kad_blocks_head_custom_js":"","_kad_blocks_body_custom_js":"","_kad_blocks_footer_custom_js":"","_kad_post_transparent":"","_kad_post_title":"","_kad_post_layout":"","_kad_post_sidebar_id":"","_kad_post_content_style":"","_kad_post_vertical_padding":"","_kad_post_feature":"","_kad_post_feature_position":"","_kad_post_header":false,"_kad_post_footer":false,"_kad_post_classname":""},"product_brand":[],"product_cat":[1351,1357],"product_tag":[],"class_list":{"0":"post-15135","1":"product","2":"type-product","3":"status-publish","4":"has-post-thumbnail","6":"product_cat-befestigungen","7":"product_cat-halterungen-und-aufhangungen","8":"pa_wersja-1-de","9":"pa_wersja-1-2-de","10":"pa_wersja-2-de","11":"pa_wersja-21-2-de","12":"pa_wersja-3-4-de","13":"pa_wersja-3-8-de","14":"pa_wersja-3-de","15":"pa_wersja-4-de","16":"pa_wersja-5-4-de","17":"pa_wersja-6-4-de","18":"pa_wersja-6-de","19":"pa_wersja-8-de","21":"first","22":"instock","23":"product-type-variable","24":"entry","25":"content-bg","26":"loop-entry"},"acf":[],"yoast_head":"<!-- This site is optimized with the Yoast SEO plugin v25.1 - https:\/\/yoast.com\/wordpress\/plugins\/seo\/ -->\n<title>Verzinkter Metallgriff mit Gummidichtung f\u00fcr Rohre mit Schraube und D\u00fcbel - Plasmet<\/title>\n<meta name=\"description\" content=\"Verzinkter Metallgriff mit Gummidichtung f\u00fcr Rohre mit Schraube und D\u00fcbel \u2013 producent i hurtownia Plasmet. Oferujemy wysok\u0105 jako\u015b\u0107, szeroki wyb\u00f3r i dobre ceny. Zapraszamy do sprawdzenia oferty!\" \/>\n<meta name=\"robots\" content=\"index, follow, max-snippet:-1, max-image-preview:large, max-video-preview:-1\" \/>\n<link rel=\"canonical\" href=\"https:\/\/plasmet.bochnia.pl\/de\/produkt\/verzinkter-metallgriff-mit-gummidichtung-fuer-rohre-mit-schraube-und-duebel\/\" \/>\n<meta property=\"og:locale\" content=\"de_DE\" \/>\n<meta property=\"og:type\" content=\"article\" \/>\n<meta property=\"og:title\" content=\"Verzinkter Metallgriff mit Gummidichtung f\u00fcr Rohre mit Schraube und D\u00fcbel - Plasmet\" \/>\n<meta property=\"og:description\" content=\"Verzinkter Metallgriff mit Gummidichtung f\u00fcr Rohre mit Schraube und D\u00fcbel \u2013 producent i hurtownia Plasmet. Oferujemy wysok\u0105 jako\u015b\u0107, szeroki wyb\u00f3r i dobre ceny. Zapraszamy do sprawdzenia oferty!\" \/>\n<meta property=\"og:url\" content=\"https:\/\/plasmet.bochnia.pl\/de\/produkt\/verzinkter-metallgriff-mit-gummidichtung-fuer-rohre-mit-schraube-und-duebel\/\" \/>\n<meta property=\"og:site_name\" content=\"Plasmet\" \/>\n<meta property=\"og:image\" content=\"https:\/\/plasmet.bochnia.pl\/wp-content\/uploads\/2024\/11\/metalowy-ocynkowany-uchwyt-z-uszczelka-gumowa-do-rur-ze-sruba-i-kolkiem-3-8.jpg\" \/>\n\t<meta property=\"og:image:width\" content=\"800\" \/>\n\t<meta property=\"og:image:height\" content=\"600\" \/>\n\t<meta property=\"og:image:type\" content=\"image\/jpeg\" \/>\n<meta name=\"twitter:card\" content=\"summary_large_image\" \/>\n<meta name=\"twitter:label1\" content=\"Gesch\u00e4tzte Lesezeit\" \/>\n\t<meta name=\"twitter:data1\" content=\"1\u00a0Minute\" \/>\n<script type=\"application\/ld+json\" class=\"yoast-schema-graph\">{\"@context\":\"https:\/\/schema.org\",\"@graph\":[{\"@type\":\"WebPage\",\"@id\":\"https:\/\/plasmet.bochnia.pl\/de\/produkt\/verzinkter-metallgriff-mit-gummidichtung-fuer-rohre-mit-schraube-und-duebel\/\",\"url\":\"https:\/\/plasmet.bochnia.pl\/de\/produkt\/verzinkter-metallgriff-mit-gummidichtung-fuer-rohre-mit-schraube-und-duebel\/\",\"name\":\"Verzinkter Metallgriff mit Gummidichtung f\u00fcr Rohre mit Schraube und D\u00fcbel - Plasmet\",\"isPartOf\":{\"@id\":\"https:\/\/plasmet.bochnia.pl\/de\/#website\"},\"primaryImageOfPage\":{\"@id\":\"https:\/\/plasmet.bochnia.pl\/de\/produkt\/verzinkter-metallgriff-mit-gummidichtung-fuer-rohre-mit-schraube-und-duebel\/#primaryimage\"},\"image\":{\"@id\":\"https:\/\/plasmet.bochnia.pl\/de\/produkt\/verzinkter-metallgriff-mit-gummidichtung-fuer-rohre-mit-schraube-und-duebel\/#primaryimage\"},\"thumbnailUrl\":\"https:\/\/plasmet.bochnia.pl\/wp-content\/uploads\/2024\/11\/metalowy-ocynkowany-uchwyt-z-uszczelka-gumowa-do-rur-ze-sruba-i-kolkiem-3-8.jpg\",\"datePublished\":\"2024-11-18T16:42:40+00:00\",\"description\":\"Verzinkter Metallgriff mit Gummidichtung f\u00fcr Rohre mit Schraube und D\u00fcbel \u2013 producent i hurtownia Plasmet. Oferujemy wysok\u0105 jako\u015b\u0107, szeroki wyb\u00f3r i dobre ceny. Zapraszamy do sprawdzenia oferty!\",\"breadcrumb\":{\"@id\":\"https:\/\/plasmet.bochnia.pl\/de\/produkt\/verzinkter-metallgriff-mit-gummidichtung-fuer-rohre-mit-schraube-und-duebel\/#breadcrumb\"},\"inLanguage\":\"de\",\"potentialAction\":[{\"@type\":\"ReadAction\",\"target\":[\"https:\/\/plasmet.bochnia.pl\/de\/produkt\/verzinkter-metallgriff-mit-gummidichtung-fuer-rohre-mit-schraube-und-duebel\/\"]}]},{\"@type\":\"ImageObject\",\"inLanguage\":\"de\",\"@id\":\"https:\/\/plasmet.bochnia.pl\/de\/produkt\/verzinkter-metallgriff-mit-gummidichtung-fuer-rohre-mit-schraube-und-duebel\/#primaryimage\",\"url\":\"https:\/\/plasmet.bochnia.pl\/wp-content\/uploads\/2024\/11\/metalowy-ocynkowany-uchwyt-z-uszczelka-gumowa-do-rur-ze-sruba-i-kolkiem-3-8.jpg\",\"contentUrl\":\"https:\/\/plasmet.bochnia.pl\/wp-content\/uploads\/2024\/11\/metalowy-ocynkowany-uchwyt-z-uszczelka-gumowa-do-rur-ze-sruba-i-kolkiem-3-8.jpg\",\"width\":800,\"height\":600,\"caption\":\"metalowy-ocynkowany-uchwyt-z-uszczelka-gumowa-do-rur-ze-sruba-i-kolkiem-3-8\"},{\"@type\":\"BreadcrumbList\",\"@id\":\"https:\/\/plasmet.bochnia.pl\/de\/produkt\/verzinkter-metallgriff-mit-gummidichtung-fuer-rohre-mit-schraube-und-duebel\/#breadcrumb\",\"itemListElement\":[{\"@type\":\"ListItem\",\"position\":1,\"name\":\"Strona g\u0142\u00f3wna\",\"item\":\"https:\/\/plasmet.bochnia.pl\/de\/\"},{\"@type\":\"ListItem\",\"position\":2,\"name\":\"Shop\",\"item\":\"https:\/\/plasmet.bochnia.pl\/de\/shop\/\"},{\"@type\":\"ListItem\",\"position\":3,\"name\":\"Verzinkter Metallgriff mit Gummidichtung f\u00fcr Rohre mit Schraube und D\u00fcbel\"}]},{\"@type\":\"WebSite\",\"@id\":\"https:\/\/plasmet.bochnia.pl\/de\/#website\",\"url\":\"https:\/\/plasmet.bochnia.pl\/de\/\",\"name\":\"Plasmet\",\"description\":\"Plasmet\",\"alternateName\":\"Plasmet\",\"potentialAction\":[{\"@type\":\"SearchAction\",\"target\":{\"@type\":\"EntryPoint\",\"urlTemplate\":\"https:\/\/plasmet.bochnia.pl\/de\/?s={search_term_string}\"},\"query-input\":{\"@type\":\"PropertyValueSpecification\",\"valueRequired\":true,\"valueName\":\"search_term_string\"}}],\"inLanguage\":\"de\"}]}<\/script>\n<!-- \/ Yoast SEO plugin. -->","yoast_head_json":{"title":"Verzinkter Metallgriff mit Gummidichtung f\u00fcr Rohre mit Schraube und D\u00fcbel - Plasmet","description":"Verzinkter Metallgriff mit Gummidichtung f\u00fcr Rohre mit Schraube und D\u00fcbel \u2013 producent i hurtownia Plasmet. Oferujemy wysok\u0105 jako\u015b\u0107, szeroki wyb\u00f3r i dobre ceny. Zapraszamy do sprawdzenia oferty!","robots":{"index":"index","follow":"follow","max-snippet":"max-snippet:-1","max-image-preview":"max-image-preview:large","max-video-preview":"max-video-preview:-1"},"canonical":"https:\/\/plasmet.bochnia.pl\/de\/produkt\/verzinkter-metallgriff-mit-gummidichtung-fuer-rohre-mit-schraube-und-duebel\/","og_locale":"de_DE","og_type":"article","og_title":"Verzinkter Metallgriff mit Gummidichtung f\u00fcr Rohre mit Schraube und D\u00fcbel - Plasmet","og_description":"Verzinkter Metallgriff mit Gummidichtung f\u00fcr Rohre mit Schraube und D\u00fcbel \u2013 producent i hurtownia Plasmet. Oferujemy wysok\u0105 jako\u015b\u0107, szeroki wyb\u00f3r i dobre ceny. Zapraszamy do sprawdzenia oferty!","og_url":"https:\/\/plasmet.bochnia.pl\/de\/produkt\/verzinkter-metallgriff-mit-gummidichtung-fuer-rohre-mit-schraube-und-duebel\/","og_site_name":"Plasmet","og_image":[{"width":800,"height":600,"url":"https:\/\/plasmet.bochnia.pl\/wp-content\/uploads\/2024\/11\/metalowy-ocynkowany-uchwyt-z-uszczelka-gumowa-do-rur-ze-sruba-i-kolkiem-3-8.jpg","type":"image\/jpeg"}],"twitter_card":"summary_large_image","twitter_misc":{"Gesch\u00e4tzte Lesezeit":"1\u00a0Minute"},"schema":{"@context":"https:\/\/schema.org","@graph":[{"@type":"WebPage","@id":"https:\/\/plasmet.bochnia.pl\/de\/produkt\/verzinkter-metallgriff-mit-gummidichtung-fuer-rohre-mit-schraube-und-duebel\/","url":"https:\/\/plasmet.bochnia.pl\/de\/produkt\/verzinkter-metallgriff-mit-gummidichtung-fuer-rohre-mit-schraube-und-duebel\/","name":"Verzinkter Metallgriff mit Gummidichtung f\u00fcr Rohre mit Schraube und D\u00fcbel - Plasmet","isPartOf":{"@id":"https:\/\/plasmet.bochnia.pl\/de\/#website"},"primaryImageOfPage":{"@id":"https:\/\/plasmet.bochnia.pl\/de\/produkt\/verzinkter-metallgriff-mit-gummidichtung-fuer-rohre-mit-schraube-und-duebel\/#primaryimage"},"image":{"@id":"https:\/\/plasmet.bochnia.pl\/de\/produkt\/verzinkter-metallgriff-mit-gummidichtung-fuer-rohre-mit-schraube-und-duebel\/#primaryimage"},"thumbnailUrl":"https:\/\/plasmet.bochnia.pl\/wp-content\/uploads\/2024\/11\/metalowy-ocynkowany-uchwyt-z-uszczelka-gumowa-do-rur-ze-sruba-i-kolkiem-3-8.jpg","datePublished":"2024-11-18T16:42:40+00:00","description":"Verzinkter Metallgriff mit Gummidichtung f\u00fcr Rohre mit Schraube und D\u00fcbel \u2013 producent i hurtownia Plasmet. Oferujemy wysok\u0105 jako\u015b\u0107, szeroki wyb\u00f3r i dobre ceny. Zapraszamy do sprawdzenia oferty!","breadcrumb":{"@id":"https:\/\/plasmet.bochnia.pl\/de\/produkt\/verzinkter-metallgriff-mit-gummidichtung-fuer-rohre-mit-schraube-und-duebel\/#breadcrumb"},"inLanguage":"de","potentialAction":[{"@type":"ReadAction","target":["https:\/\/plasmet.bochnia.pl\/de\/produkt\/verzinkter-metallgriff-mit-gummidichtung-fuer-rohre-mit-schraube-und-duebel\/"]}]},{"@type":"ImageObject","inLanguage":"de","@id":"https:\/\/plasmet.bochnia.pl\/de\/produkt\/verzinkter-metallgriff-mit-gummidichtung-fuer-rohre-mit-schraube-und-duebel\/#primaryimage","url":"https:\/\/plasmet.bochnia.pl\/wp-content\/uploads\/2024\/11\/metalowy-ocynkowany-uchwyt-z-uszczelka-gumowa-do-rur-ze-sruba-i-kolkiem-3-8.jpg","contentUrl":"https:\/\/plasmet.bochnia.pl\/wp-content\/uploads\/2024\/11\/metalowy-ocynkowany-uchwyt-z-uszczelka-gumowa-do-rur-ze-sruba-i-kolkiem-3-8.jpg","width":800,"height":600,"caption":"metalowy-ocynkowany-uchwyt-z-uszczelka-gumowa-do-rur-ze-sruba-i-kolkiem-3-8"},{"@type":"BreadcrumbList","@id":"https:\/\/plasmet.bochnia.pl\/de\/produkt\/verzinkter-metallgriff-mit-gummidichtung-fuer-rohre-mit-schraube-und-duebel\/#breadcrumb","itemListElement":[{"@type":"ListItem","position":1,"name":"Strona g\u0142\u00f3wna","item":"https:\/\/plasmet.bochnia.pl\/de\/"},{"@type":"ListItem","position":2,"name":"Shop","item":"https:\/\/plasmet.bochnia.pl\/de\/shop\/"},{"@type":"ListItem","position":3,"name":"Verzinkter Metallgriff mit Gummidichtung f\u00fcr Rohre mit Schraube und D\u00fcbel"}]},{"@type":"WebSite","@id":"https:\/\/plasmet.bochnia.pl\/de\/#website","url":"https:\/\/plasmet.bochnia.pl\/de\/","name":"Plasmet","description":"Plasmet","alternateName":"Plasmet","potentialAction":[{"@type":"SearchAction","target":{"@type":"EntryPoint","urlTemplate":"https:\/\/plasmet.bochnia.pl\/de\/?s={search_term_string}"},"query-input":{"@type":"PropertyValueSpecification","valueRequired":true,"valueName":"search_term_string"}}],"inLanguage":"de"}]}},"taxonomy_info":{"product_cat":[{"value":1351,"label":"Befestigungen"},{"value":1357,"label":"Halterungen und Aufh\u00e4ngungen"}],"pa_wersja":[{"value":1395,"label":"1 &#039;"},{"value":1405,"label":"1\/2"},{"value":1409,"label":"2&#039;"},{"value":1480,"label":"21\/2"},{"value":1413,"label":"3\/4"},{"value":1415,"label":"3\/8"},{"value":1411,"label":"3&#039;"},{"value":1416,"label":"4&#039;"},{"value":1418,"label":"5\/4"},{"value":1426,"label":"6\/4&#039;"},{"value":1424,"label":"6&#039;"},{"value":1440,"label":"8&#039;"}]},"featured_image_src_large":["https:\/\/plasmet.bochnia.pl\/wp-content\/uploads\/2024\/11\/metalowy-ocynkowany-uchwyt-z-uszczelka-gumowa-do-rur-ze-sruba-i-kolkiem-3-8.jpg",800,600,false],"author_info":[],"comment_info":"","_links":{"self":[{"href":"https:\/\/plasmet.bochnia.pl\/de\/wp-json\/wp\/v2\/product\/15135","targetHints":{"allow":["GET"]}}],"collection":[{"href":"https:\/\/plasmet.bochnia.pl\/de\/wp-json\/wp\/v2\/product"}],"about":[{"href":"https:\/\/plasmet.bochnia.pl\/de\/wp-json\/wp\/v2\/types\/product"}],"wp:featuredmedia":[{"embeddable":true,"href":"https:\/\/plasmet.bochnia.pl\/de\/wp-json\/wp\/v2\/media\/6159"}],"wp:attachment":[{"href":"https:\/\/plasmet.bochnia.pl\/de\/wp-json\/wp\/v2\/media?parent=15135"}],"wp:term":[{"taxonomy":"product_brand","embeddable":true,"href":"https:\/\/plasmet.bochnia.pl\/de\/wp-json\/wp\/v2\/product_brand?post=15135"},{"taxonomy":"product_cat","embeddable":true,"href":"https:\/\/plasmet.bochnia.pl\/de\/wp-json\/wp\/v2\/product_cat?post=15135"},{"taxonomy":"product_tag","embeddable":true,"href":"https:\/\/plasmet.bochnia.pl\/de\/wp-json\/wp\/v2\/product_tag?post=15135"}],"curies":[{"name":"wp","href":"https:\/\/api.w.org\/{rel}","templated":true}]}}