{"id":15066,"date":"2024-10-21T11:17:39","date_gmt":"2024-10-21T09:17:39","guid":{"rendered":"https:\/\/plasmet.bochnia.pl\/produkt\/gummidichtung-fuer-trapper\/"},"modified":"2024-10-21T11:17:39","modified_gmt":"2024-10-21T09:17:39","slug":"gummidichtung-fuer-trapper","status":"publish","type":"product","link":"https:\/\/plasmet.bochnia.pl\/de\/produkt\/gummidichtung-fuer-trapper\/","title":{"rendered":"Gummidichtung f\u00fcr Trapper"},"content":{"rendered":"<h2>Gummidichtung f\u00fcr Trapper<\/h2>\n<p>Die robuste <strong>Gummifalldichtung<\/strong> ist ein unverzichtbarer Bestandteil jedes Abwassersystems und sorgt f\u00fcr sichere und leckagefreie Verbindungen. Sie ist aus hochwertigem Gummi gefertigt und passt sich problemlos an Rohre mit unterschiedlichen Durchmessern an, ob aus Gusseisen oder Kunststoff. Ihr Hauptzweck ist es, dichte Durchg\u00e4nge zu schaffen, die vor Leckagen sch\u00fctzen und das reibungslose Funktionieren der Installation \u00fcber Jahre hinweg gew\u00e4hrleisten.  <\/p>\n<h3>Warum sollten Sie dieses Produkt w\u00e4hlen?<\/h3>\n<ul>\n<li>Flexibles Design, das eine perfekte Anpassung an die Rohre gew\u00e4hrleistet,<\/li>\n<li>Entwickelt f\u00fcr die Abdichtung von \u00dcberg\u00e4ngen zwischen verschiedenen Materialien (Gusseisen und Kunststoff),<\/li>\n<li>Hohe Widerstandsf\u00e4higkeit gegen Wasser und Abwasserinhaltsstoffe,<\/li>\n<li>Erh\u00e4ltlich in einer breiten Palette von Gr\u00f6\u00dfen: 50, 75, 110 und 160 mm,<\/li>\n<li>Sorgt f\u00fcr lecksichere, langlebige Verbindungen in Abwasser- und Wassersystemen.<\/li>\n<\/ul>\n<p>Diese Gummidichtung ist die perfekte Wahl f\u00fcr professionelle Kanalisationsinstallationen, bei denen Haltbarkeit und Sicherheit wichtig sind. Dank seiner pr\u00e4zisen Passform und seiner F\u00e4higkeit, unterschiedlichen Betriebsbedingungen standzuhalten, ist dieses Produkt garantiert zuverl\u00e4ssig und minimiert das Risiko von Lecks und Sch\u00e4den am System. Ideal f\u00fcr die Installation in Bereichen, die robuste und langlebige L\u00f6sungen erfordern.  <\/p>\n","protected":false},"excerpt":{"rendered":"<p><strong>Die Gummifalldichtung<\/strong> ist ein flexibles und zuverl\u00e4ssiges Bauteil zum Abdichten von Verbindungen zwischen Gussrohren und Kunststoffsystemen. Sie ist aus hochwertigem Gummi gefertigt und sorgt f\u00fcr luftdichte Durchg\u00e4nge und eine langlebige Installation. Erh\u00e4ltlich in den Gr\u00f6\u00dfen: 50, 75, 110 und 160 mm. Farbe: schwarz.   <\/p>\n","protected":false},"featured_media":15067,"template":"","meta":{"_acf_changed":false,"_kad_blocks_custom_css":"","_kad_blocks_head_custom_js":"","_kad_blocks_body_custom_js":"","_kad_blocks_footer_custom_js":"","_kad_post_transparent":"","_kad_post_title":"","_kad_post_layout":"","_kad_post_sidebar_id":"","_kad_post_content_style":"","_kad_post_vertical_padding":"","_kad_post_feature":"","_kad_post_feature_position":"","_kad_post_header":false,"_kad_post_footer":false,"_kad_post_classname":""},"product_brand":[],"product_cat":[1369,1359],"product_tag":[],"class_list":{"0":"post-15066","1":"product","2":"type-product","3":"status-publish","4":"has-post-thumbnail","6":"product_cat-dichtungen","7":"product_cat-dichtungen-und-reduzierungen","8":"pa_kolor-schwarz","9":"pa_wersja-110-de","10":"pa_wersja-160-de","11":"pa_wersja-50-de","12":"pa_wersja-75-de","14":"first","15":"instock","16":"product-type-variable","17":"entry","18":"content-bg","19":"loop-entry"},"acf":[],"yoast_head":"<!-- This site is optimized with the Yoast SEO plugin v25.1 - https:\/\/yoast.com\/wordpress\/plugins\/seo\/ -->\n<title>Gummidichtung f\u00fcr Trapper - Plasmet<\/title>\n<meta name=\"description\" content=\"Gummidichtung f\u00fcr Trapper \u2013 producent i hurtownia Plasmet. Oferujemy wysok\u0105 jako\u015b\u0107, szeroki wyb\u00f3r i dobre ceny. Zapraszamy do sprawdzenia oferty!\" \/>\n<meta name=\"robots\" content=\"index, follow, max-snippet:-1, max-image-preview:large, max-video-preview:-1\" \/>\n<link rel=\"canonical\" href=\"https:\/\/plasmet.bochnia.pl\/de\/produkt\/gummidichtung-fuer-trapper\/\" \/>\n<meta property=\"og:locale\" content=\"de_DE\" \/>\n<meta property=\"og:type\" content=\"article\" \/>\n<meta property=\"og:title\" content=\"Gummidichtung f\u00fcr Trapper - Plasmet\" \/>\n<meta property=\"og:description\" content=\"Gummidichtung f\u00fcr Trapper \u2013 producent i hurtownia Plasmet. Oferujemy wysok\u0105 jako\u015b\u0107, szeroki wyb\u00f3r i dobre ceny. Zapraszamy do sprawdzenia oferty!\" \/>\n<meta property=\"og:url\" content=\"https:\/\/plasmet.bochnia.pl\/de\/produkt\/gummidichtung-fuer-trapper\/\" \/>\n<meta property=\"og:site_name\" content=\"Plasmet\" \/>\n<meta property=\"og:image\" content=\"https:\/\/plasmet.bochnia.pl\/wp-content\/uploads\/2024\/10\/gumowa-uszczelka-do-trapera-50.jpg\" \/>\n\t<meta property=\"og:image:width\" content=\"800\" \/>\n\t<meta property=\"og:image:height\" content=\"600\" \/>\n\t<meta property=\"og:image:type\" content=\"image\/jpeg\" \/>\n<meta name=\"twitter:card\" content=\"summary_large_image\" \/>\n<meta name=\"twitter:label1\" content=\"Gesch\u00e4tzte Lesezeit\" \/>\n\t<meta name=\"twitter:data1\" content=\"1\u00a0Minute\" \/>\n<script type=\"application\/ld+json\" class=\"yoast-schema-graph\">{\"@context\":\"https:\/\/schema.org\",\"@graph\":[{\"@type\":\"WebPage\",\"@id\":\"https:\/\/plasmet.bochnia.pl\/de\/produkt\/gummidichtung-fuer-trapper\/\",\"url\":\"https:\/\/plasmet.bochnia.pl\/de\/produkt\/gummidichtung-fuer-trapper\/\",\"name\":\"Gummidichtung f\u00fcr Trapper - Plasmet\",\"isPartOf\":{\"@id\":\"https:\/\/plasmet.bochnia.pl\/de\/#website\"},\"primaryImageOfPage\":{\"@id\":\"https:\/\/plasmet.bochnia.pl\/de\/produkt\/gummidichtung-fuer-trapper\/#primaryimage\"},\"image\":{\"@id\":\"https:\/\/plasmet.bochnia.pl\/de\/produkt\/gummidichtung-fuer-trapper\/#primaryimage\"},\"thumbnailUrl\":\"https:\/\/plasmet.bochnia.pl\/wp-content\/uploads\/2024\/10\/gumowa-uszczelka-do-trapera-50.jpg\",\"datePublished\":\"2024-10-21T09:17:39+00:00\",\"description\":\"Gummidichtung f\u00fcr Trapper \u2013 producent i hurtownia Plasmet. Oferujemy wysok\u0105 jako\u015b\u0107, szeroki wyb\u00f3r i dobre ceny. Zapraszamy do sprawdzenia oferty!\",\"breadcrumb\":{\"@id\":\"https:\/\/plasmet.bochnia.pl\/de\/produkt\/gummidichtung-fuer-trapper\/#breadcrumb\"},\"inLanguage\":\"de\",\"potentialAction\":[{\"@type\":\"ReadAction\",\"target\":[\"https:\/\/plasmet.bochnia.pl\/de\/produkt\/gummidichtung-fuer-trapper\/\"]}]},{\"@type\":\"ImageObject\",\"inLanguage\":\"de\",\"@id\":\"https:\/\/plasmet.bochnia.pl\/de\/produkt\/gummidichtung-fuer-trapper\/#primaryimage\",\"url\":\"https:\/\/plasmet.bochnia.pl\/wp-content\/uploads\/2024\/10\/gumowa-uszczelka-do-trapera-50.jpg\",\"contentUrl\":\"https:\/\/plasmet.bochnia.pl\/wp-content\/uploads\/2024\/10\/gumowa-uszczelka-do-trapera-50.jpg\",\"width\":800,\"height\":600,\"caption\":\"gumowa-uszczelka-do-trapera-50\"},{\"@type\":\"BreadcrumbList\",\"@id\":\"https:\/\/plasmet.bochnia.pl\/de\/produkt\/gummidichtung-fuer-trapper\/#breadcrumb\",\"itemListElement\":[{\"@type\":\"ListItem\",\"position\":1,\"name\":\"Strona g\u0142\u00f3wna\",\"item\":\"https:\/\/plasmet.bochnia.pl\/de\/\"},{\"@type\":\"ListItem\",\"position\":2,\"name\":\"Shop\",\"item\":\"https:\/\/plasmet.bochnia.pl\/de\/shop\/\"},{\"@type\":\"ListItem\",\"position\":3,\"name\":\"Gummidichtung f\u00fcr Trapper\"}]},{\"@type\":\"WebSite\",\"@id\":\"https:\/\/plasmet.bochnia.pl\/de\/#website\",\"url\":\"https:\/\/plasmet.bochnia.pl\/de\/\",\"name\":\"Plasmet\",\"description\":\"Plasmet\",\"alternateName\":\"Plasmet\",\"potentialAction\":[{\"@type\":\"SearchAction\",\"target\":{\"@type\":\"EntryPoint\",\"urlTemplate\":\"https:\/\/plasmet.bochnia.pl\/de\/?s={search_term_string}\"},\"query-input\":{\"@type\":\"PropertyValueSpecification\",\"valueRequired\":true,\"valueName\":\"search_term_string\"}}],\"inLanguage\":\"de\"}]}<\/script>\n<!-- \/ Yoast SEO plugin. -->","yoast_head_json":{"title":"Gummidichtung f\u00fcr Trapper - Plasmet","description":"Gummidichtung f\u00fcr Trapper \u2013 producent i hurtownia Plasmet. Oferujemy wysok\u0105 jako\u015b\u0107, szeroki wyb\u00f3r i dobre ceny. Zapraszamy do sprawdzenia oferty!","robots":{"index":"index","follow":"follow","max-snippet":"max-snippet:-1","max-image-preview":"max-image-preview:large","max-video-preview":"max-video-preview:-1"},"canonical":"https:\/\/plasmet.bochnia.pl\/de\/produkt\/gummidichtung-fuer-trapper\/","og_locale":"de_DE","og_type":"article","og_title":"Gummidichtung f\u00fcr Trapper - Plasmet","og_description":"Gummidichtung f\u00fcr Trapper \u2013 producent i hurtownia Plasmet. Oferujemy wysok\u0105 jako\u015b\u0107, szeroki wyb\u00f3r i dobre ceny. Zapraszamy do sprawdzenia oferty!","og_url":"https:\/\/plasmet.bochnia.pl\/de\/produkt\/gummidichtung-fuer-trapper\/","og_site_name":"Plasmet","og_image":[{"width":800,"height":600,"url":"https:\/\/plasmet.bochnia.pl\/wp-content\/uploads\/2024\/10\/gumowa-uszczelka-do-trapera-50.jpg","type":"image\/jpeg"}],"twitter_card":"summary_large_image","twitter_misc":{"Gesch\u00e4tzte Lesezeit":"1\u00a0Minute"},"schema":{"@context":"https:\/\/schema.org","@graph":[{"@type":"WebPage","@id":"https:\/\/plasmet.bochnia.pl\/de\/produkt\/gummidichtung-fuer-trapper\/","url":"https:\/\/plasmet.bochnia.pl\/de\/produkt\/gummidichtung-fuer-trapper\/","name":"Gummidichtung f\u00fcr Trapper - Plasmet","isPartOf":{"@id":"https:\/\/plasmet.bochnia.pl\/de\/#website"},"primaryImageOfPage":{"@id":"https:\/\/plasmet.bochnia.pl\/de\/produkt\/gummidichtung-fuer-trapper\/#primaryimage"},"image":{"@id":"https:\/\/plasmet.bochnia.pl\/de\/produkt\/gummidichtung-fuer-trapper\/#primaryimage"},"thumbnailUrl":"https:\/\/plasmet.bochnia.pl\/wp-content\/uploads\/2024\/10\/gumowa-uszczelka-do-trapera-50.jpg","datePublished":"2024-10-21T09:17:39+00:00","description":"Gummidichtung f\u00fcr Trapper \u2013 producent i hurtownia Plasmet. Oferujemy wysok\u0105 jako\u015b\u0107, szeroki wyb\u00f3r i dobre ceny. Zapraszamy do sprawdzenia oferty!","breadcrumb":{"@id":"https:\/\/plasmet.bochnia.pl\/de\/produkt\/gummidichtung-fuer-trapper\/#breadcrumb"},"inLanguage":"de","potentialAction":[{"@type":"ReadAction","target":["https:\/\/plasmet.bochnia.pl\/de\/produkt\/gummidichtung-fuer-trapper\/"]}]},{"@type":"ImageObject","inLanguage":"de","@id":"https:\/\/plasmet.bochnia.pl\/de\/produkt\/gummidichtung-fuer-trapper\/#primaryimage","url":"https:\/\/plasmet.bochnia.pl\/wp-content\/uploads\/2024\/10\/gumowa-uszczelka-do-trapera-50.jpg","contentUrl":"https:\/\/plasmet.bochnia.pl\/wp-content\/uploads\/2024\/10\/gumowa-uszczelka-do-trapera-50.jpg","width":800,"height":600,"caption":"gumowa-uszczelka-do-trapera-50"},{"@type":"BreadcrumbList","@id":"https:\/\/plasmet.bochnia.pl\/de\/produkt\/gummidichtung-fuer-trapper\/#breadcrumb","itemListElement":[{"@type":"ListItem","position":1,"name":"Strona g\u0142\u00f3wna","item":"https:\/\/plasmet.bochnia.pl\/de\/"},{"@type":"ListItem","position":2,"name":"Shop","item":"https:\/\/plasmet.bochnia.pl\/de\/shop\/"},{"@type":"ListItem","position":3,"name":"Gummidichtung f\u00fcr Trapper"}]},{"@type":"WebSite","@id":"https:\/\/plasmet.bochnia.pl\/de\/#website","url":"https:\/\/plasmet.bochnia.pl\/de\/","name":"Plasmet","description":"Plasmet","alternateName":"Plasmet","potentialAction":[{"@type":"SearchAction","target":{"@type":"EntryPoint","urlTemplate":"https:\/\/plasmet.bochnia.pl\/de\/?s={search_term_string}"},"query-input":{"@type":"PropertyValueSpecification","valueRequired":true,"valueName":"search_term_string"}}],"inLanguage":"de"}]}},"taxonomy_info":{"product_cat":[{"value":1369,"label":"Dichtungen"},{"value":1359,"label":"Dichtungen und Reduzierungen"}],"pa_kolor":[{"value":1375,"label":"Schwarz"}],"pa_wersja":[{"value":1640,"label":"110"},{"value":1666,"label":"160"},{"value":1560,"label":"50"},{"value":1618,"label":"75"}]},"featured_image_src_large":["https:\/\/plasmet.bochnia.pl\/wp-content\/uploads\/2024\/10\/gumowa-uszczelka-do-trapera-50.jpg",800,600,false],"author_info":[],"comment_info":"","_links":{"self":[{"href":"https:\/\/plasmet.bochnia.pl\/de\/wp-json\/wp\/v2\/product\/15066","targetHints":{"allow":["GET"]}}],"collection":[{"href":"https:\/\/plasmet.bochnia.pl\/de\/wp-json\/wp\/v2\/product"}],"about":[{"href":"https:\/\/plasmet.bochnia.pl\/de\/wp-json\/wp\/v2\/types\/product"}],"wp:featuredmedia":[{"embeddable":true,"href":"https:\/\/plasmet.bochnia.pl\/de\/wp-json\/wp\/v2\/media\/15067"}],"wp:attachment":[{"href":"https:\/\/plasmet.bochnia.pl\/de\/wp-json\/wp\/v2\/media?parent=15066"}],"wp:term":[{"taxonomy":"product_brand","embeddable":true,"href":"https:\/\/plasmet.bochnia.pl\/de\/wp-json\/wp\/v2\/product_brand?post=15066"},{"taxonomy":"product_cat","embeddable":true,"href":"https:\/\/plasmet.bochnia.pl\/de\/wp-json\/wp\/v2\/product_cat?post=15066"},{"taxonomy":"product_tag","embeddable":true,"href":"https:\/\/plasmet.bochnia.pl\/de\/wp-json\/wp\/v2\/product_tag?post=15066"}],"curies":[{"name":"wp","href":"https:\/\/api.w.org\/{rel}","templated":true}]}}