{"id":15044,"date":"2024-10-21T11:17:39","date_gmt":"2024-10-21T09:17:39","guid":{"rendered":"https:\/\/plasmet.bochnia.pl\/produkt\/gummi-reduzierung\/"},"modified":"2024-10-21T11:17:39","modified_gmt":"2024-10-21T09:17:39","slug":"gummi-reduzierung","status":"publish","type":"product","link":"https:\/\/plasmet.bochnia.pl\/de\/produkt\/gummi-reduzierung\/","title":{"rendered":"Gummi-Reduzierung"},"content":{"rendered":"<h2>Gummi-Reduzierung<\/h2>\n<p><strong>Die Gummi-Reduzierung<\/strong> ist eine zuverl\u00e4ssige L\u00f6sung f\u00fcr die Verbindung von Rohren mit unterschiedlichen Durchmessern, die in Abwasser-, Wasser- und Abfallinstallationen verwendet werden. Dank ihrer flexiblen Konstruktion aus hochwertigem Gummi erm\u00f6glicht die Reduktion einfache und dichte Durchg\u00e4nge zwischen den Rohren und eliminiert so das Risiko von Leckagen und Sch\u00e4den an den Verbindungen. <\/p>\n<h3>Vorteile der Gummireduktion:<\/h3>\n<ul>\n<li>Flexibles Gummi, das sich genau an den Rohrdurchmesser anpasst,<\/li>\n<li>Geeignet f\u00fcr Anschl\u00fcsse mit verschiedenen Durchmessern: 32\/25, 40\/25, 40\/32, 50\/25, 50\/32, 50\/40, 56\/32, 56\/45, 110\/100,<\/li>\n<li>Widerstandsf\u00e4hig gegen Wasser, Abwasser und andere in den Anlagen vorhandene Stoffe,<\/li>\n<li>Einfach und schnell zu installieren, ideal f\u00fcr den privaten und industriellen Gebrauch,<\/li>\n<li>Ein wei\u00dfer Farbton, der sich perfekt in die Installationssysteme einf\u00fcgt.<\/li>\n<\/ul>\n<p>Die Gummireduzierung ist eine unverzichtbare Komponente in jeder Anlage, in der Rohre mit unterschiedlichen Durchmessern verbunden werden m\u00fcssen. Dank ihrer Langlebigkeit und Flexibilit\u00e4t gew\u00e4hrleistet sie die Dichtheit der Verbindungen, was sich in einem st\u00f6rungsfreien Betrieb des gesamten Systems niederschl\u00e4gt. Das Produkt ist in einer Reihe von Gr\u00f6\u00dfen erh\u00e4ltlich, was seine universelle Anwendung in verschiedenen Wasser- und Abwasserinstallationen erm\u00f6glicht.  <\/p>\n","protected":false},"excerpt":{"rendered":"<p><strong>Die Gummireduzierung<\/strong> ist ein praktisches Installationselement, das die reibungslose Verbindung von Rohren mit unterschiedlichen Durchmessern in Kanal- und Wassersystemen erm\u00f6glicht. Sie besteht aus flexiblem Gummi und sorgt f\u00fcr dichte und dauerhafte Verbindungen. Erh\u00e4ltlich in den Gr\u00f6\u00dfen: 32\/25, 40\/25, 40\/32, 50\/25, 50\/32, 50\/40, 56\/32, 56\/45, 110\/100 Farbe: wei\u00df.   <\/p>\n","protected":false},"featured_media":15047,"template":"","meta":{"_acf_changed":false,"_kad_blocks_custom_css":"","_kad_blocks_head_custom_js":"","_kad_blocks_body_custom_js":"","_kad_blocks_footer_custom_js":"","_kad_post_transparent":"","_kad_post_title":"","_kad_post_layout":"","_kad_post_sidebar_id":"","_kad_post_content_style":"","_kad_post_vertical_padding":"","_kad_post_feature":"","_kad_post_feature_position":"","_kad_post_header":false,"_kad_post_footer":false,"_kad_post_classname":""},"product_brand":[],"product_cat":[1359,1365],"product_tag":[],"class_list":{"0":"post-15044","1":"product","2":"type-product","3":"status-publish","4":"has-post-thumbnail","6":"product_cat-dichtungen-und-reduzierungen","7":"product_cat-reduzierungen","8":"pa_kolor-weis","9":"pa_wersja-110-100-de","10":"pa_wersja-32-25-de","11":"pa_wersja-40-25-de","12":"pa_wersja-40-32-de","13":"pa_wersja-50-25-de","14":"pa_wersja-50-32-de","15":"pa_wersja-50-40-de","16":"pa_wersja-56-32-de","17":"pa_wersja-56-45-de","19":"first","20":"instock","21":"product-type-variable","22":"entry","23":"content-bg","24":"loop-entry"},"acf":[],"yoast_head":"<!-- This site is optimized with the Yoast SEO plugin v25.1 - https:\/\/yoast.com\/wordpress\/plugins\/seo\/ -->\n<title>Gummi-Reduzierung - Plasmet<\/title>\n<meta name=\"description\" content=\"Gummi-Reduzierung \u2013 producent i hurtownia Plasmet. Oferujemy wysok\u0105 jako\u015b\u0107, szeroki wyb\u00f3r i dobre ceny. Zapraszamy do sprawdzenia oferty!\" \/>\n<meta name=\"robots\" content=\"index, follow, max-snippet:-1, max-image-preview:large, max-video-preview:-1\" \/>\n<link rel=\"canonical\" href=\"https:\/\/plasmet.bochnia.pl\/de\/produkt\/gummi-reduzierung\/\" \/>\n<meta property=\"og:locale\" content=\"de_DE\" \/>\n<meta property=\"og:type\" content=\"article\" \/>\n<meta property=\"og:title\" content=\"Gummi-Reduzierung - Plasmet\" \/>\n<meta property=\"og:description\" content=\"Gummi-Reduzierung \u2013 producent i hurtownia Plasmet. Oferujemy wysok\u0105 jako\u015b\u0107, szeroki wyb\u00f3r i dobre ceny. Zapraszamy do sprawdzenia oferty!\" \/>\n<meta property=\"og:url\" content=\"https:\/\/plasmet.bochnia.pl\/de\/produkt\/gummi-reduzierung\/\" \/>\n<meta property=\"og:site_name\" content=\"Plasmet\" \/>\n<meta property=\"og:image\" content=\"https:\/\/plasmet.bochnia.pl\/wp-content\/uploads\/2024\/10\/redukcja-gumowa-32-25.jpg\" \/>\n\t<meta property=\"og:image:width\" content=\"800\" \/>\n\t<meta property=\"og:image:height\" content=\"600\" \/>\n\t<meta property=\"og:image:type\" content=\"image\/jpeg\" \/>\n<meta name=\"twitter:card\" content=\"summary_large_image\" \/>\n<meta name=\"twitter:label1\" content=\"Gesch\u00e4tzte Lesezeit\" \/>\n\t<meta name=\"twitter:data1\" content=\"1\u00a0Minute\" \/>\n<script type=\"application\/ld+json\" class=\"yoast-schema-graph\">{\"@context\":\"https:\/\/schema.org\",\"@graph\":[{\"@type\":\"WebPage\",\"@id\":\"https:\/\/plasmet.bochnia.pl\/de\/produkt\/gummi-reduzierung\/\",\"url\":\"https:\/\/plasmet.bochnia.pl\/de\/produkt\/gummi-reduzierung\/\",\"name\":\"Gummi-Reduzierung - Plasmet\",\"isPartOf\":{\"@id\":\"https:\/\/plasmet.bochnia.pl\/de\/#website\"},\"primaryImageOfPage\":{\"@id\":\"https:\/\/plasmet.bochnia.pl\/de\/produkt\/gummi-reduzierung\/#primaryimage\"},\"image\":{\"@id\":\"https:\/\/plasmet.bochnia.pl\/de\/produkt\/gummi-reduzierung\/#primaryimage\"},\"thumbnailUrl\":\"https:\/\/plasmet.bochnia.pl\/wp-content\/uploads\/2024\/10\/redukcja-gumowa-32-25.jpg\",\"datePublished\":\"2024-10-21T09:17:39+00:00\",\"description\":\"Gummi-Reduzierung \u2013 producent i hurtownia Plasmet. Oferujemy wysok\u0105 jako\u015b\u0107, szeroki wyb\u00f3r i dobre ceny. Zapraszamy do sprawdzenia oferty!\",\"breadcrumb\":{\"@id\":\"https:\/\/plasmet.bochnia.pl\/de\/produkt\/gummi-reduzierung\/#breadcrumb\"},\"inLanguage\":\"de\",\"potentialAction\":[{\"@type\":\"ReadAction\",\"target\":[\"https:\/\/plasmet.bochnia.pl\/de\/produkt\/gummi-reduzierung\/\"]}]},{\"@type\":\"ImageObject\",\"inLanguage\":\"de\",\"@id\":\"https:\/\/plasmet.bochnia.pl\/de\/produkt\/gummi-reduzierung\/#primaryimage\",\"url\":\"https:\/\/plasmet.bochnia.pl\/wp-content\/uploads\/2024\/10\/redukcja-gumowa-32-25.jpg\",\"contentUrl\":\"https:\/\/plasmet.bochnia.pl\/wp-content\/uploads\/2024\/10\/redukcja-gumowa-32-25.jpg\",\"width\":800,\"height\":600,\"caption\":\"redukcja-gumowa-32-25\"},{\"@type\":\"BreadcrumbList\",\"@id\":\"https:\/\/plasmet.bochnia.pl\/de\/produkt\/gummi-reduzierung\/#breadcrumb\",\"itemListElement\":[{\"@type\":\"ListItem\",\"position\":1,\"name\":\"Strona g\u0142\u00f3wna\",\"item\":\"https:\/\/plasmet.bochnia.pl\/de\/\"},{\"@type\":\"ListItem\",\"position\":2,\"name\":\"Shop\",\"item\":\"https:\/\/plasmet.bochnia.pl\/de\/shop\/\"},{\"@type\":\"ListItem\",\"position\":3,\"name\":\"Gummi-Reduzierung\"}]},{\"@type\":\"WebSite\",\"@id\":\"https:\/\/plasmet.bochnia.pl\/de\/#website\",\"url\":\"https:\/\/plasmet.bochnia.pl\/de\/\",\"name\":\"Plasmet\",\"description\":\"Plasmet\",\"alternateName\":\"Plasmet\",\"potentialAction\":[{\"@type\":\"SearchAction\",\"target\":{\"@type\":\"EntryPoint\",\"urlTemplate\":\"https:\/\/plasmet.bochnia.pl\/de\/?s={search_term_string}\"},\"query-input\":{\"@type\":\"PropertyValueSpecification\",\"valueRequired\":true,\"valueName\":\"search_term_string\"}}],\"inLanguage\":\"de\"}]}<\/script>\n<!-- \/ Yoast SEO plugin. -->","yoast_head_json":{"title":"Gummi-Reduzierung - Plasmet","description":"Gummi-Reduzierung \u2013 producent i hurtownia Plasmet. Oferujemy wysok\u0105 jako\u015b\u0107, szeroki wyb\u00f3r i dobre ceny. Zapraszamy do sprawdzenia oferty!","robots":{"index":"index","follow":"follow","max-snippet":"max-snippet:-1","max-image-preview":"max-image-preview:large","max-video-preview":"max-video-preview:-1"},"canonical":"https:\/\/plasmet.bochnia.pl\/de\/produkt\/gummi-reduzierung\/","og_locale":"de_DE","og_type":"article","og_title":"Gummi-Reduzierung - Plasmet","og_description":"Gummi-Reduzierung \u2013 producent i hurtownia Plasmet. Oferujemy wysok\u0105 jako\u015b\u0107, szeroki wyb\u00f3r i dobre ceny. Zapraszamy do sprawdzenia oferty!","og_url":"https:\/\/plasmet.bochnia.pl\/de\/produkt\/gummi-reduzierung\/","og_site_name":"Plasmet","og_image":[{"width":800,"height":600,"url":"https:\/\/plasmet.bochnia.pl\/wp-content\/uploads\/2024\/10\/redukcja-gumowa-32-25.jpg","type":"image\/jpeg"}],"twitter_card":"summary_large_image","twitter_misc":{"Gesch\u00e4tzte Lesezeit":"1\u00a0Minute"},"schema":{"@context":"https:\/\/schema.org","@graph":[{"@type":"WebPage","@id":"https:\/\/plasmet.bochnia.pl\/de\/produkt\/gummi-reduzierung\/","url":"https:\/\/plasmet.bochnia.pl\/de\/produkt\/gummi-reduzierung\/","name":"Gummi-Reduzierung - Plasmet","isPartOf":{"@id":"https:\/\/plasmet.bochnia.pl\/de\/#website"},"primaryImageOfPage":{"@id":"https:\/\/plasmet.bochnia.pl\/de\/produkt\/gummi-reduzierung\/#primaryimage"},"image":{"@id":"https:\/\/plasmet.bochnia.pl\/de\/produkt\/gummi-reduzierung\/#primaryimage"},"thumbnailUrl":"https:\/\/plasmet.bochnia.pl\/wp-content\/uploads\/2024\/10\/redukcja-gumowa-32-25.jpg","datePublished":"2024-10-21T09:17:39+00:00","description":"Gummi-Reduzierung \u2013 producent i hurtownia Plasmet. Oferujemy wysok\u0105 jako\u015b\u0107, szeroki wyb\u00f3r i dobre ceny. Zapraszamy do sprawdzenia oferty!","breadcrumb":{"@id":"https:\/\/plasmet.bochnia.pl\/de\/produkt\/gummi-reduzierung\/#breadcrumb"},"inLanguage":"de","potentialAction":[{"@type":"ReadAction","target":["https:\/\/plasmet.bochnia.pl\/de\/produkt\/gummi-reduzierung\/"]}]},{"@type":"ImageObject","inLanguage":"de","@id":"https:\/\/plasmet.bochnia.pl\/de\/produkt\/gummi-reduzierung\/#primaryimage","url":"https:\/\/plasmet.bochnia.pl\/wp-content\/uploads\/2024\/10\/redukcja-gumowa-32-25.jpg","contentUrl":"https:\/\/plasmet.bochnia.pl\/wp-content\/uploads\/2024\/10\/redukcja-gumowa-32-25.jpg","width":800,"height":600,"caption":"redukcja-gumowa-32-25"},{"@type":"BreadcrumbList","@id":"https:\/\/plasmet.bochnia.pl\/de\/produkt\/gummi-reduzierung\/#breadcrumb","itemListElement":[{"@type":"ListItem","position":1,"name":"Strona g\u0142\u00f3wna","item":"https:\/\/plasmet.bochnia.pl\/de\/"},{"@type":"ListItem","position":2,"name":"Shop","item":"https:\/\/plasmet.bochnia.pl\/de\/shop\/"},{"@type":"ListItem","position":3,"name":"Gummi-Reduzierung"}]},{"@type":"WebSite","@id":"https:\/\/plasmet.bochnia.pl\/de\/#website","url":"https:\/\/plasmet.bochnia.pl\/de\/","name":"Plasmet","description":"Plasmet","alternateName":"Plasmet","potentialAction":[{"@type":"SearchAction","target":{"@type":"EntryPoint","urlTemplate":"https:\/\/plasmet.bochnia.pl\/de\/?s={search_term_string}"},"query-input":{"@type":"PropertyValueSpecification","valueRequired":true,"valueName":"search_term_string"}}],"inLanguage":"de"}]}},"taxonomy_info":{"product_cat":[{"value":1359,"label":"Dichtungen und Reduzierungen"},{"value":1365,"label":"Reduzierungen"}],"pa_kolor":[{"value":1372,"label":"Wei\u00df"}],"pa_wersja":[{"value":1654,"label":"110\/100"},{"value":1494,"label":"32\/25"},{"value":1528,"label":"40\/25"},{"value":1532,"label":"40\/32"},{"value":1564,"label":"50\/25"},{"value":1568,"label":"50\/32"},{"value":1572,"label":"50\/40"},{"value":1610,"label":"56\/32"},{"value":1614,"label":"56\/45"}]},"featured_image_src_large":["https:\/\/plasmet.bochnia.pl\/wp-content\/uploads\/2024\/10\/redukcja-gumowa-32-25.jpg",800,600,false],"author_info":[],"comment_info":"","_links":{"self":[{"href":"https:\/\/plasmet.bochnia.pl\/de\/wp-json\/wp\/v2\/product\/15044","targetHints":{"allow":["GET"]}}],"collection":[{"href":"https:\/\/plasmet.bochnia.pl\/de\/wp-json\/wp\/v2\/product"}],"about":[{"href":"https:\/\/plasmet.bochnia.pl\/de\/wp-json\/wp\/v2\/types\/product"}],"wp:featuredmedia":[{"embeddable":true,"href":"https:\/\/plasmet.bochnia.pl\/de\/wp-json\/wp\/v2\/media\/15047"}],"wp:attachment":[{"href":"https:\/\/plasmet.bochnia.pl\/de\/wp-json\/wp\/v2\/media?parent=15044"}],"wp:term":[{"taxonomy":"product_brand","embeddable":true,"href":"https:\/\/plasmet.bochnia.pl\/de\/wp-json\/wp\/v2\/product_brand?post=15044"},{"taxonomy":"product_cat","embeddable":true,"href":"https:\/\/plasmet.bochnia.pl\/de\/wp-json\/wp\/v2\/product_cat?post=15044"},{"taxonomy":"product_tag","embeddable":true,"href":"https:\/\/plasmet.bochnia.pl\/de\/wp-json\/wp\/v2\/product_tag?post=15044"}],"curies":[{"name":"wp","href":"https:\/\/api.w.org\/{rel}","templated":true}]}}