{"id":15030,"date":"2024-10-21T11:17:39","date_gmt":"2024-10-21T09:17:39","guid":{"rendered":"https:\/\/plasmet.bochnia.pl\/produkt\/hanf\/"},"modified":"2024-10-21T11:17:39","modified_gmt":"2024-10-21T09:17:39","slug":"hanf","status":"publish","type":"product","link":"https:\/\/plasmet.bochnia.pl\/de\/produkt\/hanf\/","title":{"rendered":"Hanf"},"content":{"rendered":"<h2>Hanf 100g<\/h2>\n<p><strong>Hanf 100g<\/strong> ist ein hochwertiges Produkt zum Abdichten von Gewindeverbindungen in Wasser-, Heizungs- und Gasinstallationen. Die Verwendung von Hanf im Sanit\u00e4rbereich bietet eine zuverl\u00e4ssige, langlebige Dichtung, die gegen unterschiedliche Betriebsbedingungen wie Temperatur- und Druckschwankungen resistent ist. Das Produkt ist vollst\u00e4ndig umweltfreundlich und seine Verwendung hat keine negativen Auswirkungen auf die Umwelt.  <\/p>\n<h3>Wichtige Produktmerkmale:<\/h3>\n<ul>\n<li>Gewicht: 100g,<\/li>\n<li>Nat\u00fcrliches und umweltfreundliches Material,<\/li>\n<li>Ideal zum Abdichten von Gewindeverbindungen,<\/li>\n<li>Widerstandsf\u00e4higkeit gegen variable Betriebsbedingungen in Wasser- und Heizungssystemen.<\/li>\n<\/ul>\n<p>Das Produkt ist einfach zu verarbeiten und eignet sich ideal f\u00fcr den Einsatz im Haushalt und in der Industrie. Von Profis gew\u00e4hlt, um Fugen zuverl\u00e4ssig abzudichten, bietet es \u00fcber Jahre hinweg Haltbarkeit und Sicherheit. <\/p>\n","protected":false},"excerpt":{"rendered":"<p><strong>Hanf 100g<\/strong> ist ein Naturprodukt, das haupts\u00e4chlich in Sanit\u00e4r- und Heizungsanlagen zum Abdichten von Gewindeverbindungen verwendet wird. Dank seiner Festigkeit sorgt Hanf f\u00fcr eine dauerhafte Abdichtung in Sanit\u00e4r- und Heizungsanlagen. Das Produkt ist umweltfreundlich und einfach in der Anwendung.  <\/p>\n","protected":false},"featured_media":15033,"template":"","meta":{"_acf_changed":false,"_kad_blocks_custom_css":"","_kad_blocks_head_custom_js":"","_kad_blocks_body_custom_js":"","_kad_blocks_footer_custom_js":"","_kad_post_transparent":"","_kad_post_title":"","_kad_post_layout":"","_kad_post_sidebar_id":"","_kad_post_content_style":"","_kad_post_vertical_padding":"","_kad_post_feature":"","_kad_post_feature_position":"","_kad_post_header":false,"_kad_post_footer":false,"_kad_post_classname":""},"product_brand":[],"product_cat":[1359,1361],"product_tag":[],"class_list":{"0":"post-15030","1":"product","2":"type-product","3":"status-publish","4":"has-post-thumbnail","6":"product_cat-dichtungen-und-reduzierungen","7":"product_cat-dichtungs-hanf","8":"pa_wersja-100g-de","10":"first","11":"instock","12":"product-type-variable","13":"entry","14":"content-bg","15":"loop-entry"},"acf":[],"yoast_head":"<!-- This site is optimized with the Yoast SEO plugin v25.1 - https:\/\/yoast.com\/wordpress\/plugins\/seo\/ -->\n<title>Hanf - Plasmet<\/title>\n<meta name=\"description\" content=\"Hanf \u2013 producent i hurtownia Plasmet. Oferujemy wysok\u0105 jako\u015b\u0107, szeroki wyb\u00f3r i dobre ceny. Zapraszamy do sprawdzenia oferty!\" \/>\n<meta name=\"robots\" content=\"index, follow, max-snippet:-1, max-image-preview:large, max-video-preview:-1\" \/>\n<link rel=\"canonical\" href=\"https:\/\/plasmet.bochnia.pl\/de\/produkt\/hanf\/\" \/>\n<meta property=\"og:locale\" content=\"de_DE\" \/>\n<meta property=\"og:type\" content=\"article\" \/>\n<meta property=\"og:title\" content=\"Hanf - Plasmet\" \/>\n<meta property=\"og:description\" content=\"Hanf \u2013 producent i hurtownia Plasmet. Oferujemy wysok\u0105 jako\u015b\u0107, szeroki wyb\u00f3r i dobre ceny. Zapraszamy do sprawdzenia oferty!\" \/>\n<meta property=\"og:url\" content=\"https:\/\/plasmet.bochnia.pl\/de\/produkt\/hanf\/\" \/>\n<meta property=\"og:site_name\" content=\"Plasmet\" \/>\n<meta property=\"og:image\" content=\"https:\/\/plasmet.bochnia.pl\/wp-content\/uploads\/2024\/10\/konopie-100g.jpg\" \/>\n\t<meta property=\"og:image:width\" content=\"800\" \/>\n\t<meta property=\"og:image:height\" content=\"600\" \/>\n\t<meta property=\"og:image:type\" content=\"image\/jpeg\" \/>\n<meta name=\"twitter:card\" content=\"summary_large_image\" \/>\n<meta name=\"twitter:label1\" content=\"Gesch\u00e4tzte Lesezeit\" \/>\n\t<meta name=\"twitter:data1\" content=\"1\u00a0Minute\" \/>\n<script type=\"application\/ld+json\" class=\"yoast-schema-graph\">{\"@context\":\"https:\/\/schema.org\",\"@graph\":[{\"@type\":\"WebPage\",\"@id\":\"https:\/\/plasmet.bochnia.pl\/de\/produkt\/hanf\/\",\"url\":\"https:\/\/plasmet.bochnia.pl\/de\/produkt\/hanf\/\",\"name\":\"Hanf - Plasmet\",\"isPartOf\":{\"@id\":\"https:\/\/plasmet.bochnia.pl\/de\/#website\"},\"primaryImageOfPage\":{\"@id\":\"https:\/\/plasmet.bochnia.pl\/de\/produkt\/hanf\/#primaryimage\"},\"image\":{\"@id\":\"https:\/\/plasmet.bochnia.pl\/de\/produkt\/hanf\/#primaryimage\"},\"thumbnailUrl\":\"https:\/\/plasmet.bochnia.pl\/wp-content\/uploads\/2024\/10\/konopie-100g.jpg\",\"datePublished\":\"2024-10-21T09:17:39+00:00\",\"description\":\"Hanf \u2013 producent i hurtownia Plasmet. Oferujemy wysok\u0105 jako\u015b\u0107, szeroki wyb\u00f3r i dobre ceny. Zapraszamy do sprawdzenia oferty!\",\"breadcrumb\":{\"@id\":\"https:\/\/plasmet.bochnia.pl\/de\/produkt\/hanf\/#breadcrumb\"},\"inLanguage\":\"de\",\"potentialAction\":[{\"@type\":\"ReadAction\",\"target\":[\"https:\/\/plasmet.bochnia.pl\/de\/produkt\/hanf\/\"]}]},{\"@type\":\"ImageObject\",\"inLanguage\":\"de\",\"@id\":\"https:\/\/plasmet.bochnia.pl\/de\/produkt\/hanf\/#primaryimage\",\"url\":\"https:\/\/plasmet.bochnia.pl\/wp-content\/uploads\/2024\/10\/konopie-100g.jpg\",\"contentUrl\":\"https:\/\/plasmet.bochnia.pl\/wp-content\/uploads\/2024\/10\/konopie-100g.jpg\",\"width\":800,\"height\":600,\"caption\":\"konopie-100g\"},{\"@type\":\"BreadcrumbList\",\"@id\":\"https:\/\/plasmet.bochnia.pl\/de\/produkt\/hanf\/#breadcrumb\",\"itemListElement\":[{\"@type\":\"ListItem\",\"position\":1,\"name\":\"Strona g\u0142\u00f3wna\",\"item\":\"https:\/\/plasmet.bochnia.pl\/de\/\"},{\"@type\":\"ListItem\",\"position\":2,\"name\":\"Shop\",\"item\":\"https:\/\/plasmet.bochnia.pl\/de\/shop\/\"},{\"@type\":\"ListItem\",\"position\":3,\"name\":\"Hanf\"}]},{\"@type\":\"WebSite\",\"@id\":\"https:\/\/plasmet.bochnia.pl\/de\/#website\",\"url\":\"https:\/\/plasmet.bochnia.pl\/de\/\",\"name\":\"Plasmet\",\"description\":\"Plasmet\",\"alternateName\":\"Plasmet\",\"potentialAction\":[{\"@type\":\"SearchAction\",\"target\":{\"@type\":\"EntryPoint\",\"urlTemplate\":\"https:\/\/plasmet.bochnia.pl\/de\/?s={search_term_string}\"},\"query-input\":{\"@type\":\"PropertyValueSpecification\",\"valueRequired\":true,\"valueName\":\"search_term_string\"}}],\"inLanguage\":\"de\"}]}<\/script>\n<!-- \/ Yoast SEO plugin. -->","yoast_head_json":{"title":"Hanf - Plasmet","description":"Hanf \u2013 producent i hurtownia Plasmet. Oferujemy wysok\u0105 jako\u015b\u0107, szeroki wyb\u00f3r i dobre ceny. Zapraszamy do sprawdzenia oferty!","robots":{"index":"index","follow":"follow","max-snippet":"max-snippet:-1","max-image-preview":"max-image-preview:large","max-video-preview":"max-video-preview:-1"},"canonical":"https:\/\/plasmet.bochnia.pl\/de\/produkt\/hanf\/","og_locale":"de_DE","og_type":"article","og_title":"Hanf - Plasmet","og_description":"Hanf \u2013 producent i hurtownia Plasmet. Oferujemy wysok\u0105 jako\u015b\u0107, szeroki wyb\u00f3r i dobre ceny. Zapraszamy do sprawdzenia oferty!","og_url":"https:\/\/plasmet.bochnia.pl\/de\/produkt\/hanf\/","og_site_name":"Plasmet","og_image":[{"width":800,"height":600,"url":"https:\/\/plasmet.bochnia.pl\/wp-content\/uploads\/2024\/10\/konopie-100g.jpg","type":"image\/jpeg"}],"twitter_card":"summary_large_image","twitter_misc":{"Gesch\u00e4tzte Lesezeit":"1\u00a0Minute"},"schema":{"@context":"https:\/\/schema.org","@graph":[{"@type":"WebPage","@id":"https:\/\/plasmet.bochnia.pl\/de\/produkt\/hanf\/","url":"https:\/\/plasmet.bochnia.pl\/de\/produkt\/hanf\/","name":"Hanf - Plasmet","isPartOf":{"@id":"https:\/\/plasmet.bochnia.pl\/de\/#website"},"primaryImageOfPage":{"@id":"https:\/\/plasmet.bochnia.pl\/de\/produkt\/hanf\/#primaryimage"},"image":{"@id":"https:\/\/plasmet.bochnia.pl\/de\/produkt\/hanf\/#primaryimage"},"thumbnailUrl":"https:\/\/plasmet.bochnia.pl\/wp-content\/uploads\/2024\/10\/konopie-100g.jpg","datePublished":"2024-10-21T09:17:39+00:00","description":"Hanf \u2013 producent i hurtownia Plasmet. Oferujemy wysok\u0105 jako\u015b\u0107, szeroki wyb\u00f3r i dobre ceny. Zapraszamy do sprawdzenia oferty!","breadcrumb":{"@id":"https:\/\/plasmet.bochnia.pl\/de\/produkt\/hanf\/#breadcrumb"},"inLanguage":"de","potentialAction":[{"@type":"ReadAction","target":["https:\/\/plasmet.bochnia.pl\/de\/produkt\/hanf\/"]}]},{"@type":"ImageObject","inLanguage":"de","@id":"https:\/\/plasmet.bochnia.pl\/de\/produkt\/hanf\/#primaryimage","url":"https:\/\/plasmet.bochnia.pl\/wp-content\/uploads\/2024\/10\/konopie-100g.jpg","contentUrl":"https:\/\/plasmet.bochnia.pl\/wp-content\/uploads\/2024\/10\/konopie-100g.jpg","width":800,"height":600,"caption":"konopie-100g"},{"@type":"BreadcrumbList","@id":"https:\/\/plasmet.bochnia.pl\/de\/produkt\/hanf\/#breadcrumb","itemListElement":[{"@type":"ListItem","position":1,"name":"Strona g\u0142\u00f3wna","item":"https:\/\/plasmet.bochnia.pl\/de\/"},{"@type":"ListItem","position":2,"name":"Shop","item":"https:\/\/plasmet.bochnia.pl\/de\/shop\/"},{"@type":"ListItem","position":3,"name":"Hanf"}]},{"@type":"WebSite","@id":"https:\/\/plasmet.bochnia.pl\/de\/#website","url":"https:\/\/plasmet.bochnia.pl\/de\/","name":"Plasmet","description":"Plasmet","alternateName":"Plasmet","potentialAction":[{"@type":"SearchAction","target":{"@type":"EntryPoint","urlTemplate":"https:\/\/plasmet.bochnia.pl\/de\/?s={search_term_string}"},"query-input":{"@type":"PropertyValueSpecification","valueRequired":true,"valueName":"search_term_string"}}],"inLanguage":"de"}]}},"taxonomy_info":{"product_cat":[{"value":1359,"label":"Dichtungen und Reduzierungen"},{"value":1361,"label":"Dichtungs-Hanf"}],"pa_wersja":[{"value":1636,"label":"100g"}]},"featured_image_src_large":["https:\/\/plasmet.bochnia.pl\/wp-content\/uploads\/2024\/10\/konopie-100g.jpg",800,600,false],"author_info":[],"comment_info":"","_links":{"self":[{"href":"https:\/\/plasmet.bochnia.pl\/de\/wp-json\/wp\/v2\/product\/15030","targetHints":{"allow":["GET"]}}],"collection":[{"href":"https:\/\/plasmet.bochnia.pl\/de\/wp-json\/wp\/v2\/product"}],"about":[{"href":"https:\/\/plasmet.bochnia.pl\/de\/wp-json\/wp\/v2\/types\/product"}],"wp:featuredmedia":[{"embeddable":true,"href":"https:\/\/plasmet.bochnia.pl\/de\/wp-json\/wp\/v2\/media\/15033"}],"wp:attachment":[{"href":"https:\/\/plasmet.bochnia.pl\/de\/wp-json\/wp\/v2\/media?parent=15030"}],"wp:term":[{"taxonomy":"product_brand","embeddable":true,"href":"https:\/\/plasmet.bochnia.pl\/de\/wp-json\/wp\/v2\/product_brand?post=15030"},{"taxonomy":"product_cat","embeddable":true,"href":"https:\/\/plasmet.bochnia.pl\/de\/wp-json\/wp\/v2\/product_cat?post=15030"},{"taxonomy":"product_tag","embeddable":true,"href":"https:\/\/plasmet.bochnia.pl\/de\/wp-json\/wp\/v2\/product_tag?post=15030"}],"curies":[{"name":"wp","href":"https:\/\/api.w.org\/{rel}","templated":true}]}}