{"id":15009,"date":"2024-10-21T11:17:57","date_gmt":"2024-10-21T09:17:57","guid":{"rendered":"https:\/\/plasmet.bochnia.pl\/produkt\/ausguss-o-ring\/"},"modified":"2024-10-21T11:17:57","modified_gmt":"2024-10-21T09:17:57","slug":"ausguss-o-ring","status":"publish","type":"product","link":"https:\/\/plasmet.bochnia.pl\/de\/produkt\/ausguss-o-ring\/","title":{"rendered":"Ausguss O-Ring"},"content":{"rendered":"<h2>Ausguss O-Ring<\/h2>\n<p><strong>Der Auslauf-O-Ring<\/strong> ist ein wichtiges Dichtungselement, das in den Auslaufanschl\u00fcssen von K\u00fcchen- und Badezimmerarmaturen verwendet wird. Sein flexibles Design erm\u00f6glicht eine perfekte Passform, die eine dichte Abdichtung gew\u00e4hrleistet und Leckagen verhindert. Der O-Ring aus strapazierf\u00e4higem Gummi ist wasser- und temperaturbest\u00e4ndig und garantiert eine langlebige, problemlose Installation.  <\/p>\n<h3>Vorteile des Auslaufrings:<\/h3>\n<ul>\n<li>Effektiver Schutz gegen Lecks,<\/li>\n<li>Flexibilit\u00e4t, um eine perfekte Anpassung an Estriche zu gew\u00e4hrleisten,<\/li>\n<li>Wasser- und temperaturbest\u00e4ndig,<\/li>\n<li>Langlebige und robuste Gummikonstruktion,<\/li>\n<li>Einfache Installation in K\u00fcchen- und Badezimmerarmaturen.<\/li>\n<\/ul>\n<p>Version: 1\/2, 3\/4.<\/p>\n<p>Der O-Ring f\u00fcr den Auslauf ist ein unverzichtbarer Bestandteil jeder Armatur und sorgt f\u00fcr lang anhaltende Dichtheit und zuverl\u00e4ssigen Betrieb. Er ist sowohl f\u00fcr K\u00fcchen- als auch f\u00fcr Badezimmerarmaturen geeignet und garantiert einen problemlosen Gebrauch und Schutz vor Wasserlecks. <\/p>\n","protected":false},"excerpt":{"rendered":"<p><strong>Der Auslauf-O-Ring<\/strong> ist ein pr\u00e4zisionsgefertigtes Dichtungselement, das f\u00fcr die Dichtheit der Auslaufanschl\u00fcsse von K\u00fcchen- und Badezimmerarmaturen sorgt. Dank seines flexiblen Materials garantiert er Langlebigkeit und Widerstandsf\u00e4higkeit gegen Undichtigkeiten. Farbe: schwarz. Ausf\u00fchrung: 1\/2, 3\/4.   <\/p>\n","protected":false},"featured_media":15012,"template":"","meta":{"_acf_changed":false,"_kad_blocks_custom_css":"","_kad_blocks_head_custom_js":"","_kad_blocks_body_custom_js":"","_kad_blocks_footer_custom_js":"","_kad_post_transparent":"","_kad_post_title":"","_kad_post_layout":"","_kad_post_sidebar_id":"","_kad_post_content_style":"","_kad_post_vertical_padding":"","_kad_post_feature":"","_kad_post_feature_position":"","_kad_post_header":false,"_kad_post_footer":false,"_kad_post_classname":""},"product_brand":[],"product_cat":[1369,1359],"product_tag":[],"class_list":{"0":"post-15009","1":"product","2":"type-product","3":"status-publish","4":"has-post-thumbnail","6":"product_cat-dichtungen","7":"product_cat-dichtungen-und-reduzierungen","8":"pa_wersja-1-2-de","9":"pa_wersja-3-4-de","11":"first","12":"instock","13":"product-type-variable","14":"entry","15":"content-bg","16":"loop-entry"},"acf":[],"yoast_head":"<!-- This site is optimized with the Yoast SEO plugin v25.1 - https:\/\/yoast.com\/wordpress\/plugins\/seo\/ -->\n<title>Ausguss O-Ring - Plasmet<\/title>\n<meta name=\"description\" content=\"Ausguss O-Ring \u2013 producent i hurtownia Plasmet. Oferujemy wysok\u0105 jako\u015b\u0107, szeroki wyb\u00f3r i dobre ceny. Zapraszamy do sprawdzenia oferty!\" \/>\n<meta name=\"robots\" content=\"index, follow, max-snippet:-1, max-image-preview:large, max-video-preview:-1\" \/>\n<link rel=\"canonical\" href=\"https:\/\/plasmet.bochnia.pl\/de\/produkt\/ausguss-o-ring\/\" \/>\n<meta property=\"og:locale\" content=\"de_DE\" \/>\n<meta property=\"og:type\" content=\"article\" \/>\n<meta property=\"og:title\" content=\"Ausguss O-Ring - Plasmet\" \/>\n<meta property=\"og:description\" content=\"Ausguss O-Ring \u2013 producent i hurtownia Plasmet. Oferujemy wysok\u0105 jako\u015b\u0107, szeroki wyb\u00f3r i dobre ceny. Zapraszamy do sprawdzenia oferty!\" \/>\n<meta property=\"og:url\" content=\"https:\/\/plasmet.bochnia.pl\/de\/produkt\/ausguss-o-ring\/\" \/>\n<meta property=\"og:site_name\" content=\"Plasmet\" \/>\n<meta property=\"og:image\" content=\"https:\/\/plasmet.bochnia.pl\/wp-content\/uploads\/2024\/10\/oring-wylewki-1-2.jpg\" \/>\n\t<meta property=\"og:image:width\" content=\"800\" \/>\n\t<meta property=\"og:image:height\" content=\"600\" \/>\n\t<meta property=\"og:image:type\" content=\"image\/jpeg\" \/>\n<meta name=\"twitter:card\" content=\"summary_large_image\" \/>\n<meta name=\"twitter:label1\" content=\"Gesch\u00e4tzte Lesezeit\" \/>\n\t<meta name=\"twitter:data1\" content=\"1\u00a0Minute\" \/>\n<script type=\"application\/ld+json\" class=\"yoast-schema-graph\">{\"@context\":\"https:\/\/schema.org\",\"@graph\":[{\"@type\":\"WebPage\",\"@id\":\"https:\/\/plasmet.bochnia.pl\/de\/produkt\/ausguss-o-ring\/\",\"url\":\"https:\/\/plasmet.bochnia.pl\/de\/produkt\/ausguss-o-ring\/\",\"name\":\"Ausguss O-Ring - Plasmet\",\"isPartOf\":{\"@id\":\"https:\/\/plasmet.bochnia.pl\/de\/#website\"},\"primaryImageOfPage\":{\"@id\":\"https:\/\/plasmet.bochnia.pl\/de\/produkt\/ausguss-o-ring\/#primaryimage\"},\"image\":{\"@id\":\"https:\/\/plasmet.bochnia.pl\/de\/produkt\/ausguss-o-ring\/#primaryimage\"},\"thumbnailUrl\":\"https:\/\/plasmet.bochnia.pl\/wp-content\/uploads\/2024\/10\/oring-wylewki-1-2.jpg\",\"datePublished\":\"2024-10-21T09:17:57+00:00\",\"description\":\"Ausguss O-Ring \u2013 producent i hurtownia Plasmet. Oferujemy wysok\u0105 jako\u015b\u0107, szeroki wyb\u00f3r i dobre ceny. Zapraszamy do sprawdzenia oferty!\",\"breadcrumb\":{\"@id\":\"https:\/\/plasmet.bochnia.pl\/de\/produkt\/ausguss-o-ring\/#breadcrumb\"},\"inLanguage\":\"de\",\"potentialAction\":[{\"@type\":\"ReadAction\",\"target\":[\"https:\/\/plasmet.bochnia.pl\/de\/produkt\/ausguss-o-ring\/\"]}]},{\"@type\":\"ImageObject\",\"inLanguage\":\"de\",\"@id\":\"https:\/\/plasmet.bochnia.pl\/de\/produkt\/ausguss-o-ring\/#primaryimage\",\"url\":\"https:\/\/plasmet.bochnia.pl\/wp-content\/uploads\/2024\/10\/oring-wylewki-1-2.jpg\",\"contentUrl\":\"https:\/\/plasmet.bochnia.pl\/wp-content\/uploads\/2024\/10\/oring-wylewki-1-2.jpg\",\"width\":800,\"height\":600,\"caption\":\"oring-wylewki-1-2\"},{\"@type\":\"BreadcrumbList\",\"@id\":\"https:\/\/plasmet.bochnia.pl\/de\/produkt\/ausguss-o-ring\/#breadcrumb\",\"itemListElement\":[{\"@type\":\"ListItem\",\"position\":1,\"name\":\"Strona g\u0142\u00f3wna\",\"item\":\"https:\/\/plasmet.bochnia.pl\/de\/\"},{\"@type\":\"ListItem\",\"position\":2,\"name\":\"Shop\",\"item\":\"https:\/\/plasmet.bochnia.pl\/de\/shop\/\"},{\"@type\":\"ListItem\",\"position\":3,\"name\":\"Ausguss O-Ring\"}]},{\"@type\":\"WebSite\",\"@id\":\"https:\/\/plasmet.bochnia.pl\/de\/#website\",\"url\":\"https:\/\/plasmet.bochnia.pl\/de\/\",\"name\":\"Plasmet\",\"description\":\"Plasmet\",\"alternateName\":\"Plasmet\",\"potentialAction\":[{\"@type\":\"SearchAction\",\"target\":{\"@type\":\"EntryPoint\",\"urlTemplate\":\"https:\/\/plasmet.bochnia.pl\/de\/?s={search_term_string}\"},\"query-input\":{\"@type\":\"PropertyValueSpecification\",\"valueRequired\":true,\"valueName\":\"search_term_string\"}}],\"inLanguage\":\"de\"}]}<\/script>\n<!-- \/ Yoast SEO plugin. -->","yoast_head_json":{"title":"Ausguss O-Ring - Plasmet","description":"Ausguss O-Ring \u2013 producent i hurtownia Plasmet. Oferujemy wysok\u0105 jako\u015b\u0107, szeroki wyb\u00f3r i dobre ceny. Zapraszamy do sprawdzenia oferty!","robots":{"index":"index","follow":"follow","max-snippet":"max-snippet:-1","max-image-preview":"max-image-preview:large","max-video-preview":"max-video-preview:-1"},"canonical":"https:\/\/plasmet.bochnia.pl\/de\/produkt\/ausguss-o-ring\/","og_locale":"de_DE","og_type":"article","og_title":"Ausguss O-Ring - Plasmet","og_description":"Ausguss O-Ring \u2013 producent i hurtownia Plasmet. Oferujemy wysok\u0105 jako\u015b\u0107, szeroki wyb\u00f3r i dobre ceny. Zapraszamy do sprawdzenia oferty!","og_url":"https:\/\/plasmet.bochnia.pl\/de\/produkt\/ausguss-o-ring\/","og_site_name":"Plasmet","og_image":[{"width":800,"height":600,"url":"https:\/\/plasmet.bochnia.pl\/wp-content\/uploads\/2024\/10\/oring-wylewki-1-2.jpg","type":"image\/jpeg"}],"twitter_card":"summary_large_image","twitter_misc":{"Gesch\u00e4tzte Lesezeit":"1\u00a0Minute"},"schema":{"@context":"https:\/\/schema.org","@graph":[{"@type":"WebPage","@id":"https:\/\/plasmet.bochnia.pl\/de\/produkt\/ausguss-o-ring\/","url":"https:\/\/plasmet.bochnia.pl\/de\/produkt\/ausguss-o-ring\/","name":"Ausguss O-Ring - Plasmet","isPartOf":{"@id":"https:\/\/plasmet.bochnia.pl\/de\/#website"},"primaryImageOfPage":{"@id":"https:\/\/plasmet.bochnia.pl\/de\/produkt\/ausguss-o-ring\/#primaryimage"},"image":{"@id":"https:\/\/plasmet.bochnia.pl\/de\/produkt\/ausguss-o-ring\/#primaryimage"},"thumbnailUrl":"https:\/\/plasmet.bochnia.pl\/wp-content\/uploads\/2024\/10\/oring-wylewki-1-2.jpg","datePublished":"2024-10-21T09:17:57+00:00","description":"Ausguss O-Ring \u2013 producent i hurtownia Plasmet. Oferujemy wysok\u0105 jako\u015b\u0107, szeroki wyb\u00f3r i dobre ceny. Zapraszamy do sprawdzenia oferty!","breadcrumb":{"@id":"https:\/\/plasmet.bochnia.pl\/de\/produkt\/ausguss-o-ring\/#breadcrumb"},"inLanguage":"de","potentialAction":[{"@type":"ReadAction","target":["https:\/\/plasmet.bochnia.pl\/de\/produkt\/ausguss-o-ring\/"]}]},{"@type":"ImageObject","inLanguage":"de","@id":"https:\/\/plasmet.bochnia.pl\/de\/produkt\/ausguss-o-ring\/#primaryimage","url":"https:\/\/plasmet.bochnia.pl\/wp-content\/uploads\/2024\/10\/oring-wylewki-1-2.jpg","contentUrl":"https:\/\/plasmet.bochnia.pl\/wp-content\/uploads\/2024\/10\/oring-wylewki-1-2.jpg","width":800,"height":600,"caption":"oring-wylewki-1-2"},{"@type":"BreadcrumbList","@id":"https:\/\/plasmet.bochnia.pl\/de\/produkt\/ausguss-o-ring\/#breadcrumb","itemListElement":[{"@type":"ListItem","position":1,"name":"Strona g\u0142\u00f3wna","item":"https:\/\/plasmet.bochnia.pl\/de\/"},{"@type":"ListItem","position":2,"name":"Shop","item":"https:\/\/plasmet.bochnia.pl\/de\/shop\/"},{"@type":"ListItem","position":3,"name":"Ausguss O-Ring"}]},{"@type":"WebSite","@id":"https:\/\/plasmet.bochnia.pl\/de\/#website","url":"https:\/\/plasmet.bochnia.pl\/de\/","name":"Plasmet","description":"Plasmet","alternateName":"Plasmet","potentialAction":[{"@type":"SearchAction","target":{"@type":"EntryPoint","urlTemplate":"https:\/\/plasmet.bochnia.pl\/de\/?s={search_term_string}"},"query-input":{"@type":"PropertyValueSpecification","valueRequired":true,"valueName":"search_term_string"}}],"inLanguage":"de"}]}},"taxonomy_info":{"product_cat":[{"value":1369,"label":"Dichtungen"},{"value":1359,"label":"Dichtungen und Reduzierungen"}],"pa_wersja":[{"value":1405,"label":"1\/2"},{"value":1413,"label":"3\/4"}]},"featured_image_src_large":["https:\/\/plasmet.bochnia.pl\/wp-content\/uploads\/2024\/10\/oring-wylewki-1-2.jpg",800,600,false],"author_info":[],"comment_info":"","_links":{"self":[{"href":"https:\/\/plasmet.bochnia.pl\/de\/wp-json\/wp\/v2\/product\/15009","targetHints":{"allow":["GET"]}}],"collection":[{"href":"https:\/\/plasmet.bochnia.pl\/de\/wp-json\/wp\/v2\/product"}],"about":[{"href":"https:\/\/plasmet.bochnia.pl\/de\/wp-json\/wp\/v2\/types\/product"}],"wp:featuredmedia":[{"embeddable":true,"href":"https:\/\/plasmet.bochnia.pl\/de\/wp-json\/wp\/v2\/media\/15012"}],"wp:attachment":[{"href":"https:\/\/plasmet.bochnia.pl\/de\/wp-json\/wp\/v2\/media?parent=15009"}],"wp:term":[{"taxonomy":"product_brand","embeddable":true,"href":"https:\/\/plasmet.bochnia.pl\/de\/wp-json\/wp\/v2\/product_brand?post=15009"},{"taxonomy":"product_cat","embeddable":true,"href":"https:\/\/plasmet.bochnia.pl\/de\/wp-json\/wp\/v2\/product_cat?post=15009"},{"taxonomy":"product_tag","embeddable":true,"href":"https:\/\/plasmet.bochnia.pl\/de\/wp-json\/wp\/v2\/product_tag?post=15009"}],"curies":[{"name":"wp","href":"https:\/\/api.w.org\/{rel}","templated":true}]}}