{"id":15001,"date":"2024-10-21T11:18:04","date_gmt":"2024-10-21T09:18:04","guid":{"rendered":"https:\/\/plasmet.bochnia.pl\/produkt\/reparatursatz-fuer-die-untere-spuelung-alter-typ\/"},"modified":"2024-10-21T11:18:04","modified_gmt":"2024-10-21T09:18:04","slug":"reparatursatz-fuer-die-untere-spuelung-alter-typ","status":"publish","type":"product","link":"https:\/\/plasmet.bochnia.pl\/de\/produkt\/reparatursatz-fuer-die-untere-spuelung-alter-typ\/","title":{"rendered":"Reparatursatz f\u00fcr die untere Sp\u00fclung Alter Typ"},"content":{"rendered":"<h2>Reparatursatz f\u00fcr die untere Sp\u00fclung &#8211; Alter Typ<\/h2>\n<p><strong>Das Old Type Bottom Flush Repair Kit<\/strong> ist ein Kit, mit dem Sie \u00e4ltere Modelle der Bodensp\u00fclung einfach und effektiv reparieren k\u00f6nnen. Es enth\u00e4lt alle notwendigen Komponenten, um Lecks zu beseitigen und die volle Funktionsf\u00e4higkeit des Sp\u00fclsystems wiederherzustellen. Dank der hochwertigen Teile sorgt es f\u00fcr einen lang anhaltenden und st\u00f6rungsfreien Betrieb des Sp\u00fclkastens.  <\/p>\n<h3>Die wichtigsten Produktvorteile:<\/h3>\n<ul>\n<li>Kompletter Reparatursatz f\u00fcr \u00e4ltere Untersp\u00fclungen,<\/li>\n<li>Einfach zu installieren,<\/li>\n<li>Sorgt f\u00fcr vollst\u00e4ndige Dichtheit und korrekte Funktion des Sp\u00fclkastens.<\/li>\n<\/ul>\n<p>Das Old Type Bottom Flush Repair Kit ist die ideale L\u00f6sung f\u00fcr alle, die die Leistung \u00e4lterer Sp\u00fclsysteme wiederherstellen, Lecks beseitigen und eine lang anhaltende Leistung sicherstellen m\u00f6chten.<\/p>\n","protected":false},"excerpt":{"rendered":"<p><strong>Das Old Type Bottom Flush Repair Kit<\/strong> ist ein Teilesatz, der f\u00fcr die effektive Reparatur \u00e4lterer Modelle mit Bodensp\u00fclung entwickelt wurde. Es enth\u00e4lt alle Komponenten, die erforderlich sind, um die korrekte Funktion des Sp\u00fclkastens wiederherzustellen und dichte Verbindungen zu gew\u00e4hrleisten. <\/p>\n","protected":false},"featured_media":15005,"template":"","meta":{"_acf_changed":false,"_kad_blocks_custom_css":"","_kad_blocks_head_custom_js":"","_kad_blocks_body_custom_js":"","_kad_blocks_footer_custom_js":"","_kad_post_transparent":"","_kad_post_title":"","_kad_post_layout":"","_kad_post_sidebar_id":"","_kad_post_content_style":"","_kad_post_vertical_padding":"","_kad_post_feature":"","_kad_post_feature_position":"","_kad_post_header":false,"_kad_post_footer":false,"_kad_post_classname":""},"product_brand":[],"product_cat":[1369,1359],"product_tag":[],"class_list":{"0":"post-15001","1":"product","2":"type-product","3":"status-publish","4":"has-post-thumbnail","6":"product_cat-dichtungen","7":"product_cat-dichtungen-und-reduzierungen","8":"pa_kolor-schwarz","10":"first","11":"instock","12":"product-type-variable","13":"entry","14":"content-bg","15":"loop-entry"},"acf":[],"yoast_head":"<!-- This site is optimized with the Yoast SEO plugin v25.1 - https:\/\/yoast.com\/wordpress\/plugins\/seo\/ -->\n<title>Reparatursatz f\u00fcr die untere Sp\u00fclung Alter Typ - Plasmet<\/title>\n<meta name=\"description\" content=\"Reparatursatz f\u00fcr die untere Sp\u00fclung Alter Typ \u2013 producent i hurtownia Plasmet. Oferujemy wysok\u0105 jako\u015b\u0107, szeroki wyb\u00f3r i dobre ceny. Zapraszamy do sprawdzenia oferty!\" \/>\n<meta name=\"robots\" content=\"index, follow, max-snippet:-1, max-image-preview:large, max-video-preview:-1\" \/>\n<link rel=\"canonical\" href=\"https:\/\/plasmet.bochnia.pl\/de\/produkt\/reparatursatz-fuer-die-untere-spuelung-alter-typ\/\" \/>\n<meta property=\"og:locale\" content=\"de_DE\" \/>\n<meta property=\"og:type\" content=\"article\" \/>\n<meta property=\"og:title\" content=\"Reparatursatz f\u00fcr die untere Sp\u00fclung Alter Typ - Plasmet\" \/>\n<meta property=\"og:description\" content=\"Reparatursatz f\u00fcr die untere Sp\u00fclung Alter Typ \u2013 producent i hurtownia Plasmet. Oferujemy wysok\u0105 jako\u015b\u0107, szeroki wyb\u00f3r i dobre ceny. Zapraszamy do sprawdzenia oferty!\" \/>\n<meta property=\"og:url\" content=\"https:\/\/plasmet.bochnia.pl\/de\/produkt\/reparatursatz-fuer-die-untere-spuelung-alter-typ\/\" \/>\n<meta property=\"og:site_name\" content=\"Plasmet\" \/>\n<meta property=\"og:image\" content=\"https:\/\/plasmet.bochnia.pl\/wp-content\/uploads\/2024\/10\/komplet-naprawczy-dolnopluka-stary-typ.jpg\" \/>\n\t<meta property=\"og:image:width\" content=\"800\" \/>\n\t<meta property=\"og:image:height\" content=\"600\" \/>\n\t<meta property=\"og:image:type\" content=\"image\/jpeg\" \/>\n<meta name=\"twitter:card\" content=\"summary_large_image\" \/>\n<meta name=\"twitter:label1\" content=\"Gesch\u00e4tzte Lesezeit\" \/>\n\t<meta name=\"twitter:data1\" content=\"1\u00a0Minute\" \/>\n<script type=\"application\/ld+json\" class=\"yoast-schema-graph\">{\"@context\":\"https:\/\/schema.org\",\"@graph\":[{\"@type\":\"WebPage\",\"@id\":\"https:\/\/plasmet.bochnia.pl\/de\/produkt\/reparatursatz-fuer-die-untere-spuelung-alter-typ\/\",\"url\":\"https:\/\/plasmet.bochnia.pl\/de\/produkt\/reparatursatz-fuer-die-untere-spuelung-alter-typ\/\",\"name\":\"Reparatursatz f\u00fcr die untere Sp\u00fclung Alter Typ - Plasmet\",\"isPartOf\":{\"@id\":\"https:\/\/plasmet.bochnia.pl\/de\/#website\"},\"primaryImageOfPage\":{\"@id\":\"https:\/\/plasmet.bochnia.pl\/de\/produkt\/reparatursatz-fuer-die-untere-spuelung-alter-typ\/#primaryimage\"},\"image\":{\"@id\":\"https:\/\/plasmet.bochnia.pl\/de\/produkt\/reparatursatz-fuer-die-untere-spuelung-alter-typ\/#primaryimage\"},\"thumbnailUrl\":\"https:\/\/plasmet.bochnia.pl\/wp-content\/uploads\/2024\/10\/komplet-naprawczy-dolnopluka-stary-typ.jpg\",\"datePublished\":\"2024-10-21T09:18:04+00:00\",\"description\":\"Reparatursatz f\u00fcr die untere Sp\u00fclung Alter Typ \u2013 producent i hurtownia Plasmet. Oferujemy wysok\u0105 jako\u015b\u0107, szeroki wyb\u00f3r i dobre ceny. Zapraszamy do sprawdzenia oferty!\",\"breadcrumb\":{\"@id\":\"https:\/\/plasmet.bochnia.pl\/de\/produkt\/reparatursatz-fuer-die-untere-spuelung-alter-typ\/#breadcrumb\"},\"inLanguage\":\"de\",\"potentialAction\":[{\"@type\":\"ReadAction\",\"target\":[\"https:\/\/plasmet.bochnia.pl\/de\/produkt\/reparatursatz-fuer-die-untere-spuelung-alter-typ\/\"]}]},{\"@type\":\"ImageObject\",\"inLanguage\":\"de\",\"@id\":\"https:\/\/plasmet.bochnia.pl\/de\/produkt\/reparatursatz-fuer-die-untere-spuelung-alter-typ\/#primaryimage\",\"url\":\"https:\/\/plasmet.bochnia.pl\/wp-content\/uploads\/2024\/10\/komplet-naprawczy-dolnopluka-stary-typ.jpg\",\"contentUrl\":\"https:\/\/plasmet.bochnia.pl\/wp-content\/uploads\/2024\/10\/komplet-naprawczy-dolnopluka-stary-typ.jpg\",\"width\":800,\"height\":600,\"caption\":\"komplet-naprawczy-dolnopluka-stary-typ\"},{\"@type\":\"BreadcrumbList\",\"@id\":\"https:\/\/plasmet.bochnia.pl\/de\/produkt\/reparatursatz-fuer-die-untere-spuelung-alter-typ\/#breadcrumb\",\"itemListElement\":[{\"@type\":\"ListItem\",\"position\":1,\"name\":\"Strona g\u0142\u00f3wna\",\"item\":\"https:\/\/plasmet.bochnia.pl\/de\/\"},{\"@type\":\"ListItem\",\"position\":2,\"name\":\"Shop\",\"item\":\"https:\/\/plasmet.bochnia.pl\/de\/shop\/\"},{\"@type\":\"ListItem\",\"position\":3,\"name\":\"Reparatursatz f\u00fcr die untere Sp\u00fclung Alter Typ\"}]},{\"@type\":\"WebSite\",\"@id\":\"https:\/\/plasmet.bochnia.pl\/de\/#website\",\"url\":\"https:\/\/plasmet.bochnia.pl\/de\/\",\"name\":\"Plasmet\",\"description\":\"Plasmet\",\"alternateName\":\"Plasmet\",\"potentialAction\":[{\"@type\":\"SearchAction\",\"target\":{\"@type\":\"EntryPoint\",\"urlTemplate\":\"https:\/\/plasmet.bochnia.pl\/de\/?s={search_term_string}\"},\"query-input\":{\"@type\":\"PropertyValueSpecification\",\"valueRequired\":true,\"valueName\":\"search_term_string\"}}],\"inLanguage\":\"de\"}]}<\/script>\n<!-- \/ Yoast SEO plugin. -->","yoast_head_json":{"title":"Reparatursatz f\u00fcr die untere Sp\u00fclung Alter Typ - Plasmet","description":"Reparatursatz f\u00fcr die untere Sp\u00fclung Alter Typ \u2013 producent i hurtownia Plasmet. Oferujemy wysok\u0105 jako\u015b\u0107, szeroki wyb\u00f3r i dobre ceny. Zapraszamy do sprawdzenia oferty!","robots":{"index":"index","follow":"follow","max-snippet":"max-snippet:-1","max-image-preview":"max-image-preview:large","max-video-preview":"max-video-preview:-1"},"canonical":"https:\/\/plasmet.bochnia.pl\/de\/produkt\/reparatursatz-fuer-die-untere-spuelung-alter-typ\/","og_locale":"de_DE","og_type":"article","og_title":"Reparatursatz f\u00fcr die untere Sp\u00fclung Alter Typ - Plasmet","og_description":"Reparatursatz f\u00fcr die untere Sp\u00fclung Alter Typ \u2013 producent i hurtownia Plasmet. Oferujemy wysok\u0105 jako\u015b\u0107, szeroki wyb\u00f3r i dobre ceny. Zapraszamy do sprawdzenia oferty!","og_url":"https:\/\/plasmet.bochnia.pl\/de\/produkt\/reparatursatz-fuer-die-untere-spuelung-alter-typ\/","og_site_name":"Plasmet","og_image":[{"width":800,"height":600,"url":"https:\/\/plasmet.bochnia.pl\/wp-content\/uploads\/2024\/10\/komplet-naprawczy-dolnopluka-stary-typ.jpg","type":"image\/jpeg"}],"twitter_card":"summary_large_image","twitter_misc":{"Gesch\u00e4tzte Lesezeit":"1\u00a0Minute"},"schema":{"@context":"https:\/\/schema.org","@graph":[{"@type":"WebPage","@id":"https:\/\/plasmet.bochnia.pl\/de\/produkt\/reparatursatz-fuer-die-untere-spuelung-alter-typ\/","url":"https:\/\/plasmet.bochnia.pl\/de\/produkt\/reparatursatz-fuer-die-untere-spuelung-alter-typ\/","name":"Reparatursatz f\u00fcr die untere Sp\u00fclung Alter Typ - Plasmet","isPartOf":{"@id":"https:\/\/plasmet.bochnia.pl\/de\/#website"},"primaryImageOfPage":{"@id":"https:\/\/plasmet.bochnia.pl\/de\/produkt\/reparatursatz-fuer-die-untere-spuelung-alter-typ\/#primaryimage"},"image":{"@id":"https:\/\/plasmet.bochnia.pl\/de\/produkt\/reparatursatz-fuer-die-untere-spuelung-alter-typ\/#primaryimage"},"thumbnailUrl":"https:\/\/plasmet.bochnia.pl\/wp-content\/uploads\/2024\/10\/komplet-naprawczy-dolnopluka-stary-typ.jpg","datePublished":"2024-10-21T09:18:04+00:00","description":"Reparatursatz f\u00fcr die untere Sp\u00fclung Alter Typ \u2013 producent i hurtownia Plasmet. Oferujemy wysok\u0105 jako\u015b\u0107, szeroki wyb\u00f3r i dobre ceny. Zapraszamy do sprawdzenia oferty!","breadcrumb":{"@id":"https:\/\/plasmet.bochnia.pl\/de\/produkt\/reparatursatz-fuer-die-untere-spuelung-alter-typ\/#breadcrumb"},"inLanguage":"de","potentialAction":[{"@type":"ReadAction","target":["https:\/\/plasmet.bochnia.pl\/de\/produkt\/reparatursatz-fuer-die-untere-spuelung-alter-typ\/"]}]},{"@type":"ImageObject","inLanguage":"de","@id":"https:\/\/plasmet.bochnia.pl\/de\/produkt\/reparatursatz-fuer-die-untere-spuelung-alter-typ\/#primaryimage","url":"https:\/\/plasmet.bochnia.pl\/wp-content\/uploads\/2024\/10\/komplet-naprawczy-dolnopluka-stary-typ.jpg","contentUrl":"https:\/\/plasmet.bochnia.pl\/wp-content\/uploads\/2024\/10\/komplet-naprawczy-dolnopluka-stary-typ.jpg","width":800,"height":600,"caption":"komplet-naprawczy-dolnopluka-stary-typ"},{"@type":"BreadcrumbList","@id":"https:\/\/plasmet.bochnia.pl\/de\/produkt\/reparatursatz-fuer-die-untere-spuelung-alter-typ\/#breadcrumb","itemListElement":[{"@type":"ListItem","position":1,"name":"Strona g\u0142\u00f3wna","item":"https:\/\/plasmet.bochnia.pl\/de\/"},{"@type":"ListItem","position":2,"name":"Shop","item":"https:\/\/plasmet.bochnia.pl\/de\/shop\/"},{"@type":"ListItem","position":3,"name":"Reparatursatz f\u00fcr die untere Sp\u00fclung Alter Typ"}]},{"@type":"WebSite","@id":"https:\/\/plasmet.bochnia.pl\/de\/#website","url":"https:\/\/plasmet.bochnia.pl\/de\/","name":"Plasmet","description":"Plasmet","alternateName":"Plasmet","potentialAction":[{"@type":"SearchAction","target":{"@type":"EntryPoint","urlTemplate":"https:\/\/plasmet.bochnia.pl\/de\/?s={search_term_string}"},"query-input":{"@type":"PropertyValueSpecification","valueRequired":true,"valueName":"search_term_string"}}],"inLanguage":"de"}]}},"taxonomy_info":{"product_cat":[{"value":1369,"label":"Dichtungen"},{"value":1359,"label":"Dichtungen und Reduzierungen"}],"pa_kolor":[{"value":1375,"label":"Schwarz"}]},"featured_image_src_large":["https:\/\/plasmet.bochnia.pl\/wp-content\/uploads\/2024\/10\/komplet-naprawczy-dolnopluka-stary-typ.jpg",800,600,false],"author_info":[],"comment_info":"","_links":{"self":[{"href":"https:\/\/plasmet.bochnia.pl\/de\/wp-json\/wp\/v2\/product\/15001","targetHints":{"allow":["GET"]}}],"collection":[{"href":"https:\/\/plasmet.bochnia.pl\/de\/wp-json\/wp\/v2\/product"}],"about":[{"href":"https:\/\/plasmet.bochnia.pl\/de\/wp-json\/wp\/v2\/types\/product"}],"wp:featuredmedia":[{"embeddable":true,"href":"https:\/\/plasmet.bochnia.pl\/de\/wp-json\/wp\/v2\/media\/15005"}],"wp:attachment":[{"href":"https:\/\/plasmet.bochnia.pl\/de\/wp-json\/wp\/v2\/media?parent=15001"}],"wp:term":[{"taxonomy":"product_brand","embeddable":true,"href":"https:\/\/plasmet.bochnia.pl\/de\/wp-json\/wp\/v2\/product_brand?post=15001"},{"taxonomy":"product_cat","embeddable":true,"href":"https:\/\/plasmet.bochnia.pl\/de\/wp-json\/wp\/v2\/product_cat?post=15001"},{"taxonomy":"product_tag","embeddable":true,"href":"https:\/\/plasmet.bochnia.pl\/de\/wp-json\/wp\/v2\/product_tag?post=15001"}],"curies":[{"name":"wp","href":"https:\/\/api.w.org\/{rel}","templated":true}]}}