{"id":14959,"date":"2024-10-21T11:17:47","date_gmt":"2024-10-21T09:17:47","guid":{"rendered":"https:\/\/plasmet.bochnia.pl\/produkt\/unterer-oberer-spueltrichter\/"},"modified":"2024-10-21T11:17:47","modified_gmt":"2024-10-21T09:17:47","slug":"unterer-oberer-spueltrichter","status":"publish","type":"product","link":"https:\/\/plasmet.bochnia.pl\/de\/produkt\/unterer-oberer-spueltrichter\/","title":{"rendered":"Unterer\/oberer Sp\u00fcltrichter"},"content":{"rendered":"<h2>Unterer\/oberer Sp\u00fcltrichter<\/h2>\n<p><strong>Der untere\/obere Sp\u00fcltrichter<\/strong> wurde entwickelt, um einen einfachen und leckfreien Anschluss von Sp\u00fclsystemen zu erm\u00f6glichen. Der aus hochwertigem Kunststoff gefertigte Trichter ist dauerhaft wasser- und chemikalienbest\u00e4ndig und minimiert das Risiko von Leckagen. Der Trichter ist in zwei Gr\u00f6\u00dfen erh\u00e4ltlich: 50\/40 und 50\/32, so dass er in einer Vielzahl von Installationen verwendet werden kann.  <\/p>\n<h3>Die wichtigsten Produktvorteile:<\/h3>\n<ul>\n<li>Langlebige Konstruktion, resistent gegen Wasser und Chemikalien,<\/li>\n<li>Ideal geeignet f\u00fcr Unter- und Obersp\u00fclsysteme,<\/li>\n<li>Verf\u00fcgbare Gr\u00f6\u00dfen: 50\/40 und 50\/32,<\/li>\n<li>Einfache Installation und feste Verbindung,<\/li>\n<li>Eine wei\u00dfe Farbe, die sich perfekt in die meisten Installationen einf\u00fcgt.<\/li>\n<\/ul>\n<p>Der untere\/obere Sp\u00fclkasten ist ein wichtiger Bestandteil der Sp\u00fclkasteninstallation, der eine sichere und dichte Verbindung gew\u00e4hrleistet. Seine Flexibilit\u00e4t und Widerstandsf\u00e4higkeit gegen \u00e4u\u00dfere Einfl\u00fcsse machen ihn zu einem zuverl\u00e4ssigen Produkt, das eine langfristige Nutzung ohne h\u00e4ufigen Austausch oder Reparatur erm\u00f6glicht. <\/p>\n","protected":false},"excerpt":{"rendered":"<p><strong>Der Unter-\/Obersp\u00fcltrichter<\/strong> ist eine zuverl\u00e4ssige L\u00f6sung f\u00fcr den Anschluss von Unter- und Obersp\u00fclsystemen an Abwasserrohre. Er ist aus einem haltbaren Material gefertigt und bietet eine dichte und auslaufsichere Leistung. Erh\u00e4ltlich in den Gr\u00f6\u00dfen: 50\/40 und 50\/32 Farbe: wei\u00df.   <\/p>\n","protected":false},"featured_media":14963,"template":"","meta":{"_acf_changed":false,"_kad_blocks_custom_css":"","_kad_blocks_head_custom_js":"","_kad_blocks_body_custom_js":"","_kad_blocks_footer_custom_js":"","_kad_post_transparent":"","_kad_post_title":"","_kad_post_layout":"","_kad_post_sidebar_id":"","_kad_post_content_style":"","_kad_post_vertical_padding":"","_kad_post_feature":"","_kad_post_feature_position":"","_kad_post_header":false,"_kad_post_footer":false,"_kad_post_classname":""},"product_brand":[],"product_cat":[1369,1359],"product_tag":[],"class_list":{"0":"post-14959","1":"product","2":"type-product","3":"status-publish","4":"has-post-thumbnail","6":"product_cat-dichtungen","7":"product_cat-dichtungen-und-reduzierungen","8":"pa_kolor-weis","9":"pa_wersja-50-32-de","10":"pa_wersja-50-40-de","12":"first","13":"instock","14":"product-type-variable","15":"entry","16":"content-bg","17":"loop-entry"},"acf":[],"yoast_head":"<!-- This site is optimized with the Yoast SEO plugin v25.1 - https:\/\/yoast.com\/wordpress\/plugins\/seo\/ -->\n<title>Unterer\/oberer Sp\u00fcltrichter - Plasmet<\/title>\n<meta name=\"description\" content=\"Unterer\/oberer Sp\u00fcltrichter \u2013 producent i hurtownia Plasmet. Oferujemy wysok\u0105 jako\u015b\u0107, szeroki wyb\u00f3r i dobre ceny. Zapraszamy do sprawdzenia oferty!\" \/>\n<meta name=\"robots\" content=\"index, follow, max-snippet:-1, max-image-preview:large, max-video-preview:-1\" \/>\n<link rel=\"canonical\" href=\"https:\/\/plasmet.bochnia.pl\/de\/produkt\/unterer-oberer-spueltrichter\/\" \/>\n<meta property=\"og:locale\" content=\"de_DE\" \/>\n<meta property=\"og:type\" content=\"article\" \/>\n<meta property=\"og:title\" content=\"Unterer\/oberer Sp\u00fcltrichter - Plasmet\" \/>\n<meta property=\"og:description\" content=\"Unterer\/oberer Sp\u00fcltrichter \u2013 producent i hurtownia Plasmet. Oferujemy wysok\u0105 jako\u015b\u0107, szeroki wyb\u00f3r i dobre ceny. Zapraszamy do sprawdzenia oferty!\" \/>\n<meta property=\"og:url\" content=\"https:\/\/plasmet.bochnia.pl\/de\/produkt\/unterer-oberer-spueltrichter\/\" \/>\n<meta property=\"og:site_name\" content=\"Plasmet\" \/>\n<meta property=\"og:image\" content=\"https:\/\/plasmet.bochnia.pl\/wp-content\/uploads\/2024\/10\/lejek-dolnoplukagornopluka-50-32.jpg\" \/>\n\t<meta property=\"og:image:width\" content=\"800\" \/>\n\t<meta property=\"og:image:height\" content=\"600\" \/>\n\t<meta property=\"og:image:type\" content=\"image\/jpeg\" \/>\n<meta name=\"twitter:card\" content=\"summary_large_image\" \/>\n<meta name=\"twitter:label1\" content=\"Gesch\u00e4tzte Lesezeit\" \/>\n\t<meta name=\"twitter:data1\" content=\"1\u00a0Minute\" \/>\n<script type=\"application\/ld+json\" class=\"yoast-schema-graph\">{\"@context\":\"https:\/\/schema.org\",\"@graph\":[{\"@type\":\"WebPage\",\"@id\":\"https:\/\/plasmet.bochnia.pl\/de\/produkt\/unterer-oberer-spueltrichter\/\",\"url\":\"https:\/\/plasmet.bochnia.pl\/de\/produkt\/unterer-oberer-spueltrichter\/\",\"name\":\"Unterer\/oberer Sp\u00fcltrichter - Plasmet\",\"isPartOf\":{\"@id\":\"https:\/\/plasmet.bochnia.pl\/de\/#website\"},\"primaryImageOfPage\":{\"@id\":\"https:\/\/plasmet.bochnia.pl\/de\/produkt\/unterer-oberer-spueltrichter\/#primaryimage\"},\"image\":{\"@id\":\"https:\/\/plasmet.bochnia.pl\/de\/produkt\/unterer-oberer-spueltrichter\/#primaryimage\"},\"thumbnailUrl\":\"https:\/\/plasmet.bochnia.pl\/wp-content\/uploads\/2024\/10\/lejek-dolnoplukagornopluka-50-32.jpg\",\"datePublished\":\"2024-10-21T09:17:47+00:00\",\"description\":\"Unterer\/oberer Sp\u00fcltrichter \u2013 producent i hurtownia Plasmet. Oferujemy wysok\u0105 jako\u015b\u0107, szeroki wyb\u00f3r i dobre ceny. Zapraszamy do sprawdzenia oferty!\",\"breadcrumb\":{\"@id\":\"https:\/\/plasmet.bochnia.pl\/de\/produkt\/unterer-oberer-spueltrichter\/#breadcrumb\"},\"inLanguage\":\"de\",\"potentialAction\":[{\"@type\":\"ReadAction\",\"target\":[\"https:\/\/plasmet.bochnia.pl\/de\/produkt\/unterer-oberer-spueltrichter\/\"]}]},{\"@type\":\"ImageObject\",\"inLanguage\":\"de\",\"@id\":\"https:\/\/plasmet.bochnia.pl\/de\/produkt\/unterer-oberer-spueltrichter\/#primaryimage\",\"url\":\"https:\/\/plasmet.bochnia.pl\/wp-content\/uploads\/2024\/10\/lejek-dolnoplukagornopluka-50-32.jpg\",\"contentUrl\":\"https:\/\/plasmet.bochnia.pl\/wp-content\/uploads\/2024\/10\/lejek-dolnoplukagornopluka-50-32.jpg\",\"width\":800,\"height\":600},{\"@type\":\"BreadcrumbList\",\"@id\":\"https:\/\/plasmet.bochnia.pl\/de\/produkt\/unterer-oberer-spueltrichter\/#breadcrumb\",\"itemListElement\":[{\"@type\":\"ListItem\",\"position\":1,\"name\":\"Strona g\u0142\u00f3wna\",\"item\":\"https:\/\/plasmet.bochnia.pl\/de\/\"},{\"@type\":\"ListItem\",\"position\":2,\"name\":\"Shop\",\"item\":\"https:\/\/plasmet.bochnia.pl\/de\/shop\/\"},{\"@type\":\"ListItem\",\"position\":3,\"name\":\"Unterer\/oberer Sp\u00fcltrichter\"}]},{\"@type\":\"WebSite\",\"@id\":\"https:\/\/plasmet.bochnia.pl\/de\/#website\",\"url\":\"https:\/\/plasmet.bochnia.pl\/de\/\",\"name\":\"Plasmet\",\"description\":\"Plasmet\",\"alternateName\":\"Plasmet\",\"potentialAction\":[{\"@type\":\"SearchAction\",\"target\":{\"@type\":\"EntryPoint\",\"urlTemplate\":\"https:\/\/plasmet.bochnia.pl\/de\/?s={search_term_string}\"},\"query-input\":{\"@type\":\"PropertyValueSpecification\",\"valueRequired\":true,\"valueName\":\"search_term_string\"}}],\"inLanguage\":\"de\"}]}<\/script>\n<!-- \/ Yoast SEO plugin. -->","yoast_head_json":{"title":"Unterer\/oberer Sp\u00fcltrichter - Plasmet","description":"Unterer\/oberer Sp\u00fcltrichter \u2013 producent i hurtownia Plasmet. Oferujemy wysok\u0105 jako\u015b\u0107, szeroki wyb\u00f3r i dobre ceny. Zapraszamy do sprawdzenia oferty!","robots":{"index":"index","follow":"follow","max-snippet":"max-snippet:-1","max-image-preview":"max-image-preview:large","max-video-preview":"max-video-preview:-1"},"canonical":"https:\/\/plasmet.bochnia.pl\/de\/produkt\/unterer-oberer-spueltrichter\/","og_locale":"de_DE","og_type":"article","og_title":"Unterer\/oberer Sp\u00fcltrichter - Plasmet","og_description":"Unterer\/oberer Sp\u00fcltrichter \u2013 producent i hurtownia Plasmet. Oferujemy wysok\u0105 jako\u015b\u0107, szeroki wyb\u00f3r i dobre ceny. Zapraszamy do sprawdzenia oferty!","og_url":"https:\/\/plasmet.bochnia.pl\/de\/produkt\/unterer-oberer-spueltrichter\/","og_site_name":"Plasmet","og_image":[{"width":800,"height":600,"url":"https:\/\/plasmet.bochnia.pl\/wp-content\/uploads\/2024\/10\/lejek-dolnoplukagornopluka-50-32.jpg","type":"image\/jpeg"}],"twitter_card":"summary_large_image","twitter_misc":{"Gesch\u00e4tzte Lesezeit":"1\u00a0Minute"},"schema":{"@context":"https:\/\/schema.org","@graph":[{"@type":"WebPage","@id":"https:\/\/plasmet.bochnia.pl\/de\/produkt\/unterer-oberer-spueltrichter\/","url":"https:\/\/plasmet.bochnia.pl\/de\/produkt\/unterer-oberer-spueltrichter\/","name":"Unterer\/oberer Sp\u00fcltrichter - Plasmet","isPartOf":{"@id":"https:\/\/plasmet.bochnia.pl\/de\/#website"},"primaryImageOfPage":{"@id":"https:\/\/plasmet.bochnia.pl\/de\/produkt\/unterer-oberer-spueltrichter\/#primaryimage"},"image":{"@id":"https:\/\/plasmet.bochnia.pl\/de\/produkt\/unterer-oberer-spueltrichter\/#primaryimage"},"thumbnailUrl":"https:\/\/plasmet.bochnia.pl\/wp-content\/uploads\/2024\/10\/lejek-dolnoplukagornopluka-50-32.jpg","datePublished":"2024-10-21T09:17:47+00:00","description":"Unterer\/oberer Sp\u00fcltrichter \u2013 producent i hurtownia Plasmet. Oferujemy wysok\u0105 jako\u015b\u0107, szeroki wyb\u00f3r i dobre ceny. Zapraszamy do sprawdzenia oferty!","breadcrumb":{"@id":"https:\/\/plasmet.bochnia.pl\/de\/produkt\/unterer-oberer-spueltrichter\/#breadcrumb"},"inLanguage":"de","potentialAction":[{"@type":"ReadAction","target":["https:\/\/plasmet.bochnia.pl\/de\/produkt\/unterer-oberer-spueltrichter\/"]}]},{"@type":"ImageObject","inLanguage":"de","@id":"https:\/\/plasmet.bochnia.pl\/de\/produkt\/unterer-oberer-spueltrichter\/#primaryimage","url":"https:\/\/plasmet.bochnia.pl\/wp-content\/uploads\/2024\/10\/lejek-dolnoplukagornopluka-50-32.jpg","contentUrl":"https:\/\/plasmet.bochnia.pl\/wp-content\/uploads\/2024\/10\/lejek-dolnoplukagornopluka-50-32.jpg","width":800,"height":600},{"@type":"BreadcrumbList","@id":"https:\/\/plasmet.bochnia.pl\/de\/produkt\/unterer-oberer-spueltrichter\/#breadcrumb","itemListElement":[{"@type":"ListItem","position":1,"name":"Strona g\u0142\u00f3wna","item":"https:\/\/plasmet.bochnia.pl\/de\/"},{"@type":"ListItem","position":2,"name":"Shop","item":"https:\/\/plasmet.bochnia.pl\/de\/shop\/"},{"@type":"ListItem","position":3,"name":"Unterer\/oberer Sp\u00fcltrichter"}]},{"@type":"WebSite","@id":"https:\/\/plasmet.bochnia.pl\/de\/#website","url":"https:\/\/plasmet.bochnia.pl\/de\/","name":"Plasmet","description":"Plasmet","alternateName":"Plasmet","potentialAction":[{"@type":"SearchAction","target":{"@type":"EntryPoint","urlTemplate":"https:\/\/plasmet.bochnia.pl\/de\/?s={search_term_string}"},"query-input":{"@type":"PropertyValueSpecification","valueRequired":true,"valueName":"search_term_string"}}],"inLanguage":"de"}]}},"taxonomy_info":{"product_cat":[{"value":1369,"label":"Dichtungen"},{"value":1359,"label":"Dichtungen und Reduzierungen"}],"pa_kolor":[{"value":1372,"label":"Wei\u00df"}],"pa_wersja":[{"value":1568,"label":"50\/32"},{"value":1572,"label":"50\/40"}]},"featured_image_src_large":["https:\/\/plasmet.bochnia.pl\/wp-content\/uploads\/2024\/10\/lejek-dolnoplukagornopluka-50-32.jpg",800,600,false],"author_info":[],"comment_info":"","_links":{"self":[{"href":"https:\/\/plasmet.bochnia.pl\/de\/wp-json\/wp\/v2\/product\/14959","targetHints":{"allow":["GET"]}}],"collection":[{"href":"https:\/\/plasmet.bochnia.pl\/de\/wp-json\/wp\/v2\/product"}],"about":[{"href":"https:\/\/plasmet.bochnia.pl\/de\/wp-json\/wp\/v2\/types\/product"}],"wp:featuredmedia":[{"embeddable":true,"href":"https:\/\/plasmet.bochnia.pl\/de\/wp-json\/wp\/v2\/media\/14963"}],"wp:attachment":[{"href":"https:\/\/plasmet.bochnia.pl\/de\/wp-json\/wp\/v2\/media?parent=14959"}],"wp:term":[{"taxonomy":"product_brand","embeddable":true,"href":"https:\/\/plasmet.bochnia.pl\/de\/wp-json\/wp\/v2\/product_brand?post=14959"},{"taxonomy":"product_cat","embeddable":true,"href":"https:\/\/plasmet.bochnia.pl\/de\/wp-json\/wp\/v2\/product_cat?post=14959"},{"taxonomy":"product_tag","embeddable":true,"href":"https:\/\/plasmet.bochnia.pl\/de\/wp-json\/wp\/v2\/product_tag?post=14959"}],"curies":[{"name":"wp","href":"https:\/\/api.w.org\/{rel}","templated":true}]}}