{"id":14947,"date":"2024-10-21T11:17:47","date_gmt":"2024-10-21T09:17:47","guid":{"rendered":"https:\/\/plasmet.bochnia.pl\/produkt\/dichtung-fuer-das-automatische-spuelrohr\/"},"modified":"2024-10-21T11:17:47","modified_gmt":"2024-10-21T09:17:47","slug":"dichtung-fuer-das-automatische-spuelrohr","status":"publish","type":"product","link":"https:\/\/plasmet.bochnia.pl\/de\/produkt\/dichtung-fuer-das-automatische-spuelrohr\/","title":{"rendered":"Dichtung f\u00fcr das automatische Sp\u00fclrohr"},"content":{"rendered":"<h2>Dichtung f\u00fcr das automatische Sp\u00fclrohr<\/h2>\n<p><strong>Die Dichtung f\u00fcr automatische Sp\u00fclrohre<\/strong> wurde entwickelt, um die Dichtheit und den zuverl\u00e4ssigen Betrieb von automatischen Sp\u00fclsystemen zu gew\u00e4hrleisten. Sie dient dazu, die Verbindung zwischen dem automatischen Sp\u00fclrohr und dem Flansch oder einer anderen Komponente des Toilettensp\u00fclkastens abzudichten. Sie ist aus flexiblem, hochwertigem Material gefertigt und passt sich perfekt an die Rohre an.  <\/p>\n<h3>Vorteile der Wahl dieses Produkts:<\/h3>\n<ul>\n<li>Flexible Konstruktion f\u00fcr eine perfekte Passform,<\/li>\n<li>Garantiert dichte Verbindungen in automatischen Sp\u00fclsystemen,<\/li>\n<li>Eine wei\u00dfe Farbe, die perfekt mit den Sanit\u00e4rarmaturen harmoniert.<\/li>\n<\/ul>\n<p>Die automatische Sp\u00fclrohrdichtung ist ein zuverl\u00e4ssiger Bestandteil jedes Sp\u00fclsystems und sorgt f\u00fcr lang anhaltende, st\u00f6rungsfreie Verbindungen. Sie ist ideal f\u00fcr den Einsatz in h\u00e4uslichen und industriellen Installationen und garantiert lang anhaltende Dichtheit und Zuverl\u00e4ssigkeit. <\/p>\n","protected":false},"excerpt":{"rendered":"<p><strong>Die automatische Sp\u00fclrohrdichtung<\/strong> ist ein Dichtungselement, das in Toilettensp\u00fclsystemen verwendet wird. Sie besteht aus flexiblem Material und garantiert Langlebigkeit und Widerstandsf\u00e4higkeit gegen Lecks. Farbe: wei\u00df.  <\/p>\n","protected":false},"featured_media":14949,"template":"","meta":{"_acf_changed":false,"_kad_blocks_custom_css":"","_kad_blocks_head_custom_js":"","_kad_blocks_body_custom_js":"","_kad_blocks_footer_custom_js":"","_kad_post_transparent":"","_kad_post_title":"","_kad_post_layout":"","_kad_post_sidebar_id":"","_kad_post_content_style":"","_kad_post_vertical_padding":"","_kad_post_feature":"","_kad_post_feature_position":"","_kad_post_header":false,"_kad_post_footer":false,"_kad_post_classname":""},"product_brand":[],"product_cat":[1369,1359],"product_tag":[],"class_list":{"0":"post-14947","1":"product","2":"type-product","3":"status-publish","4":"has-post-thumbnail","6":"product_cat-dichtungen","7":"product_cat-dichtungen-und-reduzierungen","8":"pa_kolor-weis","10":"first","11":"instock","12":"product-type-variable","13":"entry","14":"content-bg","15":"loop-entry"},"acf":[],"yoast_head":"<!-- This site is optimized with the Yoast SEO plugin v25.1 - https:\/\/yoast.com\/wordpress\/plugins\/seo\/ -->\n<title>Dichtung f\u00fcr das automatische Sp\u00fclrohr - Plasmet<\/title>\n<meta name=\"description\" content=\"Dichtung f\u00fcr das automatische Sp\u00fclrohr \u2013 producent i hurtownia Plasmet. Oferujemy wysok\u0105 jako\u015b\u0107, szeroki wyb\u00f3r i dobre ceny. Zapraszamy do sprawdzenia oferty!\" \/>\n<meta name=\"robots\" content=\"index, follow, max-snippet:-1, max-image-preview:large, max-video-preview:-1\" \/>\n<link rel=\"canonical\" href=\"https:\/\/plasmet.bochnia.pl\/de\/produkt\/dichtung-fuer-das-automatische-spuelrohr\/\" \/>\n<meta property=\"og:locale\" content=\"de_DE\" \/>\n<meta property=\"og:type\" content=\"article\" \/>\n<meta property=\"og:title\" content=\"Dichtung f\u00fcr das automatische Sp\u00fclrohr - Plasmet\" \/>\n<meta property=\"og:description\" content=\"Dichtung f\u00fcr das automatische Sp\u00fclrohr \u2013 producent i hurtownia Plasmet. Oferujemy wysok\u0105 jako\u015b\u0107, szeroki wyb\u00f3r i dobre ceny. Zapraszamy do sprawdzenia oferty!\" \/>\n<meta property=\"og:url\" content=\"https:\/\/plasmet.bochnia.pl\/de\/produkt\/dichtung-fuer-das-automatische-spuelrohr\/\" \/>\n<meta property=\"og:site_name\" content=\"Plasmet\" \/>\n<meta property=\"og:image\" content=\"https:\/\/plasmet.bochnia.pl\/wp-content\/uploads\/2024\/10\/uszczelka-rury-automatu-splukujacego.jpg\" \/>\n\t<meta property=\"og:image:width\" content=\"800\" \/>\n\t<meta property=\"og:image:height\" content=\"600\" \/>\n\t<meta property=\"og:image:type\" content=\"image\/jpeg\" \/>\n<meta name=\"twitter:card\" content=\"summary_large_image\" \/>\n<meta name=\"twitter:label1\" content=\"Gesch\u00e4tzte Lesezeit\" \/>\n\t<meta name=\"twitter:data1\" content=\"1\u00a0Minute\" \/>\n<script type=\"application\/ld+json\" class=\"yoast-schema-graph\">{\"@context\":\"https:\/\/schema.org\",\"@graph\":[{\"@type\":\"WebPage\",\"@id\":\"https:\/\/plasmet.bochnia.pl\/de\/produkt\/dichtung-fuer-das-automatische-spuelrohr\/\",\"url\":\"https:\/\/plasmet.bochnia.pl\/de\/produkt\/dichtung-fuer-das-automatische-spuelrohr\/\",\"name\":\"Dichtung f\u00fcr das automatische Sp\u00fclrohr - Plasmet\",\"isPartOf\":{\"@id\":\"https:\/\/plasmet.bochnia.pl\/de\/#website\"},\"primaryImageOfPage\":{\"@id\":\"https:\/\/plasmet.bochnia.pl\/de\/produkt\/dichtung-fuer-das-automatische-spuelrohr\/#primaryimage\"},\"image\":{\"@id\":\"https:\/\/plasmet.bochnia.pl\/de\/produkt\/dichtung-fuer-das-automatische-spuelrohr\/#primaryimage\"},\"thumbnailUrl\":\"https:\/\/plasmet.bochnia.pl\/wp-content\/uploads\/2024\/10\/uszczelka-rury-automatu-splukujacego.jpg\",\"datePublished\":\"2024-10-21T09:17:47+00:00\",\"description\":\"Dichtung f\u00fcr das automatische Sp\u00fclrohr \u2013 producent i hurtownia Plasmet. Oferujemy wysok\u0105 jako\u015b\u0107, szeroki wyb\u00f3r i dobre ceny. Zapraszamy do sprawdzenia oferty!\",\"breadcrumb\":{\"@id\":\"https:\/\/plasmet.bochnia.pl\/de\/produkt\/dichtung-fuer-das-automatische-spuelrohr\/#breadcrumb\"},\"inLanguage\":\"de\",\"potentialAction\":[{\"@type\":\"ReadAction\",\"target\":[\"https:\/\/plasmet.bochnia.pl\/de\/produkt\/dichtung-fuer-das-automatische-spuelrohr\/\"]}]},{\"@type\":\"ImageObject\",\"inLanguage\":\"de\",\"@id\":\"https:\/\/plasmet.bochnia.pl\/de\/produkt\/dichtung-fuer-das-automatische-spuelrohr\/#primaryimage\",\"url\":\"https:\/\/plasmet.bochnia.pl\/wp-content\/uploads\/2024\/10\/uszczelka-rury-automatu-splukujacego.jpg\",\"contentUrl\":\"https:\/\/plasmet.bochnia.pl\/wp-content\/uploads\/2024\/10\/uszczelka-rury-automatu-splukujacego.jpg\",\"width\":800,\"height\":600,\"caption\":\"uszczelka-rury-automatu-splukujacego\"},{\"@type\":\"BreadcrumbList\",\"@id\":\"https:\/\/plasmet.bochnia.pl\/de\/produkt\/dichtung-fuer-das-automatische-spuelrohr\/#breadcrumb\",\"itemListElement\":[{\"@type\":\"ListItem\",\"position\":1,\"name\":\"Strona g\u0142\u00f3wna\",\"item\":\"https:\/\/plasmet.bochnia.pl\/de\/\"},{\"@type\":\"ListItem\",\"position\":2,\"name\":\"Shop\",\"item\":\"https:\/\/plasmet.bochnia.pl\/de\/shop\/\"},{\"@type\":\"ListItem\",\"position\":3,\"name\":\"Dichtung f\u00fcr das automatische Sp\u00fclrohr\"}]},{\"@type\":\"WebSite\",\"@id\":\"https:\/\/plasmet.bochnia.pl\/de\/#website\",\"url\":\"https:\/\/plasmet.bochnia.pl\/de\/\",\"name\":\"Plasmet\",\"description\":\"Plasmet\",\"alternateName\":\"Plasmet\",\"potentialAction\":[{\"@type\":\"SearchAction\",\"target\":{\"@type\":\"EntryPoint\",\"urlTemplate\":\"https:\/\/plasmet.bochnia.pl\/de\/?s={search_term_string}\"},\"query-input\":{\"@type\":\"PropertyValueSpecification\",\"valueRequired\":true,\"valueName\":\"search_term_string\"}}],\"inLanguage\":\"de\"}]}<\/script>\n<!-- \/ Yoast SEO plugin. -->","yoast_head_json":{"title":"Dichtung f\u00fcr das automatische Sp\u00fclrohr - Plasmet","description":"Dichtung f\u00fcr das automatische Sp\u00fclrohr \u2013 producent i hurtownia Plasmet. Oferujemy wysok\u0105 jako\u015b\u0107, szeroki wyb\u00f3r i dobre ceny. Zapraszamy do sprawdzenia oferty!","robots":{"index":"index","follow":"follow","max-snippet":"max-snippet:-1","max-image-preview":"max-image-preview:large","max-video-preview":"max-video-preview:-1"},"canonical":"https:\/\/plasmet.bochnia.pl\/de\/produkt\/dichtung-fuer-das-automatische-spuelrohr\/","og_locale":"de_DE","og_type":"article","og_title":"Dichtung f\u00fcr das automatische Sp\u00fclrohr - Plasmet","og_description":"Dichtung f\u00fcr das automatische Sp\u00fclrohr \u2013 producent i hurtownia Plasmet. Oferujemy wysok\u0105 jako\u015b\u0107, szeroki wyb\u00f3r i dobre ceny. Zapraszamy do sprawdzenia oferty!","og_url":"https:\/\/plasmet.bochnia.pl\/de\/produkt\/dichtung-fuer-das-automatische-spuelrohr\/","og_site_name":"Plasmet","og_image":[{"width":800,"height":600,"url":"https:\/\/plasmet.bochnia.pl\/wp-content\/uploads\/2024\/10\/uszczelka-rury-automatu-splukujacego.jpg","type":"image\/jpeg"}],"twitter_card":"summary_large_image","twitter_misc":{"Gesch\u00e4tzte Lesezeit":"1\u00a0Minute"},"schema":{"@context":"https:\/\/schema.org","@graph":[{"@type":"WebPage","@id":"https:\/\/plasmet.bochnia.pl\/de\/produkt\/dichtung-fuer-das-automatische-spuelrohr\/","url":"https:\/\/plasmet.bochnia.pl\/de\/produkt\/dichtung-fuer-das-automatische-spuelrohr\/","name":"Dichtung f\u00fcr das automatische Sp\u00fclrohr - Plasmet","isPartOf":{"@id":"https:\/\/plasmet.bochnia.pl\/de\/#website"},"primaryImageOfPage":{"@id":"https:\/\/plasmet.bochnia.pl\/de\/produkt\/dichtung-fuer-das-automatische-spuelrohr\/#primaryimage"},"image":{"@id":"https:\/\/plasmet.bochnia.pl\/de\/produkt\/dichtung-fuer-das-automatische-spuelrohr\/#primaryimage"},"thumbnailUrl":"https:\/\/plasmet.bochnia.pl\/wp-content\/uploads\/2024\/10\/uszczelka-rury-automatu-splukujacego.jpg","datePublished":"2024-10-21T09:17:47+00:00","description":"Dichtung f\u00fcr das automatische Sp\u00fclrohr \u2013 producent i hurtownia Plasmet. Oferujemy wysok\u0105 jako\u015b\u0107, szeroki wyb\u00f3r i dobre ceny. Zapraszamy do sprawdzenia oferty!","breadcrumb":{"@id":"https:\/\/plasmet.bochnia.pl\/de\/produkt\/dichtung-fuer-das-automatische-spuelrohr\/#breadcrumb"},"inLanguage":"de","potentialAction":[{"@type":"ReadAction","target":["https:\/\/plasmet.bochnia.pl\/de\/produkt\/dichtung-fuer-das-automatische-spuelrohr\/"]}]},{"@type":"ImageObject","inLanguage":"de","@id":"https:\/\/plasmet.bochnia.pl\/de\/produkt\/dichtung-fuer-das-automatische-spuelrohr\/#primaryimage","url":"https:\/\/plasmet.bochnia.pl\/wp-content\/uploads\/2024\/10\/uszczelka-rury-automatu-splukujacego.jpg","contentUrl":"https:\/\/plasmet.bochnia.pl\/wp-content\/uploads\/2024\/10\/uszczelka-rury-automatu-splukujacego.jpg","width":800,"height":600,"caption":"uszczelka-rury-automatu-splukujacego"},{"@type":"BreadcrumbList","@id":"https:\/\/plasmet.bochnia.pl\/de\/produkt\/dichtung-fuer-das-automatische-spuelrohr\/#breadcrumb","itemListElement":[{"@type":"ListItem","position":1,"name":"Strona g\u0142\u00f3wna","item":"https:\/\/plasmet.bochnia.pl\/de\/"},{"@type":"ListItem","position":2,"name":"Shop","item":"https:\/\/plasmet.bochnia.pl\/de\/shop\/"},{"@type":"ListItem","position":3,"name":"Dichtung f\u00fcr das automatische Sp\u00fclrohr"}]},{"@type":"WebSite","@id":"https:\/\/plasmet.bochnia.pl\/de\/#website","url":"https:\/\/plasmet.bochnia.pl\/de\/","name":"Plasmet","description":"Plasmet","alternateName":"Plasmet","potentialAction":[{"@type":"SearchAction","target":{"@type":"EntryPoint","urlTemplate":"https:\/\/plasmet.bochnia.pl\/de\/?s={search_term_string}"},"query-input":{"@type":"PropertyValueSpecification","valueRequired":true,"valueName":"search_term_string"}}],"inLanguage":"de"}]}},"taxonomy_info":{"product_cat":[{"value":1369,"label":"Dichtungen"},{"value":1359,"label":"Dichtungen und Reduzierungen"}],"pa_kolor":[{"value":1372,"label":"Wei\u00df"}]},"featured_image_src_large":["https:\/\/plasmet.bochnia.pl\/wp-content\/uploads\/2024\/10\/uszczelka-rury-automatu-splukujacego.jpg",800,600,false],"author_info":[],"comment_info":"","_links":{"self":[{"href":"https:\/\/plasmet.bochnia.pl\/de\/wp-json\/wp\/v2\/product\/14947","targetHints":{"allow":["GET"]}}],"collection":[{"href":"https:\/\/plasmet.bochnia.pl\/de\/wp-json\/wp\/v2\/product"}],"about":[{"href":"https:\/\/plasmet.bochnia.pl\/de\/wp-json\/wp\/v2\/types\/product"}],"wp:featuredmedia":[{"embeddable":true,"href":"https:\/\/plasmet.bochnia.pl\/de\/wp-json\/wp\/v2\/media\/14949"}],"wp:attachment":[{"href":"https:\/\/plasmet.bochnia.pl\/de\/wp-json\/wp\/v2\/media?parent=14947"}],"wp:term":[{"taxonomy":"product_brand","embeddable":true,"href":"https:\/\/plasmet.bochnia.pl\/de\/wp-json\/wp\/v2\/product_brand?post=14947"},{"taxonomy":"product_cat","embeddable":true,"href":"https:\/\/plasmet.bochnia.pl\/de\/wp-json\/wp\/v2\/product_cat?post=14947"},{"taxonomy":"product_tag","embeddable":true,"href":"https:\/\/plasmet.bochnia.pl\/de\/wp-json\/wp\/v2\/product_tag?post=14947"}],"curies":[{"name":"wp","href":"https:\/\/api.w.org\/{rel}","templated":true}]}}