{"id":14929,"date":"2024-10-21T11:17:47","date_gmt":"2024-10-21T09:17:47","guid":{"rendered":"https:\/\/plasmet.bochnia.pl\/produkt\/schlauchdichtung-mit-sieb\/"},"modified":"2024-10-21T11:17:47","modified_gmt":"2024-10-21T09:17:47","slug":"schlauchdichtung-mit-sieb","status":"publish","type":"product","link":"https:\/\/plasmet.bochnia.pl\/de\/produkt\/schlauchdichtung-mit-sieb\/","title":{"rendered":"Schlauchdichtung mit Sieb"},"content":{"rendered":"<h2>Schlauchdichtung mit Sieb<\/h2>\n<p><strong>Die Schlauchdichtung mit Sieb<\/strong> ist ein wichtiger Bestandteil der Installation. Sie stellt sicher, dass die Verbindungen zwischen dem Schlauch und dem Ger\u00e4t dicht sind und das System vor Verunreinigungen gesch\u00fctzt ist. Das eingebaute Sieb fungiert als Filter, der feine Partikel und Verunreinigungen auff\u00e4ngt, die die Waschmaschine besch\u00e4digen k\u00f6nnten. Die Dichtung ist aus hochwertigem Gummi gefertigt und gew\u00e4hrleistet Flexibilit\u00e4t und Haltbarkeit \u00fcber eine lange Lebensdauer.  <\/p>\n<h3>Die wichtigsten Produktvorteile:<\/h3>\n<ul>\n<li>Sorgt f\u00fcr eine feste Verbindung,<\/li>\n<li>Ein eingebautes Sieb sch\u00fctzt das System vor Verunreinigungen,<\/li>\n<li>Hergestellt aus strapazierf\u00e4higem Gummi, widerstandsf\u00e4hig gegen mechanische Besch\u00e4digungen,<\/li>\n<li>Einfache Installation f\u00fcr lang anhaltende Leistung,<\/li>\n<\/ul>\n<p>Die Schlauchdichtung mit Sieb ist eine unverzichtbare Komponente, die die Lebensdauer des Ger\u00e4ts verl\u00e4ngert, indem sie es vor unerw\u00fcnschten Verunreinigungen sch\u00fctzt. Dank der robusten Konstruktion und der einfachen Installation garantiert das Produkt einen st\u00f6rungsfreien Betrieb \u00fcber viele Jahre hinweg. <\/p>\n","protected":false},"excerpt":{"rendered":"<p><strong>Die Schlauchdichtung mit Sieb<\/strong> ist ein zuverl\u00e4ssiges Bauteil, das eine dichte Verbindung zwischen dem Schlauch und der Waschmaschine, dem Geschirrsp\u00fcler und anderen Ger\u00e4ten, die eine Wasserzufuhr ben\u00f6tigen, gew\u00e4hrleistet und gleichzeitig das System dank des eingebauten Siebs vor Verunreinigungen sch\u00fctzt. Es ist aus strapazierf\u00e4higem Gummi gefertigt und bietet lang anhaltenden Schutz und zuverl\u00e4ssige Leistung. Farbe: schwarz.  <\/p>\n","protected":false},"featured_media":14931,"template":"","meta":{"_acf_changed":false,"_kad_blocks_custom_css":"","_kad_blocks_head_custom_js":"","_kad_blocks_body_custom_js":"","_kad_blocks_footer_custom_js":"","_kad_post_transparent":"","_kad_post_title":"","_kad_post_layout":"","_kad_post_sidebar_id":"","_kad_post_content_style":"","_kad_post_vertical_padding":"","_kad_post_feature":"","_kad_post_feature_position":"","_kad_post_header":false,"_kad_post_footer":false,"_kad_post_classname":""},"product_brand":[],"product_cat":[1369,1359],"product_tag":[],"class_list":{"0":"post-14929","1":"product","2":"type-product","3":"status-publish","4":"has-post-thumbnail","6":"product_cat-dichtungen","7":"product_cat-dichtungen-und-reduzierungen","8":"pa_wersja-1-2-de","9":"pa_wersja-3-4-de","11":"first","12":"instock","13":"product-type-variable","14":"entry","15":"content-bg","16":"loop-entry"},"acf":[],"yoast_head":"<!-- This site is optimized with the Yoast SEO plugin v25.1 - https:\/\/yoast.com\/wordpress\/plugins\/seo\/ -->\n<title>Schlauchdichtung mit Sieb - Plasmet<\/title>\n<meta name=\"description\" content=\"Schlauchdichtung mit Sieb \u2013 producent i hurtownia Plasmet. Oferujemy wysok\u0105 jako\u015b\u0107, szeroki wyb\u00f3r i dobre ceny. Zapraszamy do sprawdzenia oferty!\" \/>\n<meta name=\"robots\" content=\"index, follow, max-snippet:-1, max-image-preview:large, max-video-preview:-1\" \/>\n<link rel=\"canonical\" href=\"https:\/\/plasmet.bochnia.pl\/de\/produkt\/schlauchdichtung-mit-sieb\/\" \/>\n<meta property=\"og:locale\" content=\"de_DE\" \/>\n<meta property=\"og:type\" content=\"article\" \/>\n<meta property=\"og:title\" content=\"Schlauchdichtung mit Sieb - Plasmet\" \/>\n<meta property=\"og:description\" content=\"Schlauchdichtung mit Sieb \u2013 producent i hurtownia Plasmet. Oferujemy wysok\u0105 jako\u015b\u0107, szeroki wyb\u00f3r i dobre ceny. Zapraszamy do sprawdzenia oferty!\" \/>\n<meta property=\"og:url\" content=\"https:\/\/plasmet.bochnia.pl\/de\/produkt\/schlauchdichtung-mit-sieb\/\" \/>\n<meta property=\"og:site_name\" content=\"Plasmet\" \/>\n<meta property=\"og:image\" content=\"https:\/\/plasmet.bochnia.pl\/wp-content\/uploads\/2024\/10\/uszczelka-weza-pralki-z-sitkiem-1-2.jpg\" \/>\n\t<meta property=\"og:image:width\" content=\"800\" \/>\n\t<meta property=\"og:image:height\" content=\"600\" \/>\n\t<meta property=\"og:image:type\" content=\"image\/jpeg\" \/>\n<meta name=\"twitter:card\" content=\"summary_large_image\" \/>\n<meta name=\"twitter:label1\" content=\"Gesch\u00e4tzte Lesezeit\" \/>\n\t<meta name=\"twitter:data1\" content=\"1\u00a0Minute\" \/>\n<script type=\"application\/ld+json\" class=\"yoast-schema-graph\">{\"@context\":\"https:\/\/schema.org\",\"@graph\":[{\"@type\":\"WebPage\",\"@id\":\"https:\/\/plasmet.bochnia.pl\/de\/produkt\/schlauchdichtung-mit-sieb\/\",\"url\":\"https:\/\/plasmet.bochnia.pl\/de\/produkt\/schlauchdichtung-mit-sieb\/\",\"name\":\"Schlauchdichtung mit Sieb - Plasmet\",\"isPartOf\":{\"@id\":\"https:\/\/plasmet.bochnia.pl\/de\/#website\"},\"primaryImageOfPage\":{\"@id\":\"https:\/\/plasmet.bochnia.pl\/de\/produkt\/schlauchdichtung-mit-sieb\/#primaryimage\"},\"image\":{\"@id\":\"https:\/\/plasmet.bochnia.pl\/de\/produkt\/schlauchdichtung-mit-sieb\/#primaryimage\"},\"thumbnailUrl\":\"https:\/\/plasmet.bochnia.pl\/wp-content\/uploads\/2024\/10\/uszczelka-weza-pralki-z-sitkiem-1-2.jpg\",\"datePublished\":\"2024-10-21T09:17:47+00:00\",\"description\":\"Schlauchdichtung mit Sieb \u2013 producent i hurtownia Plasmet. Oferujemy wysok\u0105 jako\u015b\u0107, szeroki wyb\u00f3r i dobre ceny. Zapraszamy do sprawdzenia oferty!\",\"breadcrumb\":{\"@id\":\"https:\/\/plasmet.bochnia.pl\/de\/produkt\/schlauchdichtung-mit-sieb\/#breadcrumb\"},\"inLanguage\":\"de\",\"potentialAction\":[{\"@type\":\"ReadAction\",\"target\":[\"https:\/\/plasmet.bochnia.pl\/de\/produkt\/schlauchdichtung-mit-sieb\/\"]}]},{\"@type\":\"ImageObject\",\"inLanguage\":\"de\",\"@id\":\"https:\/\/plasmet.bochnia.pl\/de\/produkt\/schlauchdichtung-mit-sieb\/#primaryimage\",\"url\":\"https:\/\/plasmet.bochnia.pl\/wp-content\/uploads\/2024\/10\/uszczelka-weza-pralki-z-sitkiem-1-2.jpg\",\"contentUrl\":\"https:\/\/plasmet.bochnia.pl\/wp-content\/uploads\/2024\/10\/uszczelka-weza-pralki-z-sitkiem-1-2.jpg\",\"width\":800,\"height\":600,\"caption\":\"uszczelka-weza-pralki-z-sitkiem-1-2\"},{\"@type\":\"BreadcrumbList\",\"@id\":\"https:\/\/plasmet.bochnia.pl\/de\/produkt\/schlauchdichtung-mit-sieb\/#breadcrumb\",\"itemListElement\":[{\"@type\":\"ListItem\",\"position\":1,\"name\":\"Strona g\u0142\u00f3wna\",\"item\":\"https:\/\/plasmet.bochnia.pl\/de\/\"},{\"@type\":\"ListItem\",\"position\":2,\"name\":\"Shop\",\"item\":\"https:\/\/plasmet.bochnia.pl\/de\/shop\/\"},{\"@type\":\"ListItem\",\"position\":3,\"name\":\"Schlauchdichtung mit Sieb\"}]},{\"@type\":\"WebSite\",\"@id\":\"https:\/\/plasmet.bochnia.pl\/de\/#website\",\"url\":\"https:\/\/plasmet.bochnia.pl\/de\/\",\"name\":\"Plasmet\",\"description\":\"Plasmet\",\"alternateName\":\"Plasmet\",\"potentialAction\":[{\"@type\":\"SearchAction\",\"target\":{\"@type\":\"EntryPoint\",\"urlTemplate\":\"https:\/\/plasmet.bochnia.pl\/de\/?s={search_term_string}\"},\"query-input\":{\"@type\":\"PropertyValueSpecification\",\"valueRequired\":true,\"valueName\":\"search_term_string\"}}],\"inLanguage\":\"de\"}]}<\/script>\n<!-- \/ Yoast SEO plugin. -->","yoast_head_json":{"title":"Schlauchdichtung mit Sieb - Plasmet","description":"Schlauchdichtung mit Sieb \u2013 producent i hurtownia Plasmet. Oferujemy wysok\u0105 jako\u015b\u0107, szeroki wyb\u00f3r i dobre ceny. Zapraszamy do sprawdzenia oferty!","robots":{"index":"index","follow":"follow","max-snippet":"max-snippet:-1","max-image-preview":"max-image-preview:large","max-video-preview":"max-video-preview:-1"},"canonical":"https:\/\/plasmet.bochnia.pl\/de\/produkt\/schlauchdichtung-mit-sieb\/","og_locale":"de_DE","og_type":"article","og_title":"Schlauchdichtung mit Sieb - Plasmet","og_description":"Schlauchdichtung mit Sieb \u2013 producent i hurtownia Plasmet. Oferujemy wysok\u0105 jako\u015b\u0107, szeroki wyb\u00f3r i dobre ceny. Zapraszamy do sprawdzenia oferty!","og_url":"https:\/\/plasmet.bochnia.pl\/de\/produkt\/schlauchdichtung-mit-sieb\/","og_site_name":"Plasmet","og_image":[{"width":800,"height":600,"url":"https:\/\/plasmet.bochnia.pl\/wp-content\/uploads\/2024\/10\/uszczelka-weza-pralki-z-sitkiem-1-2.jpg","type":"image\/jpeg"}],"twitter_card":"summary_large_image","twitter_misc":{"Gesch\u00e4tzte Lesezeit":"1\u00a0Minute"},"schema":{"@context":"https:\/\/schema.org","@graph":[{"@type":"WebPage","@id":"https:\/\/plasmet.bochnia.pl\/de\/produkt\/schlauchdichtung-mit-sieb\/","url":"https:\/\/plasmet.bochnia.pl\/de\/produkt\/schlauchdichtung-mit-sieb\/","name":"Schlauchdichtung mit Sieb - Plasmet","isPartOf":{"@id":"https:\/\/plasmet.bochnia.pl\/de\/#website"},"primaryImageOfPage":{"@id":"https:\/\/plasmet.bochnia.pl\/de\/produkt\/schlauchdichtung-mit-sieb\/#primaryimage"},"image":{"@id":"https:\/\/plasmet.bochnia.pl\/de\/produkt\/schlauchdichtung-mit-sieb\/#primaryimage"},"thumbnailUrl":"https:\/\/plasmet.bochnia.pl\/wp-content\/uploads\/2024\/10\/uszczelka-weza-pralki-z-sitkiem-1-2.jpg","datePublished":"2024-10-21T09:17:47+00:00","description":"Schlauchdichtung mit Sieb \u2013 producent i hurtownia Plasmet. Oferujemy wysok\u0105 jako\u015b\u0107, szeroki wyb\u00f3r i dobre ceny. Zapraszamy do sprawdzenia oferty!","breadcrumb":{"@id":"https:\/\/plasmet.bochnia.pl\/de\/produkt\/schlauchdichtung-mit-sieb\/#breadcrumb"},"inLanguage":"de","potentialAction":[{"@type":"ReadAction","target":["https:\/\/plasmet.bochnia.pl\/de\/produkt\/schlauchdichtung-mit-sieb\/"]}]},{"@type":"ImageObject","inLanguage":"de","@id":"https:\/\/plasmet.bochnia.pl\/de\/produkt\/schlauchdichtung-mit-sieb\/#primaryimage","url":"https:\/\/plasmet.bochnia.pl\/wp-content\/uploads\/2024\/10\/uszczelka-weza-pralki-z-sitkiem-1-2.jpg","contentUrl":"https:\/\/plasmet.bochnia.pl\/wp-content\/uploads\/2024\/10\/uszczelka-weza-pralki-z-sitkiem-1-2.jpg","width":800,"height":600,"caption":"uszczelka-weza-pralki-z-sitkiem-1-2"},{"@type":"BreadcrumbList","@id":"https:\/\/plasmet.bochnia.pl\/de\/produkt\/schlauchdichtung-mit-sieb\/#breadcrumb","itemListElement":[{"@type":"ListItem","position":1,"name":"Strona g\u0142\u00f3wna","item":"https:\/\/plasmet.bochnia.pl\/de\/"},{"@type":"ListItem","position":2,"name":"Shop","item":"https:\/\/plasmet.bochnia.pl\/de\/shop\/"},{"@type":"ListItem","position":3,"name":"Schlauchdichtung mit Sieb"}]},{"@type":"WebSite","@id":"https:\/\/plasmet.bochnia.pl\/de\/#website","url":"https:\/\/plasmet.bochnia.pl\/de\/","name":"Plasmet","description":"Plasmet","alternateName":"Plasmet","potentialAction":[{"@type":"SearchAction","target":{"@type":"EntryPoint","urlTemplate":"https:\/\/plasmet.bochnia.pl\/de\/?s={search_term_string}"},"query-input":{"@type":"PropertyValueSpecification","valueRequired":true,"valueName":"search_term_string"}}],"inLanguage":"de"}]}},"taxonomy_info":{"product_cat":[{"value":1369,"label":"Dichtungen"},{"value":1359,"label":"Dichtungen und Reduzierungen"}],"pa_wersja":[{"value":1405,"label":"1\/2"},{"value":1413,"label":"3\/4"}]},"featured_image_src_large":["https:\/\/plasmet.bochnia.pl\/wp-content\/uploads\/2024\/10\/uszczelka-weza-pralki-z-sitkiem-1-2.jpg",800,600,false],"author_info":[],"comment_info":"","_links":{"self":[{"href":"https:\/\/plasmet.bochnia.pl\/de\/wp-json\/wp\/v2\/product\/14929","targetHints":{"allow":["GET"]}}],"collection":[{"href":"https:\/\/plasmet.bochnia.pl\/de\/wp-json\/wp\/v2\/product"}],"about":[{"href":"https:\/\/plasmet.bochnia.pl\/de\/wp-json\/wp\/v2\/types\/product"}],"wp:featuredmedia":[{"embeddable":true,"href":"https:\/\/plasmet.bochnia.pl\/de\/wp-json\/wp\/v2\/media\/14931"}],"wp:attachment":[{"href":"https:\/\/plasmet.bochnia.pl\/de\/wp-json\/wp\/v2\/media?parent=14929"}],"wp:term":[{"taxonomy":"product_brand","embeddable":true,"href":"https:\/\/plasmet.bochnia.pl\/de\/wp-json\/wp\/v2\/product_brand?post=14929"},{"taxonomy":"product_cat","embeddable":true,"href":"https:\/\/plasmet.bochnia.pl\/de\/wp-json\/wp\/v2\/product_cat?post=14929"},{"taxonomy":"product_tag","embeddable":true,"href":"https:\/\/plasmet.bochnia.pl\/de\/wp-json\/wp\/v2\/product_tag?post=14929"}],"curies":[{"name":"wp","href":"https:\/\/api.w.org\/{rel}","templated":true}]}}