{"id":14919,"date":"2024-10-21T11:17:47","date_gmt":"2024-10-21T09:17:47","guid":{"rendered":"https:\/\/plasmet.bochnia.pl\/produkt\/akustikmatte-fuer-wc-stehend-wandhaengend\/"},"modified":"2024-10-21T11:17:47","modified_gmt":"2024-10-21T09:17:47","slug":"akustikmatte-fuer-wc-stehend-wandhaengend","status":"publish","type":"product","link":"https:\/\/plasmet.bochnia.pl\/de\/produkt\/akustikmatte-fuer-wc-stehend-wandhaengend\/","title":{"rendered":"Akustikmatte f\u00fcr WC stehend, wandh\u00e4ngend"},"content":{"rendered":"<h2>Akustikmatte f\u00fcr Boden\/h\u00e4ngendes WC<\/h2>\n<p><strong>Der akustische Toilettenvorleger<\/strong> ist eine innovative L\u00f6sung f\u00fcr alle, die Wert auf einen leisen und komfortablen Betrieb ihres Sanit\u00e4rsystems legen. Die aus strapazierf\u00e4higen Materialien gefertigte Matte reduziert die Ger\u00e4usche, die mit dem Betrieb der Toilette verbunden sind, wie z.B. die Sp\u00fclung und den Wasserfluss. Die Matte ist sowohl f\u00fcr stehende als auch f\u00fcr wandmontierte Toiletten geeignet und eignet sich perfekt f\u00fcr h\u00e4usliche B\u00e4der, Hotels und B\u00fcros. Die Matte hat spezielle Aussparungen f\u00fcr eine einfache Installation.   <\/p>\n<h3>Warum sollten Sie eine Akustikmatte f\u00fcr Ihre Toilette w\u00e4hlen?<\/h3>\n<ul>\n<li>Wirksame Reduzierung des von der WC-Anlage erzeugten L\u00e4rms,<\/li>\n<li>Kann dank seiner Anpassungsf\u00e4higkeit an die Form des Beckens in allen stehenden und wandmontierten Toiletten installiert werden,<\/li>\n<li>Einfache Installation dank spezieller Aussparungen, kein Spezialwerkzeug erforderlich,<\/li>\n<li>Verbessert den Toilettenkomfort, insbesondere in Mehrfamilienh\u00e4usern,<\/li>\n<li>Hergestellt aus strapazierf\u00e4higem Material, das Feuchtigkeit und t\u00e4glichem Gebrauch standh\u00e4lt.<\/li>\n<\/ul>\n<p>Der akustische Toilettenvorleger ist die perfekte L\u00f6sung f\u00fcr alle, die den L\u00e4rm in ihrem Badezimmer reduzieren und f\u00fcr mehr Diskretion sorgen m\u00f6chten. Er eignet sich sowohl f\u00fcr stehende als auch f\u00fcr h\u00e4ngende Toiletten und bietet Komfort und \u00c4sthetik f\u00fcr viele Jahre. <\/p>\n","protected":false},"excerpt":{"rendered":"<p><strong>Die WC-Akustikmatte<\/strong> ist eine spezielle D\u00e4mmkomponente, die die Ger\u00e4usche der Sp\u00fclung und des Betriebs des WC-Systems reduziert. Sie wurde f\u00fcr den Einbau in Wand- und Standtoiletten entwickelt und sorgt f\u00fcr einen leiseren Betrieb des Sanit\u00e4rsystems und zus\u00e4tzlichen Komfort. Farbe: wei\u00df.  <\/p>\n","protected":false},"featured_media":14921,"template":"","meta":{"_acf_changed":false,"_kad_blocks_custom_css":"","_kad_blocks_head_custom_js":"","_kad_blocks_body_custom_js":"","_kad_blocks_footer_custom_js":"","_kad_post_transparent":"","_kad_post_title":"","_kad_post_layout":"","_kad_post_sidebar_id":"","_kad_post_content_style":"","_kad_post_vertical_padding":"","_kad_post_feature":"","_kad_post_feature_position":"","_kad_post_header":false,"_kad_post_footer":false,"_kad_post_classname":""},"product_brand":[],"product_cat":[1363,1359],"product_tag":[],"class_list":{"0":"post-14919","1":"product","2":"type-product","3":"status-publish","4":"has-post-thumbnail","6":"product_cat-akustikmatten","7":"product_cat-dichtungen-und-reduzierungen","8":"pa_kolor-weis","10":"first","11":"instock","12":"product-type-variable","13":"entry","14":"content-bg","15":"loop-entry"},"acf":[],"yoast_head":"<!-- This site is optimized with the Yoast SEO plugin v25.1 - https:\/\/yoast.com\/wordpress\/plugins\/seo\/ -->\n<title>Akustikmatte f\u00fcr WC stehend, wandh\u00e4ngend - Plasmet<\/title>\n<meta name=\"description\" content=\"Akustikmatte f\u00fcr WC stehend, wandh\u00e4ngend \u2013 producent i hurtownia Plasmet. Oferujemy wysok\u0105 jako\u015b\u0107, szeroki wyb\u00f3r i dobre ceny. Zapraszamy do sprawdzenia oferty!\" \/>\n<meta name=\"robots\" content=\"index, follow, max-snippet:-1, max-image-preview:large, max-video-preview:-1\" \/>\n<link rel=\"canonical\" href=\"https:\/\/plasmet.bochnia.pl\/de\/produkt\/akustikmatte-fuer-wc-stehend-wandhaengend\/\" \/>\n<meta property=\"og:locale\" content=\"de_DE\" \/>\n<meta property=\"og:type\" content=\"article\" \/>\n<meta property=\"og:title\" content=\"Akustikmatte f\u00fcr WC stehend, wandh\u00e4ngend - Plasmet\" \/>\n<meta property=\"og:description\" content=\"Akustikmatte f\u00fcr WC stehend, wandh\u00e4ngend \u2013 producent i hurtownia Plasmet. Oferujemy wysok\u0105 jako\u015b\u0107, szeroki wyb\u00f3r i dobre ceny. Zapraszamy do sprawdzenia oferty!\" \/>\n<meta property=\"og:url\" content=\"https:\/\/plasmet.bochnia.pl\/de\/produkt\/akustikmatte-fuer-wc-stehend-wandhaengend\/\" \/>\n<meta property=\"og:site_name\" content=\"Plasmet\" \/>\n<meta property=\"og:image\" content=\"https:\/\/plasmet.bochnia.pl\/wp-content\/uploads\/2024\/10\/mata-akustyczna-do-wc-stojaca-wiszaca.jpg\" \/>\n\t<meta property=\"og:image:width\" content=\"800\" \/>\n\t<meta property=\"og:image:height\" content=\"600\" \/>\n\t<meta property=\"og:image:type\" content=\"image\/jpeg\" \/>\n<meta name=\"twitter:card\" content=\"summary_large_image\" \/>\n<meta name=\"twitter:label1\" content=\"Gesch\u00e4tzte Lesezeit\" \/>\n\t<meta name=\"twitter:data1\" content=\"1\u00a0Minute\" \/>\n<script type=\"application\/ld+json\" class=\"yoast-schema-graph\">{\"@context\":\"https:\/\/schema.org\",\"@graph\":[{\"@type\":\"WebPage\",\"@id\":\"https:\/\/plasmet.bochnia.pl\/de\/produkt\/akustikmatte-fuer-wc-stehend-wandhaengend\/\",\"url\":\"https:\/\/plasmet.bochnia.pl\/de\/produkt\/akustikmatte-fuer-wc-stehend-wandhaengend\/\",\"name\":\"Akustikmatte f\u00fcr WC stehend, wandh\u00e4ngend - Plasmet\",\"isPartOf\":{\"@id\":\"https:\/\/plasmet.bochnia.pl\/de\/#website\"},\"primaryImageOfPage\":{\"@id\":\"https:\/\/plasmet.bochnia.pl\/de\/produkt\/akustikmatte-fuer-wc-stehend-wandhaengend\/#primaryimage\"},\"image\":{\"@id\":\"https:\/\/plasmet.bochnia.pl\/de\/produkt\/akustikmatte-fuer-wc-stehend-wandhaengend\/#primaryimage\"},\"thumbnailUrl\":\"https:\/\/plasmet.bochnia.pl\/wp-content\/uploads\/2024\/10\/mata-akustyczna-do-wc-stojaca-wiszaca.jpg\",\"datePublished\":\"2024-10-21T09:17:47+00:00\",\"description\":\"Akustikmatte f\u00fcr WC stehend, wandh\u00e4ngend \u2013 producent i hurtownia Plasmet. Oferujemy wysok\u0105 jako\u015b\u0107, szeroki wyb\u00f3r i dobre ceny. Zapraszamy do sprawdzenia oferty!\",\"breadcrumb\":{\"@id\":\"https:\/\/plasmet.bochnia.pl\/de\/produkt\/akustikmatte-fuer-wc-stehend-wandhaengend\/#breadcrumb\"},\"inLanguage\":\"de\",\"potentialAction\":[{\"@type\":\"ReadAction\",\"target\":[\"https:\/\/plasmet.bochnia.pl\/de\/produkt\/akustikmatte-fuer-wc-stehend-wandhaengend\/\"]}]},{\"@type\":\"ImageObject\",\"inLanguage\":\"de\",\"@id\":\"https:\/\/plasmet.bochnia.pl\/de\/produkt\/akustikmatte-fuer-wc-stehend-wandhaengend\/#primaryimage\",\"url\":\"https:\/\/plasmet.bochnia.pl\/wp-content\/uploads\/2024\/10\/mata-akustyczna-do-wc-stojaca-wiszaca.jpg\",\"contentUrl\":\"https:\/\/plasmet.bochnia.pl\/wp-content\/uploads\/2024\/10\/mata-akustyczna-do-wc-stojaca-wiszaca.jpg\",\"width\":800,\"height\":600},{\"@type\":\"BreadcrumbList\",\"@id\":\"https:\/\/plasmet.bochnia.pl\/de\/produkt\/akustikmatte-fuer-wc-stehend-wandhaengend\/#breadcrumb\",\"itemListElement\":[{\"@type\":\"ListItem\",\"position\":1,\"name\":\"Strona g\u0142\u00f3wna\",\"item\":\"https:\/\/plasmet.bochnia.pl\/de\/\"},{\"@type\":\"ListItem\",\"position\":2,\"name\":\"Shop\",\"item\":\"https:\/\/plasmet.bochnia.pl\/de\/shop\/\"},{\"@type\":\"ListItem\",\"position\":3,\"name\":\"Akustikmatte f\u00fcr WC stehend, wandh\u00e4ngend\"}]},{\"@type\":\"WebSite\",\"@id\":\"https:\/\/plasmet.bochnia.pl\/de\/#website\",\"url\":\"https:\/\/plasmet.bochnia.pl\/de\/\",\"name\":\"Plasmet\",\"description\":\"Plasmet\",\"alternateName\":\"Plasmet\",\"potentialAction\":[{\"@type\":\"SearchAction\",\"target\":{\"@type\":\"EntryPoint\",\"urlTemplate\":\"https:\/\/plasmet.bochnia.pl\/de\/?s={search_term_string}\"},\"query-input\":{\"@type\":\"PropertyValueSpecification\",\"valueRequired\":true,\"valueName\":\"search_term_string\"}}],\"inLanguage\":\"de\"}]}<\/script>\n<!-- \/ Yoast SEO plugin. -->","yoast_head_json":{"title":"Akustikmatte f\u00fcr WC stehend, wandh\u00e4ngend - Plasmet","description":"Akustikmatte f\u00fcr WC stehend, wandh\u00e4ngend \u2013 producent i hurtownia Plasmet. Oferujemy wysok\u0105 jako\u015b\u0107, szeroki wyb\u00f3r i dobre ceny. Zapraszamy do sprawdzenia oferty!","robots":{"index":"index","follow":"follow","max-snippet":"max-snippet:-1","max-image-preview":"max-image-preview:large","max-video-preview":"max-video-preview:-1"},"canonical":"https:\/\/plasmet.bochnia.pl\/de\/produkt\/akustikmatte-fuer-wc-stehend-wandhaengend\/","og_locale":"de_DE","og_type":"article","og_title":"Akustikmatte f\u00fcr WC stehend, wandh\u00e4ngend - Plasmet","og_description":"Akustikmatte f\u00fcr WC stehend, wandh\u00e4ngend \u2013 producent i hurtownia Plasmet. Oferujemy wysok\u0105 jako\u015b\u0107, szeroki wyb\u00f3r i dobre ceny. Zapraszamy do sprawdzenia oferty!","og_url":"https:\/\/plasmet.bochnia.pl\/de\/produkt\/akustikmatte-fuer-wc-stehend-wandhaengend\/","og_site_name":"Plasmet","og_image":[{"width":800,"height":600,"url":"https:\/\/plasmet.bochnia.pl\/wp-content\/uploads\/2024\/10\/mata-akustyczna-do-wc-stojaca-wiszaca.jpg","type":"image\/jpeg"}],"twitter_card":"summary_large_image","twitter_misc":{"Gesch\u00e4tzte Lesezeit":"1\u00a0Minute"},"schema":{"@context":"https:\/\/schema.org","@graph":[{"@type":"WebPage","@id":"https:\/\/plasmet.bochnia.pl\/de\/produkt\/akustikmatte-fuer-wc-stehend-wandhaengend\/","url":"https:\/\/plasmet.bochnia.pl\/de\/produkt\/akustikmatte-fuer-wc-stehend-wandhaengend\/","name":"Akustikmatte f\u00fcr WC stehend, wandh\u00e4ngend - Plasmet","isPartOf":{"@id":"https:\/\/plasmet.bochnia.pl\/de\/#website"},"primaryImageOfPage":{"@id":"https:\/\/plasmet.bochnia.pl\/de\/produkt\/akustikmatte-fuer-wc-stehend-wandhaengend\/#primaryimage"},"image":{"@id":"https:\/\/plasmet.bochnia.pl\/de\/produkt\/akustikmatte-fuer-wc-stehend-wandhaengend\/#primaryimage"},"thumbnailUrl":"https:\/\/plasmet.bochnia.pl\/wp-content\/uploads\/2024\/10\/mata-akustyczna-do-wc-stojaca-wiszaca.jpg","datePublished":"2024-10-21T09:17:47+00:00","description":"Akustikmatte f\u00fcr WC stehend, wandh\u00e4ngend \u2013 producent i hurtownia Plasmet. Oferujemy wysok\u0105 jako\u015b\u0107, szeroki wyb\u00f3r i dobre ceny. Zapraszamy do sprawdzenia oferty!","breadcrumb":{"@id":"https:\/\/plasmet.bochnia.pl\/de\/produkt\/akustikmatte-fuer-wc-stehend-wandhaengend\/#breadcrumb"},"inLanguage":"de","potentialAction":[{"@type":"ReadAction","target":["https:\/\/plasmet.bochnia.pl\/de\/produkt\/akustikmatte-fuer-wc-stehend-wandhaengend\/"]}]},{"@type":"ImageObject","inLanguage":"de","@id":"https:\/\/plasmet.bochnia.pl\/de\/produkt\/akustikmatte-fuer-wc-stehend-wandhaengend\/#primaryimage","url":"https:\/\/plasmet.bochnia.pl\/wp-content\/uploads\/2024\/10\/mata-akustyczna-do-wc-stojaca-wiszaca.jpg","contentUrl":"https:\/\/plasmet.bochnia.pl\/wp-content\/uploads\/2024\/10\/mata-akustyczna-do-wc-stojaca-wiszaca.jpg","width":800,"height":600},{"@type":"BreadcrumbList","@id":"https:\/\/plasmet.bochnia.pl\/de\/produkt\/akustikmatte-fuer-wc-stehend-wandhaengend\/#breadcrumb","itemListElement":[{"@type":"ListItem","position":1,"name":"Strona g\u0142\u00f3wna","item":"https:\/\/plasmet.bochnia.pl\/de\/"},{"@type":"ListItem","position":2,"name":"Shop","item":"https:\/\/plasmet.bochnia.pl\/de\/shop\/"},{"@type":"ListItem","position":3,"name":"Akustikmatte f\u00fcr WC stehend, wandh\u00e4ngend"}]},{"@type":"WebSite","@id":"https:\/\/plasmet.bochnia.pl\/de\/#website","url":"https:\/\/plasmet.bochnia.pl\/de\/","name":"Plasmet","description":"Plasmet","alternateName":"Plasmet","potentialAction":[{"@type":"SearchAction","target":{"@type":"EntryPoint","urlTemplate":"https:\/\/plasmet.bochnia.pl\/de\/?s={search_term_string}"},"query-input":{"@type":"PropertyValueSpecification","valueRequired":true,"valueName":"search_term_string"}}],"inLanguage":"de"}]}},"taxonomy_info":{"product_cat":[{"value":1363,"label":"Akustikmatten"},{"value":1359,"label":"Dichtungen und Reduzierungen"}],"pa_kolor":[{"value":1372,"label":"Wei\u00df"}]},"featured_image_src_large":["https:\/\/plasmet.bochnia.pl\/wp-content\/uploads\/2024\/10\/mata-akustyczna-do-wc-stojaca-wiszaca.jpg",800,600,false],"author_info":[],"comment_info":"","_links":{"self":[{"href":"https:\/\/plasmet.bochnia.pl\/de\/wp-json\/wp\/v2\/product\/14919","targetHints":{"allow":["GET"]}}],"collection":[{"href":"https:\/\/plasmet.bochnia.pl\/de\/wp-json\/wp\/v2\/product"}],"about":[{"href":"https:\/\/plasmet.bochnia.pl\/de\/wp-json\/wp\/v2\/types\/product"}],"wp:featuredmedia":[{"embeddable":true,"href":"https:\/\/plasmet.bochnia.pl\/de\/wp-json\/wp\/v2\/media\/14921"}],"wp:attachment":[{"href":"https:\/\/plasmet.bochnia.pl\/de\/wp-json\/wp\/v2\/media?parent=14919"}],"wp:term":[{"taxonomy":"product_brand","embeddable":true,"href":"https:\/\/plasmet.bochnia.pl\/de\/wp-json\/wp\/v2\/product_brand?post=14919"},{"taxonomy":"product_cat","embeddable":true,"href":"https:\/\/plasmet.bochnia.pl\/de\/wp-json\/wp\/v2\/product_cat?post=14919"},{"taxonomy":"product_tag","embeddable":true,"href":"https:\/\/plasmet.bochnia.pl\/de\/wp-json\/wp\/v2\/product_tag?post=14919"}],"curies":[{"name":"wp","href":"https:\/\/api.w.org\/{rel}","templated":true}]}}