{"id":14913,"date":"2024-10-21T11:17:47","date_gmt":"2024-10-21T09:17:47","guid":{"rendered":"https:\/\/plasmet.bochnia.pl\/produkt\/aluminium-kuehlerdeckel-nippeldichtung\/"},"modified":"2024-10-21T11:17:47","modified_gmt":"2024-10-21T09:17:47","slug":"aluminium-kuehlerdeckel-nippeldichtung","status":"publish","type":"product","link":"https:\/\/plasmet.bochnia.pl\/de\/produkt\/aluminium-kuehlerdeckel-nippeldichtung\/","title":{"rendered":"Aluminium K\u00fchlerdeckel \/ Nippeldichtung"},"content":{"rendered":"<h2>Aluminium K\u00fchlerdeckel \/ Nippeldichtung<\/h2>\n<p><strong>Die Aluminiumdichtung f\u00fcr K\u00fchlerstopfen und -nippel<\/strong> ist eine Schl\u00fcsselkomponente in Heizungssystemen. Sie sorgt f\u00fcr eine luftdichte Verbindung zwischen den K\u00fchlerlamellen und dem Stopfen und dem K\u00fchler und verhindert so Lecks. Die Dichtung besteht aus einem flexiblen und langlebigen Material, das den hohen Temperaturen und dem Druck in Heizungsanlagen perfekt standh\u00e4lt. <\/p>\n<h3>Vorteile der K\u00fchlerverschlussdichtung aus Aluminium:<\/h3>\n<ul>\n<li>Widerstandsf\u00e4hig gegen hohe Temperaturen und Druck,<\/li>\n<li>Hermetische Versiegelung zum Schutz vor Auslaufen,<\/li>\n<li>Hergestellt aus strapazierf\u00e4higer Faser,<\/li>\n<li>Passt auf die meisten Aluminium-Heizk\u00f6rper.<\/li>\n<\/ul>\n<p>Die Aluminium-Heizk\u00f6rperstopfen-Dichtung ist ein unverzichtbarer Bestandteil jeder Heizungsanlage, der einen st\u00f6rungsfreien Betrieb des Heizk\u00f6rpers gew\u00e4hrleistet und Leckagen verhindert. Dank ihrer hohen Temperaturbest\u00e4ndigkeit garantiert die Dichtung eine lange Lebensdauer und ist die ideale Wahl f\u00fcr Heizungsanlagen im Haushalt und in der Industrie. <\/p>\n","protected":false},"excerpt":{"rendered":"<p><strong>Die Aluminium-K\u00fchlerstopfen-\/Nippeldichtung<\/strong> ist ein langlebiges und zuverl\u00e4ssiges Bauteil, das die Dichtheit der Verbindungen und Enden des Aluminiumk\u00fchlers gew\u00e4hrleistet. Die Dichtung ist aus strapazierf\u00e4higem Fasermaterial gefertigt, das hohen Temperaturen standh\u00e4lt und eine lange Lebensdauer garantiert. <\/p>\n","protected":false},"featured_media":14916,"template":"","meta":{"_acf_changed":false,"_kad_blocks_custom_css":"","_kad_blocks_head_custom_js":"","_kad_blocks_body_custom_js":"","_kad_blocks_footer_custom_js":"","_kad_post_transparent":"","_kad_post_title":"","_kad_post_layout":"","_kad_post_sidebar_id":"","_kad_post_content_style":"","_kad_post_vertical_padding":"","_kad_post_feature":"","_kad_post_feature_position":"","_kad_post_header":false,"_kad_post_footer":false,"_kad_post_classname":""},"product_brand":[],"product_cat":[1369,1359],"product_tag":[],"class_list":{"0":"post-14913","1":"product","2":"type-product","3":"status-publish","4":"has-post-thumbnail","6":"product_cat-dichtungen","7":"product_cat-dichtungen-und-reduzierungen","8":"pa_wersja-100mm-de","9":"pa_wersja-15mm-de","11":"first","12":"instock","13":"product-type-variable","14":"entry","15":"content-bg","16":"loop-entry"},"acf":[],"yoast_head":"<!-- This site is optimized with the Yoast SEO plugin v25.1 - https:\/\/yoast.com\/wordpress\/plugins\/seo\/ -->\n<title>Aluminium K\u00fchlerdeckel \/ Nippeldichtung - Plasmet<\/title>\n<meta name=\"description\" content=\"Aluminium K\u00fchlerdeckel \/ Nippeldichtung \u2013 producent i hurtownia Plasmet. Oferujemy wysok\u0105 jako\u015b\u0107, szeroki wyb\u00f3r i dobre ceny. Zapraszamy do sprawdzenia oferty!\" \/>\n<meta name=\"robots\" content=\"index, follow, max-snippet:-1, max-image-preview:large, max-video-preview:-1\" \/>\n<link rel=\"canonical\" href=\"https:\/\/plasmet.bochnia.pl\/de\/produkt\/aluminium-kuehlerdeckel-nippeldichtung\/\" \/>\n<meta property=\"og:locale\" content=\"de_DE\" \/>\n<meta property=\"og:type\" content=\"article\" \/>\n<meta property=\"og:title\" content=\"Aluminium K\u00fchlerdeckel \/ Nippeldichtung - Plasmet\" \/>\n<meta property=\"og:description\" content=\"Aluminium K\u00fchlerdeckel \/ Nippeldichtung \u2013 producent i hurtownia Plasmet. Oferujemy wysok\u0105 jako\u015b\u0107, szeroki wyb\u00f3r i dobre ceny. Zapraszamy do sprawdzenia oferty!\" \/>\n<meta property=\"og:url\" content=\"https:\/\/plasmet.bochnia.pl\/de\/produkt\/aluminium-kuehlerdeckel-nippeldichtung\/\" \/>\n<meta property=\"og:site_name\" content=\"Plasmet\" \/>\n<meta property=\"og:image\" content=\"https:\/\/plasmet.bochnia.pl\/wp-content\/uploads\/2024\/10\/uszczelka-korka-grzejnika-aluminiowego-1-00mm.jpg\" \/>\n\t<meta property=\"og:image:width\" content=\"800\" \/>\n\t<meta property=\"og:image:height\" content=\"600\" \/>\n\t<meta property=\"og:image:type\" content=\"image\/jpeg\" \/>\n<meta name=\"twitter:card\" content=\"summary_large_image\" \/>\n<meta name=\"twitter:label1\" content=\"Gesch\u00e4tzte Lesezeit\" \/>\n\t<meta name=\"twitter:data1\" content=\"1\u00a0Minute\" \/>\n<script type=\"application\/ld+json\" class=\"yoast-schema-graph\">{\"@context\":\"https:\/\/schema.org\",\"@graph\":[{\"@type\":\"WebPage\",\"@id\":\"https:\/\/plasmet.bochnia.pl\/de\/produkt\/aluminium-kuehlerdeckel-nippeldichtung\/\",\"url\":\"https:\/\/plasmet.bochnia.pl\/de\/produkt\/aluminium-kuehlerdeckel-nippeldichtung\/\",\"name\":\"Aluminium K\u00fchlerdeckel \/ Nippeldichtung - Plasmet\",\"isPartOf\":{\"@id\":\"https:\/\/plasmet.bochnia.pl\/de\/#website\"},\"primaryImageOfPage\":{\"@id\":\"https:\/\/plasmet.bochnia.pl\/de\/produkt\/aluminium-kuehlerdeckel-nippeldichtung\/#primaryimage\"},\"image\":{\"@id\":\"https:\/\/plasmet.bochnia.pl\/de\/produkt\/aluminium-kuehlerdeckel-nippeldichtung\/#primaryimage\"},\"thumbnailUrl\":\"https:\/\/plasmet.bochnia.pl\/wp-content\/uploads\/2024\/10\/uszczelka-korka-grzejnika-aluminiowego-1-00mm.jpg\",\"datePublished\":\"2024-10-21T09:17:47+00:00\",\"description\":\"Aluminium K\u00fchlerdeckel \/ Nippeldichtung \u2013 producent i hurtownia Plasmet. Oferujemy wysok\u0105 jako\u015b\u0107, szeroki wyb\u00f3r i dobre ceny. Zapraszamy do sprawdzenia oferty!\",\"breadcrumb\":{\"@id\":\"https:\/\/plasmet.bochnia.pl\/de\/produkt\/aluminium-kuehlerdeckel-nippeldichtung\/#breadcrumb\"},\"inLanguage\":\"de\",\"potentialAction\":[{\"@type\":\"ReadAction\",\"target\":[\"https:\/\/plasmet.bochnia.pl\/de\/produkt\/aluminium-kuehlerdeckel-nippeldichtung\/\"]}]},{\"@type\":\"ImageObject\",\"inLanguage\":\"de\",\"@id\":\"https:\/\/plasmet.bochnia.pl\/de\/produkt\/aluminium-kuehlerdeckel-nippeldichtung\/#primaryimage\",\"url\":\"https:\/\/plasmet.bochnia.pl\/wp-content\/uploads\/2024\/10\/uszczelka-korka-grzejnika-aluminiowego-1-00mm.jpg\",\"contentUrl\":\"https:\/\/plasmet.bochnia.pl\/wp-content\/uploads\/2024\/10\/uszczelka-korka-grzejnika-aluminiowego-1-00mm.jpg\",\"width\":800,\"height\":600,\"caption\":\"uszczelka-korka-grzejnika-aluminiowego-1-00mm\"},{\"@type\":\"BreadcrumbList\",\"@id\":\"https:\/\/plasmet.bochnia.pl\/de\/produkt\/aluminium-kuehlerdeckel-nippeldichtung\/#breadcrumb\",\"itemListElement\":[{\"@type\":\"ListItem\",\"position\":1,\"name\":\"Strona g\u0142\u00f3wna\",\"item\":\"https:\/\/plasmet.bochnia.pl\/de\/\"},{\"@type\":\"ListItem\",\"position\":2,\"name\":\"Shop\",\"item\":\"https:\/\/plasmet.bochnia.pl\/de\/shop\/\"},{\"@type\":\"ListItem\",\"position\":3,\"name\":\"Aluminium K\u00fchlerdeckel \/ Nippeldichtung\"}]},{\"@type\":\"WebSite\",\"@id\":\"https:\/\/plasmet.bochnia.pl\/de\/#website\",\"url\":\"https:\/\/plasmet.bochnia.pl\/de\/\",\"name\":\"Plasmet\",\"description\":\"Plasmet\",\"alternateName\":\"Plasmet\",\"potentialAction\":[{\"@type\":\"SearchAction\",\"target\":{\"@type\":\"EntryPoint\",\"urlTemplate\":\"https:\/\/plasmet.bochnia.pl\/de\/?s={search_term_string}\"},\"query-input\":{\"@type\":\"PropertyValueSpecification\",\"valueRequired\":true,\"valueName\":\"search_term_string\"}}],\"inLanguage\":\"de\"}]}<\/script>\n<!-- \/ Yoast SEO plugin. -->","yoast_head_json":{"title":"Aluminium K\u00fchlerdeckel \/ Nippeldichtung - Plasmet","description":"Aluminium K\u00fchlerdeckel \/ Nippeldichtung \u2013 producent i hurtownia Plasmet. Oferujemy wysok\u0105 jako\u015b\u0107, szeroki wyb\u00f3r i dobre ceny. Zapraszamy do sprawdzenia oferty!","robots":{"index":"index","follow":"follow","max-snippet":"max-snippet:-1","max-image-preview":"max-image-preview:large","max-video-preview":"max-video-preview:-1"},"canonical":"https:\/\/plasmet.bochnia.pl\/de\/produkt\/aluminium-kuehlerdeckel-nippeldichtung\/","og_locale":"de_DE","og_type":"article","og_title":"Aluminium K\u00fchlerdeckel \/ Nippeldichtung - Plasmet","og_description":"Aluminium K\u00fchlerdeckel \/ Nippeldichtung \u2013 producent i hurtownia Plasmet. Oferujemy wysok\u0105 jako\u015b\u0107, szeroki wyb\u00f3r i dobre ceny. Zapraszamy do sprawdzenia oferty!","og_url":"https:\/\/plasmet.bochnia.pl\/de\/produkt\/aluminium-kuehlerdeckel-nippeldichtung\/","og_site_name":"Plasmet","og_image":[{"width":800,"height":600,"url":"https:\/\/plasmet.bochnia.pl\/wp-content\/uploads\/2024\/10\/uszczelka-korka-grzejnika-aluminiowego-1-00mm.jpg","type":"image\/jpeg"}],"twitter_card":"summary_large_image","twitter_misc":{"Gesch\u00e4tzte Lesezeit":"1\u00a0Minute"},"schema":{"@context":"https:\/\/schema.org","@graph":[{"@type":"WebPage","@id":"https:\/\/plasmet.bochnia.pl\/de\/produkt\/aluminium-kuehlerdeckel-nippeldichtung\/","url":"https:\/\/plasmet.bochnia.pl\/de\/produkt\/aluminium-kuehlerdeckel-nippeldichtung\/","name":"Aluminium K\u00fchlerdeckel \/ Nippeldichtung - Plasmet","isPartOf":{"@id":"https:\/\/plasmet.bochnia.pl\/de\/#website"},"primaryImageOfPage":{"@id":"https:\/\/plasmet.bochnia.pl\/de\/produkt\/aluminium-kuehlerdeckel-nippeldichtung\/#primaryimage"},"image":{"@id":"https:\/\/plasmet.bochnia.pl\/de\/produkt\/aluminium-kuehlerdeckel-nippeldichtung\/#primaryimage"},"thumbnailUrl":"https:\/\/plasmet.bochnia.pl\/wp-content\/uploads\/2024\/10\/uszczelka-korka-grzejnika-aluminiowego-1-00mm.jpg","datePublished":"2024-10-21T09:17:47+00:00","description":"Aluminium K\u00fchlerdeckel \/ Nippeldichtung \u2013 producent i hurtownia Plasmet. Oferujemy wysok\u0105 jako\u015b\u0107, szeroki wyb\u00f3r i dobre ceny. Zapraszamy do sprawdzenia oferty!","breadcrumb":{"@id":"https:\/\/plasmet.bochnia.pl\/de\/produkt\/aluminium-kuehlerdeckel-nippeldichtung\/#breadcrumb"},"inLanguage":"de","potentialAction":[{"@type":"ReadAction","target":["https:\/\/plasmet.bochnia.pl\/de\/produkt\/aluminium-kuehlerdeckel-nippeldichtung\/"]}]},{"@type":"ImageObject","inLanguage":"de","@id":"https:\/\/plasmet.bochnia.pl\/de\/produkt\/aluminium-kuehlerdeckel-nippeldichtung\/#primaryimage","url":"https:\/\/plasmet.bochnia.pl\/wp-content\/uploads\/2024\/10\/uszczelka-korka-grzejnika-aluminiowego-1-00mm.jpg","contentUrl":"https:\/\/plasmet.bochnia.pl\/wp-content\/uploads\/2024\/10\/uszczelka-korka-grzejnika-aluminiowego-1-00mm.jpg","width":800,"height":600,"caption":"uszczelka-korka-grzejnika-aluminiowego-1-00mm"},{"@type":"BreadcrumbList","@id":"https:\/\/plasmet.bochnia.pl\/de\/produkt\/aluminium-kuehlerdeckel-nippeldichtung\/#breadcrumb","itemListElement":[{"@type":"ListItem","position":1,"name":"Strona g\u0142\u00f3wna","item":"https:\/\/plasmet.bochnia.pl\/de\/"},{"@type":"ListItem","position":2,"name":"Shop","item":"https:\/\/plasmet.bochnia.pl\/de\/shop\/"},{"@type":"ListItem","position":3,"name":"Aluminium K\u00fchlerdeckel \/ Nippeldichtung"}]},{"@type":"WebSite","@id":"https:\/\/plasmet.bochnia.pl\/de\/#website","url":"https:\/\/plasmet.bochnia.pl\/de\/","name":"Plasmet","description":"Plasmet","alternateName":"Plasmet","potentialAction":[{"@type":"SearchAction","target":{"@type":"EntryPoint","urlTemplate":"https:\/\/plasmet.bochnia.pl\/de\/?s={search_term_string}"},"query-input":{"@type":"PropertyValueSpecification","valueRequired":true,"valueName":"search_term_string"}}],"inLanguage":"de"}]}},"taxonomy_info":{"product_cat":[{"value":1369,"label":"Dichtungen"},{"value":1359,"label":"Dichtungen und Reduzierungen"}],"pa_wersja":[{"value":1397,"label":"1,00mm"},{"value":1399,"label":"1,5mm"}]},"featured_image_src_large":["https:\/\/plasmet.bochnia.pl\/wp-content\/uploads\/2024\/10\/uszczelka-korka-grzejnika-aluminiowego-1-00mm.jpg",800,600,false],"author_info":[],"comment_info":"","_links":{"self":[{"href":"https:\/\/plasmet.bochnia.pl\/de\/wp-json\/wp\/v2\/product\/14913","targetHints":{"allow":["GET"]}}],"collection":[{"href":"https:\/\/plasmet.bochnia.pl\/de\/wp-json\/wp\/v2\/product"}],"about":[{"href":"https:\/\/plasmet.bochnia.pl\/de\/wp-json\/wp\/v2\/types\/product"}],"wp:featuredmedia":[{"embeddable":true,"href":"https:\/\/plasmet.bochnia.pl\/de\/wp-json\/wp\/v2\/media\/14916"}],"wp:attachment":[{"href":"https:\/\/plasmet.bochnia.pl\/de\/wp-json\/wp\/v2\/media?parent=14913"}],"wp:term":[{"taxonomy":"product_brand","embeddable":true,"href":"https:\/\/plasmet.bochnia.pl\/de\/wp-json\/wp\/v2\/product_brand?post=14913"},{"taxonomy":"product_cat","embeddable":true,"href":"https:\/\/plasmet.bochnia.pl\/de\/wp-json\/wp\/v2\/product_cat?post=14913"},{"taxonomy":"product_tag","embeddable":true,"href":"https:\/\/plasmet.bochnia.pl\/de\/wp-json\/wp\/v2\/product_tag?post=14913"}],"curies":[{"name":"wp","href":"https:\/\/api.w.org\/{rel}","templated":true}]}}