{"id":14875,"date":"2024-10-21T11:17:47","date_gmt":"2024-10-21T09:17:47","guid":{"rendered":"https:\/\/plasmet.bochnia.pl\/produkt\/dichtung-fuer-plattenheizkoerper-3-4\/"},"modified":"2024-10-21T11:17:47","modified_gmt":"2024-10-21T09:17:47","slug":"dichtung-fuer-plattenheizkoerper-3-4","status":"publish","type":"product","link":"https:\/\/plasmet.bochnia.pl\/de\/produkt\/dichtung-fuer-plattenheizkoerper-3-4\/","title":{"rendered":"Dichtung f\u00fcr Plattenheizk\u00f6rper 3\/4"},"content":{"rendered":"<h2>Dichtung f\u00fcr Plattenheizk\u00f6rper 3\/4<\/h2>\n<p><strong>Die 3\/4-Plattenheizk\u00f6rperdichtung<\/strong> ist ein hochwertiges Produkt, das entwickelt wurde, um die Dichtheit von Plattenheizk\u00f6rperanschl\u00fcssen zu gew\u00e4hrleisten. Sie garantiert einen perfekten Sitz f\u00fcr moderne Heizk\u00f6rper, minimiert das Risiko von Leckagen und sorgt f\u00fcr einen st\u00f6rungsfreien Betrieb des Heizsystems. Die Dichtung ist temperatur- und druckbest\u00e4ndig und somit ein zuverl\u00e4ssiger Bestandteil des Heizungssystems.  <\/p>\n<h3>Vorteile der Plattenheizk\u00f6rperdichtung:<\/h3>\n<ul>\n<li>Langlebigkeit und Widerstandsf\u00e4higkeit gegen hohe Temperaturen,<\/li>\n<li>Pr\u00e4zise Passform f\u00fcr Plattenheizk\u00f6rper,<\/li>\n<li>Widerstandsf\u00e4hig gegen Wasser und chemische Stoffe,<\/li>\n<li>Eine zuverl\u00e4ssige Versiegelung, die das Risiko von Leckagen minimiert.<\/li>\n<\/ul>\n<p>Die Plattenheizk\u00f6rperdichtung ist ein unverzichtbarer Bestandteil moderner Heizungsanlagen. Sie sorgt f\u00fcr lang anhaltende Dichtheit und einen st\u00f6rungsfreien Betrieb unter verschiedenen Betriebsbedingungen.<\/p>\n","protected":false},"excerpt":{"rendered":"<p><strong>Die Plattenheizk\u00f6rperdichtung<\/strong> ist die Komponente, die bei modernen Plattenheizk\u00f6rpern f\u00fcr eine dichte Abdichtung sorgt. Dank ihres flexiblen Materials verhindert die Dichtung effektiv Leckagen und sch\u00fctzt das Heizsystem langfristig. Farbe: gr\u00fcn.  <\/p>\n","protected":false},"featured_media":14877,"template":"","meta":{"_acf_changed":false,"_kad_blocks_custom_css":"","_kad_blocks_head_custom_js":"","_kad_blocks_body_custom_js":"","_kad_blocks_footer_custom_js":"","_kad_post_transparent":"","_kad_post_title":"","_kad_post_layout":"","_kad_post_sidebar_id":"","_kad_post_content_style":"","_kad_post_vertical_padding":"","_kad_post_feature":"","_kad_post_feature_position":"","_kad_post_header":false,"_kad_post_footer":false,"_kad_post_classname":""},"product_brand":[],"product_cat":[1369,1359],"product_tag":[],"class_list":{"0":"post-14875","1":"product","2":"type-product","3":"status-publish","4":"has-post-thumbnail","6":"product_cat-dichtungen","7":"product_cat-dichtungen-und-reduzierungen","8":"pa_kolor-grun","10":"first","11":"instock","12":"product-type-variable","13":"entry","14":"content-bg","15":"loop-entry"},"acf":[],"yoast_head":"<!-- This site is optimized with the Yoast SEO plugin v25.1 - https:\/\/yoast.com\/wordpress\/plugins\/seo\/ -->\n<title>Dichtung f\u00fcr Plattenheizk\u00f6rper 3\/4 - Plasmet<\/title>\n<meta name=\"description\" content=\"Dichtung f\u00fcr Plattenheizk\u00f6rper 3\/4 \u2013 producent i hurtownia Plasmet. Oferujemy wysok\u0105 jako\u015b\u0107, szeroki wyb\u00f3r i dobre ceny. Zapraszamy do sprawdzenia oferty!\" \/>\n<meta name=\"robots\" content=\"index, follow, max-snippet:-1, max-image-preview:large, max-video-preview:-1\" \/>\n<link rel=\"canonical\" href=\"https:\/\/plasmet.bochnia.pl\/de\/produkt\/dichtung-fuer-plattenheizkoerper-3-4\/\" \/>\n<meta property=\"og:locale\" content=\"de_DE\" \/>\n<meta property=\"og:type\" content=\"article\" \/>\n<meta property=\"og:title\" content=\"Dichtung f\u00fcr Plattenheizk\u00f6rper 3\/4 - Plasmet\" \/>\n<meta property=\"og:description\" content=\"Dichtung f\u00fcr Plattenheizk\u00f6rper 3\/4 \u2013 producent i hurtownia Plasmet. Oferujemy wysok\u0105 jako\u015b\u0107, szeroki wyb\u00f3r i dobre ceny. Zapraszamy do sprawdzenia oferty!\" \/>\n<meta property=\"og:url\" content=\"https:\/\/plasmet.bochnia.pl\/de\/produkt\/dichtung-fuer-plattenheizkoerper-3-4\/\" \/>\n<meta property=\"og:site_name\" content=\"Plasmet\" \/>\n<meta property=\"og:image\" content=\"https:\/\/plasmet.bochnia.pl\/wp-content\/uploads\/2024\/10\/uszczelka-grzejnika-panelowego.jpg\" \/>\n\t<meta property=\"og:image:width\" content=\"800\" \/>\n\t<meta property=\"og:image:height\" content=\"600\" \/>\n\t<meta property=\"og:image:type\" content=\"image\/jpeg\" \/>\n<meta name=\"twitter:card\" content=\"summary_large_image\" \/>\n<meta name=\"twitter:label1\" content=\"Gesch\u00e4tzte Lesezeit\" \/>\n\t<meta name=\"twitter:data1\" content=\"1\u00a0Minute\" \/>\n<script type=\"application\/ld+json\" class=\"yoast-schema-graph\">{\"@context\":\"https:\/\/schema.org\",\"@graph\":[{\"@type\":\"WebPage\",\"@id\":\"https:\/\/plasmet.bochnia.pl\/de\/produkt\/dichtung-fuer-plattenheizkoerper-3-4\/\",\"url\":\"https:\/\/plasmet.bochnia.pl\/de\/produkt\/dichtung-fuer-plattenheizkoerper-3-4\/\",\"name\":\"Dichtung f\u00fcr Plattenheizk\u00f6rper 3\/4 - Plasmet\",\"isPartOf\":{\"@id\":\"https:\/\/plasmet.bochnia.pl\/de\/#website\"},\"primaryImageOfPage\":{\"@id\":\"https:\/\/plasmet.bochnia.pl\/de\/produkt\/dichtung-fuer-plattenheizkoerper-3-4\/#primaryimage\"},\"image\":{\"@id\":\"https:\/\/plasmet.bochnia.pl\/de\/produkt\/dichtung-fuer-plattenheizkoerper-3-4\/#primaryimage\"},\"thumbnailUrl\":\"https:\/\/plasmet.bochnia.pl\/wp-content\/uploads\/2024\/10\/uszczelka-grzejnika-panelowego.jpg\",\"datePublished\":\"2024-10-21T09:17:47+00:00\",\"description\":\"Dichtung f\u00fcr Plattenheizk\u00f6rper 3\/4 \u2013 producent i hurtownia Plasmet. Oferujemy wysok\u0105 jako\u015b\u0107, szeroki wyb\u00f3r i dobre ceny. Zapraszamy do sprawdzenia oferty!\",\"breadcrumb\":{\"@id\":\"https:\/\/plasmet.bochnia.pl\/de\/produkt\/dichtung-fuer-plattenheizkoerper-3-4\/#breadcrumb\"},\"inLanguage\":\"de\",\"potentialAction\":[{\"@type\":\"ReadAction\",\"target\":[\"https:\/\/plasmet.bochnia.pl\/de\/produkt\/dichtung-fuer-plattenheizkoerper-3-4\/\"]}]},{\"@type\":\"ImageObject\",\"inLanguage\":\"de\",\"@id\":\"https:\/\/plasmet.bochnia.pl\/de\/produkt\/dichtung-fuer-plattenheizkoerper-3-4\/#primaryimage\",\"url\":\"https:\/\/plasmet.bochnia.pl\/wp-content\/uploads\/2024\/10\/uszczelka-grzejnika-panelowego.jpg\",\"contentUrl\":\"https:\/\/plasmet.bochnia.pl\/wp-content\/uploads\/2024\/10\/uszczelka-grzejnika-panelowego.jpg\",\"width\":800,\"height\":600,\"caption\":\"uszczelka-grzejnika-panelowego\"},{\"@type\":\"BreadcrumbList\",\"@id\":\"https:\/\/plasmet.bochnia.pl\/de\/produkt\/dichtung-fuer-plattenheizkoerper-3-4\/#breadcrumb\",\"itemListElement\":[{\"@type\":\"ListItem\",\"position\":1,\"name\":\"Strona g\u0142\u00f3wna\",\"item\":\"https:\/\/plasmet.bochnia.pl\/de\/\"},{\"@type\":\"ListItem\",\"position\":2,\"name\":\"Shop\",\"item\":\"https:\/\/plasmet.bochnia.pl\/de\/shop\/\"},{\"@type\":\"ListItem\",\"position\":3,\"name\":\"Dichtung f\u00fcr Plattenheizk\u00f6rper 3\/4\"}]},{\"@type\":\"WebSite\",\"@id\":\"https:\/\/plasmet.bochnia.pl\/de\/#website\",\"url\":\"https:\/\/plasmet.bochnia.pl\/de\/\",\"name\":\"Plasmet\",\"description\":\"Plasmet\",\"alternateName\":\"Plasmet\",\"potentialAction\":[{\"@type\":\"SearchAction\",\"target\":{\"@type\":\"EntryPoint\",\"urlTemplate\":\"https:\/\/plasmet.bochnia.pl\/de\/?s={search_term_string}\"},\"query-input\":{\"@type\":\"PropertyValueSpecification\",\"valueRequired\":true,\"valueName\":\"search_term_string\"}}],\"inLanguage\":\"de\"}]}<\/script>\n<!-- \/ Yoast SEO plugin. -->","yoast_head_json":{"title":"Dichtung f\u00fcr Plattenheizk\u00f6rper 3\/4 - Plasmet","description":"Dichtung f\u00fcr Plattenheizk\u00f6rper 3\/4 \u2013 producent i hurtownia Plasmet. Oferujemy wysok\u0105 jako\u015b\u0107, szeroki wyb\u00f3r i dobre ceny. Zapraszamy do sprawdzenia oferty!","robots":{"index":"index","follow":"follow","max-snippet":"max-snippet:-1","max-image-preview":"max-image-preview:large","max-video-preview":"max-video-preview:-1"},"canonical":"https:\/\/plasmet.bochnia.pl\/de\/produkt\/dichtung-fuer-plattenheizkoerper-3-4\/","og_locale":"de_DE","og_type":"article","og_title":"Dichtung f\u00fcr Plattenheizk\u00f6rper 3\/4 - Plasmet","og_description":"Dichtung f\u00fcr Plattenheizk\u00f6rper 3\/4 \u2013 producent i hurtownia Plasmet. Oferujemy wysok\u0105 jako\u015b\u0107, szeroki wyb\u00f3r i dobre ceny. Zapraszamy do sprawdzenia oferty!","og_url":"https:\/\/plasmet.bochnia.pl\/de\/produkt\/dichtung-fuer-plattenheizkoerper-3-4\/","og_site_name":"Plasmet","og_image":[{"width":800,"height":600,"url":"https:\/\/plasmet.bochnia.pl\/wp-content\/uploads\/2024\/10\/uszczelka-grzejnika-panelowego.jpg","type":"image\/jpeg"}],"twitter_card":"summary_large_image","twitter_misc":{"Gesch\u00e4tzte Lesezeit":"1\u00a0Minute"},"schema":{"@context":"https:\/\/schema.org","@graph":[{"@type":"WebPage","@id":"https:\/\/plasmet.bochnia.pl\/de\/produkt\/dichtung-fuer-plattenheizkoerper-3-4\/","url":"https:\/\/plasmet.bochnia.pl\/de\/produkt\/dichtung-fuer-plattenheizkoerper-3-4\/","name":"Dichtung f\u00fcr Plattenheizk\u00f6rper 3\/4 - Plasmet","isPartOf":{"@id":"https:\/\/plasmet.bochnia.pl\/de\/#website"},"primaryImageOfPage":{"@id":"https:\/\/plasmet.bochnia.pl\/de\/produkt\/dichtung-fuer-plattenheizkoerper-3-4\/#primaryimage"},"image":{"@id":"https:\/\/plasmet.bochnia.pl\/de\/produkt\/dichtung-fuer-plattenheizkoerper-3-4\/#primaryimage"},"thumbnailUrl":"https:\/\/plasmet.bochnia.pl\/wp-content\/uploads\/2024\/10\/uszczelka-grzejnika-panelowego.jpg","datePublished":"2024-10-21T09:17:47+00:00","description":"Dichtung f\u00fcr Plattenheizk\u00f6rper 3\/4 \u2013 producent i hurtownia Plasmet. Oferujemy wysok\u0105 jako\u015b\u0107, szeroki wyb\u00f3r i dobre ceny. Zapraszamy do sprawdzenia oferty!","breadcrumb":{"@id":"https:\/\/plasmet.bochnia.pl\/de\/produkt\/dichtung-fuer-plattenheizkoerper-3-4\/#breadcrumb"},"inLanguage":"de","potentialAction":[{"@type":"ReadAction","target":["https:\/\/plasmet.bochnia.pl\/de\/produkt\/dichtung-fuer-plattenheizkoerper-3-4\/"]}]},{"@type":"ImageObject","inLanguage":"de","@id":"https:\/\/plasmet.bochnia.pl\/de\/produkt\/dichtung-fuer-plattenheizkoerper-3-4\/#primaryimage","url":"https:\/\/plasmet.bochnia.pl\/wp-content\/uploads\/2024\/10\/uszczelka-grzejnika-panelowego.jpg","contentUrl":"https:\/\/plasmet.bochnia.pl\/wp-content\/uploads\/2024\/10\/uszczelka-grzejnika-panelowego.jpg","width":800,"height":600,"caption":"uszczelka-grzejnika-panelowego"},{"@type":"BreadcrumbList","@id":"https:\/\/plasmet.bochnia.pl\/de\/produkt\/dichtung-fuer-plattenheizkoerper-3-4\/#breadcrumb","itemListElement":[{"@type":"ListItem","position":1,"name":"Strona g\u0142\u00f3wna","item":"https:\/\/plasmet.bochnia.pl\/de\/"},{"@type":"ListItem","position":2,"name":"Shop","item":"https:\/\/plasmet.bochnia.pl\/de\/shop\/"},{"@type":"ListItem","position":3,"name":"Dichtung f\u00fcr Plattenheizk\u00f6rper 3\/4"}]},{"@type":"WebSite","@id":"https:\/\/plasmet.bochnia.pl\/de\/#website","url":"https:\/\/plasmet.bochnia.pl\/de\/","name":"Plasmet","description":"Plasmet","alternateName":"Plasmet","potentialAction":[{"@type":"SearchAction","target":{"@type":"EntryPoint","urlTemplate":"https:\/\/plasmet.bochnia.pl\/de\/?s={search_term_string}"},"query-input":{"@type":"PropertyValueSpecification","valueRequired":true,"valueName":"search_term_string"}}],"inLanguage":"de"}]}},"taxonomy_info":{"product_cat":[{"value":1369,"label":"Dichtungen"},{"value":1359,"label":"Dichtungen und Reduzierungen"}],"pa_kolor":[{"value":1380,"label":"Gr\u00fcn"}]},"featured_image_src_large":["https:\/\/plasmet.bochnia.pl\/wp-content\/uploads\/2024\/10\/uszczelka-grzejnika-panelowego.jpg",800,600,false],"author_info":[],"comment_info":"","_links":{"self":[{"href":"https:\/\/plasmet.bochnia.pl\/de\/wp-json\/wp\/v2\/product\/14875","targetHints":{"allow":["GET"]}}],"collection":[{"href":"https:\/\/plasmet.bochnia.pl\/de\/wp-json\/wp\/v2\/product"}],"about":[{"href":"https:\/\/plasmet.bochnia.pl\/de\/wp-json\/wp\/v2\/types\/product"}],"wp:featuredmedia":[{"embeddable":true,"href":"https:\/\/plasmet.bochnia.pl\/de\/wp-json\/wp\/v2\/media\/14877"}],"wp:attachment":[{"href":"https:\/\/plasmet.bochnia.pl\/de\/wp-json\/wp\/v2\/media?parent=14875"}],"wp:term":[{"taxonomy":"product_brand","embeddable":true,"href":"https:\/\/plasmet.bochnia.pl\/de\/wp-json\/wp\/v2\/product_brand?post=14875"},{"taxonomy":"product_cat","embeddable":true,"href":"https:\/\/plasmet.bochnia.pl\/de\/wp-json\/wp\/v2\/product_cat?post=14875"},{"taxonomy":"product_tag","embeddable":true,"href":"https:\/\/plasmet.bochnia.pl\/de\/wp-json\/wp\/v2\/product_tag?post=14875"}],"curies":[{"name":"wp","href":"https:\/\/api.w.org\/{rel}","templated":true}]}}