{"id":14864,"date":"2024-10-21T11:17:39","date_gmt":"2024-10-21T09:17:39","guid":{"rendered":"https:\/\/plasmet.bochnia.pl\/produkt\/teflonband-gross\/"},"modified":"2024-10-21T11:17:39","modified_gmt":"2024-10-21T09:17:39","slug":"teflonband-gross","status":"publish","type":"product","link":"https:\/\/plasmet.bochnia.pl\/de\/produkt\/teflonband-gross\/","title":{"rendered":"Teflonband gro\u00df"},"content":{"rendered":"<h2>Teflonband gro\u00df<\/h2>\n<p>Das 15 m x 0,2 mm x 19 mm gro\u00dfe Teflonband bietet eine hervorragende Abdichtung in Wasser-, Gas- und Heizungsinstallationen. Mit seiner gr\u00f6\u00dferen Dicke und Breite ist das Band ideal f\u00fcr gr\u00f6\u00dfere Anschl\u00fcsse und garantiert eine dauerhafte und zuverl\u00e4ssige Abdichtung. Das Band ist widerstandsf\u00e4hig gegen hohe Temperaturen und Chemikalien und funktioniert auch unter den anspruchsvollsten Bedingungen.  <\/p>\n<h3>Wichtige Produktmerkmale:<\/h3>\n<ul>\n<li>Abmessungen: 15 m x 0,2 mm x 19 mm,<\/li>\n<li>Temperatur- und Chemikalienbest\u00e4ndigkeit,<\/li>\n<li>Dicke, um eine solide Versiegelung zu gew\u00e4hrleisten,<\/li>\n<li>Ideal f\u00fcr gr\u00f6\u00dfere Wasser-, Gas- und Heizungsinstallationen.<\/li>\n<\/ul>\n<p>Das Produkt wird in 10er-Packungen verkauft und ist f\u00fcr industrielle und h\u00e4usliche Installationen gedacht, die eine l\u00e4ngere Lebensdauer und Zuverl\u00e4ssigkeit erfordern.<\/p>\n","protected":false},"excerpt":{"rendered":"<p>Das 15 m x 0,2 mm x 19 mm <strong>gro\u00dfe Teflonband<\/strong> ist eine robuste L\u00f6sung f\u00fcr die Abdichtung von Anschl\u00fcssen in Wasser-, Gas- und Heizungsanlagen. Dank seiner Dicke und St\u00e4rke ist es ideal f\u00fcr gr\u00f6\u00dfere Installationen, die eine zuverl\u00e4ssige Abdichtung erfordern. <\/p>\n","protected":false},"featured_media":14867,"template":"","meta":{"_acf_changed":false,"_kad_blocks_custom_css":"","_kad_blocks_head_custom_js":"","_kad_blocks_body_custom_js":"","_kad_blocks_footer_custom_js":"","_kad_post_transparent":"","_kad_post_title":"","_kad_post_layout":"","_kad_post_sidebar_id":"","_kad_post_content_style":"","_kad_post_vertical_padding":"","_kad_post_feature":"","_kad_post_feature_position":"","_kad_post_header":false,"_kad_post_footer":false,"_kad_post_classname":""},"product_brand":[],"product_cat":[1359,1367],"product_tag":[],"class_list":{"0":"post-14864","1":"product","2":"type-product","3":"status-publish","4":"has-post-thumbnail","6":"product_cat-dichtungen-und-reduzierungen","7":"product_cat-teflonbander","8":"pa_wersja-15m-x-02mm-x-19mm-de","10":"first","11":"instock","12":"product-type-variable","13":"entry","14":"content-bg","15":"loop-entry"},"acf":[],"yoast_head":"<!-- This site is optimized with the Yoast SEO plugin v25.1 - https:\/\/yoast.com\/wordpress\/plugins\/seo\/ -->\n<title>Teflonband gro\u00df - Plasmet<\/title>\n<meta name=\"description\" content=\"Teflonband gro\u00df \u2013 producent i hurtownia Plasmet. Oferujemy wysok\u0105 jako\u015b\u0107, szeroki wyb\u00f3r i dobre ceny. Zapraszamy do sprawdzenia oferty!\" \/>\n<meta name=\"robots\" content=\"index, follow, max-snippet:-1, max-image-preview:large, max-video-preview:-1\" \/>\n<link rel=\"canonical\" href=\"https:\/\/plasmet.bochnia.pl\/de\/produkt\/teflonband-gross\/\" \/>\n<meta property=\"og:locale\" content=\"de_DE\" \/>\n<meta property=\"og:type\" content=\"article\" \/>\n<meta property=\"og:title\" content=\"Teflonband gro\u00df - Plasmet\" \/>\n<meta property=\"og:description\" content=\"Teflonband gro\u00df \u2013 producent i hurtownia Plasmet. Oferujemy wysok\u0105 jako\u015b\u0107, szeroki wyb\u00f3r i dobre ceny. Zapraszamy do sprawdzenia oferty!\" \/>\n<meta property=\"og:url\" content=\"https:\/\/plasmet.bochnia.pl\/de\/produkt\/teflonband-gross\/\" \/>\n<meta property=\"og:site_name\" content=\"Plasmet\" \/>\n<meta property=\"og:image\" content=\"https:\/\/plasmet.bochnia.pl\/wp-content\/uploads\/2024\/10\/tasma-teflonowa-duza-15m-x-0-2mm-x-19mm.jpg\" \/>\n\t<meta property=\"og:image:width\" content=\"800\" \/>\n\t<meta property=\"og:image:height\" content=\"600\" \/>\n\t<meta property=\"og:image:type\" content=\"image\/jpeg\" \/>\n<meta name=\"twitter:card\" content=\"summary_large_image\" \/>\n<meta name=\"twitter:label1\" content=\"Gesch\u00e4tzte Lesezeit\" \/>\n\t<meta name=\"twitter:data1\" content=\"1\u00a0Minute\" \/>\n<script type=\"application\/ld+json\" class=\"yoast-schema-graph\">{\"@context\":\"https:\/\/schema.org\",\"@graph\":[{\"@type\":\"WebPage\",\"@id\":\"https:\/\/plasmet.bochnia.pl\/de\/produkt\/teflonband-gross\/\",\"url\":\"https:\/\/plasmet.bochnia.pl\/de\/produkt\/teflonband-gross\/\",\"name\":\"Teflonband gro\u00df - Plasmet\",\"isPartOf\":{\"@id\":\"https:\/\/plasmet.bochnia.pl\/de\/#website\"},\"primaryImageOfPage\":{\"@id\":\"https:\/\/plasmet.bochnia.pl\/de\/produkt\/teflonband-gross\/#primaryimage\"},\"image\":{\"@id\":\"https:\/\/plasmet.bochnia.pl\/de\/produkt\/teflonband-gross\/#primaryimage\"},\"thumbnailUrl\":\"https:\/\/plasmet.bochnia.pl\/wp-content\/uploads\/2024\/10\/tasma-teflonowa-duza-15m-x-0-2mm-x-19mm.jpg\",\"datePublished\":\"2024-10-21T09:17:39+00:00\",\"description\":\"Teflonband gro\u00df \u2013 producent i hurtownia Plasmet. Oferujemy wysok\u0105 jako\u015b\u0107, szeroki wyb\u00f3r i dobre ceny. Zapraszamy do sprawdzenia oferty!\",\"breadcrumb\":{\"@id\":\"https:\/\/plasmet.bochnia.pl\/de\/produkt\/teflonband-gross\/#breadcrumb\"},\"inLanguage\":\"de\",\"potentialAction\":[{\"@type\":\"ReadAction\",\"target\":[\"https:\/\/plasmet.bochnia.pl\/de\/produkt\/teflonband-gross\/\"]}]},{\"@type\":\"ImageObject\",\"inLanguage\":\"de\",\"@id\":\"https:\/\/plasmet.bochnia.pl\/de\/produkt\/teflonband-gross\/#primaryimage\",\"url\":\"https:\/\/plasmet.bochnia.pl\/wp-content\/uploads\/2024\/10\/tasma-teflonowa-duza-15m-x-0-2mm-x-19mm.jpg\",\"contentUrl\":\"https:\/\/plasmet.bochnia.pl\/wp-content\/uploads\/2024\/10\/tasma-teflonowa-duza-15m-x-0-2mm-x-19mm.jpg\",\"width\":800,\"height\":600,\"caption\":\"tasma-teflonowa-duza-15m-x-0-2mm-x-19mm\"},{\"@type\":\"BreadcrumbList\",\"@id\":\"https:\/\/plasmet.bochnia.pl\/de\/produkt\/teflonband-gross\/#breadcrumb\",\"itemListElement\":[{\"@type\":\"ListItem\",\"position\":1,\"name\":\"Strona g\u0142\u00f3wna\",\"item\":\"https:\/\/plasmet.bochnia.pl\/de\/\"},{\"@type\":\"ListItem\",\"position\":2,\"name\":\"Shop\",\"item\":\"https:\/\/plasmet.bochnia.pl\/de\/shop\/\"},{\"@type\":\"ListItem\",\"position\":3,\"name\":\"Teflonband gro\u00df\"}]},{\"@type\":\"WebSite\",\"@id\":\"https:\/\/plasmet.bochnia.pl\/de\/#website\",\"url\":\"https:\/\/plasmet.bochnia.pl\/de\/\",\"name\":\"Plasmet\",\"description\":\"Plasmet\",\"alternateName\":\"Plasmet\",\"potentialAction\":[{\"@type\":\"SearchAction\",\"target\":{\"@type\":\"EntryPoint\",\"urlTemplate\":\"https:\/\/plasmet.bochnia.pl\/de\/?s={search_term_string}\"},\"query-input\":{\"@type\":\"PropertyValueSpecification\",\"valueRequired\":true,\"valueName\":\"search_term_string\"}}],\"inLanguage\":\"de\"}]}<\/script>\n<!-- \/ Yoast SEO plugin. -->","yoast_head_json":{"title":"Teflonband gro\u00df - Plasmet","description":"Teflonband gro\u00df \u2013 producent i hurtownia Plasmet. Oferujemy wysok\u0105 jako\u015b\u0107, szeroki wyb\u00f3r i dobre ceny. Zapraszamy do sprawdzenia oferty!","robots":{"index":"index","follow":"follow","max-snippet":"max-snippet:-1","max-image-preview":"max-image-preview:large","max-video-preview":"max-video-preview:-1"},"canonical":"https:\/\/plasmet.bochnia.pl\/de\/produkt\/teflonband-gross\/","og_locale":"de_DE","og_type":"article","og_title":"Teflonband gro\u00df - Plasmet","og_description":"Teflonband gro\u00df \u2013 producent i hurtownia Plasmet. Oferujemy wysok\u0105 jako\u015b\u0107, szeroki wyb\u00f3r i dobre ceny. Zapraszamy do sprawdzenia oferty!","og_url":"https:\/\/plasmet.bochnia.pl\/de\/produkt\/teflonband-gross\/","og_site_name":"Plasmet","og_image":[{"width":800,"height":600,"url":"https:\/\/plasmet.bochnia.pl\/wp-content\/uploads\/2024\/10\/tasma-teflonowa-duza-15m-x-0-2mm-x-19mm.jpg","type":"image\/jpeg"}],"twitter_card":"summary_large_image","twitter_misc":{"Gesch\u00e4tzte Lesezeit":"1\u00a0Minute"},"schema":{"@context":"https:\/\/schema.org","@graph":[{"@type":"WebPage","@id":"https:\/\/plasmet.bochnia.pl\/de\/produkt\/teflonband-gross\/","url":"https:\/\/plasmet.bochnia.pl\/de\/produkt\/teflonband-gross\/","name":"Teflonband gro\u00df - Plasmet","isPartOf":{"@id":"https:\/\/plasmet.bochnia.pl\/de\/#website"},"primaryImageOfPage":{"@id":"https:\/\/plasmet.bochnia.pl\/de\/produkt\/teflonband-gross\/#primaryimage"},"image":{"@id":"https:\/\/plasmet.bochnia.pl\/de\/produkt\/teflonband-gross\/#primaryimage"},"thumbnailUrl":"https:\/\/plasmet.bochnia.pl\/wp-content\/uploads\/2024\/10\/tasma-teflonowa-duza-15m-x-0-2mm-x-19mm.jpg","datePublished":"2024-10-21T09:17:39+00:00","description":"Teflonband gro\u00df \u2013 producent i hurtownia Plasmet. Oferujemy wysok\u0105 jako\u015b\u0107, szeroki wyb\u00f3r i dobre ceny. Zapraszamy do sprawdzenia oferty!","breadcrumb":{"@id":"https:\/\/plasmet.bochnia.pl\/de\/produkt\/teflonband-gross\/#breadcrumb"},"inLanguage":"de","potentialAction":[{"@type":"ReadAction","target":["https:\/\/plasmet.bochnia.pl\/de\/produkt\/teflonband-gross\/"]}]},{"@type":"ImageObject","inLanguage":"de","@id":"https:\/\/plasmet.bochnia.pl\/de\/produkt\/teflonband-gross\/#primaryimage","url":"https:\/\/plasmet.bochnia.pl\/wp-content\/uploads\/2024\/10\/tasma-teflonowa-duza-15m-x-0-2mm-x-19mm.jpg","contentUrl":"https:\/\/plasmet.bochnia.pl\/wp-content\/uploads\/2024\/10\/tasma-teflonowa-duza-15m-x-0-2mm-x-19mm.jpg","width":800,"height":600,"caption":"tasma-teflonowa-duza-15m-x-0-2mm-x-19mm"},{"@type":"BreadcrumbList","@id":"https:\/\/plasmet.bochnia.pl\/de\/produkt\/teflonband-gross\/#breadcrumb","itemListElement":[{"@type":"ListItem","position":1,"name":"Strona g\u0142\u00f3wna","item":"https:\/\/plasmet.bochnia.pl\/de\/"},{"@type":"ListItem","position":2,"name":"Shop","item":"https:\/\/plasmet.bochnia.pl\/de\/shop\/"},{"@type":"ListItem","position":3,"name":"Teflonband gro\u00df"}]},{"@type":"WebSite","@id":"https:\/\/plasmet.bochnia.pl\/de\/#website","url":"https:\/\/plasmet.bochnia.pl\/de\/","name":"Plasmet","description":"Plasmet","alternateName":"Plasmet","potentialAction":[{"@type":"SearchAction","target":{"@type":"EntryPoint","urlTemplate":"https:\/\/plasmet.bochnia.pl\/de\/?s={search_term_string}"},"query-input":{"@type":"PropertyValueSpecification","valueRequired":true,"valueName":"search_term_string"}}],"inLanguage":"de"}]}},"taxonomy_info":{"product_cat":[{"value":1359,"label":"Dichtungen und Reduzierungen"},{"value":1367,"label":"Teflonb\u00e4nder"}],"pa_wersja":[{"value":1466,"label":"15m x 0,2mm x 19mm"}]},"featured_image_src_large":["https:\/\/plasmet.bochnia.pl\/wp-content\/uploads\/2024\/10\/tasma-teflonowa-duza-15m-x-0-2mm-x-19mm.jpg",800,600,false],"author_info":[],"comment_info":"","_links":{"self":[{"href":"https:\/\/plasmet.bochnia.pl\/de\/wp-json\/wp\/v2\/product\/14864","targetHints":{"allow":["GET"]}}],"collection":[{"href":"https:\/\/plasmet.bochnia.pl\/de\/wp-json\/wp\/v2\/product"}],"about":[{"href":"https:\/\/plasmet.bochnia.pl\/de\/wp-json\/wp\/v2\/types\/product"}],"wp:featuredmedia":[{"embeddable":true,"href":"https:\/\/plasmet.bochnia.pl\/de\/wp-json\/wp\/v2\/media\/14867"}],"wp:attachment":[{"href":"https:\/\/plasmet.bochnia.pl\/de\/wp-json\/wp\/v2\/media?parent=14864"}],"wp:term":[{"taxonomy":"product_brand","embeddable":true,"href":"https:\/\/plasmet.bochnia.pl\/de\/wp-json\/wp\/v2\/product_brand?post=14864"},{"taxonomy":"product_cat","embeddable":true,"href":"https:\/\/plasmet.bochnia.pl\/de\/wp-json\/wp\/v2\/product_cat?post=14864"},{"taxonomy":"product_tag","embeddable":true,"href":"https:\/\/plasmet.bochnia.pl\/de\/wp-json\/wp\/v2\/product_tag?post=14864"}],"curies":[{"name":"wp","href":"https:\/\/api.w.org\/{rel}","templated":true}]}}