{"id":14863,"date":"2024-10-21T11:17:47","date_gmt":"2024-10-21T09:17:47","guid":{"rendered":"https:\/\/plasmet.bochnia.pl\/produkt\/exzentrische-dichtung-fuer-wasserhahn\/"},"modified":"2024-10-21T11:17:47","modified_gmt":"2024-10-21T09:17:47","slug":"exzentrische-dichtung-fuer-wasserhahn","status":"publish","type":"product","link":"https:\/\/plasmet.bochnia.pl\/de\/produkt\/exzentrische-dichtung-fuer-wasserhahn\/","title":{"rendered":"Exzentrische Dichtung f\u00fcr Wasserhahn"},"content":{"rendered":"<h2>Exzentrische Dichtung f\u00fcr Wasserhahn<\/h2>\n<p><strong>Die exzentrische Dichtung des Wasserhahns<\/strong> ist ein wichtiger Bestandteil jeder Sanit\u00e4rinstallation. Sie ist aus hochwertigem, flexiblem Material gefertigt und passt sich perfekt an die exzentrischen Zentren des Wasserhahns an. Sie garantiert eine luftdichte Abdichtung und Schutz vor Wasserlecks. Das Produkt ist wasser- und temperaturbest\u00e4ndig und sorgt so f\u00fcr einen lang anhaltenden, st\u00f6rungsfreien Betrieb der Installation.  <\/p>\n<h3>Die wichtigsten Produktvorteile:<\/h3>\n<ul>\n<li>Effektiver Schutz gegen Lecks dank pr\u00e4ziser Passform,<\/li>\n<li>Flexibles, wasser- und temperaturbest\u00e4ndiges Gummi,<\/li>\n<li>Einfach zu installieren, ideal f\u00fcr die Verwendung mit Batterieexzentrikern,<\/li>\n<\/ul>\n<p>Die exzentrische Wasserhahndichtung ist ein unverzichtbarer Bestandteil jeder Bad- oder K\u00fccheninstallation, da sie die Dichtheit und den zuverl\u00e4ssigen Betrieb des Systems gew\u00e4hrleistet. Dank ihrer Langlebigkeit und einfachen Installation garantiert die Dichtung einen dauerhaften Schutz vor Leckagen und erh\u00f6ht den Komfort des Wasserhahns. <\/p>\n","protected":false},"excerpt":{"rendered":"<p><strong>Die exzentrische Wasserhahndichtung<\/strong> ist ein pr\u00e4zisionsgefertigtes Bauteil, das f\u00fcr dichte Verbindungen in Bad- und K\u00fccheninstallationen sorgt. Dank ihrer Konstruktion aus Fasermaterial sch\u00fctzt die Dichtung effektiv vor Leckagen und gew\u00e4hrleistet die Langlebigkeit des Systems. <\/p>\n","protected":false},"featured_media":14865,"template":"","meta":{"_acf_changed":false,"_kad_blocks_custom_css":"","_kad_blocks_head_custom_js":"","_kad_blocks_body_custom_js":"","_kad_blocks_footer_custom_js":"","_kad_post_transparent":"","_kad_post_title":"","_kad_post_layout":"","_kad_post_sidebar_id":"","_kad_post_content_style":"","_kad_post_vertical_padding":"","_kad_post_feature":"","_kad_post_feature_position":"","_kad_post_header":false,"_kad_post_footer":false,"_kad_post_classname":""},"product_brand":[],"product_cat":[1369,1359],"product_tag":[],"class_list":{"0":"post-14863","1":"product","2":"type-product","3":"status-publish","4":"has-post-thumbnail","6":"product_cat-dichtungen","7":"product_cat-dichtungen-und-reduzierungen","8":"pa_wersja-3-4-de","10":"first","11":"instock","12":"product-type-variable","13":"entry","14":"content-bg","15":"loop-entry"},"acf":[],"yoast_head":"<!-- This site is optimized with the Yoast SEO plugin v25.1 - https:\/\/yoast.com\/wordpress\/plugins\/seo\/ -->\n<title>Exzentrische Dichtung f\u00fcr Wasserhahn - Plasmet<\/title>\n<meta name=\"description\" content=\"Exzentrische Dichtung f\u00fcr Wasserhahn \u2013 producent i hurtownia Plasmet. Oferujemy wysok\u0105 jako\u015b\u0107, szeroki wyb\u00f3r i dobre ceny. Zapraszamy do sprawdzenia oferty!\" \/>\n<meta name=\"robots\" content=\"index, follow, max-snippet:-1, max-image-preview:large, max-video-preview:-1\" \/>\n<link rel=\"canonical\" href=\"https:\/\/plasmet.bochnia.pl\/de\/produkt\/exzentrische-dichtung-fuer-wasserhahn\/\" \/>\n<meta property=\"og:locale\" content=\"de_DE\" \/>\n<meta property=\"og:type\" content=\"article\" \/>\n<meta property=\"og:title\" content=\"Exzentrische Dichtung f\u00fcr Wasserhahn - Plasmet\" \/>\n<meta property=\"og:description\" content=\"Exzentrische Dichtung f\u00fcr Wasserhahn \u2013 producent i hurtownia Plasmet. Oferujemy wysok\u0105 jako\u015b\u0107, szeroki wyb\u00f3r i dobre ceny. Zapraszamy do sprawdzenia oferty!\" \/>\n<meta property=\"og:url\" content=\"https:\/\/plasmet.bochnia.pl\/de\/produkt\/exzentrische-dichtung-fuer-wasserhahn\/\" \/>\n<meta property=\"og:site_name\" content=\"Plasmet\" \/>\n<meta property=\"og:image\" content=\"https:\/\/plasmet.bochnia.pl\/wp-content\/uploads\/2024\/10\/uszczelka-mimosrodowa-bateri-3-4.jpg\" \/>\n\t<meta property=\"og:image:width\" content=\"800\" \/>\n\t<meta property=\"og:image:height\" content=\"600\" \/>\n\t<meta property=\"og:image:type\" content=\"image\/jpeg\" \/>\n<meta name=\"twitter:card\" content=\"summary_large_image\" \/>\n<meta name=\"twitter:label1\" content=\"Gesch\u00e4tzte Lesezeit\" \/>\n\t<meta name=\"twitter:data1\" content=\"1\u00a0Minute\" \/>\n<script type=\"application\/ld+json\" class=\"yoast-schema-graph\">{\"@context\":\"https:\/\/schema.org\",\"@graph\":[{\"@type\":\"WebPage\",\"@id\":\"https:\/\/plasmet.bochnia.pl\/de\/produkt\/exzentrische-dichtung-fuer-wasserhahn\/\",\"url\":\"https:\/\/plasmet.bochnia.pl\/de\/produkt\/exzentrische-dichtung-fuer-wasserhahn\/\",\"name\":\"Exzentrische Dichtung f\u00fcr Wasserhahn - Plasmet\",\"isPartOf\":{\"@id\":\"https:\/\/plasmet.bochnia.pl\/de\/#website\"},\"primaryImageOfPage\":{\"@id\":\"https:\/\/plasmet.bochnia.pl\/de\/produkt\/exzentrische-dichtung-fuer-wasserhahn\/#primaryimage\"},\"image\":{\"@id\":\"https:\/\/plasmet.bochnia.pl\/de\/produkt\/exzentrische-dichtung-fuer-wasserhahn\/#primaryimage\"},\"thumbnailUrl\":\"https:\/\/plasmet.bochnia.pl\/wp-content\/uploads\/2024\/10\/uszczelka-mimosrodowa-bateri-3-4.jpg\",\"datePublished\":\"2024-10-21T09:17:47+00:00\",\"description\":\"Exzentrische Dichtung f\u00fcr Wasserhahn \u2013 producent i hurtownia Plasmet. Oferujemy wysok\u0105 jako\u015b\u0107, szeroki wyb\u00f3r i dobre ceny. Zapraszamy do sprawdzenia oferty!\",\"breadcrumb\":{\"@id\":\"https:\/\/plasmet.bochnia.pl\/de\/produkt\/exzentrische-dichtung-fuer-wasserhahn\/#breadcrumb\"},\"inLanguage\":\"de\",\"potentialAction\":[{\"@type\":\"ReadAction\",\"target\":[\"https:\/\/plasmet.bochnia.pl\/de\/produkt\/exzentrische-dichtung-fuer-wasserhahn\/\"]}]},{\"@type\":\"ImageObject\",\"inLanguage\":\"de\",\"@id\":\"https:\/\/plasmet.bochnia.pl\/de\/produkt\/exzentrische-dichtung-fuer-wasserhahn\/#primaryimage\",\"url\":\"https:\/\/plasmet.bochnia.pl\/wp-content\/uploads\/2024\/10\/uszczelka-mimosrodowa-bateri-3-4.jpg\",\"contentUrl\":\"https:\/\/plasmet.bochnia.pl\/wp-content\/uploads\/2024\/10\/uszczelka-mimosrodowa-bateri-3-4.jpg\",\"width\":800,\"height\":600,\"caption\":\"uszczelka-mimosrodowa-bateri-3-4\"},{\"@type\":\"BreadcrumbList\",\"@id\":\"https:\/\/plasmet.bochnia.pl\/de\/produkt\/exzentrische-dichtung-fuer-wasserhahn\/#breadcrumb\",\"itemListElement\":[{\"@type\":\"ListItem\",\"position\":1,\"name\":\"Strona g\u0142\u00f3wna\",\"item\":\"https:\/\/plasmet.bochnia.pl\/de\/\"},{\"@type\":\"ListItem\",\"position\":2,\"name\":\"Shop\",\"item\":\"https:\/\/plasmet.bochnia.pl\/de\/shop\/\"},{\"@type\":\"ListItem\",\"position\":3,\"name\":\"Exzentrische Dichtung f\u00fcr Wasserhahn\"}]},{\"@type\":\"WebSite\",\"@id\":\"https:\/\/plasmet.bochnia.pl\/de\/#website\",\"url\":\"https:\/\/plasmet.bochnia.pl\/de\/\",\"name\":\"Plasmet\",\"description\":\"Plasmet\",\"alternateName\":\"Plasmet\",\"potentialAction\":[{\"@type\":\"SearchAction\",\"target\":{\"@type\":\"EntryPoint\",\"urlTemplate\":\"https:\/\/plasmet.bochnia.pl\/de\/?s={search_term_string}\"},\"query-input\":{\"@type\":\"PropertyValueSpecification\",\"valueRequired\":true,\"valueName\":\"search_term_string\"}}],\"inLanguage\":\"de\"}]}<\/script>\n<!-- \/ Yoast SEO plugin. -->","yoast_head_json":{"title":"Exzentrische Dichtung f\u00fcr Wasserhahn - Plasmet","description":"Exzentrische Dichtung f\u00fcr Wasserhahn \u2013 producent i hurtownia Plasmet. Oferujemy wysok\u0105 jako\u015b\u0107, szeroki wyb\u00f3r i dobre ceny. Zapraszamy do sprawdzenia oferty!","robots":{"index":"index","follow":"follow","max-snippet":"max-snippet:-1","max-image-preview":"max-image-preview:large","max-video-preview":"max-video-preview:-1"},"canonical":"https:\/\/plasmet.bochnia.pl\/de\/produkt\/exzentrische-dichtung-fuer-wasserhahn\/","og_locale":"de_DE","og_type":"article","og_title":"Exzentrische Dichtung f\u00fcr Wasserhahn - Plasmet","og_description":"Exzentrische Dichtung f\u00fcr Wasserhahn \u2013 producent i hurtownia Plasmet. Oferujemy wysok\u0105 jako\u015b\u0107, szeroki wyb\u00f3r i dobre ceny. Zapraszamy do sprawdzenia oferty!","og_url":"https:\/\/plasmet.bochnia.pl\/de\/produkt\/exzentrische-dichtung-fuer-wasserhahn\/","og_site_name":"Plasmet","og_image":[{"width":800,"height":600,"url":"https:\/\/plasmet.bochnia.pl\/wp-content\/uploads\/2024\/10\/uszczelka-mimosrodowa-bateri-3-4.jpg","type":"image\/jpeg"}],"twitter_card":"summary_large_image","twitter_misc":{"Gesch\u00e4tzte Lesezeit":"1\u00a0Minute"},"schema":{"@context":"https:\/\/schema.org","@graph":[{"@type":"WebPage","@id":"https:\/\/plasmet.bochnia.pl\/de\/produkt\/exzentrische-dichtung-fuer-wasserhahn\/","url":"https:\/\/plasmet.bochnia.pl\/de\/produkt\/exzentrische-dichtung-fuer-wasserhahn\/","name":"Exzentrische Dichtung f\u00fcr Wasserhahn - Plasmet","isPartOf":{"@id":"https:\/\/plasmet.bochnia.pl\/de\/#website"},"primaryImageOfPage":{"@id":"https:\/\/plasmet.bochnia.pl\/de\/produkt\/exzentrische-dichtung-fuer-wasserhahn\/#primaryimage"},"image":{"@id":"https:\/\/plasmet.bochnia.pl\/de\/produkt\/exzentrische-dichtung-fuer-wasserhahn\/#primaryimage"},"thumbnailUrl":"https:\/\/plasmet.bochnia.pl\/wp-content\/uploads\/2024\/10\/uszczelka-mimosrodowa-bateri-3-4.jpg","datePublished":"2024-10-21T09:17:47+00:00","description":"Exzentrische Dichtung f\u00fcr Wasserhahn \u2013 producent i hurtownia Plasmet. Oferujemy wysok\u0105 jako\u015b\u0107, szeroki wyb\u00f3r i dobre ceny. Zapraszamy do sprawdzenia oferty!","breadcrumb":{"@id":"https:\/\/plasmet.bochnia.pl\/de\/produkt\/exzentrische-dichtung-fuer-wasserhahn\/#breadcrumb"},"inLanguage":"de","potentialAction":[{"@type":"ReadAction","target":["https:\/\/plasmet.bochnia.pl\/de\/produkt\/exzentrische-dichtung-fuer-wasserhahn\/"]}]},{"@type":"ImageObject","inLanguage":"de","@id":"https:\/\/plasmet.bochnia.pl\/de\/produkt\/exzentrische-dichtung-fuer-wasserhahn\/#primaryimage","url":"https:\/\/plasmet.bochnia.pl\/wp-content\/uploads\/2024\/10\/uszczelka-mimosrodowa-bateri-3-4.jpg","contentUrl":"https:\/\/plasmet.bochnia.pl\/wp-content\/uploads\/2024\/10\/uszczelka-mimosrodowa-bateri-3-4.jpg","width":800,"height":600,"caption":"uszczelka-mimosrodowa-bateri-3-4"},{"@type":"BreadcrumbList","@id":"https:\/\/plasmet.bochnia.pl\/de\/produkt\/exzentrische-dichtung-fuer-wasserhahn\/#breadcrumb","itemListElement":[{"@type":"ListItem","position":1,"name":"Strona g\u0142\u00f3wna","item":"https:\/\/plasmet.bochnia.pl\/de\/"},{"@type":"ListItem","position":2,"name":"Shop","item":"https:\/\/plasmet.bochnia.pl\/de\/shop\/"},{"@type":"ListItem","position":3,"name":"Exzentrische Dichtung f\u00fcr Wasserhahn"}]},{"@type":"WebSite","@id":"https:\/\/plasmet.bochnia.pl\/de\/#website","url":"https:\/\/plasmet.bochnia.pl\/de\/","name":"Plasmet","description":"Plasmet","alternateName":"Plasmet","potentialAction":[{"@type":"SearchAction","target":{"@type":"EntryPoint","urlTemplate":"https:\/\/plasmet.bochnia.pl\/de\/?s={search_term_string}"},"query-input":{"@type":"PropertyValueSpecification","valueRequired":true,"valueName":"search_term_string"}}],"inLanguage":"de"}]}},"taxonomy_info":{"product_cat":[{"value":1369,"label":"Dichtungen"},{"value":1359,"label":"Dichtungen und Reduzierungen"}],"pa_wersja":[{"value":1413,"label":"3\/4"}]},"featured_image_src_large":["https:\/\/plasmet.bochnia.pl\/wp-content\/uploads\/2024\/10\/uszczelka-mimosrodowa-bateri-3-4.jpg",800,600,false],"author_info":[],"comment_info":"","_links":{"self":[{"href":"https:\/\/plasmet.bochnia.pl\/de\/wp-json\/wp\/v2\/product\/14863","targetHints":{"allow":["GET"]}}],"collection":[{"href":"https:\/\/plasmet.bochnia.pl\/de\/wp-json\/wp\/v2\/product"}],"about":[{"href":"https:\/\/plasmet.bochnia.pl\/de\/wp-json\/wp\/v2\/types\/product"}],"wp:featuredmedia":[{"embeddable":true,"href":"https:\/\/plasmet.bochnia.pl\/de\/wp-json\/wp\/v2\/media\/14865"}],"wp:attachment":[{"href":"https:\/\/plasmet.bochnia.pl\/de\/wp-json\/wp\/v2\/media?parent=14863"}],"wp:term":[{"taxonomy":"product_brand","embeddable":true,"href":"https:\/\/plasmet.bochnia.pl\/de\/wp-json\/wp\/v2\/product_brand?post=14863"},{"taxonomy":"product_cat","embeddable":true,"href":"https:\/\/plasmet.bochnia.pl\/de\/wp-json\/wp\/v2\/product_cat?post=14863"},{"taxonomy":"product_tag","embeddable":true,"href":"https:\/\/plasmet.bochnia.pl\/de\/wp-json\/wp\/v2\/product_tag?post=14863"}],"curies":[{"name":"wp","href":"https:\/\/api.w.org\/{rel}","templated":true}]}}