{"id":14828,"date":"2024-11-18T20:00:24","date_gmt":"2024-11-18T19:00:24","guid":{"rendered":"https:\/\/plasmet.bochnia.pl\/produkt\/kupferreiniger\/"},"modified":"2024-11-18T20:00:24","modified_gmt":"2024-11-18T19:00:24","slug":"kupferreiniger","status":"publish","type":"product","link":"https:\/\/plasmet.bochnia.pl\/de\/produkt\/kupferreiniger\/","title":{"rendered":"Kupferreiniger"},"content":{"rendered":"<h2>Kupferreiniger &#8211; effektive und sichere Reinigung<\/h2>\n<p>Der Copper Cleaner ist ein vielseitiges Produkt, das Schmutz von einer Vielzahl von Oberfl\u00e4chen entfernt, ohne diese zu besch\u00e4digen. Die Faser ist sowohl f\u00fcr industrielle als auch f\u00fcr h\u00e4usliche Anwendungen ideal. Ihre flexible Struktur erm\u00f6glicht eine pr\u00e4zise Reinigung auch von schwer zug\u00e4nglichen Stellen, w\u00e4hrend sie gleichzeitig sanft zu den zu reinigenden Oberfl\u00e4chen ist.  <\/p>\n<h3>Produkt Spezifikationen<\/h3>\n<ul>\n<li>Farbe: rot<\/li>\n<li>Material: nicht-metallische Faser<\/li>\n<li>Zweck: Reinigung der Oberfl\u00e4chen von Kupferrohren<\/li>\n<li>Eigenschaften: Elastizit\u00e4t, Haltbarkeit, Abriebfestigkeit<\/li>\n<\/ul>\n<h3>Anwendung<\/h3>\n<p>Der Kupferreiniger wird in einer Vielzahl von Branchen wie der Industrie, dem Baugewerbe und im Haushalt eingesetzt. Er ist ideal f\u00fcr die Reinigung von Rohren und Metallteilen, wo eine effektive Schmutzentfernung erforderlich ist. <\/p>\n<h3>Produktvorteile<\/h3>\n<ul>\n<li>Flexibilit\u00e4t bei der Reinigung schwer zug\u00e4nglicher Bereiche<\/li>\n<li>Widerstandsf\u00e4hig gegen Abrieb und intensive Nutzung<\/li>\n<li>Vielseitiger Einsatz in einer Vielzahl von Branchen<\/li>\n<\/ul>\n<p>Die nicht-metallische Reinigungsfaser ist ein zuverl\u00e4ssiges Produkt f\u00fcr Profis und Privatanwender, die ein effektives Werkzeug f\u00fcr die Reinigung von Metalloberfl\u00e4chen suchen.<\/p>\n","protected":false},"excerpt":{"rendered":"<p>Nicht-metallische Reinigungsfaser in rot. Entwickelt f\u00fcr die effektive Reinigung von Rohroberfl\u00e4chen vor dem L\u00f6ten. Ideal f\u00fcr industrielle und h\u00e4usliche Anwendungen.  <\/p>\n","protected":false},"featured_media":14834,"template":"","meta":{"_acf_changed":false,"_kad_blocks_custom_css":"","_kad_blocks_head_custom_js":"","_kad_blocks_body_custom_js":"","_kad_blocks_footer_custom_js":"","_kad_post_transparent":"","_kad_post_title":"","_kad_post_layout":"","_kad_post_sidebar_id":"","_kad_post_content_style":"","_kad_post_vertical_padding":"","_kad_post_feature":"","_kad_post_feature_position":"","_kad_post_header":false,"_kad_post_footer":false,"_kad_post_classname":""},"product_brand":[],"product_cat":[1295,1298],"product_tag":[],"class_list":{"0":"post-14828","1":"product","2":"type-product","3":"status-publish","4":"has-post-thumbnail","6":"product_cat-heizungsinstallation","7":"product_cat-heizungszubehor","8":"pa_kolor-rot","9":"pa_wersja-6-x-13-de","11":"first","12":"instock","13":"product-type-variable","14":"entry","15":"content-bg","16":"loop-entry"},"acf":[],"yoast_head":"<!-- This site is optimized with the Yoast SEO plugin v25.1 - https:\/\/yoast.com\/wordpress\/plugins\/seo\/ -->\n<title>Kupferreiniger - Plasmet<\/title>\n<meta name=\"description\" content=\"Kupferreiniger \u2013 producent i hurtownia Plasmet. Oferujemy wysok\u0105 jako\u015b\u0107, szeroki wyb\u00f3r i dobre ceny. Zapraszamy do sprawdzenia oferty!\" \/>\n<meta name=\"robots\" content=\"index, follow, max-snippet:-1, max-image-preview:large, max-video-preview:-1\" \/>\n<link rel=\"canonical\" href=\"https:\/\/plasmet.bochnia.pl\/de\/produkt\/kupferreiniger\/\" \/>\n<meta property=\"og:locale\" content=\"de_DE\" \/>\n<meta property=\"og:type\" content=\"article\" \/>\n<meta property=\"og:title\" content=\"Kupferreiniger - Plasmet\" \/>\n<meta property=\"og:description\" content=\"Kupferreiniger \u2013 producent i hurtownia Plasmet. Oferujemy wysok\u0105 jako\u015b\u0107, szeroki wyb\u00f3r i dobre ceny. Zapraszamy do sprawdzenia oferty!\" \/>\n<meta property=\"og:url\" content=\"https:\/\/plasmet.bochnia.pl\/de\/produkt\/kupferreiniger\/\" \/>\n<meta property=\"og:site_name\" content=\"Plasmet\" \/>\n<meta property=\"og:image\" content=\"https:\/\/plasmet.bochnia.pl\/wp-content\/uploads\/2024\/11\/niemetaliczne-wlokno-czyszczace-6-x-13.jpg\" \/>\n\t<meta property=\"og:image:width\" content=\"800\" \/>\n\t<meta property=\"og:image:height\" content=\"600\" \/>\n\t<meta property=\"og:image:type\" content=\"image\/jpeg\" \/>\n<meta name=\"twitter:card\" content=\"summary_large_image\" \/>\n<meta name=\"twitter:label1\" content=\"Gesch\u00e4tzte Lesezeit\" \/>\n\t<meta name=\"twitter:data1\" content=\"1\u00a0Minute\" \/>\n<script type=\"application\/ld+json\" class=\"yoast-schema-graph\">{\"@context\":\"https:\/\/schema.org\",\"@graph\":[{\"@type\":\"WebPage\",\"@id\":\"https:\/\/plasmet.bochnia.pl\/de\/produkt\/kupferreiniger\/\",\"url\":\"https:\/\/plasmet.bochnia.pl\/de\/produkt\/kupferreiniger\/\",\"name\":\"Kupferreiniger - Plasmet\",\"isPartOf\":{\"@id\":\"https:\/\/plasmet.bochnia.pl\/de\/#website\"},\"primaryImageOfPage\":{\"@id\":\"https:\/\/plasmet.bochnia.pl\/de\/produkt\/kupferreiniger\/#primaryimage\"},\"image\":{\"@id\":\"https:\/\/plasmet.bochnia.pl\/de\/produkt\/kupferreiniger\/#primaryimage\"},\"thumbnailUrl\":\"https:\/\/plasmet.bochnia.pl\/wp-content\/uploads\/2024\/11\/niemetaliczne-wlokno-czyszczace-6-x-13.jpg\",\"datePublished\":\"2024-11-18T19:00:24+00:00\",\"description\":\"Kupferreiniger \u2013 producent i hurtownia Plasmet. Oferujemy wysok\u0105 jako\u015b\u0107, szeroki wyb\u00f3r i dobre ceny. Zapraszamy do sprawdzenia oferty!\",\"breadcrumb\":{\"@id\":\"https:\/\/plasmet.bochnia.pl\/de\/produkt\/kupferreiniger\/#breadcrumb\"},\"inLanguage\":\"de\",\"potentialAction\":[{\"@type\":\"ReadAction\",\"target\":[\"https:\/\/plasmet.bochnia.pl\/de\/produkt\/kupferreiniger\/\"]}]},{\"@type\":\"ImageObject\",\"inLanguage\":\"de\",\"@id\":\"https:\/\/plasmet.bochnia.pl\/de\/produkt\/kupferreiniger\/#primaryimage\",\"url\":\"https:\/\/plasmet.bochnia.pl\/wp-content\/uploads\/2024\/11\/niemetaliczne-wlokno-czyszczace-6-x-13.jpg\",\"contentUrl\":\"https:\/\/plasmet.bochnia.pl\/wp-content\/uploads\/2024\/11\/niemetaliczne-wlokno-czyszczace-6-x-13.jpg\",\"width\":800,\"height\":600,\"caption\":\"niemetaliczne-wlokno-czyszczace-6-x-13\"},{\"@type\":\"BreadcrumbList\",\"@id\":\"https:\/\/plasmet.bochnia.pl\/de\/produkt\/kupferreiniger\/#breadcrumb\",\"itemListElement\":[{\"@type\":\"ListItem\",\"position\":1,\"name\":\"Strona g\u0142\u00f3wna\",\"item\":\"https:\/\/plasmet.bochnia.pl\/de\/\"},{\"@type\":\"ListItem\",\"position\":2,\"name\":\"Shop\",\"item\":\"https:\/\/plasmet.bochnia.pl\/de\/shop\/\"},{\"@type\":\"ListItem\",\"position\":3,\"name\":\"Kupferreiniger\"}]},{\"@type\":\"WebSite\",\"@id\":\"https:\/\/plasmet.bochnia.pl\/de\/#website\",\"url\":\"https:\/\/plasmet.bochnia.pl\/de\/\",\"name\":\"Plasmet\",\"description\":\"Plasmet\",\"alternateName\":\"Plasmet\",\"potentialAction\":[{\"@type\":\"SearchAction\",\"target\":{\"@type\":\"EntryPoint\",\"urlTemplate\":\"https:\/\/plasmet.bochnia.pl\/de\/?s={search_term_string}\"},\"query-input\":{\"@type\":\"PropertyValueSpecification\",\"valueRequired\":true,\"valueName\":\"search_term_string\"}}],\"inLanguage\":\"de\"}]}<\/script>\n<!-- \/ Yoast SEO plugin. -->","yoast_head_json":{"title":"Kupferreiniger - Plasmet","description":"Kupferreiniger \u2013 producent i hurtownia Plasmet. Oferujemy wysok\u0105 jako\u015b\u0107, szeroki wyb\u00f3r i dobre ceny. Zapraszamy do sprawdzenia oferty!","robots":{"index":"index","follow":"follow","max-snippet":"max-snippet:-1","max-image-preview":"max-image-preview:large","max-video-preview":"max-video-preview:-1"},"canonical":"https:\/\/plasmet.bochnia.pl\/de\/produkt\/kupferreiniger\/","og_locale":"de_DE","og_type":"article","og_title":"Kupferreiniger - Plasmet","og_description":"Kupferreiniger \u2013 producent i hurtownia Plasmet. Oferujemy wysok\u0105 jako\u015b\u0107, szeroki wyb\u00f3r i dobre ceny. Zapraszamy do sprawdzenia oferty!","og_url":"https:\/\/plasmet.bochnia.pl\/de\/produkt\/kupferreiniger\/","og_site_name":"Plasmet","og_image":[{"width":800,"height":600,"url":"https:\/\/plasmet.bochnia.pl\/wp-content\/uploads\/2024\/11\/niemetaliczne-wlokno-czyszczace-6-x-13.jpg","type":"image\/jpeg"}],"twitter_card":"summary_large_image","twitter_misc":{"Gesch\u00e4tzte Lesezeit":"1\u00a0Minute"},"schema":{"@context":"https:\/\/schema.org","@graph":[{"@type":"WebPage","@id":"https:\/\/plasmet.bochnia.pl\/de\/produkt\/kupferreiniger\/","url":"https:\/\/plasmet.bochnia.pl\/de\/produkt\/kupferreiniger\/","name":"Kupferreiniger - Plasmet","isPartOf":{"@id":"https:\/\/plasmet.bochnia.pl\/de\/#website"},"primaryImageOfPage":{"@id":"https:\/\/plasmet.bochnia.pl\/de\/produkt\/kupferreiniger\/#primaryimage"},"image":{"@id":"https:\/\/plasmet.bochnia.pl\/de\/produkt\/kupferreiniger\/#primaryimage"},"thumbnailUrl":"https:\/\/plasmet.bochnia.pl\/wp-content\/uploads\/2024\/11\/niemetaliczne-wlokno-czyszczace-6-x-13.jpg","datePublished":"2024-11-18T19:00:24+00:00","description":"Kupferreiniger \u2013 producent i hurtownia Plasmet. Oferujemy wysok\u0105 jako\u015b\u0107, szeroki wyb\u00f3r i dobre ceny. Zapraszamy do sprawdzenia oferty!","breadcrumb":{"@id":"https:\/\/plasmet.bochnia.pl\/de\/produkt\/kupferreiniger\/#breadcrumb"},"inLanguage":"de","potentialAction":[{"@type":"ReadAction","target":["https:\/\/plasmet.bochnia.pl\/de\/produkt\/kupferreiniger\/"]}]},{"@type":"ImageObject","inLanguage":"de","@id":"https:\/\/plasmet.bochnia.pl\/de\/produkt\/kupferreiniger\/#primaryimage","url":"https:\/\/plasmet.bochnia.pl\/wp-content\/uploads\/2024\/11\/niemetaliczne-wlokno-czyszczace-6-x-13.jpg","contentUrl":"https:\/\/plasmet.bochnia.pl\/wp-content\/uploads\/2024\/11\/niemetaliczne-wlokno-czyszczace-6-x-13.jpg","width":800,"height":600,"caption":"niemetaliczne-wlokno-czyszczace-6-x-13"},{"@type":"BreadcrumbList","@id":"https:\/\/plasmet.bochnia.pl\/de\/produkt\/kupferreiniger\/#breadcrumb","itemListElement":[{"@type":"ListItem","position":1,"name":"Strona g\u0142\u00f3wna","item":"https:\/\/plasmet.bochnia.pl\/de\/"},{"@type":"ListItem","position":2,"name":"Shop","item":"https:\/\/plasmet.bochnia.pl\/de\/shop\/"},{"@type":"ListItem","position":3,"name":"Kupferreiniger"}]},{"@type":"WebSite","@id":"https:\/\/plasmet.bochnia.pl\/de\/#website","url":"https:\/\/plasmet.bochnia.pl\/de\/","name":"Plasmet","description":"Plasmet","alternateName":"Plasmet","potentialAction":[{"@type":"SearchAction","target":{"@type":"EntryPoint","urlTemplate":"https:\/\/plasmet.bochnia.pl\/de\/?s={search_term_string}"},"query-input":{"@type":"PropertyValueSpecification","valueRequired":true,"valueName":"search_term_string"}}],"inLanguage":"de"}]}},"taxonomy_info":{"product_cat":[{"value":1295,"label":"Heizungsinstallation"},{"value":1298,"label":"Heizungszubeh\u00f6r"}],"pa_kolor":[{"value":1376,"label":"Rot"}],"pa_wersja":[{"value":1420,"label":"6 x 13"}]},"featured_image_src_large":["https:\/\/plasmet.bochnia.pl\/wp-content\/uploads\/2024\/11\/niemetaliczne-wlokno-czyszczace-6-x-13.jpg",800,600,false],"author_info":[],"comment_info":"","_links":{"self":[{"href":"https:\/\/plasmet.bochnia.pl\/de\/wp-json\/wp\/v2\/product\/14828","targetHints":{"allow":["GET"]}}],"collection":[{"href":"https:\/\/plasmet.bochnia.pl\/de\/wp-json\/wp\/v2\/product"}],"about":[{"href":"https:\/\/plasmet.bochnia.pl\/de\/wp-json\/wp\/v2\/types\/product"}],"wp:featuredmedia":[{"embeddable":true,"href":"https:\/\/plasmet.bochnia.pl\/de\/wp-json\/wp\/v2\/media\/14834"}],"wp:attachment":[{"href":"https:\/\/plasmet.bochnia.pl\/de\/wp-json\/wp\/v2\/media?parent=14828"}],"wp:term":[{"taxonomy":"product_brand","embeddable":true,"href":"https:\/\/plasmet.bochnia.pl\/de\/wp-json\/wp\/v2\/product_brand?post=14828"},{"taxonomy":"product_cat","embeddable":true,"href":"https:\/\/plasmet.bochnia.pl\/de\/wp-json\/wp\/v2\/product_cat?post=14828"},{"taxonomy":"product_tag","embeddable":true,"href":"https:\/\/plasmet.bochnia.pl\/de\/wp-json\/wp\/v2\/product_tag?post=14828"}],"curies":[{"name":"wp","href":"https:\/\/api.w.org\/{rel}","templated":true}]}}