{"id":14821,"date":"2024-11-18T20:00:24","date_gmt":"2024-11-18T19:00:24","guid":{"rendered":"https:\/\/plasmet.bochnia.pl\/produkt\/bypass-fuer-die-heizungspumpe\/"},"modified":"2024-11-18T20:00:24","modified_gmt":"2024-11-18T19:00:24","slug":"bypass-fuer-die-heizungspumpe","status":"publish","type":"product","link":"https:\/\/plasmet.bochnia.pl\/de\/produkt\/bypass-fuer-die-heizungspumpe\/","title":{"rendered":"Bypass f\u00fcr die Heizungspumpe"},"content":{"rendered":"<h2>Bypass f\u00fcr die Ofenpumpe &#8211; Flexibilit\u00e4t und Funktionalit\u00e4t<\/h2>\n<p>Der Ofenpumpen-Bypass ist ein praktischer Bestandteil des Heizungssystems, ein sogenannter Bypass zum Schutz von Festbrennstoffkesseln vor \u00fcberm\u00e4\u00dfigem Temperatur- und Druckanstieg bei Pumpenausfall oder Stromausfall. Das Produkt ist in horizontaler und vertikaler Ausf\u00fchrung erh\u00e4ltlich, mit einem breiten Durchmesserbereich von 1&#8243; (DN 25) bis 2&#8243; (DN 50). Das Design des Bypasses gew\u00e4hrleistet eine einfache Installation und einen zuverl\u00e4ssigen Betrieb.<\/p>\n<h3>Produkt Spezifikationen<\/h3>\n<ul>\n<li>Versionen: horizontal, vertikal<\/li>\n<li>Durchmesser:\n<ul>\n<li>1&#8243; (DN 25)<\/li>\n<li>5\/4&#8243; (DN 32)<\/li>\n<li>6\/4&#8243; (DN 40)<\/li>\n<li>2&#8243; (DN 50)<\/li>\n<\/ul>\n<\/li>\n<li>Zweck: Heizungsanlagen mit Umw\u00e4lzpumpen<\/li>\n<li>Material: Stahl oder Messing (je nach Version)<\/li>\n<\/ul>\n<h3>Anwendung<\/h3>\n<p>Der Kesselpumpen-Bypass wird in Zentralheizungsanlagen in Wohn-, Gewerbe- und Industriegeb\u00e4uden eingesetzt. Das Produkt sch\u00fctzt Festbrennstoffkessel vor \u00fcberm\u00e4\u00dfigem Temperatur- und Druckanstieg bei einem Pumpenausfall oder Stromausfall. <\/p>\n<h3>Produktvorteile<\/h3>\n<ul>\n<li>Erh\u00e4ltlich in horizontaler und vertikaler Ausf\u00fchrung f\u00fcr eine flexible Installation<\/li>\n<li>Breiter Durchmesserbereich f\u00fcr eine Vielzahl von Anwendungen<\/li>\n<li>Langlebigkeit und Widerstandsf\u00e4higkeit gegen Betriebsbedingungen in Heizungsanlagen<\/li>\n<li>Einfache Installation in Anlagen<\/li>\n<\/ul>\n<p>Der Bypass f\u00fcr die Ofenpumpe ist eine zuverl\u00e4ssige L\u00f6sung, die die Funktionalit\u00e4t und den Komfort von Heizungsanlagen erh\u00f6ht und dabei Langlebigkeit und Flexibilit\u00e4t bei der Systemgestaltung bietet.<\/p>\n","protected":false},"excerpt":{"rendered":"<p>Ofenpumpen-Bypass, erh\u00e4ltlich in horizontaler und vertikaler Ausf\u00fchrung mit Durchmessern von 1&#8243; (DN 25) bis 2&#8243; (DN 50). Erleichtert die Wartung und gew\u00e4hrleistet den kontinuierlichen Betrieb des Heizungssystems. <\/p>\n","protected":false},"featured_media":14824,"template":"","meta":{"_acf_changed":false,"_kad_blocks_custom_css":"","_kad_blocks_head_custom_js":"","_kad_blocks_body_custom_js":"","_kad_blocks_footer_custom_js":"","_kad_post_transparent":"","_kad_post_title":"","_kad_post_layout":"","_kad_post_sidebar_id":"","_kad_post_content_style":"","_kad_post_vertical_padding":"","_kad_post_feature":"","_kad_post_feature_position":"","_kad_post_header":false,"_kad_post_footer":false,"_kad_post_classname":""},"product_brand":[],"product_cat":[1295,1299],"product_tag":[],"class_list":{"0":"post-14821","1":"product","2":"type-product","3":"status-publish","4":"has-post-thumbnail","6":"product_cat-heizungsinstallation","7":"product_cat-sicherheitsgruppen-und-pumpenumgehungen","8":"pa_wersja-1-dn-25-niveau","9":"pa_wersja-1-dn-25-vertikal","10":"pa_wersja-2-dn-50-niveau","11":"pa_wersja-2-dn-50-vertikal","12":"pa_wersja-5-4dn-32-ebene","13":"pa_wersja-5-4dn-32-vertikal","14":"pa_wersja-6-4dn-40-ebene","15":"pa_wersja-6-4dn-40-vertikal","17":"first","18":"instock","19":"product-type-variable","20":"entry","21":"content-bg","22":"loop-entry"},"acf":[],"yoast_head":"<!-- This site is optimized with the Yoast SEO plugin v25.1 - https:\/\/yoast.com\/wordpress\/plugins\/seo\/ -->\n<title>Bypass f\u00fcr die Heizungspumpe - Plasmet<\/title>\n<meta name=\"description\" content=\"Bypass f\u00fcr die Heizungspumpe \u2013 producent i hurtownia Plasmet. Oferujemy wysok\u0105 jako\u015b\u0107, szeroki wyb\u00f3r i dobre ceny. Zapraszamy do sprawdzenia oferty!\" \/>\n<meta name=\"robots\" content=\"index, follow, max-snippet:-1, max-image-preview:large, max-video-preview:-1\" \/>\n<link rel=\"canonical\" href=\"https:\/\/plasmet.bochnia.pl\/de\/produkt\/bypass-fuer-die-heizungspumpe\/\" \/>\n<meta property=\"og:locale\" content=\"de_DE\" \/>\n<meta property=\"og:type\" content=\"article\" \/>\n<meta property=\"og:title\" content=\"Bypass f\u00fcr die Heizungspumpe - Plasmet\" \/>\n<meta property=\"og:description\" content=\"Bypass f\u00fcr die Heizungspumpe \u2013 producent i hurtownia Plasmet. Oferujemy wysok\u0105 jako\u015b\u0107, szeroki wyb\u00f3r i dobre ceny. Zapraszamy do sprawdzenia oferty!\" \/>\n<meta property=\"og:url\" content=\"https:\/\/plasmet.bochnia.pl\/de\/produkt\/bypass-fuer-die-heizungspumpe\/\" \/>\n<meta property=\"og:site_name\" content=\"Plasmet\" \/>\n<meta property=\"og:image\" content=\"https:\/\/plasmet.bochnia.pl\/wp-content\/uploads\/2024\/11\/obejscie-pompy-pieca-1-dn-25-poziom.jpg\" \/>\n\t<meta property=\"og:image:width\" content=\"800\" \/>\n\t<meta property=\"og:image:height\" content=\"600\" \/>\n\t<meta property=\"og:image:type\" content=\"image\/jpeg\" \/>\n<meta name=\"twitter:card\" content=\"summary_large_image\" \/>\n<meta name=\"twitter:label1\" content=\"Gesch\u00e4tzte Lesezeit\" \/>\n\t<meta name=\"twitter:data1\" content=\"1\u00a0Minute\" \/>\n<script type=\"application\/ld+json\" class=\"yoast-schema-graph\">{\"@context\":\"https:\/\/schema.org\",\"@graph\":[{\"@type\":\"WebPage\",\"@id\":\"https:\/\/plasmet.bochnia.pl\/de\/produkt\/bypass-fuer-die-heizungspumpe\/\",\"url\":\"https:\/\/plasmet.bochnia.pl\/de\/produkt\/bypass-fuer-die-heizungspumpe\/\",\"name\":\"Bypass f\u00fcr die Heizungspumpe - Plasmet\",\"isPartOf\":{\"@id\":\"https:\/\/plasmet.bochnia.pl\/de\/#website\"},\"primaryImageOfPage\":{\"@id\":\"https:\/\/plasmet.bochnia.pl\/de\/produkt\/bypass-fuer-die-heizungspumpe\/#primaryimage\"},\"image\":{\"@id\":\"https:\/\/plasmet.bochnia.pl\/de\/produkt\/bypass-fuer-die-heizungspumpe\/#primaryimage\"},\"thumbnailUrl\":\"https:\/\/plasmet.bochnia.pl\/wp-content\/uploads\/2024\/11\/obejscie-pompy-pieca-1-dn-25-poziom.jpg\",\"datePublished\":\"2024-11-18T19:00:24+00:00\",\"description\":\"Bypass f\u00fcr die Heizungspumpe \u2013 producent i hurtownia Plasmet. Oferujemy wysok\u0105 jako\u015b\u0107, szeroki wyb\u00f3r i dobre ceny. Zapraszamy do sprawdzenia oferty!\",\"breadcrumb\":{\"@id\":\"https:\/\/plasmet.bochnia.pl\/de\/produkt\/bypass-fuer-die-heizungspumpe\/#breadcrumb\"},\"inLanguage\":\"de\",\"potentialAction\":[{\"@type\":\"ReadAction\",\"target\":[\"https:\/\/plasmet.bochnia.pl\/de\/produkt\/bypass-fuer-die-heizungspumpe\/\"]}]},{\"@type\":\"ImageObject\",\"inLanguage\":\"de\",\"@id\":\"https:\/\/plasmet.bochnia.pl\/de\/produkt\/bypass-fuer-die-heizungspumpe\/#primaryimage\",\"url\":\"https:\/\/plasmet.bochnia.pl\/wp-content\/uploads\/2024\/11\/obejscie-pompy-pieca-1-dn-25-poziom.jpg\",\"contentUrl\":\"https:\/\/plasmet.bochnia.pl\/wp-content\/uploads\/2024\/11\/obejscie-pompy-pieca-1-dn-25-poziom.jpg\",\"width\":800,\"height\":600,\"caption\":\"obejscie-pompy-pieca-1-(dn-25)-poziom\"},{\"@type\":\"BreadcrumbList\",\"@id\":\"https:\/\/plasmet.bochnia.pl\/de\/produkt\/bypass-fuer-die-heizungspumpe\/#breadcrumb\",\"itemListElement\":[{\"@type\":\"ListItem\",\"position\":1,\"name\":\"Strona g\u0142\u00f3wna\",\"item\":\"https:\/\/plasmet.bochnia.pl\/de\/\"},{\"@type\":\"ListItem\",\"position\":2,\"name\":\"Shop\",\"item\":\"https:\/\/plasmet.bochnia.pl\/de\/shop\/\"},{\"@type\":\"ListItem\",\"position\":3,\"name\":\"Bypass f\u00fcr die Heizungspumpe\"}]},{\"@type\":\"WebSite\",\"@id\":\"https:\/\/plasmet.bochnia.pl\/de\/#website\",\"url\":\"https:\/\/plasmet.bochnia.pl\/de\/\",\"name\":\"Plasmet\",\"description\":\"Plasmet\",\"alternateName\":\"Plasmet\",\"potentialAction\":[{\"@type\":\"SearchAction\",\"target\":{\"@type\":\"EntryPoint\",\"urlTemplate\":\"https:\/\/plasmet.bochnia.pl\/de\/?s={search_term_string}\"},\"query-input\":{\"@type\":\"PropertyValueSpecification\",\"valueRequired\":true,\"valueName\":\"search_term_string\"}}],\"inLanguage\":\"de\"}]}<\/script>\n<!-- \/ Yoast SEO plugin. -->","yoast_head_json":{"title":"Bypass f\u00fcr die Heizungspumpe - Plasmet","description":"Bypass f\u00fcr die Heizungspumpe \u2013 producent i hurtownia Plasmet. Oferujemy wysok\u0105 jako\u015b\u0107, szeroki wyb\u00f3r i dobre ceny. Zapraszamy do sprawdzenia oferty!","robots":{"index":"index","follow":"follow","max-snippet":"max-snippet:-1","max-image-preview":"max-image-preview:large","max-video-preview":"max-video-preview:-1"},"canonical":"https:\/\/plasmet.bochnia.pl\/de\/produkt\/bypass-fuer-die-heizungspumpe\/","og_locale":"de_DE","og_type":"article","og_title":"Bypass f\u00fcr die Heizungspumpe - Plasmet","og_description":"Bypass f\u00fcr die Heizungspumpe \u2013 producent i hurtownia Plasmet. Oferujemy wysok\u0105 jako\u015b\u0107, szeroki wyb\u00f3r i dobre ceny. Zapraszamy do sprawdzenia oferty!","og_url":"https:\/\/plasmet.bochnia.pl\/de\/produkt\/bypass-fuer-die-heizungspumpe\/","og_site_name":"Plasmet","og_image":[{"width":800,"height":600,"url":"https:\/\/plasmet.bochnia.pl\/wp-content\/uploads\/2024\/11\/obejscie-pompy-pieca-1-dn-25-poziom.jpg","type":"image\/jpeg"}],"twitter_card":"summary_large_image","twitter_misc":{"Gesch\u00e4tzte Lesezeit":"1\u00a0Minute"},"schema":{"@context":"https:\/\/schema.org","@graph":[{"@type":"WebPage","@id":"https:\/\/plasmet.bochnia.pl\/de\/produkt\/bypass-fuer-die-heizungspumpe\/","url":"https:\/\/plasmet.bochnia.pl\/de\/produkt\/bypass-fuer-die-heizungspumpe\/","name":"Bypass f\u00fcr die Heizungspumpe - Plasmet","isPartOf":{"@id":"https:\/\/plasmet.bochnia.pl\/de\/#website"},"primaryImageOfPage":{"@id":"https:\/\/plasmet.bochnia.pl\/de\/produkt\/bypass-fuer-die-heizungspumpe\/#primaryimage"},"image":{"@id":"https:\/\/plasmet.bochnia.pl\/de\/produkt\/bypass-fuer-die-heizungspumpe\/#primaryimage"},"thumbnailUrl":"https:\/\/plasmet.bochnia.pl\/wp-content\/uploads\/2024\/11\/obejscie-pompy-pieca-1-dn-25-poziom.jpg","datePublished":"2024-11-18T19:00:24+00:00","description":"Bypass f\u00fcr die Heizungspumpe \u2013 producent i hurtownia Plasmet. Oferujemy wysok\u0105 jako\u015b\u0107, szeroki wyb\u00f3r i dobre ceny. Zapraszamy do sprawdzenia oferty!","breadcrumb":{"@id":"https:\/\/plasmet.bochnia.pl\/de\/produkt\/bypass-fuer-die-heizungspumpe\/#breadcrumb"},"inLanguage":"de","potentialAction":[{"@type":"ReadAction","target":["https:\/\/plasmet.bochnia.pl\/de\/produkt\/bypass-fuer-die-heizungspumpe\/"]}]},{"@type":"ImageObject","inLanguage":"de","@id":"https:\/\/plasmet.bochnia.pl\/de\/produkt\/bypass-fuer-die-heizungspumpe\/#primaryimage","url":"https:\/\/plasmet.bochnia.pl\/wp-content\/uploads\/2024\/11\/obejscie-pompy-pieca-1-dn-25-poziom.jpg","contentUrl":"https:\/\/plasmet.bochnia.pl\/wp-content\/uploads\/2024\/11\/obejscie-pompy-pieca-1-dn-25-poziom.jpg","width":800,"height":600,"caption":"obejscie-pompy-pieca-1-(dn-25)-poziom"},{"@type":"BreadcrumbList","@id":"https:\/\/plasmet.bochnia.pl\/de\/produkt\/bypass-fuer-die-heizungspumpe\/#breadcrumb","itemListElement":[{"@type":"ListItem","position":1,"name":"Strona g\u0142\u00f3wna","item":"https:\/\/plasmet.bochnia.pl\/de\/"},{"@type":"ListItem","position":2,"name":"Shop","item":"https:\/\/plasmet.bochnia.pl\/de\/shop\/"},{"@type":"ListItem","position":3,"name":"Bypass f\u00fcr die Heizungspumpe"}]},{"@type":"WebSite","@id":"https:\/\/plasmet.bochnia.pl\/de\/#website","url":"https:\/\/plasmet.bochnia.pl\/de\/","name":"Plasmet","description":"Plasmet","alternateName":"Plasmet","potentialAction":[{"@type":"SearchAction","target":{"@type":"EntryPoint","urlTemplate":"https:\/\/plasmet.bochnia.pl\/de\/?s={search_term_string}"},"query-input":{"@type":"PropertyValueSpecification","valueRequired":true,"valueName":"search_term_string"}}],"inLanguage":"de"}]}},"taxonomy_info":{"product_cat":[{"value":1295,"label":"Heizungsinstallation"},{"value":1299,"label":"Sicherheitsgruppen und Pumpenumgehungen"}],"pa_wersja":[{"value":1772,"label":"1' (DN 25) Niveau"},{"value":1776,"label":"1' (DN 25) vertikal"},{"value":1775,"label":"2' (DN 50) Niveau"},{"value":1779,"label":"2' (DN 50) vertikal"},{"value":1773,"label":"5\/4'(DN 32) Ebene"},{"value":1777,"label":"5\/4'(DN 32) vertikal"},{"value":1774,"label":"6\/4'(DN 40) Ebene"},{"value":1778,"label":"6\/4'(DN 40) vertikal"}]},"featured_image_src_large":["https:\/\/plasmet.bochnia.pl\/wp-content\/uploads\/2024\/11\/obejscie-pompy-pieca-1-dn-25-poziom.jpg",800,600,false],"author_info":[],"comment_info":"","_links":{"self":[{"href":"https:\/\/plasmet.bochnia.pl\/de\/wp-json\/wp\/v2\/product\/14821","targetHints":{"allow":["GET"]}}],"collection":[{"href":"https:\/\/plasmet.bochnia.pl\/de\/wp-json\/wp\/v2\/product"}],"about":[{"href":"https:\/\/plasmet.bochnia.pl\/de\/wp-json\/wp\/v2\/types\/product"}],"wp:featuredmedia":[{"embeddable":true,"href":"https:\/\/plasmet.bochnia.pl\/de\/wp-json\/wp\/v2\/media\/14824"}],"wp:attachment":[{"href":"https:\/\/plasmet.bochnia.pl\/de\/wp-json\/wp\/v2\/media?parent=14821"}],"wp:term":[{"taxonomy":"product_brand","embeddable":true,"href":"https:\/\/plasmet.bochnia.pl\/de\/wp-json\/wp\/v2\/product_brand?post=14821"},{"taxonomy":"product_cat","embeddable":true,"href":"https:\/\/plasmet.bochnia.pl\/de\/wp-json\/wp\/v2\/product_cat?post=14821"},{"taxonomy":"product_tag","embeddable":true,"href":"https:\/\/plasmet.bochnia.pl\/de\/wp-json\/wp\/v2\/product_tag?post=14821"}],"curies":[{"name":"wp","href":"https:\/\/api.w.org\/{rel}","templated":true}]}}