{"id":14625,"date":"2024-11-18T20:00:24","date_gmt":"2024-11-18T19:00:24","guid":{"rendered":"https:\/\/plasmet.bochnia.pl\/produkt\/weisse-geteilte-rosette\/"},"modified":"2024-11-18T20:00:24","modified_gmt":"2024-11-18T19:00:24","slug":"weisse-geteilte-rosette","status":"publish","type":"product","link":"https:\/\/plasmet.bochnia.pl\/de\/produkt\/weisse-geteilte-rosette\/","title":{"rendered":"Wei\u00dfe geteilte Rosette"},"content":{"rendered":"<h2>Rosette &#8211; ein \u00e4sthetisch ansprechender Abschluss f\u00fcr die Installation<\/h2>\n<p>Die wei\u00dfe Rosette ist ein praktisches Zubeh\u00f6r, um L\u00f6cher in Rohren und Installationen \u00e4sthetisch zu verdecken. Dank seiner Verf\u00fcgbarkeit in einer gro\u00dfen Auswahl an Gr\u00f6\u00dfen (15, 16, 18, 20, 22, 25, 28, 32, 50 mm) kann das Produkt an verschiedene Rohrdurchmesser angepasst werden und sorgt f\u00fcr einen sauberen Innenausbau. Die Rosette besteht aus langlebigen Materialien, die resistent gegen Feuchtigkeit und mechanische Besch\u00e4digungen sind.  <\/p>\n<h3>Produkt Spezifikationen<\/h3>\n<ul>\n<li>Farbe: Wei\u00df<\/li>\n<li>Versionen:\n<ul>\n<li>15 mm<\/li>\n<li>16 mm<\/li>\n<li>18 mm<\/li>\n<li>20 mm<\/li>\n<li>22 mm<\/li>\n<li>28 mm<\/li>\n<li>32 mm<\/li>\n<li>50 mm<\/li>\n<\/ul>\n<\/li>\n<li>Anwendung: Nachbearbeitung von Rohrl\u00f6chern<\/li>\n<li>Material: feuchtigkeitsbest\u00e4ndiger Kunststoff<\/li>\n<\/ul>\n<h3>Anwendung<\/h3>\n<p>Die Rosette wird in Wasser- und Heizungsinstallationen in Wohn-, Gewerbe- und Industriegeb\u00e4uden verwendet. Das Produkt sorgt f\u00fcr einen \u00e4sthetisch ansprechenden Abschluss von \u00d6ffnungen und kaschiert Unebenheiten, wenn Rohre durch W\u00e4nde oder B\u00f6den verlaufen. <\/p>\n<h3>Produktvorteile<\/h3>\n<ul>\n<li>Gro\u00dfe Auswahl an Gr\u00f6\u00dfen f\u00fcr verschiedene Rohre<\/li>\n<li>Widerstandsf\u00e4higkeit gegen Feuchtigkeit und mechanische Besch\u00e4digung<\/li>\n<li>Einfache Installation<\/li>\n<li>\u00c4sthetische wei\u00dfe Farbe, die zu modernen Innenr\u00e4umen passt<\/li>\n<li>Vielseitiger Einsatz in Wasser- und Heizungssystemen<\/li>\n<\/ul>\n<p>Die wei\u00dfe Rosette ist eine zuverl\u00e4ssige und \u00e4sthetisch ansprechende L\u00f6sung f\u00fcr Installateure und Benutzer, die einen sauberen Abschluss der Installation sicherstellen m\u00f6chten. Dank der langlebigen Materialien und einer gro\u00dfen Auswahl an Gr\u00f6\u00dfen eignet sich das Produkt f\u00fcr eine Vielzahl von Projekten. <\/p>\n","protected":false},"excerpt":{"rendered":"<p>Rosette in Wei\u00df, erh\u00e4ltlich in Ausf\u00fchrungen von 15 bis 50 mm. Entworfen f\u00fcr den \u00e4sthetischen Abschluss von \u00d6ffnungen in Heizungs- und Wasserinstallationen. <\/p>\n","protected":false},"featured_media":14627,"template":"","meta":{"_acf_changed":false,"_kad_blocks_custom_css":"","_kad_blocks_head_custom_js":"","_kad_blocks_body_custom_js":"","_kad_blocks_footer_custom_js":"","_kad_post_transparent":"","_kad_post_title":"","_kad_post_layout":"","_kad_post_sidebar_id":"","_kad_post_content_style":"","_kad_post_vertical_padding":"","_kad_post_feature":"","_kad_post_feature_position":"","_kad_post_header":false,"_kad_post_footer":false,"_kad_post_classname":""},"product_brand":[],"product_cat":[1303,1295],"product_tag":[],"class_list":{"0":"post-14625","1":"product","2":"type-product","3":"status-publish","4":"has-post-thumbnail","6":"product_cat-abdeckrosetten","7":"product_cat-heizungsinstallation","8":"pa_kolor-weis","9":"pa_wersja-15-de","10":"pa_wersja-16-de","11":"pa_wersja-18-de","12":"pa_wersja-20-de","13":"pa_wersja-22-de","14":"pa_wersja-25-de","15":"pa_wersja-28-de","16":"pa_wersja-32-de","17":"pa_wersja-50-de","19":"first","20":"instock","21":"product-type-variable","22":"entry","23":"content-bg","24":"loop-entry"},"acf":[],"yoast_head":"<!-- This site is optimized with the Yoast SEO plugin v25.1 - https:\/\/yoast.com\/wordpress\/plugins\/seo\/ -->\n<title>Wei\u00dfe geteilte Rosette - Plasmet<\/title>\n<meta name=\"description\" content=\"Wei\u00dfe geteilte Rosette \u2013 producent i hurtownia Plasmet. Oferujemy wysok\u0105 jako\u015b\u0107, szeroki wyb\u00f3r i dobre ceny. Zapraszamy do sprawdzenia oferty!\" \/>\n<meta name=\"robots\" content=\"index, follow, max-snippet:-1, max-image-preview:large, max-video-preview:-1\" \/>\n<link rel=\"canonical\" href=\"https:\/\/plasmet.bochnia.pl\/de\/produkt\/weisse-geteilte-rosette\/\" \/>\n<meta property=\"og:locale\" content=\"de_DE\" \/>\n<meta property=\"og:type\" content=\"article\" \/>\n<meta property=\"og:title\" content=\"Wei\u00dfe geteilte Rosette - Plasmet\" \/>\n<meta property=\"og:description\" content=\"Wei\u00dfe geteilte Rosette \u2013 producent i hurtownia Plasmet. Oferujemy wysok\u0105 jako\u015b\u0107, szeroki wyb\u00f3r i dobre ceny. Zapraszamy do sprawdzenia oferty!\" \/>\n<meta property=\"og:url\" content=\"https:\/\/plasmet.bochnia.pl\/de\/produkt\/weisse-geteilte-rosette\/\" \/>\n<meta property=\"og:site_name\" content=\"Plasmet\" \/>\n<meta property=\"og:image\" content=\"https:\/\/plasmet.bochnia.pl\/wp-content\/uploads\/2024\/11\/rozetka-15.jpg\" \/>\n\t<meta property=\"og:image:width\" content=\"800\" \/>\n\t<meta property=\"og:image:height\" content=\"600\" \/>\n\t<meta property=\"og:image:type\" content=\"image\/jpeg\" \/>\n<meta name=\"twitter:card\" content=\"summary_large_image\" \/>\n<meta name=\"twitter:label1\" content=\"Gesch\u00e4tzte Lesezeit\" \/>\n\t<meta name=\"twitter:data1\" content=\"1\u00a0Minute\" \/>\n<script type=\"application\/ld+json\" class=\"yoast-schema-graph\">{\"@context\":\"https:\/\/schema.org\",\"@graph\":[{\"@type\":\"WebPage\",\"@id\":\"https:\/\/plasmet.bochnia.pl\/de\/produkt\/weisse-geteilte-rosette\/\",\"url\":\"https:\/\/plasmet.bochnia.pl\/de\/produkt\/weisse-geteilte-rosette\/\",\"name\":\"Wei\u00dfe geteilte Rosette - Plasmet\",\"isPartOf\":{\"@id\":\"https:\/\/plasmet.bochnia.pl\/de\/#website\"},\"primaryImageOfPage\":{\"@id\":\"https:\/\/plasmet.bochnia.pl\/de\/produkt\/weisse-geteilte-rosette\/#primaryimage\"},\"image\":{\"@id\":\"https:\/\/plasmet.bochnia.pl\/de\/produkt\/weisse-geteilte-rosette\/#primaryimage\"},\"thumbnailUrl\":\"https:\/\/plasmet.bochnia.pl\/wp-content\/uploads\/2024\/11\/rozetka-15.jpg\",\"datePublished\":\"2024-11-18T19:00:24+00:00\",\"description\":\"Wei\u00dfe geteilte Rosette \u2013 producent i hurtownia Plasmet. Oferujemy wysok\u0105 jako\u015b\u0107, szeroki wyb\u00f3r i dobre ceny. Zapraszamy do sprawdzenia oferty!\",\"breadcrumb\":{\"@id\":\"https:\/\/plasmet.bochnia.pl\/de\/produkt\/weisse-geteilte-rosette\/#breadcrumb\"},\"inLanguage\":\"de\",\"potentialAction\":[{\"@type\":\"ReadAction\",\"target\":[\"https:\/\/plasmet.bochnia.pl\/de\/produkt\/weisse-geteilte-rosette\/\"]}]},{\"@type\":\"ImageObject\",\"inLanguage\":\"de\",\"@id\":\"https:\/\/plasmet.bochnia.pl\/de\/produkt\/weisse-geteilte-rosette\/#primaryimage\",\"url\":\"https:\/\/plasmet.bochnia.pl\/wp-content\/uploads\/2024\/11\/rozetka-15.jpg\",\"contentUrl\":\"https:\/\/plasmet.bochnia.pl\/wp-content\/uploads\/2024\/11\/rozetka-15.jpg\",\"width\":800,\"height\":600,\"caption\":\"rozetka-15\"},{\"@type\":\"BreadcrumbList\",\"@id\":\"https:\/\/plasmet.bochnia.pl\/de\/produkt\/weisse-geteilte-rosette\/#breadcrumb\",\"itemListElement\":[{\"@type\":\"ListItem\",\"position\":1,\"name\":\"Strona g\u0142\u00f3wna\",\"item\":\"https:\/\/plasmet.bochnia.pl\/de\/\"},{\"@type\":\"ListItem\",\"position\":2,\"name\":\"Shop\",\"item\":\"https:\/\/plasmet.bochnia.pl\/de\/shop\/\"},{\"@type\":\"ListItem\",\"position\":3,\"name\":\"Wei\u00dfe geteilte Rosette\"}]},{\"@type\":\"WebSite\",\"@id\":\"https:\/\/plasmet.bochnia.pl\/de\/#website\",\"url\":\"https:\/\/plasmet.bochnia.pl\/de\/\",\"name\":\"Plasmet\",\"description\":\"Plasmet\",\"alternateName\":\"Plasmet\",\"potentialAction\":[{\"@type\":\"SearchAction\",\"target\":{\"@type\":\"EntryPoint\",\"urlTemplate\":\"https:\/\/plasmet.bochnia.pl\/de\/?s={search_term_string}\"},\"query-input\":{\"@type\":\"PropertyValueSpecification\",\"valueRequired\":true,\"valueName\":\"search_term_string\"}}],\"inLanguage\":\"de\"}]}<\/script>\n<!-- \/ Yoast SEO plugin. -->","yoast_head_json":{"title":"Wei\u00dfe geteilte Rosette - Plasmet","description":"Wei\u00dfe geteilte Rosette \u2013 producent i hurtownia Plasmet. Oferujemy wysok\u0105 jako\u015b\u0107, szeroki wyb\u00f3r i dobre ceny. Zapraszamy do sprawdzenia oferty!","robots":{"index":"index","follow":"follow","max-snippet":"max-snippet:-1","max-image-preview":"max-image-preview:large","max-video-preview":"max-video-preview:-1"},"canonical":"https:\/\/plasmet.bochnia.pl\/de\/produkt\/weisse-geteilte-rosette\/","og_locale":"de_DE","og_type":"article","og_title":"Wei\u00dfe geteilte Rosette - Plasmet","og_description":"Wei\u00dfe geteilte Rosette \u2013 producent i hurtownia Plasmet. Oferujemy wysok\u0105 jako\u015b\u0107, szeroki wyb\u00f3r i dobre ceny. Zapraszamy do sprawdzenia oferty!","og_url":"https:\/\/plasmet.bochnia.pl\/de\/produkt\/weisse-geteilte-rosette\/","og_site_name":"Plasmet","og_image":[{"width":800,"height":600,"url":"https:\/\/plasmet.bochnia.pl\/wp-content\/uploads\/2024\/11\/rozetka-15.jpg","type":"image\/jpeg"}],"twitter_card":"summary_large_image","twitter_misc":{"Gesch\u00e4tzte Lesezeit":"1\u00a0Minute"},"schema":{"@context":"https:\/\/schema.org","@graph":[{"@type":"WebPage","@id":"https:\/\/plasmet.bochnia.pl\/de\/produkt\/weisse-geteilte-rosette\/","url":"https:\/\/plasmet.bochnia.pl\/de\/produkt\/weisse-geteilte-rosette\/","name":"Wei\u00dfe geteilte Rosette - Plasmet","isPartOf":{"@id":"https:\/\/plasmet.bochnia.pl\/de\/#website"},"primaryImageOfPage":{"@id":"https:\/\/plasmet.bochnia.pl\/de\/produkt\/weisse-geteilte-rosette\/#primaryimage"},"image":{"@id":"https:\/\/plasmet.bochnia.pl\/de\/produkt\/weisse-geteilte-rosette\/#primaryimage"},"thumbnailUrl":"https:\/\/plasmet.bochnia.pl\/wp-content\/uploads\/2024\/11\/rozetka-15.jpg","datePublished":"2024-11-18T19:00:24+00:00","description":"Wei\u00dfe geteilte Rosette \u2013 producent i hurtownia Plasmet. Oferujemy wysok\u0105 jako\u015b\u0107, szeroki wyb\u00f3r i dobre ceny. Zapraszamy do sprawdzenia oferty!","breadcrumb":{"@id":"https:\/\/plasmet.bochnia.pl\/de\/produkt\/weisse-geteilte-rosette\/#breadcrumb"},"inLanguage":"de","potentialAction":[{"@type":"ReadAction","target":["https:\/\/plasmet.bochnia.pl\/de\/produkt\/weisse-geteilte-rosette\/"]}]},{"@type":"ImageObject","inLanguage":"de","@id":"https:\/\/plasmet.bochnia.pl\/de\/produkt\/weisse-geteilte-rosette\/#primaryimage","url":"https:\/\/plasmet.bochnia.pl\/wp-content\/uploads\/2024\/11\/rozetka-15.jpg","contentUrl":"https:\/\/plasmet.bochnia.pl\/wp-content\/uploads\/2024\/11\/rozetka-15.jpg","width":800,"height":600,"caption":"rozetka-15"},{"@type":"BreadcrumbList","@id":"https:\/\/plasmet.bochnia.pl\/de\/produkt\/weisse-geteilte-rosette\/#breadcrumb","itemListElement":[{"@type":"ListItem","position":1,"name":"Strona g\u0142\u00f3wna","item":"https:\/\/plasmet.bochnia.pl\/de\/"},{"@type":"ListItem","position":2,"name":"Shop","item":"https:\/\/plasmet.bochnia.pl\/de\/shop\/"},{"@type":"ListItem","position":3,"name":"Wei\u00dfe geteilte Rosette"}]},{"@type":"WebSite","@id":"https:\/\/plasmet.bochnia.pl\/de\/#website","url":"https:\/\/plasmet.bochnia.pl\/de\/","name":"Plasmet","description":"Plasmet","alternateName":"Plasmet","potentialAction":[{"@type":"SearchAction","target":{"@type":"EntryPoint","urlTemplate":"https:\/\/plasmet.bochnia.pl\/de\/?s={search_term_string}"},"query-input":{"@type":"PropertyValueSpecification","valueRequired":true,"valueName":"search_term_string"}}],"inLanguage":"de"}]}},"taxonomy_info":{"product_cat":[{"value":1303,"label":"Abdeckrosetten"},{"value":1295,"label":"Heizungsinstallation"}],"pa_kolor":[{"value":1372,"label":"Wei\u00df"}],"pa_wersja":[{"value":1467,"label":"15"},{"value":1472,"label":"16"},{"value":1476,"label":"18"},{"value":1478,"label":"20"},{"value":1482,"label":"22"},{"value":1484,"label":"25"},{"value":1486,"label":"28"},{"value":1490,"label":"32"},{"value":1560,"label":"50"}]},"featured_image_src_large":["https:\/\/plasmet.bochnia.pl\/wp-content\/uploads\/2024\/11\/rozetka-15.jpg",800,600,false],"author_info":[],"comment_info":"","_links":{"self":[{"href":"https:\/\/plasmet.bochnia.pl\/de\/wp-json\/wp\/v2\/product\/14625","targetHints":{"allow":["GET"]}}],"collection":[{"href":"https:\/\/plasmet.bochnia.pl\/de\/wp-json\/wp\/v2\/product"}],"about":[{"href":"https:\/\/plasmet.bochnia.pl\/de\/wp-json\/wp\/v2\/types\/product"}],"wp:featuredmedia":[{"embeddable":true,"href":"https:\/\/plasmet.bochnia.pl\/de\/wp-json\/wp\/v2\/media\/14627"}],"wp:attachment":[{"href":"https:\/\/plasmet.bochnia.pl\/de\/wp-json\/wp\/v2\/media?parent=14625"}],"wp:term":[{"taxonomy":"product_brand","embeddable":true,"href":"https:\/\/plasmet.bochnia.pl\/de\/wp-json\/wp\/v2\/product_brand?post=14625"},{"taxonomy":"product_cat","embeddable":true,"href":"https:\/\/plasmet.bochnia.pl\/de\/wp-json\/wp\/v2\/product_cat?post=14625"},{"taxonomy":"product_tag","embeddable":true,"href":"https:\/\/plasmet.bochnia.pl\/de\/wp-json\/wp\/v2\/product_tag?post=14625"}],"curies":[{"name":"wp","href":"https:\/\/api.w.org\/{rel}","templated":true}]}}