{"id":14603,"date":"2024-11-18T19:59:45","date_gmt":"2024-11-18T18:59:45","guid":{"rendered":"https:\/\/plasmet.bochnia.pl\/produkt\/satz-kuehlerdeckel-mit-dichtung\/"},"modified":"2024-11-18T19:59:45","modified_gmt":"2024-11-18T18:59:45","slug":"satz-kuehlerdeckel-mit-dichtung","status":"publish","type":"product","link":"https:\/\/plasmet.bochnia.pl\/de\/produkt\/satz-kuehlerdeckel-mit-dichtung\/","title":{"rendered":"Satz K\u00fchlerdeckel mit Dichtung"},"content":{"rendered":"<h2>K\u00fchlerdeckel-Set mit Dichtung &#8211; Dichtheit und Vielseitigkeit<\/h2>\n<p>Das Set K\u00fchlerverschlussstopfen mit Dichtung ist eine praktische L\u00f6sung zum dichten Verschlie\u00dfen von K\u00fchler\u00f6ffnungen, um das Risiko von Lecks in Heizungsanlagen zu beseitigen. Es besteht aus zwei linken und zwei rechten Heizk\u00f6rperverschl\u00fcssen, einer Kappe mit O-Ring, einem Entl\u00fcftungsventil und einem Schl\u00fcssel zum Entl\u00fcften des Systems. Das Set ist mit Heizk\u00f6rpern mit Standardgewinde kompatibel.  <\/p>\n<h3>Produkt Spezifikationen<\/h3>\n<p>Enthalten sind:<\/p>\n<ul>\n<li>Heizk\u00f6rperstecker links 1&#8217;x1\/2&#8242; &#8211; 2 St\u00fcck<\/li>\n<li>Heizk\u00f6rperstecker rechts 1&#8217;x1\/2&#8242; &#8211; 2 St\u00fcck<\/li>\n<li>1\/2&#8243; manueller Entl\u00fcfter &#8211; 1 St.<\/li>\n<li>Entl\u00fcftungsschl\u00fcssel &#8211; 1 Stk.<\/li>\n<li>K\u00fchlerverschluss mit 1\/2&#8243; O-Ring &#8211; 1 St.<\/li>\n<\/ul>\n<h3>Anwendung<\/h3>\n<p>Das Heizk\u00f6rperstopfen-Set wird in den Heizungsanlagen von Wohn-, Gewerbe- und Industriegeb\u00e4uden verwendet. Das Produkt erm\u00f6glicht einen einfachen Schutz der Heizk\u00f6rper\u00f6ffnungen und garantiert die Dichtheit und den ordnungsgem\u00e4\u00dfen Betrieb des Systems. <\/p>\n<h3>Produktvorteile<\/h3>\n<ul>\n<li>Effektive Beseitigung von Lecks im Heizungssystem<\/li>\n<li>Vielseitig einsetzbar f\u00fcr verschiedene Arten von Heizk\u00f6rpern<\/li>\n<li>Leichte Montage und Demontage<\/li>\n<li>Geeignet f\u00fcr Systeme, die Dichtheit in rauen Umgebungen erfordern<\/li>\n<\/ul>\n<p>Das Heizk\u00f6rperstopfen-Set mit Dichtung ist eine zuverl\u00e4ssige Wahl f\u00fcr Installateure und Benutzer, die eine flexible und dauerhafte L\u00f6sung f\u00fcr ihre Heizungsanlagen suchen.<\/p>\n","protected":false},"excerpt":{"rendered":"<p>Das Set Heizk\u00f6rperstopfen mit Dichtung wird zum Verschlie\u00dfen der Rohre im Zentralheizungssystem verwendet. Der im Set enthaltene Entl\u00fcfter erm\u00f6glicht es, die Luft aus dem System zu entfernen, was einen Einfluss auf dessen effizienten und dauerhaften Betrieb hat. <\/p>\n","protected":false},"featured_media":14605,"template":"","meta":{"_acf_changed":false,"_kad_blocks_custom_css":"","_kad_blocks_head_custom_js":"","_kad_blocks_body_custom_js":"","_kad_blocks_footer_custom_js":"","_kad_post_transparent":"","_kad_post_title":"","_kad_post_layout":"","_kad_post_sidebar_id":"","_kad_post_content_style":"","_kad_post_vertical_padding":"","_kad_post_feature":"","_kad_post_feature_position":"","_kad_post_header":false,"_kad_post_footer":false,"_kad_post_classname":""},"product_brand":[],"product_cat":[1295,1298],"product_tag":[],"class_list":{"0":"post-14603","1":"product","2":"type-product","3":"status-publish","4":"has-post-thumbnail","6":"product_cat-heizungsinstallation","7":"product_cat-heizungszubehor","8":"pa_kolor-weis","10":"first","11":"instock","12":"product-type-variable","13":"entry","14":"content-bg","15":"loop-entry"},"acf":[],"yoast_head":"<!-- This site is optimized with the Yoast SEO plugin v25.1 - https:\/\/yoast.com\/wordpress\/plugins\/seo\/ -->\n<title>Satz K\u00fchlerdeckel mit Dichtung - Plasmet<\/title>\n<meta name=\"description\" content=\"Satz K\u00fchlerdeckel mit Dichtung \u2013 producent i hurtownia Plasmet. Oferujemy wysok\u0105 jako\u015b\u0107, szeroki wyb\u00f3r i dobre ceny. Zapraszamy do sprawdzenia oferty!\" \/>\n<meta name=\"robots\" content=\"index, follow, max-snippet:-1, max-image-preview:large, max-video-preview:-1\" \/>\n<link rel=\"canonical\" href=\"https:\/\/plasmet.bochnia.pl\/de\/produkt\/satz-kuehlerdeckel-mit-dichtung\/\" \/>\n<meta property=\"og:locale\" content=\"de_DE\" \/>\n<meta property=\"og:type\" content=\"article\" \/>\n<meta property=\"og:title\" content=\"Satz K\u00fchlerdeckel mit Dichtung - Plasmet\" \/>\n<meta property=\"og:description\" content=\"Satz K\u00fchlerdeckel mit Dichtung \u2013 producent i hurtownia Plasmet. Oferujemy wysok\u0105 jako\u015b\u0107, szeroki wyb\u00f3r i dobre ceny. Zapraszamy do sprawdzenia oferty!\" \/>\n<meta property=\"og:url\" content=\"https:\/\/plasmet.bochnia.pl\/de\/produkt\/satz-kuehlerdeckel-mit-dichtung\/\" \/>\n<meta property=\"og:site_name\" content=\"Plasmet\" \/>\n<meta property=\"og:image\" content=\"https:\/\/plasmet.bochnia.pl\/wp-content\/uploads\/2024\/11\/zestaw-korkow-grzejnikowych-z-uszczelka-oring-fibra-silikon.jpg\" \/>\n\t<meta property=\"og:image:width\" content=\"800\" \/>\n\t<meta property=\"og:image:height\" content=\"600\" \/>\n\t<meta property=\"og:image:type\" content=\"image\/jpeg\" \/>\n<meta name=\"twitter:card\" content=\"summary_large_image\" \/>\n<meta name=\"twitter:label1\" content=\"Gesch\u00e4tzte Lesezeit\" \/>\n\t<meta name=\"twitter:data1\" content=\"1\u00a0Minute\" \/>\n<script type=\"application\/ld+json\" class=\"yoast-schema-graph\">{\"@context\":\"https:\/\/schema.org\",\"@graph\":[{\"@type\":\"WebPage\",\"@id\":\"https:\/\/plasmet.bochnia.pl\/de\/produkt\/satz-kuehlerdeckel-mit-dichtung\/\",\"url\":\"https:\/\/plasmet.bochnia.pl\/de\/produkt\/satz-kuehlerdeckel-mit-dichtung\/\",\"name\":\"Satz K\u00fchlerdeckel mit Dichtung - Plasmet\",\"isPartOf\":{\"@id\":\"https:\/\/plasmet.bochnia.pl\/de\/#website\"},\"primaryImageOfPage\":{\"@id\":\"https:\/\/plasmet.bochnia.pl\/de\/produkt\/satz-kuehlerdeckel-mit-dichtung\/#primaryimage\"},\"image\":{\"@id\":\"https:\/\/plasmet.bochnia.pl\/de\/produkt\/satz-kuehlerdeckel-mit-dichtung\/#primaryimage\"},\"thumbnailUrl\":\"https:\/\/plasmet.bochnia.pl\/wp-content\/uploads\/2024\/11\/zestaw-korkow-grzejnikowych-z-uszczelka-oring-fibra-silikon.jpg\",\"datePublished\":\"2024-11-18T18:59:45+00:00\",\"description\":\"Satz K\u00fchlerdeckel mit Dichtung \u2013 producent i hurtownia Plasmet. Oferujemy wysok\u0105 jako\u015b\u0107, szeroki wyb\u00f3r i dobre ceny. Zapraszamy do sprawdzenia oferty!\",\"breadcrumb\":{\"@id\":\"https:\/\/plasmet.bochnia.pl\/de\/produkt\/satz-kuehlerdeckel-mit-dichtung\/#breadcrumb\"},\"inLanguage\":\"de\",\"potentialAction\":[{\"@type\":\"ReadAction\",\"target\":[\"https:\/\/plasmet.bochnia.pl\/de\/produkt\/satz-kuehlerdeckel-mit-dichtung\/\"]}]},{\"@type\":\"ImageObject\",\"inLanguage\":\"de\",\"@id\":\"https:\/\/plasmet.bochnia.pl\/de\/produkt\/satz-kuehlerdeckel-mit-dichtung\/#primaryimage\",\"url\":\"https:\/\/plasmet.bochnia.pl\/wp-content\/uploads\/2024\/11\/zestaw-korkow-grzejnikowych-z-uszczelka-oring-fibra-silikon.jpg\",\"contentUrl\":\"https:\/\/plasmet.bochnia.pl\/wp-content\/uploads\/2024\/11\/zestaw-korkow-grzejnikowych-z-uszczelka-oring-fibra-silikon.jpg\",\"width\":800,\"height\":600,\"caption\":\"zestaw-korkow-grzejnikowych-z-uszczelka-oring-fibra-silikon\"},{\"@type\":\"BreadcrumbList\",\"@id\":\"https:\/\/plasmet.bochnia.pl\/de\/produkt\/satz-kuehlerdeckel-mit-dichtung\/#breadcrumb\",\"itemListElement\":[{\"@type\":\"ListItem\",\"position\":1,\"name\":\"Strona g\u0142\u00f3wna\",\"item\":\"https:\/\/plasmet.bochnia.pl\/de\/\"},{\"@type\":\"ListItem\",\"position\":2,\"name\":\"Shop\",\"item\":\"https:\/\/plasmet.bochnia.pl\/de\/shop\/\"},{\"@type\":\"ListItem\",\"position\":3,\"name\":\"Satz K\u00fchlerdeckel mit Dichtung\"}]},{\"@type\":\"WebSite\",\"@id\":\"https:\/\/plasmet.bochnia.pl\/de\/#website\",\"url\":\"https:\/\/plasmet.bochnia.pl\/de\/\",\"name\":\"Plasmet\",\"description\":\"Plasmet\",\"alternateName\":\"Plasmet\",\"potentialAction\":[{\"@type\":\"SearchAction\",\"target\":{\"@type\":\"EntryPoint\",\"urlTemplate\":\"https:\/\/plasmet.bochnia.pl\/de\/?s={search_term_string}\"},\"query-input\":{\"@type\":\"PropertyValueSpecification\",\"valueRequired\":true,\"valueName\":\"search_term_string\"}}],\"inLanguage\":\"de\"}]}<\/script>\n<!-- \/ Yoast SEO plugin. -->","yoast_head_json":{"title":"Satz K\u00fchlerdeckel mit Dichtung - Plasmet","description":"Satz K\u00fchlerdeckel mit Dichtung \u2013 producent i hurtownia Plasmet. Oferujemy wysok\u0105 jako\u015b\u0107, szeroki wyb\u00f3r i dobre ceny. Zapraszamy do sprawdzenia oferty!","robots":{"index":"index","follow":"follow","max-snippet":"max-snippet:-1","max-image-preview":"max-image-preview:large","max-video-preview":"max-video-preview:-1"},"canonical":"https:\/\/plasmet.bochnia.pl\/de\/produkt\/satz-kuehlerdeckel-mit-dichtung\/","og_locale":"de_DE","og_type":"article","og_title":"Satz K\u00fchlerdeckel mit Dichtung - Plasmet","og_description":"Satz K\u00fchlerdeckel mit Dichtung \u2013 producent i hurtownia Plasmet. Oferujemy wysok\u0105 jako\u015b\u0107, szeroki wyb\u00f3r i dobre ceny. Zapraszamy do sprawdzenia oferty!","og_url":"https:\/\/plasmet.bochnia.pl\/de\/produkt\/satz-kuehlerdeckel-mit-dichtung\/","og_site_name":"Plasmet","og_image":[{"width":800,"height":600,"url":"https:\/\/plasmet.bochnia.pl\/wp-content\/uploads\/2024\/11\/zestaw-korkow-grzejnikowych-z-uszczelka-oring-fibra-silikon.jpg","type":"image\/jpeg"}],"twitter_card":"summary_large_image","twitter_misc":{"Gesch\u00e4tzte Lesezeit":"1\u00a0Minute"},"schema":{"@context":"https:\/\/schema.org","@graph":[{"@type":"WebPage","@id":"https:\/\/plasmet.bochnia.pl\/de\/produkt\/satz-kuehlerdeckel-mit-dichtung\/","url":"https:\/\/plasmet.bochnia.pl\/de\/produkt\/satz-kuehlerdeckel-mit-dichtung\/","name":"Satz K\u00fchlerdeckel mit Dichtung - Plasmet","isPartOf":{"@id":"https:\/\/plasmet.bochnia.pl\/de\/#website"},"primaryImageOfPage":{"@id":"https:\/\/plasmet.bochnia.pl\/de\/produkt\/satz-kuehlerdeckel-mit-dichtung\/#primaryimage"},"image":{"@id":"https:\/\/plasmet.bochnia.pl\/de\/produkt\/satz-kuehlerdeckel-mit-dichtung\/#primaryimage"},"thumbnailUrl":"https:\/\/plasmet.bochnia.pl\/wp-content\/uploads\/2024\/11\/zestaw-korkow-grzejnikowych-z-uszczelka-oring-fibra-silikon.jpg","datePublished":"2024-11-18T18:59:45+00:00","description":"Satz K\u00fchlerdeckel mit Dichtung \u2013 producent i hurtownia Plasmet. Oferujemy wysok\u0105 jako\u015b\u0107, szeroki wyb\u00f3r i dobre ceny. Zapraszamy do sprawdzenia oferty!","breadcrumb":{"@id":"https:\/\/plasmet.bochnia.pl\/de\/produkt\/satz-kuehlerdeckel-mit-dichtung\/#breadcrumb"},"inLanguage":"de","potentialAction":[{"@type":"ReadAction","target":["https:\/\/plasmet.bochnia.pl\/de\/produkt\/satz-kuehlerdeckel-mit-dichtung\/"]}]},{"@type":"ImageObject","inLanguage":"de","@id":"https:\/\/plasmet.bochnia.pl\/de\/produkt\/satz-kuehlerdeckel-mit-dichtung\/#primaryimage","url":"https:\/\/plasmet.bochnia.pl\/wp-content\/uploads\/2024\/11\/zestaw-korkow-grzejnikowych-z-uszczelka-oring-fibra-silikon.jpg","contentUrl":"https:\/\/plasmet.bochnia.pl\/wp-content\/uploads\/2024\/11\/zestaw-korkow-grzejnikowych-z-uszczelka-oring-fibra-silikon.jpg","width":800,"height":600,"caption":"zestaw-korkow-grzejnikowych-z-uszczelka-oring-fibra-silikon"},{"@type":"BreadcrumbList","@id":"https:\/\/plasmet.bochnia.pl\/de\/produkt\/satz-kuehlerdeckel-mit-dichtung\/#breadcrumb","itemListElement":[{"@type":"ListItem","position":1,"name":"Strona g\u0142\u00f3wna","item":"https:\/\/plasmet.bochnia.pl\/de\/"},{"@type":"ListItem","position":2,"name":"Shop","item":"https:\/\/plasmet.bochnia.pl\/de\/shop\/"},{"@type":"ListItem","position":3,"name":"Satz K\u00fchlerdeckel mit Dichtung"}]},{"@type":"WebSite","@id":"https:\/\/plasmet.bochnia.pl\/de\/#website","url":"https:\/\/plasmet.bochnia.pl\/de\/","name":"Plasmet","description":"Plasmet","alternateName":"Plasmet","potentialAction":[{"@type":"SearchAction","target":{"@type":"EntryPoint","urlTemplate":"https:\/\/plasmet.bochnia.pl\/de\/?s={search_term_string}"},"query-input":{"@type":"PropertyValueSpecification","valueRequired":true,"valueName":"search_term_string"}}],"inLanguage":"de"}]}},"taxonomy_info":{"product_cat":[{"value":1295,"label":"Heizungsinstallation"},{"value":1298,"label":"Heizungszubeh\u00f6r"}],"pa_kolor":[{"value":1372,"label":"Wei\u00df"}]},"featured_image_src_large":["https:\/\/plasmet.bochnia.pl\/wp-content\/uploads\/2024\/11\/zestaw-korkow-grzejnikowych-z-uszczelka-oring-fibra-silikon.jpg",800,600,false],"author_info":[],"comment_info":"","_links":{"self":[{"href":"https:\/\/plasmet.bochnia.pl\/de\/wp-json\/wp\/v2\/product\/14603","targetHints":{"allow":["GET"]}}],"collection":[{"href":"https:\/\/plasmet.bochnia.pl\/de\/wp-json\/wp\/v2\/product"}],"about":[{"href":"https:\/\/plasmet.bochnia.pl\/de\/wp-json\/wp\/v2\/types\/product"}],"wp:featuredmedia":[{"embeddable":true,"href":"https:\/\/plasmet.bochnia.pl\/de\/wp-json\/wp\/v2\/media\/14605"}],"wp:attachment":[{"href":"https:\/\/plasmet.bochnia.pl\/de\/wp-json\/wp\/v2\/media?parent=14603"}],"wp:term":[{"taxonomy":"product_brand","embeddable":true,"href":"https:\/\/plasmet.bochnia.pl\/de\/wp-json\/wp\/v2\/product_brand?post=14603"},{"taxonomy":"product_cat","embeddable":true,"href":"https:\/\/plasmet.bochnia.pl\/de\/wp-json\/wp\/v2\/product_cat?post=14603"},{"taxonomy":"product_tag","embeddable":true,"href":"https:\/\/plasmet.bochnia.pl\/de\/wp-json\/wp\/v2\/product_tag?post=14603"}],"curies":[{"name":"wp","href":"https:\/\/api.w.org\/{rel}","templated":true}]}}