{"id":14498,"date":"2024-10-19T22:39:43","date_gmt":"2024-10-19T20:39:43","guid":{"rendered":"https:\/\/plasmet.bochnia.pl\/produkt\/abflussstopfen-fuer-waschbecken-und-badewanne\/"},"modified":"2024-10-19T22:39:43","modified_gmt":"2024-10-19T20:39:43","slug":"abflussstopfen-fuer-waschbecken-und-badewanne","status":"publish","type":"product","link":"https:\/\/plasmet.bochnia.pl\/de\/produkt\/abflussstopfen-fuer-waschbecken-und-badewanne\/","title":{"rendered":"Abflussstopfen f\u00fcr Waschbecken und Badewanne"},"content":{"rendered":"<h2>Siphonstopfen f\u00fcr Waschbecken\/Wanne &#8211; Haltbarkeit und Dichtheit<\/h2>\n<p>Der Siphonstopfen f\u00fcr Waschbecken oder Badewanne sorgt f\u00fcr eine dichte Abdichtung und stoppt effektiv das Wasser im Waschbecken oder in der Badewanne. Er ist aus strapazierf\u00e4higem Material gefertigt und widerstandsf\u00e4hig gegen mechanische Besch\u00e4digungen und die Auswirkungen von Reinigungsmitteln, wodurch er sich ideal f\u00fcr den langfristigen Einsatz in Abflusssystemen eignet. <\/p>\n<h3>Vorteile<\/h3>\n<ul>\n<li>Hohe Dichtigkeit<\/li>\n<li>Resistenz gegen Reinigungsmittel<\/li>\n<\/ul>\n","protected":false},"excerpt":{"rendered":"<p>Siphonstopper zum Stoppen von Wasser im Waschbecken oder in der Badewanne. Langlebig und auslaufsicher. <\/p>\n","protected":false},"featured_media":14499,"template":"","meta":{"_acf_changed":false,"_kad_blocks_custom_css":"","_kad_blocks_head_custom_js":"","_kad_blocks_body_custom_js":"","_kad_blocks_footer_custom_js":"","_kad_post_transparent":"","_kad_post_title":"","_kad_post_layout":"","_kad_post_sidebar_id":"","_kad_post_content_style":"","_kad_post_vertical_padding":"","_kad_post_feature":"","_kad_post_feature_position":"","_kad_post_header":false,"_kad_post_footer":false,"_kad_post_classname":""},"product_brand":[],"product_cat":[1313,1307],"product_tag":[],"class_list":{"0":"post-14498","1":"product","2":"type-product","3":"status-publish","4":"has-post-thumbnail","6":"product_cat-stopfen-und-rohrreiniger","7":"product_cat-wasserinstallation","8":"pa_kolor-schwarz","10":"first","11":"instock","12":"product-type-variable","13":"entry","14":"content-bg","15":"loop-entry"},"acf":[],"yoast_head":"<!-- This site is optimized with the Yoast SEO plugin v25.1 - https:\/\/yoast.com\/wordpress\/plugins\/seo\/ -->\n<title>Abflussstopfen f\u00fcr Waschbecken und Badewanne - Plasmet<\/title>\n<meta name=\"description\" content=\"Abflussstopfen f\u00fcr Waschbecken und Badewanne \u2013 producent i hurtownia Plasmet. Oferujemy wysok\u0105 jako\u015b\u0107, szeroki wyb\u00f3r i dobre ceny. Zapraszamy do sprawdzenia oferty!\" \/>\n<meta name=\"robots\" content=\"index, follow, max-snippet:-1, max-image-preview:large, max-video-preview:-1\" \/>\n<link rel=\"canonical\" href=\"https:\/\/plasmet.bochnia.pl\/de\/produkt\/abflussstopfen-fuer-waschbecken-und-badewanne\/\" \/>\n<meta property=\"og:locale\" content=\"de_DE\" \/>\n<meta property=\"og:type\" content=\"article\" \/>\n<meta property=\"og:title\" content=\"Abflussstopfen f\u00fcr Waschbecken und Badewanne - Plasmet\" \/>\n<meta property=\"og:description\" content=\"Abflussstopfen f\u00fcr Waschbecken und Badewanne \u2013 producent i hurtownia Plasmet. Oferujemy wysok\u0105 jako\u015b\u0107, szeroki wyb\u00f3r i dobre ceny. Zapraszamy do sprawdzenia oferty!\" \/>\n<meta property=\"og:url\" content=\"https:\/\/plasmet.bochnia.pl\/de\/produkt\/abflussstopfen-fuer-waschbecken-und-badewanne\/\" \/>\n<meta property=\"og:site_name\" content=\"Plasmet\" \/>\n<meta property=\"og:image\" content=\"https:\/\/plasmet.bochnia.pl\/wp-content\/uploads\/2024\/10\/korek-syfonu-zlewu-wanny.jpg\" \/>\n\t<meta property=\"og:image:width\" content=\"800\" \/>\n\t<meta property=\"og:image:height\" content=\"600\" \/>\n\t<meta property=\"og:image:type\" content=\"image\/jpeg\" \/>\n<meta name=\"twitter:card\" content=\"summary_large_image\" \/>\n<script type=\"application\/ld+json\" class=\"yoast-schema-graph\">{\"@context\":\"https:\/\/schema.org\",\"@graph\":[{\"@type\":\"WebPage\",\"@id\":\"https:\/\/plasmet.bochnia.pl\/de\/produkt\/abflussstopfen-fuer-waschbecken-und-badewanne\/\",\"url\":\"https:\/\/plasmet.bochnia.pl\/de\/produkt\/abflussstopfen-fuer-waschbecken-und-badewanne\/\",\"name\":\"Abflussstopfen f\u00fcr Waschbecken und Badewanne - Plasmet\",\"isPartOf\":{\"@id\":\"https:\/\/plasmet.bochnia.pl\/de\/#website\"},\"primaryImageOfPage\":{\"@id\":\"https:\/\/plasmet.bochnia.pl\/de\/produkt\/abflussstopfen-fuer-waschbecken-und-badewanne\/#primaryimage\"},\"image\":{\"@id\":\"https:\/\/plasmet.bochnia.pl\/de\/produkt\/abflussstopfen-fuer-waschbecken-und-badewanne\/#primaryimage\"},\"thumbnailUrl\":\"https:\/\/plasmet.bochnia.pl\/wp-content\/uploads\/2024\/10\/korek-syfonu-zlewu-wanny.jpg\",\"datePublished\":\"2024-10-19T20:39:43+00:00\",\"description\":\"Abflussstopfen f\u00fcr Waschbecken und Badewanne \u2013 producent i hurtownia Plasmet. Oferujemy wysok\u0105 jako\u015b\u0107, szeroki wyb\u00f3r i dobre ceny. Zapraszamy do sprawdzenia oferty!\",\"breadcrumb\":{\"@id\":\"https:\/\/plasmet.bochnia.pl\/de\/produkt\/abflussstopfen-fuer-waschbecken-und-badewanne\/#breadcrumb\"},\"inLanguage\":\"de\",\"potentialAction\":[{\"@type\":\"ReadAction\",\"target\":[\"https:\/\/plasmet.bochnia.pl\/de\/produkt\/abflussstopfen-fuer-waschbecken-und-badewanne\/\"]}]},{\"@type\":\"ImageObject\",\"inLanguage\":\"de\",\"@id\":\"https:\/\/plasmet.bochnia.pl\/de\/produkt\/abflussstopfen-fuer-waschbecken-und-badewanne\/#primaryimage\",\"url\":\"https:\/\/plasmet.bochnia.pl\/wp-content\/uploads\/2024\/10\/korek-syfonu-zlewu-wanny.jpg\",\"contentUrl\":\"https:\/\/plasmet.bochnia.pl\/wp-content\/uploads\/2024\/10\/korek-syfonu-zlewu-wanny.jpg\",\"width\":800,\"height\":600,\"caption\":\"korek-syfonu-zlewu-wanny\"},{\"@type\":\"BreadcrumbList\",\"@id\":\"https:\/\/plasmet.bochnia.pl\/de\/produkt\/abflussstopfen-fuer-waschbecken-und-badewanne\/#breadcrumb\",\"itemListElement\":[{\"@type\":\"ListItem\",\"position\":1,\"name\":\"Strona g\u0142\u00f3wna\",\"item\":\"https:\/\/plasmet.bochnia.pl\/de\/\"},{\"@type\":\"ListItem\",\"position\":2,\"name\":\"Shop\",\"item\":\"https:\/\/plasmet.bochnia.pl\/de\/shop\/\"},{\"@type\":\"ListItem\",\"position\":3,\"name\":\"Abflussstopfen f\u00fcr Waschbecken und Badewanne\"}]},{\"@type\":\"WebSite\",\"@id\":\"https:\/\/plasmet.bochnia.pl\/de\/#website\",\"url\":\"https:\/\/plasmet.bochnia.pl\/de\/\",\"name\":\"Plasmet\",\"description\":\"Plasmet\",\"alternateName\":\"Plasmet\",\"potentialAction\":[{\"@type\":\"SearchAction\",\"target\":{\"@type\":\"EntryPoint\",\"urlTemplate\":\"https:\/\/plasmet.bochnia.pl\/de\/?s={search_term_string}\"},\"query-input\":{\"@type\":\"PropertyValueSpecification\",\"valueRequired\":true,\"valueName\":\"search_term_string\"}}],\"inLanguage\":\"de\"}]}<\/script>\n<!-- \/ Yoast SEO plugin. -->","yoast_head_json":{"title":"Abflussstopfen f\u00fcr Waschbecken und Badewanne - Plasmet","description":"Abflussstopfen f\u00fcr Waschbecken und Badewanne \u2013 producent i hurtownia Plasmet. Oferujemy wysok\u0105 jako\u015b\u0107, szeroki wyb\u00f3r i dobre ceny. Zapraszamy do sprawdzenia oferty!","robots":{"index":"index","follow":"follow","max-snippet":"max-snippet:-1","max-image-preview":"max-image-preview:large","max-video-preview":"max-video-preview:-1"},"canonical":"https:\/\/plasmet.bochnia.pl\/de\/produkt\/abflussstopfen-fuer-waschbecken-und-badewanne\/","og_locale":"de_DE","og_type":"article","og_title":"Abflussstopfen f\u00fcr Waschbecken und Badewanne - Plasmet","og_description":"Abflussstopfen f\u00fcr Waschbecken und Badewanne \u2013 producent i hurtownia Plasmet. Oferujemy wysok\u0105 jako\u015b\u0107, szeroki wyb\u00f3r i dobre ceny. Zapraszamy do sprawdzenia oferty!","og_url":"https:\/\/plasmet.bochnia.pl\/de\/produkt\/abflussstopfen-fuer-waschbecken-und-badewanne\/","og_site_name":"Plasmet","og_image":[{"width":800,"height":600,"url":"https:\/\/plasmet.bochnia.pl\/wp-content\/uploads\/2024\/10\/korek-syfonu-zlewu-wanny.jpg","type":"image\/jpeg"}],"twitter_card":"summary_large_image","schema":{"@context":"https:\/\/schema.org","@graph":[{"@type":"WebPage","@id":"https:\/\/plasmet.bochnia.pl\/de\/produkt\/abflussstopfen-fuer-waschbecken-und-badewanne\/","url":"https:\/\/plasmet.bochnia.pl\/de\/produkt\/abflussstopfen-fuer-waschbecken-und-badewanne\/","name":"Abflussstopfen f\u00fcr Waschbecken und Badewanne - Plasmet","isPartOf":{"@id":"https:\/\/plasmet.bochnia.pl\/de\/#website"},"primaryImageOfPage":{"@id":"https:\/\/plasmet.bochnia.pl\/de\/produkt\/abflussstopfen-fuer-waschbecken-und-badewanne\/#primaryimage"},"image":{"@id":"https:\/\/plasmet.bochnia.pl\/de\/produkt\/abflussstopfen-fuer-waschbecken-und-badewanne\/#primaryimage"},"thumbnailUrl":"https:\/\/plasmet.bochnia.pl\/wp-content\/uploads\/2024\/10\/korek-syfonu-zlewu-wanny.jpg","datePublished":"2024-10-19T20:39:43+00:00","description":"Abflussstopfen f\u00fcr Waschbecken und Badewanne \u2013 producent i hurtownia Plasmet. Oferujemy wysok\u0105 jako\u015b\u0107, szeroki wyb\u00f3r i dobre ceny. Zapraszamy do sprawdzenia oferty!","breadcrumb":{"@id":"https:\/\/plasmet.bochnia.pl\/de\/produkt\/abflussstopfen-fuer-waschbecken-und-badewanne\/#breadcrumb"},"inLanguage":"de","potentialAction":[{"@type":"ReadAction","target":["https:\/\/plasmet.bochnia.pl\/de\/produkt\/abflussstopfen-fuer-waschbecken-und-badewanne\/"]}]},{"@type":"ImageObject","inLanguage":"de","@id":"https:\/\/plasmet.bochnia.pl\/de\/produkt\/abflussstopfen-fuer-waschbecken-und-badewanne\/#primaryimage","url":"https:\/\/plasmet.bochnia.pl\/wp-content\/uploads\/2024\/10\/korek-syfonu-zlewu-wanny.jpg","contentUrl":"https:\/\/plasmet.bochnia.pl\/wp-content\/uploads\/2024\/10\/korek-syfonu-zlewu-wanny.jpg","width":800,"height":600,"caption":"korek-syfonu-zlewu-wanny"},{"@type":"BreadcrumbList","@id":"https:\/\/plasmet.bochnia.pl\/de\/produkt\/abflussstopfen-fuer-waschbecken-und-badewanne\/#breadcrumb","itemListElement":[{"@type":"ListItem","position":1,"name":"Strona g\u0142\u00f3wna","item":"https:\/\/plasmet.bochnia.pl\/de\/"},{"@type":"ListItem","position":2,"name":"Shop","item":"https:\/\/plasmet.bochnia.pl\/de\/shop\/"},{"@type":"ListItem","position":3,"name":"Abflussstopfen f\u00fcr Waschbecken und Badewanne"}]},{"@type":"WebSite","@id":"https:\/\/plasmet.bochnia.pl\/de\/#website","url":"https:\/\/plasmet.bochnia.pl\/de\/","name":"Plasmet","description":"Plasmet","alternateName":"Plasmet","potentialAction":[{"@type":"SearchAction","target":{"@type":"EntryPoint","urlTemplate":"https:\/\/plasmet.bochnia.pl\/de\/?s={search_term_string}"},"query-input":{"@type":"PropertyValueSpecification","valueRequired":true,"valueName":"search_term_string"}}],"inLanguage":"de"}]}},"taxonomy_info":{"product_cat":[{"value":1313,"label":"Stopfen und Rohrreiniger"},{"value":1307,"label":"Wasserinstallation"}],"pa_kolor":[{"value":1375,"label":"Schwarz"}]},"featured_image_src_large":["https:\/\/plasmet.bochnia.pl\/wp-content\/uploads\/2024\/10\/korek-syfonu-zlewu-wanny.jpg",800,600,false],"author_info":[],"comment_info":"","_links":{"self":[{"href":"https:\/\/plasmet.bochnia.pl\/de\/wp-json\/wp\/v2\/product\/14498","targetHints":{"allow":["GET"]}}],"collection":[{"href":"https:\/\/plasmet.bochnia.pl\/de\/wp-json\/wp\/v2\/product"}],"about":[{"href":"https:\/\/plasmet.bochnia.pl\/de\/wp-json\/wp\/v2\/types\/product"}],"wp:featuredmedia":[{"embeddable":true,"href":"https:\/\/plasmet.bochnia.pl\/de\/wp-json\/wp\/v2\/media\/14499"}],"wp:attachment":[{"href":"https:\/\/plasmet.bochnia.pl\/de\/wp-json\/wp\/v2\/media?parent=14498"}],"wp:term":[{"taxonomy":"product_brand","embeddable":true,"href":"https:\/\/plasmet.bochnia.pl\/de\/wp-json\/wp\/v2\/product_brand?post=14498"},{"taxonomy":"product_cat","embeddable":true,"href":"https:\/\/plasmet.bochnia.pl\/de\/wp-json\/wp\/v2\/product_cat?post=14498"},{"taxonomy":"product_tag","embeddable":true,"href":"https:\/\/plasmet.bochnia.pl\/de\/wp-json\/wp\/v2\/product_tag?post=14498"}],"curies":[{"name":"wp","href":"https:\/\/api.w.org\/{rel}","templated":true}]}}