{"id":14162,"date":"2024-09-23T15:58:52","date_gmt":"2024-09-23T13:58:52","guid":{"rendered":"https:\/\/plasmet.bochnia.pl\/?page_id=14162"},"modified":"2025-08-27T22:31:35","modified_gmt":"2025-08-27T20:31:35","slug":"datenschutzerklaerung","status":"publish","type":"page","link":"https:\/\/plasmet.bochnia.pl\/de\/datenschutzerklaerung\/","title":{"rendered":"Datenschutzerkl\u00e4rung"},"content":{"rendered":"<style>.kb-row-layout-id14162_4e4454-31 > .kt-row-column-wrap{align-content:start;}:where(.kb-row-layout-id14162_4e4454-31 > .kt-row-column-wrap) > .wp-block-kadence-column{justify-content:start;}.kb-row-layout-id14162_4e4454-31 > .kt-row-column-wrap{column-gap:var(--global-kb-gap-md, 2rem);row-gap:var(--global-kb-gap-md, 2rem);max-width:var( --global-content-width, 1290px );padding-left:var(--global-content-edge-padding);padding-right:var(--global-content-edge-padding);padding-top:var(--global-kb-spacing-sm, 1.5rem);padding-bottom:var(--global-kb-spacing-sm, 1.5rem);grid-template-columns:minmax(0, 1fr);}.kb-row-layout-id14162_4e4454-31 > .kt-row-layout-overlay{opacity:0.30;}@media all and (max-width: 1024px){.kb-row-layout-id14162_4e4454-31 > .kt-row-column-wrap{grid-template-columns:minmax(0, 1fr);}}@media all and (max-width: 767px){.kb-row-layout-id14162_4e4454-31 > .kt-row-column-wrap{grid-template-columns:minmax(0, 1fr);}}<\/style><div class=\"kb-row-layout-wrap kb-row-layout-id14162_4e4454-31 alignnone wp-block-kadence-rowlayout\"><div class=\"kt-row-column-wrap kt-has-2-columns kt-row-layout-row kt-tab-layout-inherit kt-mobile-layout-row kt-row-valign-top kb-theme-content-width\">\n<style>.kadence-column14162_79c111-f1 > .kt-inside-inner-col,.kadence-column14162_79c111-f1 > .kt-inside-inner-col:before{border-top-left-radius:0px;border-top-right-radius:0px;border-bottom-right-radius:0px;border-bottom-left-radius:0px;}.kadence-column14162_79c111-f1 > .kt-inside-inner-col{column-gap:var(--global-kb-gap-sm, 1rem);}.kadence-column14162_79c111-f1 > .kt-inside-inner-col{flex-direction:column;}.kadence-column14162_79c111-f1 > .kt-inside-inner-col > .aligncenter{width:100%;}.kadence-column14162_79c111-f1 > .kt-inside-inner-col:before{opacity:0.3;}.kadence-column14162_79c111-f1{position:relative;}@media all and (max-width: 1024px){.kadence-column14162_79c111-f1 > .kt-inside-inner-col{flex-direction:column;justify-content:center;}}@media all and (max-width: 767px){.kadence-column14162_79c111-f1 > .kt-inside-inner-col{flex-direction:column;justify-content:center;}}<\/style>\n<div class=\"wp-block-kadence-column kadence-column14162_79c111-f1\"><div class=\"kt-inside-inner-col\"><style>.wp-block-kadence-advancedheading.kt-adv-heading14162_86321e-a1, .wp-block-kadence-advancedheading.kt-adv-heading14162_86321e-a1[data-kb-block=\"kb-adv-heading14162_86321e-a1\"]{text-align:center;font-size:28px;font-style:normal;}.wp-block-kadence-advancedheading.kt-adv-heading14162_86321e-a1 mark.kt-highlight, .wp-block-kadence-advancedheading.kt-adv-heading14162_86321e-a1[data-kb-block=\"kb-adv-heading14162_86321e-a1\"] mark.kt-highlight{font-style:normal;color:#f76a0c;-webkit-box-decoration-break:clone;box-decoration-break:clone;padding-top:0px;padding-right:0px;padding-bottom:0px;padding-left:0px;}<\/style>\n<p class=\"kt-adv-heading14162_86321e-a1 wp-block-kadence-advancedheading\" data-kb-block=\"kb-adv-heading14162_86321e-a1\"><strong>Datenschutzerkl\u00e4rung beschreibt die Grunds\u00e4tze der Verarbeitung von Informationen \u00fcber Sie, einschlie\u00dflich personenbezogener Daten und Cookies.<\/strong><br><\/p>\n<\/div><\/div>\n\n\n<style>.kadence-column14162_d7c2c4-53 > .kt-inside-inner-col,.kadence-column14162_d7c2c4-53 > .kt-inside-inner-col:before{border-top-left-radius:0px;border-top-right-radius:0px;border-bottom-right-radius:0px;border-bottom-left-radius:0px;}.kadence-column14162_d7c2c4-53 > .kt-inside-inner-col{column-gap:var(--global-kb-gap-sm, 1rem);}.kadence-column14162_d7c2c4-53 > .kt-inside-inner-col{flex-direction:column;}.kadence-column14162_d7c2c4-53 > .kt-inside-inner-col > .aligncenter{width:100%;}.kadence-column14162_d7c2c4-53 > .kt-inside-inner-col:before{opacity:0.3;}.kadence-column14162_d7c2c4-53{position:relative;}@media all and (max-width: 1024px){.kadence-column14162_d7c2c4-53 > .kt-inside-inner-col{flex-direction:column;justify-content:center;}}@media all and (max-width: 767px){.kadence-column14162_d7c2c4-53 > .kt-inside-inner-col{flex-direction:column;justify-content:center;}}<\/style>\n<div class=\"wp-block-kadence-column kadence-column14162_d7c2c4-53\"><div class=\"kt-inside-inner-col\">\n<p><strong>1. Allgemeine Informationen<\/strong><br>Diese Richtlinie gilt f\u00fcr die Website, die unter der URL-Adresse: <a href=\"https:\/\/plasmet.bochnia.pl\/de\/\">https:\/\/plasmet.bochnia.pl\/<\/a> betrieben wird.<br>Der Betreiber der Website und der Verantwortliche f\u00fcr personenbezogene Daten ist: Andrzej Styrna \u201ePLASMET\u201c<br>Kontakt-E-Mail-Adresse des Betreibers: <a>info@plasmet.bochnia.pl<\/a><br>Der Betreiber ist der Verantwortliche f\u00fcr Ihre personenbezogenen Daten in Bezug auf die freiwillig in der Website angegebenen Daten.<br>Die Website verarbeitet personenbezogene Daten zu folgenden Zwecken:<\/p>\n\n\n\n<ul class=\"wp-block-list\">\n<li>Bearbeitung von Anfragen \u00fcber das Formular (Rechtsgrundlage: Art. 6 Abs. 1 lit. b DSGVO \u2013 Vertragserf\u00fcllung oder Ma\u00dfnahmen zur Vertragsanbahnung).<\/li>\n\n\n\n<li>Vorbereitung, Verpackung, Versand von Waren (Rechtsgrundlage: Art. 6 Abs. 1 lit. b DSGVO).<\/li>\n\n\n\n<li>Erf\u00fcllung bestellter Dienstleistungen (Rechtsgrundlage: Art. 6 Abs. 1 lit. b DSGVO).<\/li>\n\n\n\n<li>Pr\u00e4sentation von Angeboten oder Informationen (Rechtsgrundlage: Art. 6 Abs. 1 lit. f DSGVO \u2013 berechtigtes Interesse des Verantwortlichen).<\/li>\n\n\n\n<li>Erstellung von Benutzerkonten im Service zur Ausf\u00fchrung von Bestellungen (Rechtsgrundlage: Art. 6 Abs. 1 lit. b DSGVO).<\/li>\n<\/ul>\n\n\n\n<p>Die Website sammelt Informationen \u00fcber Nutzer und deren Verhalten auf folgende Weise:<\/p>\n\n\n\n<ul class=\"wp-block-list\">\n<li>Durch freiwillig in Formulare eingegebene Daten, die in die Systeme des Betreibers eingegeben werden.<\/li>\n\n\n\n<li>Durch Speichern von Cookies auf Endger\u00e4ten (\u201eCookies\u201c).<\/li>\n<\/ul>\n\n\n\n<p><strong>2. Ausgew\u00e4hlte Datenschutzmethoden des Betreibers<\/strong><br>Anmelde- und Eingabebereiche f\u00fcr personenbezogene Daten sind auf der \u00dcbertragungsebene gesch\u00fctzt (SSL-Zertifikat). Dadurch werden personenbezogene Daten und Anmeldedaten, die auf der Seite eingegeben werden, auf dem Computer des Nutzers verschl\u00fcsselt und k\u00f6nnen nur auf dem Zielserver gelesen werden.<br>Zum Schutz der Daten f\u00fchrt der Betreiber regelm\u00e4\u00dfig Backups durch.<br>Ein wesentliches Element des Datenschutzes ist die regelm\u00e4\u00dfige Aktualisierung aller vom Betreiber zur Verarbeitung personenbezogener Daten verwendeten Software, insbesondere regelm\u00e4\u00dfige Updates der Programmkomponenten.<\/p>\n\n\n\n<p><strong>3. Hosting<\/strong><br>Die Website wird (technisch) auf den Servern des Betreibers lh.pl gehostet.<br>Das Hosting-Unternehmen f\u00fchrt zur Sicherstellung der technischen Zuverl\u00e4ssigkeit Server-Logs. Diese k\u00f6nnen Folgendes umfassen:<\/p>\n\n\n\n<ul class=\"wp-block-list\">\n<li>Ressourcen, die durch URL identifiziert werden (Adressen der angeforderten Ressourcen \u2013 Seiten, Dateien),<\/li>\n\n\n\n<li>Zeitpunkt der Anfrage,<\/li>\n\n\n\n<li>Zeitpunkt der Antwort,<\/li>\n\n\n\n<li>Name des Client-Hosts \u2013 Identifizierung mittels HTTP-Protokoll,<\/li>\n\n\n\n<li>Informationen \u00fcber aufgetretene Fehler bei der HTTP-Transaktion,<\/li>\n\n\n\n<li>URL der zuvor besuchten Seite (Referrer-Link), falls der Zugriff \u00fcber einen Link erfolgt ist,<\/li>\n\n\n\n<li>Informationen \u00fcber den Browser des Nutzers,<\/li>\n\n\n\n<li>IP-Adresse,<\/li>\n\n\n\n<li>Diagnosedaten im Zusammenhang mit der Selbstbestellung von Dienstleistungen \u00fcber die Formulare auf der Seite,<\/li>\n\n\n\n<li>Informationen im Zusammenhang mit der Bearbeitung von E-Mails an den Betreiber sowie von diesem versendeten Nachrichten.<\/li>\n<\/ul>\n\n\n\n<p><strong>4. Ihre Rechte und zus\u00e4tzliche Informationen zur Datennutzung<\/strong><br>In bestimmten Situationen hat der Verantwortliche das Recht, Ihre personenbezogenen Daten an andere Empf\u00e4nger weiterzugeben, wenn dies zur Erf\u00fcllung des mit Ihnen geschlossenen Vertrags oder zur Erf\u00fcllung gesetzlicher Pflichten erforderlich ist. Dies betrifft folgende Empf\u00e4ngergruppen:<\/p>\n\n\n\n<ul class=\"wp-block-list\">\n<li>Hosting-Unternehmen auf Grundlage einer Auftragsverarbeitung,<\/li>\n\n\n\n<li>Kurierdienste,<\/li>\n\n\n\n<li>Postdienstleister,<\/li>\n\n\n\n<li>autorisierte Mitarbeiter und Kooperationspartner, die die Daten zur Erf\u00fcllung der Webseitenfunktionalit\u00e4t verwenden,<\/li>\n\n\n\n<li>Unternehmen, die Marketingdienstleistungen f\u00fcr den Verantwortlichen erbringen.<\/li>\n<\/ul>\n\n\n\n<p>Ihre personenbezogenen Daten werden vom Verantwortlichen nicht l\u00e4nger verarbeitet, als es f\u00fcr die damit verbundenen Zwecke erforderlich ist, die in gesonderten Vorschriften (z. B. Buchf\u00fchrung) festgelegt sind. F\u00fcr Marketingdaten betr\u00e4gt die Speicherdauer maximal 3 Jahre.<\/p>\n\n\n\n<p>Sie haben das Recht, vom Verantwortlichen Folgendes zu verlangen:<\/p>\n\n\n\n<ul class=\"wp-block-list\">\n<li>Zugriff auf Ihre personenbezogenen Daten,<\/li>\n\n\n\n<li>deren Berichtigung,<\/li>\n\n\n\n<li>L\u00f6schung,<\/li>\n\n\n\n<li>Einschr\u00e4nkung der Verarbeitung,<\/li>\n\n\n\n<li>sowie Daten\u00fcbertragbarkeit.<\/li>\n<\/ul>\n\n\n\n<p>Sie haben das Recht, der Verarbeitung gem\u00e4\u00df Punkt 3.2 zu widersprechen, insbesondere gegen die Verarbeitung zu Zwecken berechtigter Interessen des Verantwortlichen, einschlie\u00dflich Profiling, es sei denn, es bestehen zwingende, schutzw\u00fcrdige Gr\u00fcnde f\u00fcr die Verarbeitung, die Ihre Interessen, Rechte und Freiheiten \u00fcberwiegen, insbesondere die Geltendmachung, Aus\u00fcbung oder Verteidigung von Rechtsanspr\u00fcchen.<\/p>\n\n\n\n<p>Sie haben das Recht, Beschwerde bei der Datenschutzbeh\u00f6rde (Pr\u00e4sident des Datenschutzamtes, ul. Stawki 2, 00-193 Warschau) einzulegen.<br>Die Angabe personenbezogener Daten ist freiwillig, jedoch f\u00fcr die Nutzung der Website erforderlich.<br>Es k\u00f6nnen automatisierte Entscheidungen, einschlie\u00dflich Profiling, in Bezug auf Sie getroffen werden, um Dienstleistungen im Rahmen des Vertrags sowie f\u00fcr Direktmarketingzwecke des Verantwortlichen zu erbringen.<br>Personenbezogene Daten werden nicht in Drittl\u00e4nder im Sinne der Datenschutzgesetze \u00fcbermittelt. Das bedeutet, dass wir sie nicht au\u00dferhalb der Europ\u00e4ischen Union weitergeben.<\/p>\n\n\n\n<p><strong>5. Informationen in Formularen<\/strong><br>Die Website sammelt Informationen, die vom Nutzer freiwillig angegeben werden, einschlie\u00dflich personenbezogener Daten, sofern diese angegeben werden.<br>Die Website kann Informationen \u00fcber die Verbindungsparameter (Zeitstempel, IP-Adresse) speichern.<br>In einigen F\u00e4llen kann die Website Informationen speichern, die das Verkn\u00fcpfen von Formularinformationen mit der E-Mail-Adresse des Nutzers erleichtern, der das Formular ausf\u00fcllt. In einem solchen Fall erscheint die E-Mail-Adresse des Nutzers in der URL der Seite mit dem Formular.<br>Die im Formular angegebenen Daten werden f\u00fcr den Zweck verarbeitet, der sich aus der Funktion des jeweiligen Formulars ergibt, z. B. f\u00fcr die Bearbeitung einer Serviceanfrage, einen Gesch\u00e4ftskontakt oder die Registrierung von Dienstleistungen. Der Kontext und die Beschreibung des Formulars informieren den Nutzer stets deutlich \u00fcber dessen Zweck.<\/p>\n\n\n\n<p><strong>6. Administrator-Logs<\/strong><br>Informationen \u00fcber das Verhalten der Nutzer auf der Website k\u00f6nnen protokolliert werden. Diese Daten werden f\u00fcr die Verwaltung der Website verwendet.<\/p>\n\n\n\n<p><strong>7. Wichtige Marketingtechniken<\/strong><br>Der Betreiber verwendet eine statistische Analyse des Website-Traffics \u00fcber Google Analytics (Google Inc. mit Sitz in den USA). Der Betreiber \u00fcbermittelt dem Dienst keine personenbezogenen Daten, sondern nur anonymisierte Informationen. Der Dienst basiert auf Cookies auf dem Endger\u00e4t des Nutzers. Der Nutzer kann Informationen zu seinen Pr\u00e4ferenzen, die durch das Google-Werbenetzwerk gesammelt werden, einsehen und bearbeiten, indem er folgendes Tool verwendet: <a href=\"https:\/\/www.google.com\/ads\/preferences\/\">https:\/\/www.google.com\/ads\/preferences\/<\/a><\/p>\n\n\n\n<p><strong>8. Informationen zu Cookies<\/strong><br>Die Website verwendet Cookies.<br>Cookies sind IT-Daten, insbesondere Textdateien, die auf dem Endger\u00e4t des Nutzers gespeichert werden und zur Nutzung der Website dienen. Cookies enthalten in der Regel den Namen der Website, von der sie stammen, die Speicherdauer auf dem Endger\u00e4t und eine eindeutige Kennung.<br>Der Betreiber der Website platziert Cookies auf dem Endger\u00e4t des Nutzers und hat Zugriff darauf.<br>Cookies werden f\u00fcr folgende Zwecke verwendet:<\/p>\n\n\n\n<ul class=\"wp-block-list\">\n<li>Aufrechterhaltung der Sitzung des Website-Nutzers (nach Anmeldung), wodurch der Nutzer nicht auf jeder Unterseite erneut Login und Passwort eingeben muss,<\/li>\n\n\n\n<li>Realisierung der in \u201eWichtige Marketingtechniken\u201c genannten Zwecke.<\/li>\n<\/ul>\n\n\n\n<p>Auf der Website werden zwei Arten von Cookies verwendet: \u201eSitzungscookies\u201c und \u201epermanente Cookies\u201c. \u201eSitzungscookies\u201c sind tempor\u00e4re Dateien, die bis zum Abmelden, Verlassen der Website oder Schlie\u00dfen des Browsers gespeichert werden. \u201ePermanente Cookies\u201c werden f\u00fcr den in den Cookie-Parametern festgelegten Zeitraum oder bis zu ihrer L\u00f6schung durch den Nutzer auf dem Endger\u00e4t gespeichert.<\/p>\n\n\n\n<p>Browser sind in der Regel standardm\u00e4\u00dfig so eingestellt, dass sie Cookies speichern. Nutzer k\u00f6nnen die Einstellungen \u00e4ndern. Der Browser erm\u00f6glicht das L\u00f6schen von Cookies sowie die automatische Blockierung. Details hierzu finden sich in der Hilfe oder Dokumentation des Browsers.<\/p>\n\n\n\n<p>Einschr\u00e4nkungen bei der Verwendung von Cookies k\u00f6nnen die Funktionalit\u00e4t der Website beeintr\u00e4chtigen.<\/p>\n\n\n\n<p>Cookies k\u00f6nnen auch von Partnerunternehmen des Website-Betreibers verwendet werden, insbesondere Google (Google Inc., USA), Facebook (Facebook Inc., USA), Twitter (Twitter Inc., USA).<\/p>\n\n\n\n<p><strong>9. Zustimmung zu Cookies und Analysetools<\/strong><br>Bei Cookies, die nicht f\u00fcr das Funktionieren der Website erforderlich sind, hat der Nutzer die M\u00f6glichkeit, deren Verwendung \u00fcber die Browsereinstellungen zu akzeptieren.<\/p>\n\n\n\n<p><strong>10. Verwaltung von Cookies \u2013 wie Zustimmung erteilen oder widerrufen?<\/strong><br>Wenn der Nutzer keine Cookies erhalten m\u00f6chte, kann er die Browsereinstellungen \u00e4ndern. Wir weisen darauf hin, dass das Deaktivieren von Cookies, die f\u00fcr Authentifizierungs-, Sicherheits- oder Benutzerpr\u00e4ferenzprozesse erforderlich sind, die Nutzung der Website erschweren oder in extremen F\u00e4llen unm\u00f6glich machen kann.<br><br>Um die Cookie-Einstellungen zu verwalten, w\u00e4hlen Sie den von Ihnen verwendeten Webbrowser aus der folgenden Liste aus und folgen Sie den Anweisungen:<\/p>\n\n\n\n<ul class=\"wp-block-list\">\n<li><a href=\"https:\/\/support.microsoft.com\/pl-pl\/help\/10607\/microsoft-edge-view-delete-browser-history\">Edge<\/a><\/li>\n\n\n\n<li><a href=\"https:\/\/support.microsoft.com\/pl-pl\/help\/278835\/how-to-delete-cookie-files-in-internet-explorer\">Internet Explorer<\/a><\/li>\n\n\n\n<li><a href=\"http:\/\/support.google.com\/chrome\/bin\/answer.py?hl=pl&amp;answer=95647\">Chrome<\/a><\/li>\n\n\n\n<li><a href=\"http:\/\/support.apple.com\/kb\/PH5042\">Safari<\/a><\/li>\n\n\n\n<li><a href=\"http:\/\/support.mozilla.org\/pl\/kb\/W%C5%82%C4%85czanie%20i%20wy%C5%82%C4%85czanie%20obs%C5%82ugi%20ciasteczek\">Firefox<\/a><\/li>\n\n\n\n<li><a href=\"http:\/\/help.opera.com\/Windows\/12.10\/pl\/cookies.html\">Opera<\/a><\/li>\n<\/ul>\n\n\n\n<ul class=\"wp-block-list\">\n<li><a href=\"http:\/\/support.google.com\/chrome\/bin\/answer.py?hl=pl&amp;answer=95647\">Android<\/a><\/li>\n\n\n\n<li><a href=\"http:\/\/support.apple.com\/kb\/HT1677?viewlocale=pl_PL\">Safari (iOS)<\/a><\/li>\n\n\n\n<li><a href=\"http:\/\/www.windowsphone.com\/pl-pl\/how-to\/wp7\/web\/changing-privacy-and-other-browser-settings\">Windows Phone<\/a><\/li>\n<\/ul>\n\n\n\n<hr class=\"wp-block-separator has-alpha-channel-opacity\"\/>\n<\/div><\/div>\n\n<\/div><\/div>","protected":false},"excerpt":{"rendered":"<p>Datenschutzerkl\u00e4rung beschreibt die Grunds\u00e4tze der Verarbeitung von Informationen \u00fcber Sie, einschlie\u00dflich personenbezogener Daten und Cookies. 1. Allgemeine InformationenDiese Richtlinie gilt f\u00fcr die Website, die unter der URL-Adresse: https:\/\/plasmet.bochnia.pl\/ betrieben wird.Der Betreiber der Website und der Verantwortliche f\u00fcr personenbezogene Daten ist: Andrzej Styrna \u201ePLASMET\u201cKontakt-E-Mail-Adresse des Betreibers: info@plasmet.bochnia.plDer Betreiber ist der Verantwortliche f\u00fcr Ihre personenbezogenen Daten in&#8230;<\/p>\n","protected":false},"author":1,"featured_media":0,"parent":0,"menu_order":0,"comment_status":"closed","ping_status":"open","template":"","meta":{"_acf_changed":false,"_kad_blocks_custom_css":"","_kad_blocks_head_custom_js":"","_kad_blocks_body_custom_js":"","_kad_blocks_footer_custom_js":"","_kad_post_transparent":"","_kad_post_title":"show","_kad_post_layout":"fullwidth","_kad_post_sidebar_id":"","_kad_post_content_style":"unboxed","_kad_post_vertical_padding":"","_kad_post_feature":"","_kad_post_feature_position":"","_kad_post_header":false,"_kad_post_footer":false,"_kad_post_classname":"","footnotes":""},"class_list":["post-14162","page","type-page","status-publish","hentry"],"acf":[],"yoast_head":"<!-- This site is optimized with the Yoast SEO plugin v25.1 - https:\/\/yoast.com\/wordpress\/plugins\/seo\/ -->\n<title>Datenschutzerkl\u00e4rung - Plasmet<\/title>\n<meta name=\"robots\" content=\"noindex, follow\" \/>\n<meta property=\"og:locale\" content=\"de_DE\" \/>\n<meta property=\"og:type\" content=\"article\" \/>\n<meta property=\"og:title\" content=\"Datenschutzerkl\u00e4rung - Plasmet\" \/>\n<meta property=\"og:description\" content=\"Datenschutzerkl\u00e4rung beschreibt die Grunds\u00e4tze der Verarbeitung von Informationen \u00fcber Sie, einschlie\u00dflich personenbezogener Daten und Cookies. 1. Allgemeine InformationenDiese Richtlinie gilt f\u00fcr die Website, die unter der URL-Adresse: https:\/\/plasmet.bochnia.pl\/ betrieben wird.Der Betreiber der Website und der Verantwortliche f\u00fcr personenbezogene Daten ist: Andrzej Styrna \u201ePLASMET\u201cKontakt-E-Mail-Adresse des Betreibers: info@plasmet.bochnia.plDer Betreiber ist der Verantwortliche f\u00fcr Ihre personenbezogenen Daten in...\" \/>\n<meta property=\"og:url\" content=\"https:\/\/plasmet.bochnia.pl\/de\/datenschutzerklaerung\/\" \/>\n<meta property=\"og:site_name\" content=\"Plasmet\" \/>\n<meta property=\"article:modified_time\" content=\"2025-08-27T20:31:35+00:00\" \/>\n<meta name=\"twitter:card\" content=\"summary_large_image\" \/>\n<meta name=\"twitter:label1\" content=\"Gesch\u00e4tzte Lesezeit\" \/>\n\t<meta name=\"twitter:data1\" content=\"8\u00a0Minuten\" \/>\n<script type=\"application\/ld+json\" class=\"yoast-schema-graph\">{\"@context\":\"https:\/\/schema.org\",\"@graph\":[{\"@type\":\"WebPage\",\"@id\":\"https:\/\/plasmet.bochnia.pl\/de\/datenschutzerklaerung\/\",\"url\":\"https:\/\/plasmet.bochnia.pl\/de\/datenschutzerklaerung\/\",\"name\":\"Datenschutzerkl\u00e4rung - Plasmet\",\"isPartOf\":{\"@id\":\"https:\/\/plasmet.bochnia.pl\/de\/#website\"},\"datePublished\":\"2024-09-23T13:58:52+00:00\",\"dateModified\":\"2025-08-27T20:31:35+00:00\",\"breadcrumb\":{\"@id\":\"https:\/\/plasmet.bochnia.pl\/de\/datenschutzerklaerung\/#breadcrumb\"},\"inLanguage\":\"de\",\"potentialAction\":[{\"@type\":\"ReadAction\",\"target\":[\"https:\/\/plasmet.bochnia.pl\/de\/datenschutzerklaerung\/\"]}]},{\"@type\":\"BreadcrumbList\",\"@id\":\"https:\/\/plasmet.bochnia.pl\/de\/datenschutzerklaerung\/#breadcrumb\",\"itemListElement\":[{\"@type\":\"ListItem\",\"position\":1,\"name\":\"Strona g\u0142\u00f3wna\",\"item\":\"https:\/\/plasmet.bochnia.pl\/de\/\"},{\"@type\":\"ListItem\",\"position\":2,\"name\":\"Datenschutzerkl\u00e4rung\"}]},{\"@type\":\"WebSite\",\"@id\":\"https:\/\/plasmet.bochnia.pl\/de\/#website\",\"url\":\"https:\/\/plasmet.bochnia.pl\/de\/\",\"name\":\"Plasmet\",\"description\":\"Plasmet\",\"alternateName\":\"Plasmet\",\"potentialAction\":[{\"@type\":\"SearchAction\",\"target\":{\"@type\":\"EntryPoint\",\"urlTemplate\":\"https:\/\/plasmet.bochnia.pl\/de\/?s={search_term_string}\"},\"query-input\":{\"@type\":\"PropertyValueSpecification\",\"valueRequired\":true,\"valueName\":\"search_term_string\"}}],\"inLanguage\":\"de\"}]}<\/script>\n<!-- \/ Yoast SEO plugin. -->","yoast_head_json":{"title":"Datenschutzerkl\u00e4rung - Plasmet","robots":{"index":"noindex","follow":"follow"},"og_locale":"de_DE","og_type":"article","og_title":"Datenschutzerkl\u00e4rung - Plasmet","og_description":"Datenschutzerkl\u00e4rung beschreibt die Grunds\u00e4tze der Verarbeitung von Informationen \u00fcber Sie, einschlie\u00dflich personenbezogener Daten und Cookies. 1. Allgemeine InformationenDiese Richtlinie gilt f\u00fcr die Website, die unter der URL-Adresse: https:\/\/plasmet.bochnia.pl\/ betrieben wird.Der Betreiber der Website und der Verantwortliche f\u00fcr personenbezogene Daten ist: Andrzej Styrna \u201ePLASMET\u201cKontakt-E-Mail-Adresse des Betreibers: info@plasmet.bochnia.plDer Betreiber ist der Verantwortliche f\u00fcr Ihre personenbezogenen Daten in...","og_url":"https:\/\/plasmet.bochnia.pl\/de\/datenschutzerklaerung\/","og_site_name":"Plasmet","article_modified_time":"2025-08-27T20:31:35+00:00","twitter_card":"summary_large_image","twitter_misc":{"Gesch\u00e4tzte Lesezeit":"8\u00a0Minuten"},"schema":{"@context":"https:\/\/schema.org","@graph":[{"@type":"WebPage","@id":"https:\/\/plasmet.bochnia.pl\/de\/datenschutzerklaerung\/","url":"https:\/\/plasmet.bochnia.pl\/de\/datenschutzerklaerung\/","name":"Datenschutzerkl\u00e4rung - Plasmet","isPartOf":{"@id":"https:\/\/plasmet.bochnia.pl\/de\/#website"},"datePublished":"2024-09-23T13:58:52+00:00","dateModified":"2025-08-27T20:31:35+00:00","breadcrumb":{"@id":"https:\/\/plasmet.bochnia.pl\/de\/datenschutzerklaerung\/#breadcrumb"},"inLanguage":"de","potentialAction":[{"@type":"ReadAction","target":["https:\/\/plasmet.bochnia.pl\/de\/datenschutzerklaerung\/"]}]},{"@type":"BreadcrumbList","@id":"https:\/\/plasmet.bochnia.pl\/de\/datenschutzerklaerung\/#breadcrumb","itemListElement":[{"@type":"ListItem","position":1,"name":"Strona g\u0142\u00f3wna","item":"https:\/\/plasmet.bochnia.pl\/de\/"},{"@type":"ListItem","position":2,"name":"Datenschutzerkl\u00e4rung"}]},{"@type":"WebSite","@id":"https:\/\/plasmet.bochnia.pl\/de\/#website","url":"https:\/\/plasmet.bochnia.pl\/de\/","name":"Plasmet","description":"Plasmet","alternateName":"Plasmet","potentialAction":[{"@type":"SearchAction","target":{"@type":"EntryPoint","urlTemplate":"https:\/\/plasmet.bochnia.pl\/de\/?s={search_term_string}"},"query-input":{"@type":"PropertyValueSpecification","valueRequired":true,"valueName":"search_term_string"}}],"inLanguage":"de"}]}},"taxonomy_info":[],"featured_image_src_large":false,"author_info":{"display_name":"PatryKP","author_link":"https:\/\/plasmet.bochnia.pl\/de\/author\/patrykp\/"},"comment_info":0,"_links":{"self":[{"href":"https:\/\/plasmet.bochnia.pl\/de\/wp-json\/wp\/v2\/pages\/14162","targetHints":{"allow":["GET"]}}],"collection":[{"href":"https:\/\/plasmet.bochnia.pl\/de\/wp-json\/wp\/v2\/pages"}],"about":[{"href":"https:\/\/plasmet.bochnia.pl\/de\/wp-json\/wp\/v2\/types\/page"}],"author":[{"embeddable":true,"href":"https:\/\/plasmet.bochnia.pl\/de\/wp-json\/wp\/v2\/users\/1"}],"replies":[{"embeddable":true,"href":"https:\/\/plasmet.bochnia.pl\/de\/wp-json\/wp\/v2\/comments?post=14162"}],"version-history":[{"count":3,"href":"https:\/\/plasmet.bochnia.pl\/de\/wp-json\/wp\/v2\/pages\/14162\/revisions"}],"predecessor-version":[{"id":15437,"href":"https:\/\/plasmet.bochnia.pl\/de\/wp-json\/wp\/v2\/pages\/14162\/revisions\/15437"}],"wp:attachment":[{"href":"https:\/\/plasmet.bochnia.pl\/de\/wp-json\/wp\/v2\/media?parent=14162"}],"curies":[{"name":"wp","href":"https:\/\/api.w.org\/{rel}","templated":true}]}}